{"id":4817,"date":"2018-04-09T09:40:34","date_gmt":"2018-04-09T09:40:34","guid":{"rendered":"http:\/\/www.fmsdocumentation.com\/?page_id=4817"},"modified":"2018-12-20T13:52:48","modified_gmt":"2018-12-20T11:52:48","slug":"driver-working-time-report","status":"publish","type":"page","link":"https:\/\/www.fmsdocumentation.com\/cs\/reports\/driver-working-time-report\/","title":{"rendered":"Driver working time report"},"content":{"rendered":"<p><strong>Driver working time report<\/strong>\u00a0\u2013 this report type is focused on driver working time tachograph information, such as working or resting durations, start and begin times, etc.<\/p>\n<p><p class=\"note\">Note<br \/>\nThis report is dedicated to drivers with tachograph data. If drivers without tachograph state data for the selected period are selected, no data will be displayed for them.<\/p><\/p>\n<p>The first thing the user must select is the date range, for which this report will be generated.<\/p>\n<p><strong>Date range<\/strong>\u00a0\u2013 to select a date the user must click the \u201cChoose date range\u201d which will open the calendar panel. The calendar panel is identical in all of the FMS. To select a begin\/end date the user must simply click the desired date and then click the opposite date. The selected days will be highlighted in blue. The current day is highlighted by a small blue triangle on the top left side of that day. If the current day is selected (highlighted), the triangle will be inverted to white. Afterwards the user can specify from which hour of the begin date until which hour of the end date to display the history. To apply the changes the \u201cApply\u201d button must be clicked, otherwise the changes will not be saved.<\/p>\n<p><a href=\"https:\/\/www.fmsdocumentation.com\/wp-content\/uploads\/2017\/04\/136-11.png\"><img loading=\"lazy\" decoding=\"async\" class=\"alignnone size-full wp-image-1174\" src=\"https:\/\/www.fmsdocumentation.com\/wp-content\/uploads\/2017\/04\/136-11.png\" alt=\"\" width=\"503\" height=\"483\" srcset=\"https:\/\/www.fmsdocumentation.com\/wp-content\/uploads\/2017\/04\/136-11.png 503w, https:\/\/www.fmsdocumentation.com\/wp-content\/uploads\/2017\/04\/136-11-300x288.png 300w\" sizes=\"auto, (max-width: 503px) 100vw, 503px\" \/><\/a><\/p>\n<p>The minimal date period is one day. To select one day simply double click the left mouse button on the desired day to select it. The maximum period is 3 months.<\/p>\n<p>Drivers will be displayed in the <em>Drivers<\/em> drop-down list. To select a driver, the user has to mark the checkbox next to the driver. Marking the checkbox next to \u201cSelect all\u201d will select\/deselect all drivers. The list is automatically updated with each symbol typed in the search bar. The number of selected drivers and total drivers is displayed at the upper right corner of the list.<\/p>\n<p><a href=\"https:\/\/www.fmsdocumentation.com\/wp-content\/uploads\/2018\/12\/340.png\" data-featherlight=\"image\"><img loading=\"lazy\" decoding=\"async\" class=\"alignnone size-full wp-image-6718\" src=\"https:\/\/www.fmsdocumentation.com\/wp-content\/uploads\/2018\/12\/340.png\" sizes=\"auto, (max-width: 549px) 100vw, 549px\" srcset=\"https:\/\/www.fmsdocumentation.com\/wp-content\/uploads\/2018\/12\/340.png 549w, https:\/\/www.fmsdocumentation.com\/wp-content\/uploads\/2018\/12\/340-300x161.png 300w\" alt=\"\" width=\"549\" height=\"295\" \/><\/a><\/p>\n<p>The following information will be displayed in the report:<\/p>\n<ul>\n<li>Date \u2013 the day, for which the data is presented;<\/li>\n<li>Work begin time\u00a0\u2013 the time of the first driving\/working\/available state of the day;<\/li>\n<li>Work end time \u2013 the time the driver ended his workday;<\/li>\n<li>Total \u2013 the total duration of the driving\/working\/available states;<\/li>\n<li>Driving duration \u2013 the driving duration according to the tachograph;<\/li>\n<li>Working duration \u2013 the working duration according to the tachograph;<\/li>\n<li>Available duration \u2013 the available duration according to the tachograph;<\/li>\n<li>Resting duration \u2013 the resting duration according to the tachograph;<\/li>\n<li>Mileage \u2013 the total driven mileage.<\/li>\n<\/ul>\n<p><a href=\"https:\/\/www.fmsdocumentation.com\/wp-content\/uploads\/2018\/04\/342-1.png\"><img loading=\"lazy\" decoding=\"async\" class=\"alignnone size-full wp-image-4825\" src=\"https:\/\/www.fmsdocumentation.com\/wp-content\/uploads\/2018\/04\/342-1.png\" alt=\"\" width=\"1214\" height=\"191\" srcset=\"https:\/\/www.fmsdocumentation.com\/wp-content\/uploads\/2018\/04\/342-1.png 1214w, https:\/\/www.fmsdocumentation.com\/wp-content\/uploads\/2018\/04\/342-1-300x47.png 300w, https:\/\/www.fmsdocumentation.com\/wp-content\/uploads\/2018\/04\/342-1-768x121.png 768w, https:\/\/www.fmsdocumentation.com\/wp-content\/uploads\/2018\/04\/342-1-1024x161.png 1024w\" sizes=\"auto, (max-width: 1214px) 100vw, 1214px\" \/><\/a><\/p>\n<p>To finalize and generate the report, the user must click the \u201cGenerate\u201d button. To cancel the creation of a report the user must either click the \u201cCancel\u201d button or click anywhere outside the \u201cGenerate new report\u201d window.<\/p>\n<p><a href=\"https:\/\/www.fmsdocumentation.com\/wp-content\/uploads\/2017\/04\/202.png\"><img loading=\"lazy\" decoding=\"async\" class=\"alignnone size-full wp-image-398\" src=\"https:\/\/www.fmsdocumentation.com\/wp-content\/uploads\/2017\/04\/202.png\" alt=\"\" width=\"569\" height=\"79\" srcset=\"https:\/\/www.fmsdocumentation.com\/wp-content\/uploads\/2017\/04\/202.png 569w, https:\/\/www.fmsdocumentation.com\/wp-content\/uploads\/2017\/04\/202-300x42.png 300w\" sizes=\"auto, (max-width: 569px) 100vw, 569px\" \/><\/a><\/p>\n<hr \/>\n<p> <div class=\"alignright\"><a href=\"https:\/\/www.fmsdocumentation.com\/cs\/\" title=\"N\u00e1pov\u011bda\">N\u00e1pov\u011bda <span class=\"arrow\"> &nbsp\u203a <\/span> <\/a><\/div><\/p>\n","protected":false},"excerpt":{"rendered":"<p>Driver working time report\u00a0\u2013 this report type is focused on driver working time tachograph information, such as working or resting durations, start and begin times, etc. Note This report is dedicated to drivers with tachograph data. If drivers without tachograph state data for the selected period are selected, no data will be displayed for them. &hellip; <a href=\"https:\/\/www.fmsdocumentation.com\/cs\/reports\/driver-working-time-report\/\" class=\"more-link\">Pokra\u010dov\u00e1n\u00ed textu <span class=\"screen-reader-text\">Driver working time report<\/span><\/a><\/p>\n","protected":false},"author":5,"featured_media":0,"parent":227,"menu_order":5,"comment_status":"closed","ping_status":"closed","template":"","meta":{"footnotes":""},"class_list":["post-4817","page","type-page","status-publish","hentry"],"_links":{"self":[{"href":"https:\/\/www.fmsdocumentation.com\/cs\/wp-json\/wp\/v2\/pages\/4817","targetHints":{"allow":["GET"]}}],"collection":[{"href":"https:\/\/www.fmsdocumentation.com\/cs\/wp-json\/wp\/v2\/pages"}],"about":[{"href":"https:\/\/www.fmsdocumentation.com\/cs\/wp-json\/wp\/v2\/types\/page"}],"author":[{"embeddable":true,"href":"https:\/\/www.fmsdocumentation.com\/cs\/wp-json\/wp\/v2\/users\/5"}],"replies":[{"embeddable":true,"href":"https:\/\/www.fmsdocumentation.com\/cs\/wp-json\/wp\/v2\/comments?post=4817"}],"version-history":[{"count":11,"href":"https:\/\/www.fmsdocumentation.com\/cs\/wp-json\/wp\/v2\/pages\/4817\/revisions"}],"predecessor-version":[{"id":6816,"href":"https:\/\/www.fmsdocumentation.com\/cs\/wp-json\/wp\/v2\/pages\/4817\/revisions\/6816"}],"up":[{"embeddable":true,"href":"https:\/\/www.fmsdocumentation.com\/cs\/wp-json\/wp\/v2\/pages\/227"}],"wp:attachment":[{"href":"https:\/\/www.fmsdocumentation.com\/cs\/wp-json\/wp\/v2\/media?parent=4817"}],"curies":[{"name":"wp","href":"https:\/\/api.w.org\/{rel}","templated":true}]}}