{"id":837,"date":"2017-07-12T11:03:40","date_gmt":"2017-07-12T11:03:40","guid":{"rendered":"http:\/\/www.fmsdocumentation.com\/billing-plans\/"},"modified":"2022-06-22T21:31:42","modified_gmt":"2022-06-22T18:31:42","slug":"billing-plans","status":"publish","type":"page","link":"https:\/\/www.fmsdocumentation.com\/cs\/basics\/billing-plans\/","title":{"rendered":"\u00da\u010dtovac\u00ed pl\u00e1ny"},"content":{"rendered":"<p>Ka\u017ed\u00fd objekt se \u00fa\u010dtuje indivudu\u00e1ln\u011b. To znamen\u00e1, \u017ee u\u017eivatel m\u016f\u017ee m\u00edt n\u011bkter\u00e9 objekty ve vy\u0161\u0161\u00edm tarifu, n\u011bkter\u00e9 v ni\u017e\u0161\u00edm tarifu. U vozidel, kde sta\u010d\u00ed z\u00e1kladn\u00ed funkce je ni\u017e\u0161\u00ed tarif, zat\u00edmco u vozidel, kde se sleduje v\u00edce parametr\u016f se vy\u017eaduje vy\u0161\u0161\u00ed tarif.<\/p>\n<p><em>P\u0159\u00edklad: Objekt A m\u00e1 pr\u00e9miov\u00fd tarif, objekt B tarif basic plus. Pro objekt A tak m\u00e1 u\u017eivatel k dispozici anal\u00fdzu stylu j\u00edzdy , zat\u00edmco pro objekt B ne.<br \/>\n<\/em><\/p>\n<p>K dispozici jsou t\u0159i \u00fa\u010dtovac\u00ed tarify:<\/p>\n<ul>\n<li>Basic Plus;<\/li>\n<li>Standard;<\/li>\n<li>Premium.<\/li>\n<\/ul>\n<p style=\"background-color: #2e67b1; color: #ffffff; padding-left: 10px; padding-right: 10px;\"><p class=\"note\">Pozn\u00e1mka<br \/>\nV\u0161echny funkcionality ni\u017e\u0161\u00edho tarifu jsou k dispozici ve vy\u0161\u0161\u00edm tarifu. Tarif Premium zahrnuje funkce tarifu Standard a Basic Plus.<\/p><\/p>\n<p>P\u0159ehled funkcionalit jednotliv\u00fdch tarif\u016f:<\/p>\n<p><a href=\"https:\/\/www.fmsdocumentation.com\/wp-content\/uploads\/2018\/02\/265-2.png\"><img loading=\"lazy\" decoding=\"async\" class=\"alignnone size-large wp-image-4374\" src=\"https:\/\/www.fmsdocumentation.com\/wp-content\/uploads\/2018\/02\/265-2-806x1024.png\" alt=\"\" width=\"660\" height=\"839\" srcset=\"https:\/\/www.fmsdocumentation.com\/wp-content\/uploads\/2018\/02\/265-2-806x1024.png 806w, https:\/\/www.fmsdocumentation.com\/wp-content\/uploads\/2018\/02\/265-2-236x300.png 236w, https:\/\/www.fmsdocumentation.com\/wp-content\/uploads\/2018\/02\/265-2-768x976.png 768w\" sizes=\"auto, (max-width: 660px) 100vw, 660px\" \/><\/a><\/p>\n<p><img loading=\"lazy\" decoding=\"async\" class=\"aligncenter wp-image-811\" src=\"https:\/\/www.fmsdocumentation.com\/wp-content\/uploads\/2017\/07\/265-236x300.png\" alt=\"\" width=\"379\" height=\"490\" \/><\/p>\n<p>V p\u0159\u00edpadech, kdy m\u00e1 u\u017eivatel v\u0161echna vozidla pouze v nejni\u017e\u0161\u00edm tarifu, nebudou n\u011bkter\u00e9 moduly a funkcionality popsan\u00e9 v n\u00e1vodu v\u016fbec dostupn\u00e9 (Naviga\u010dn\u00ed ikony nebudou v postrnn\u00ed li\u0161t\u011b zobrazeny). Jestli\u017ee alespo\u0148 jedno vozidlo m\u00e1 vy\u0161\u0161\u00ed tarif, potom budou viditeln\u00e9 v\u0161echny moduly a funkcionality, av\u0161ak pouze u objekt\u016f s vy\u0161\u0161\u00edm tarifem.<\/p>\n<p style=\"background-color: #2e67b1; color: #ffffff; padding-left: 10px; padding-right: 10px;\"><p class=\"note\">Pozn\u00e1mka<br \/>\nV p\u0159\u00edpad\u011b, \u017ee u\u017eivatel pon\u00ed\u017e\u00ed tarif objektu, nap\u0159. ze\u00a0 Standardu na Basic Plus, data dostupn\u00e1 u vy\u0161\u0161\u00edho pl\u00e1nu budou vymaz\u00e1na bez mo\u017enosti jejich obnoven\u00ed. V tomto p\u0159\u00edpad\u011b se t\u00fdk\u00e1 anal\u00fdzy stylu j\u00edzdy, oblast\u00ed, sestav m\u011b\u0159en\u00ed paliva, na\u010dten\u00ed tachografu a upozorn\u011bn\u00ed na \u00fadr\u017ebu.<\/p><\/p>\n<p>Klienti budou informov\u00e1ni o dlu\u017en\u00fdch platb\u00e1ch ihned po zalogov\u00e1n\u00ed do syst\u00e9mu. Upozor\u0148ovac\u00ed okno bude rovn\u011b\u017e informovat kdy m\u00e1 za slu\u017ebu zaplatit. Jestli\u017ee platba nudude do uveden\u00e9 lh\u016fty uhrazena, u\u017eivatel bude m\u00edt p\u0159\u00edstup do syst\u00e9mu zablikov\u00e1n. Pro zm\u011bnu \u00b4\u00fa\u010dtovac\u00edho tarifu, odblokov\u00e1n\u00ed \u00fa\u010dtu \u010di jin\u00fdch pot\u0159eb kontaktujte sv\u00e9ho poskytovatele slu\u017eby.<\/p>\n<hr \/>\n<p><div class=\"alignleft\"><a href=\"https:\/\/www.fmsdocumentation.com\/cs\/basics\/mobile-limitations\/\" title=\"Omezen\u00ed mobiln\u00ed aplikace\"><span class=\"arrow\">\u2039 &nbsp <\/span> Omezen\u00ed mobiln\u00ed aplikace <\/a><\/div> <div class=\"alignright\"><a href=\"https:\/\/www.fmsdocumentation.com\/cs\/basics\/zvlastni-podminky\/\" title=\"Zvl\u00e1\u0161tn\u00ed podm\u00ednky\">Zvl\u00e1\u0161tn\u00ed podm\u00ednky <span class=\"arrow\"> &nbsp\u203a <\/span> <\/a><\/div><\/p>\n<p>&nbsp;<\/p>\n","protected":false},"excerpt":{"rendered":"<p>Ka\u017ed\u00fd objekt se \u00fa\u010dtuje indivudu\u00e1ln\u011b. To znamen\u00e1, \u017ee u\u017eivatel m\u016f\u017ee m\u00edt n\u011bkter\u00e9 objekty ve vy\u0161\u0161\u00edm tarifu, n\u011bkter\u00e9 v ni\u017e\u0161\u00edm tarifu. U vozidel, kde sta\u010d\u00ed z\u00e1kladn\u00ed funkce je ni\u017e\u0161\u00ed tarif, zat\u00edmco u vozidel, kde se sleduje v\u00edce parametr\u016f se vy\u017eaduje vy\u0161\u0161\u00ed tarif. P\u0159\u00edklad: Objekt A m\u00e1 pr\u00e9miov\u00fd tarif, objekt B tarif basic plus. Pro objekt A &hellip; <a href=\"https:\/\/www.fmsdocumentation.com\/cs\/basics\/billing-plans\/\" class=\"more-link\">Pokra\u010dov\u00e1n\u00ed textu <span class=\"screen-reader-text\">\u00da\u010dtovac\u00ed pl\u00e1ny<\/span><\/a><\/p>\n","protected":false},"author":1,"featured_media":0,"parent":897,"menu_order":6,"comment_status":"closed","ping_status":"closed","template":"","meta":{"footnotes":""},"class_list":["post-837","page","type-page","status-publish","hentry"],"_links":{"self":[{"href":"https:\/\/www.fmsdocumentation.com\/cs\/wp-json\/wp\/v2\/pages\/837","targetHints":{"allow":["GET"]}}],"collection":[{"href":"https:\/\/www.fmsdocumentation.com\/cs\/wp-json\/wp\/v2\/pages"}],"about":[{"href":"https:\/\/www.fmsdocumentation.com\/cs\/wp-json\/wp\/v2\/types\/page"}],"author":[{"embeddable":true,"href":"https:\/\/www.fmsdocumentation.com\/cs\/wp-json\/wp\/v2\/users\/1"}],"replies":[{"embeddable":true,"href":"https:\/\/www.fmsdocumentation.com\/cs\/wp-json\/wp\/v2\/comments?post=837"}],"version-history":[{"count":4,"href":"https:\/\/www.fmsdocumentation.com\/cs\/wp-json\/wp\/v2\/pages\/837\/revisions"}],"predecessor-version":[{"id":13266,"href":"https:\/\/www.fmsdocumentation.com\/cs\/wp-json\/wp\/v2\/pages\/837\/revisions\/13266"}],"up":[{"embeddable":true,"href":"https:\/\/www.fmsdocumentation.com\/cs\/wp-json\/wp\/v2\/pages\/897"}],"wp:attachment":[{"href":"https:\/\/www.fmsdocumentation.com\/cs\/wp-json\/wp\/v2\/media?parent=837"}],"curies":[{"name":"wp","href":"https:\/\/api.w.org\/{rel}","templated":true}]}}