{"id":838,"date":"2017-06-27T08:28:37","date_gmt":"2017-06-27T08:28:37","guid":{"rendered":"http:\/\/www.fmsdocumentation.com\/webusers-admin-panel\/"},"modified":"2018-08-09T07:04:03","modified_gmt":"2018-08-09T07:04:03","slug":"webusers-admin-panel","status":"publish","type":"page","link":"https:\/\/www.fmsdocumentation.com\/cs\/main-tms-window\/webusers-admin-panel\/","title":{"rendered":"Administr\u00e1torsk\u00fd panel"},"content":{"rendered":"<p>Administratorsk\u00fd panel je k dispozici pouze pro u\u017eivatele s administr\u00e1torsk\u00fdmi pr\u00e1vy. Prost\u0159ednictv\u00edm tohoto panelu lze vid\u011bt v\u0161echny u\u017eivatele aktu\u00e1ln\u00edho \u00fa\u010dtu. Hlavn\u00ed seznam obsahuje pouze z\u00e1kladn\u00ed informace:<\/p>\n<ul>\n<li>N\u00e1zev u\u017eivatele;<\/li>\n<li>Po\u010det viditeln\u00fdch objekt\u016f dan\u00e9ho u\u017eivatele.<\/li>\n<\/ul>\n<p><a href=\"https:\/\/www.fmsdocumentation.com\/wp-content\/uploads\/2017\/06\/252.png\"><img loading=\"lazy\" decoding=\"async\" class=\"alignnone wp-image-780 size-full\" src=\"https:\/\/www.fmsdocumentation.com\/wp-content\/uploads\/2017\/06\/252.png\" alt=\"\" width=\"360\" height=\"560\" srcset=\"https:\/\/www.fmsdocumentation.com\/wp-content\/uploads\/2017\/06\/252.png 360w, https:\/\/www.fmsdocumentation.com\/wp-content\/uploads\/2017\/06\/252-193x300.png 193w\" sizes=\"auto, (max-width: 360px) 100vw, 360px\" \/><\/a><\/p>\n<p>Kliknut\u00edm na u\u017eivatele v seznamu se zobraz\u00ed dal\u0161\u00ed informace:<\/p>\n<ul>\n<li>Jm\u00e9no u\u017eivatele;<\/li>\n<li>Typ u\u017eivatele &#8211; administr\u00e1ator nebo u\u017eivatel;<\/li>\n<li>Datum a \u010das kdy byl u\u017eivatel vytvo\u0159en;<\/li>\n<li>E-mail u\u017eivatele, jestli\u017ee je zaveden;<\/li>\n<li>\u010c\u00edslo telefonu, je-li zaps\u00e1no;<\/li>\n<li>Skupiny vozidel p\u0159i\u0159azen\u00e9 u\u017eivateli.<\/li>\n<\/ul>\n<p><a href=\"https:\/\/www.fmsdocumentation.com\/wp-content\/uploads\/2017\/06\/253.png\"><img loading=\"lazy\" decoding=\"async\" class=\"alignnone wp-image-781 size-full\" src=\"https:\/\/www.fmsdocumentation.com\/wp-content\/uploads\/2017\/06\/253.png\" alt=\"\" width=\"720\" height=\"489\" srcset=\"https:\/\/www.fmsdocumentation.com\/wp-content\/uploads\/2017\/06\/253.png 720w, https:\/\/www.fmsdocumentation.com\/wp-content\/uploads\/2017\/06\/253-300x204.png 300w\" sizes=\"auto, (max-width: 720px) 100vw, 720px\" \/><\/a><\/p>\n<p style=\"background-color: #2e67b1; color: #ffffff; padding-left: 10px; padding-right: 10px;\"><p class=\"note\">Pozn\u00e1mka<br \/>\nJestli\u017ee nen\u00ed u\u017eivateli p\u0159i\u0159azena \u017e\u00e1dn\u00e1 skupina, vid\u00ed v\u0161echna vozidla.<\/p><\/p>\n<p>U\u017eivatel s administratorsk\u00fdmi pr\u00e1vy m\u016f\u017ee existuj\u00edc\u00edmu u\u017eivateli p\u0159i\u0159adit nebo odebrat skupinu vozidel. Provede se to kliknut\u00edm na symbol &#8220;+&#8221; na \u0159\u00e1dku skupiny.<\/p>\n<p><a href=\"https:\/\/www.fmsdocumentation.com\/wp-content\/uploads\/2017\/06\/254.png\"><img loading=\"lazy\" decoding=\"async\" class=\"alignnone wp-image-782 size-full\" src=\"https:\/\/www.fmsdocumentation.com\/wp-content\/uploads\/2017\/06\/254.png\" alt=\"\" width=\"360\" height=\"71\" srcset=\"https:\/\/www.fmsdocumentation.com\/wp-content\/uploads\/2017\/06\/254.png 360w, https:\/\/www.fmsdocumentation.com\/wp-content\/uploads\/2017\/06\/254-300x59.png 300w\" sizes=\"auto, (max-width: 360px) 100vw, 360px\" \/><\/a><\/p>\n<p>Otev\u0159e se nov\u00e9 okno se seznamem v\u0161ech skupin vozidel vytvo\u0159en\u00fdch pro tento \u00fa\u010det. Pro rychl\u00e9 vyhled\u00e1v\u00e1n\u00ed skupin je k dispozici vyhled\u00e1v\u00e1c\u00ed li\u0161ta, kter\u00e1 filtruje podle ka\u017ed\u00e9ho zadan\u00e9ho p\u00edsmene.<\/p>\n<p>Jestli\u017ee ji\u017e skupina byla u\u017eivateli p\u0159i\u0159azena, bude ozna\u010dena modr\u00fdm zatr\u017e\u00edtkem. Pro p\u0159i\u0159azen\u00ed dal\u0161\u00ed skupiny sta\u010d\u00ed p\u0159idat zatr\u017e\u00edtko u p\u0159\u00edslu\u0161n\u00e9 skupiny. Odebr\u00e1n\u00ed slupiny se provede odebr\u00e1n\u00edm zatr\u017e\u00edtka. Pro ulo\u017een\u00ed zm\u011bn je nutno stisknout tla\u010d\u00edtko &#8220;Ulo\u017eit&#8221;.<\/p>\n<p><a href=\"https:\/\/www.fmsdocumentation.com\/wp-content\/uploads\/2017\/06\/255.png\"><img loading=\"lazy\" decoding=\"async\" class=\"alignnone wp-image-783 size-full\" src=\"https:\/\/www.fmsdocumentation.com\/wp-content\/uploads\/2017\/06\/255.png\" alt=\"\" width=\"750\" height=\"516\" srcset=\"https:\/\/www.fmsdocumentation.com\/wp-content\/uploads\/2017\/06\/255.png 750w, https:\/\/www.fmsdocumentation.com\/wp-content\/uploads\/2017\/06\/255-300x206.png 300w\" sizes=\"auto, (max-width: 750px) 100vw, 750px\" \/><\/a><\/p>\n<p>Jestli\u017ee se zm\u011bny nemaj\u00ed ulo\u017eit, mus\u00ed se kliknout na tla\u010d\u00edtko &#8220;Zru\u0161it&#8221; nebo kdekoliv mimo okno.<\/p>\n<p>Jak vytvo\u0159it skupiny vozidel je pops\u00e1no v menu &#8220;<a href=\"https:\/\/www.fmsdocumentation.com\/cs\/overview-menu\/\">P\u0159ehled&#8221;<\/a>.<\/p>\n<p style=\"background-color: #2e67b1; color: #ffffff; padding-left: 10px; padding-right: 10px;\"><p class=\"note\">Pozn\u00e1mka<br \/>\nU\u017eivatel\u00e9 se moment\u00e1ln\u011b administruj\u00ed poskytovatelem slu\u017eby. Pro vytvo\u0159en\u00ed \u010di modifikaci u\u017eivatele se obra\u0165te na sv\u00e9ho poskytovatele slu\u017eby.<\/p><\/p>\n<hr \/>\n<p><div class=\"alignleft\"><a href=\"https:\/\/www.fmsdocumentation.com\/cs\/main-tms-window\/map-features-and-tools\/\" title=\"Mapov\u00e9 funkce a n\u00e1stroje\"><span class=\"arrow\">\u2039 &nbsp <\/span> Mapov\u00e9 funkce a n\u00e1stroje <\/a><\/div> <div class=\"alignright\"><a href=\"https:\/\/www.fmsdocumentation.com\/cs\/main-tms-window\/account-settings\/\" title=\"Nastaven\u00ed \u00fa\u010dtu\">Nastaven\u00ed \u00fa\u010dtu <span class=\"arrow\"> &nbsp\u203a <\/span> <\/a><\/div><\/p>\n","protected":false},"excerpt":{"rendered":"<p>Administratorsk\u00fd panel je k dispozici pouze pro u\u017eivatele s administr\u00e1torsk\u00fdmi pr\u00e1vy. Prost\u0159ednictv\u00edm tohoto panelu lze vid\u011bt v\u0161echny u\u017eivatele aktu\u00e1ln\u00edho \u00fa\u010dtu. Hlavn\u00ed seznam obsahuje pouze z\u00e1kladn\u00ed informace: N\u00e1zev u\u017eivatele; Po\u010det viditeln\u00fdch objekt\u016f dan\u00e9ho u\u017eivatele. Kliknut\u00edm na u\u017eivatele v seznamu se zobraz\u00ed dal\u0161\u00ed informace: Jm\u00e9no u\u017eivatele; Typ u\u017eivatele &#8211; administr\u00e1ator nebo u\u017eivatel; Datum a \u010das kdy byl &hellip; <a href=\"https:\/\/www.fmsdocumentation.com\/cs\/main-tms-window\/webusers-admin-panel\/\" class=\"more-link\">Pokra\u010dov\u00e1n\u00ed textu <span class=\"screen-reader-text\">Administr\u00e1torsk\u00fd panel<\/span><\/a><\/p>\n","protected":false},"author":1,"featured_media":0,"parent":893,"menu_order":7,"comment_status":"closed","ping_status":"closed","template":"","meta":{"footnotes":""},"class_list":["post-838","page","type-page","status-publish","hentry"],"_links":{"self":[{"href":"https:\/\/www.fmsdocumentation.com\/cs\/wp-json\/wp\/v2\/pages\/838","targetHints":{"allow":["GET"]}}],"collection":[{"href":"https:\/\/www.fmsdocumentation.com\/cs\/wp-json\/wp\/v2\/pages"}],"about":[{"href":"https:\/\/www.fmsdocumentation.com\/cs\/wp-json\/wp\/v2\/types\/page"}],"author":[{"embeddable":true,"href":"https:\/\/www.fmsdocumentation.com\/cs\/wp-json\/wp\/v2\/users\/1"}],"replies":[{"embeddable":true,"href":"https:\/\/www.fmsdocumentation.com\/cs\/wp-json\/wp\/v2\/comments?post=838"}],"version-history":[{"count":5,"href":"https:\/\/www.fmsdocumentation.com\/cs\/wp-json\/wp\/v2\/pages\/838\/revisions"}],"predecessor-version":[{"id":5621,"href":"https:\/\/www.fmsdocumentation.com\/cs\/wp-json\/wp\/v2\/pages\/838\/revisions\/5621"}],"up":[{"embeddable":true,"href":"https:\/\/www.fmsdocumentation.com\/cs\/wp-json\/wp\/v2\/pages\/893"}],"wp:attachment":[{"href":"https:\/\/www.fmsdocumentation.com\/cs\/wp-json\/wp\/v2\/media?parent=838"}],"curies":[{"name":"wp","href":"https:\/\/api.w.org\/{rel}","templated":true}]}}