{"id":840,"date":"2017-04-21T09:37:04","date_gmt":"2017-04-21T09:37:04","guid":{"rendered":"http:\/\/www.fmsdocumentation.com\/object-api\/"},"modified":"2018-08-08T12:38:47","modified_gmt":"2018-08-08T12:38:47","slug":"object-api","status":"publish","type":"page","link":"https:\/\/www.fmsdocumentation.com\/cs\/apis\/object-api\/","title":{"rendered":"Objekt API"},"content":{"rendered":"<p>\u00da\u010delem t\u00e9to funkce je poskytnout z\u00e1kladn\u00ed informaci o jednom nebo v\u0161ech objektech klienta. Objekt API m\u016f\u017ee b\u00fdt po\u017eadov\u00e1n bu\u010f pro jeden konkr\u00e9tn\u00ed objekt nebo, jestli\u017ee nen\u00ed \u017e\u00e1dn\u00fd objekt specifikov\u00e1n, API vr\u00e1t\u00ed v\u0161echny existuj\u00edc\u00ed objekty klienta.<\/p>\n<p>P\u0159\u00edklad po\u017eadavku API pro konkr\u00e9tn\u00ed objekt:<\/p>\n<p style=\"background-color: #000000; color: #bbbdc0; font-family: Lucida Console; padding-left: 10px; padding-right: 10px;\">GET \/objects\/{object_id}?version=1&amp;api_key=&lt;&#8230;&gt;<br \/>\nHOST: api.fm-track.com<br \/>\nContent-Type:application\/json;charset=UTF-8<\/p>\n<p>Aby toto API fungovalo, jsou povinn\u00e9 dva parametry (mimo API_key):<\/p>\n<p>\n<table id=\"tablepress-95\" class=\"tablepress tablepress-id-95\">\n<thead>\n<tr class=\"row-1\">\n\t<th class=\"column-1\">Parameter<\/th><th class=\"column-2\">Type<\/th><th class=\"column-3\">Description<\/th>\n<\/tr>\n<\/thead>\n<tbody>\n<tr class=\"row-2\">\n\t<td class=\"column-1\">objectId<\/td><td class=\"column-2\">String<\/td><td class=\"column-3\">Object identifier (This ID can be acquired by sending and API request for clients all available objects)<\/td>\n<\/tr>\n<tr class=\"row-3\">\n\t<td class=\"column-1\">version<\/td><td class=\"column-2\">String<\/td><td class=\"column-3\">Version of the API, currently only version=1 is available<\/td>\n<\/tr>\n<tr class=\"row-4\">\n\t<td class=\"column-1\">api_key<\/td><td class=\"column-2\">String<\/td><td class=\"column-3\">User identification key<\/td>\n<\/tr>\n<\/tbody>\n<\/table>\n<!-- #tablepress-95 from cache --><br \/>\n<strong><span style=\"font-family: Lucida Console;\"><\/p>\n<div class=\"codecolorer-container javascript blackboard\" style=\"overflow:auto;white-space:nowrap;width:500px;\"><table cellspacing=\"0\" cellpadding=\"0\"><tbody><tr><td class=\"line-numbers\"><div>1<br \/>2<br \/>3<br \/>4<br \/>5<br \/>6<br \/>7<br \/>8<br \/>9<br \/>10<br \/><\/div><\/td><td><div class=\"javascript codecolorer\"><span class=\"br0\">&#123;<\/span><br \/>\n<span class=\"st0\">&quot;id&quot;<\/span> <span class=\"sy0\">:<\/span> <span class=\"st0\">&quot;abc123&quot;<\/span><span class=\"sy0\">,<\/span><br \/>\n<span class=\"st0\">&quot;name&quot;<\/span> <span class=\"sy0\">:<\/span> <span class=\"st0\">&quot;AAA 000&quot;<\/span><span class=\"sy0\">,<\/span><br \/>\n<span class=\"st0\">&quot;imei&quot;<\/span> <span class=\"sy0\">:<\/span> <span class=\"nu0\">123456789123<\/span><span class=\"sy0\">,<\/span><br \/>\n<span class=\"st0\">&quot;vehicle_params&quot;<\/span> <span class=\"sy0\">:<\/span> <span class=\"br0\">&#123;<\/span><br \/>\n<span class=\"st0\">&quot;vin&quot;<\/span> <span class=\"sy0\">:<\/span> <span class=\"kw2\">null<\/span><span class=\"sy0\">,<\/span><br \/>\n<span class=\"st0\">&quot;make&quot;<\/span> <span class=\"sy0\">:<\/span> <span class=\"kw2\">null<\/span><span class=\"sy0\">,<\/span><br \/>\n<span class=\"st0\">&quot;model&quot;<\/span> <span class=\"sy0\">:<\/span> <span class=\"kw2\">null<\/span><br \/>\n<span class=\"br0\">&#125;<\/span><br \/>\n<span class=\"br0\">&#125;<\/span><\/div><\/td><\/tr><\/tbody><\/table><\/div>\n<p><\/span><\/strong><br \/>\nP\u0159\u00edklad po\u017eadavku API pro v\u0161echny objekty klienta:<\/p>\n<p style=\"background-color: #000000; color: #bbbdc0; font-family: Lucida Console; padding-left: 10px; padding-right: 10px;\">GET \/objects?version=1&amp;api_key=&lt;&#8230;&gt;<br \/>\nHOST: api.fm-track.com<br \/>\nContent-Type:application\/json;charset=UTF-8<\/p>\n<p>&nbsp;<\/p>\n<p>Pro toto API je povinn\u00fd jeden parametr (mimo API_key):<\/p>\n\n<table id=\"tablepress-96\" class=\"tablepress tablepress-id-96\">\n<thead>\n<tr class=\"row-1\">\n\t<th class=\"column-1\">Parameter<\/th><th class=\"column-2\">Type<\/th><th class=\"column-3\">Description<\/th>\n<\/tr>\n<\/thead>\n<tbody>\n<tr class=\"row-2\">\n\t<td class=\"column-1\">version<\/td><td class=\"column-2\">String<\/td><td class=\"column-3\">Version of the API, currently only version=1 is available<\/td>\n<\/tr>\n<tr class=\"row-3\">\n\t<td class=\"column-1\">api_key<\/td><td class=\"column-2\">String<\/td><td class=\"column-3\">User identification key<\/td>\n<\/tr>\n<\/tbody>\n<\/table>\n<!-- #tablepress-96 from cache -->\n<p>Odpov\u011b\u010f serveru je identick\u00e1 odpov\u011bdi pro jeden objekt, s t\u00edm, \u017ee se jedn\u00e1 o v\u0161echny objekty.<\/p>\n<p>V\u0161echna odpov\u011bdn\u00ed pole, je\u017e mohou b\u00fdt obdr\u017eena s ka\u017ed\u00fdm typem parametru jsou pops\u00e1na v n\u00e1sleduj\u00edc\u00ed tabulce:<\/p>\n\n<table id=\"tablepress-97\" class=\"tablepress tablepress-id-97\">\n<thead>\n<tr class=\"row-1\">\n\t<th class=\"column-1\">Name<\/th><th class=\"column-2\">Type<\/th><th class=\"column-3\">Description<\/th>\n<\/tr>\n<\/thead>\n<tbody>\n<tr class=\"row-2\">\n\t<td class=\"column-1\">name<\/td><td class=\"column-2\">String<\/td><td class=\"column-3\">Visible vehicle name<\/td>\n<\/tr>\n<tr class=\"row-3\">\n\t<td class=\"column-1\">imei<\/td><td class=\"column-2\">String<\/td><td class=\"column-3\">Vehicle hardware IMEI code<\/td>\n<\/tr>\n<tr class=\"row-4\">\n\t<td class=\"column-1\">make<\/td><td class=\"column-2\">String<\/td><td class=\"column-3\">Vehicle brand<\/td>\n<\/tr>\n<tr class=\"row-5\">\n\t<td class=\"column-1\">model<\/td><td class=\"column-2\">String<\/td><td class=\"column-3\">Vehicle brand model<\/td>\n<\/tr>\n<tr class=\"row-6\">\n\t<td class=\"column-1\">object_id<\/td><td class=\"column-2\">String<\/td><td class=\"column-3\">Object identifier (external)<\/td>\n<\/tr>\n<tr class=\"row-7\">\n\t<td class=\"column-1\">vin<\/td><td class=\"column-2\">String<\/td><td class=\"column-3\">VIN of object<\/td>\n<\/tr>\n<\/tbody>\n<\/table>\n<!-- #tablepress-97 from cache -->\n<p>&nbsp;<\/p>\n<p>Koncov\u00e9 body API, parametry po\u017eadavk\u016f a odpov\u011bdi jsou k nahl\u00e9dnut\u00ed v \u201cSwagger\u201d prost\u0159ednictv\u00edm tohoto odkazu: <a href=\"https:\/\/api.fm-track.com\/swagger-ui.html\">https:\/\/api.fm-track.com<\/a><\/p>\n<hr \/>\n<p><div class=\"alignleft\"><a href=\"https:\/\/www.fmsdocumentation.com\/cs\/apis\/status-api\/\" title=\"Zas\u00edl\u00e1n\u00ed sou\u0159adnic objektu pro API\"><span class=\"arrow\">\u2039 &nbsp <\/span> Zas\u00edl\u00e1n\u00ed sou\u0159adnic objektu pro API <\/a><\/div> <div class=\"alignright\"><a href=\"https:\/\/www.fmsdocumentation.com\/cs\/reports\/\" title=\"Sestavy\">Sestavy <span class=\"arrow\"> &nbsp\u203a <\/span> <\/a><\/div><\/p>\n","protected":false},"excerpt":{"rendered":"<p>\u00da\u010delem t\u00e9to funkce je poskytnout z\u00e1kladn\u00ed informaci o jednom nebo v\u0161ech objektech klienta. Objekt API m\u016f\u017ee b\u00fdt po\u017eadov\u00e1n bu\u010f pro jeden konkr\u00e9tn\u00ed objekt nebo, jestli\u017ee nen\u00ed \u017e\u00e1dn\u00fd objekt specifikov\u00e1n, API vr\u00e1t\u00ed v\u0161echny existuj\u00edc\u00ed objekty klienta. P\u0159\u00edklad po\u017eadavku API pro konkr\u00e9tn\u00ed objekt: GET \/objects\/{object_id}?version=1&amp;api_key=&lt;&#8230;&gt; HOST: api.fm-track.com Content-Type:application\/json;charset=UTF-8 Aby toto API fungovalo, jsou povinn\u00e9 dva parametry (mimo &hellip; <a href=\"https:\/\/www.fmsdocumentation.com\/cs\/apis\/object-api\/\" class=\"more-link\">Pokra\u010dov\u00e1n\u00ed textu <span class=\"screen-reader-text\">Objekt API<\/span><\/a><\/p>\n","protected":false},"author":1,"featured_media":0,"parent":843,"menu_order":5,"comment_status":"closed","ping_status":"closed","template":"","meta":{"footnotes":""},"class_list":["post-840","page","type-page","status-publish","hentry"],"_links":{"self":[{"href":"https:\/\/www.fmsdocumentation.com\/cs\/wp-json\/wp\/v2\/pages\/840","targetHints":{"allow":["GET"]}}],"collection":[{"href":"https:\/\/www.fmsdocumentation.com\/cs\/wp-json\/wp\/v2\/pages"}],"about":[{"href":"https:\/\/www.fmsdocumentation.com\/cs\/wp-json\/wp\/v2\/types\/page"}],"author":[{"embeddable":true,"href":"https:\/\/www.fmsdocumentation.com\/cs\/wp-json\/wp\/v2\/users\/1"}],"replies":[{"embeddable":true,"href":"https:\/\/www.fmsdocumentation.com\/cs\/wp-json\/wp\/v2\/comments?post=840"}],"version-history":[{"count":3,"href":"https:\/\/www.fmsdocumentation.com\/cs\/wp-json\/wp\/v2\/pages\/840\/revisions"}],"predecessor-version":[{"id":5589,"href":"https:\/\/www.fmsdocumentation.com\/cs\/wp-json\/wp\/v2\/pages\/840\/revisions\/5589"}],"up":[{"embeddable":true,"href":"https:\/\/www.fmsdocumentation.com\/cs\/wp-json\/wp\/v2\/pages\/843"}],"wp:attachment":[{"href":"https:\/\/www.fmsdocumentation.com\/cs\/wp-json\/wp\/v2\/media?parent=840"}],"curies":[{"name":"wp","href":"https:\/\/api.w.org\/{rel}","templated":true}]}}