{"id":844,"date":"2017-04-19T09:46:42","date_gmt":"2017-04-19T09:46:42","guid":{"rendered":"http:\/\/www.fmsdocumentation.com\/trusttrack-usage\/"},"modified":"2020-05-26T09:56:13","modified_gmt":"2020-05-26T06:56:13","slug":"trusttrack-usage","status":"publish","type":"page","link":"https:\/\/www.fmsdocumentation.com\/cs\/trusttrack-usage\/","title":{"rendered":"Mobiln\u00ed aplikace"},"content":{"rendered":"<p>Aplikaci TrustTrack je mo\u017eno st\u00e1hnout jak z App store tak z <a href=\"https:\/\/play.google.com\/store\/apps\/details?id=com.ruptela.mobile.trusttrack\">Google play<\/a>. Po nahr\u00e1n\u00ed a instalaci m\u016f\u017ee u\u017eivatel spustit aplikaci kliknut\u00edm na logo.<\/p>\n<p><a href=\"http:\/\/www.fmsdocumentation.com\/wp-content\/uploads\/2017\/04\/tt-logo.png\"><img loading=\"lazy\" decoding=\"async\" class=\"alignnone wp-image-551 size-full\" src=\"http:\/\/www.fmsdocumentation.com\/wp-content\/uploads\/2017\/04\/tt-logo.png\" alt=\"\" width=\"300\" height=\"300\" srcset=\"https:\/\/www.fmsdocumentation.com\/wp-content\/uploads\/2017\/04\/tt-logo.png 300w, https:\/\/www.fmsdocumentation.com\/wp-content\/uploads\/2017\/04\/tt-logo-150x150.png 150w\" sizes=\"auto, (max-width: 300px) 100vw, 300px\" \/><\/a><\/p>\n<p>P\u0159i prvn\u00edm spu\u0161t\u011bn\u00ed bude u\u017eivatel vyzv\u00e1n k zad\u00e1n\u00ed url serveru syst\u00e9mu sledov\u00e1n\u00ed. Tato procedura se provede pouze jednou, adresa bude ulo\u017eena s \u00fadaji aplikace. Jestli\u017ee se vlo\u017e\u00ed nespr\u00e1vn\u00e1 adresa, nebude ulo\u017eena.<\/p>\n<p><a href=\"http:\/\/www.fmsdocumentation.com\/wp-content\/uploads\/2017\/04\/232-1.png\"><img loading=\"lazy\" decoding=\"async\" class=\"wp-image-710 alignnone\" src=\"http:\/\/www.fmsdocumentation.com\/wp-content\/uploads\/2017\/04\/232-1-189x300.png\" alt=\"\" width=\"280\" height=\"444\" srcset=\"https:\/\/www.fmsdocumentation.com\/wp-content\/uploads\/2017\/04\/232-1-189x300.png 189w, https:\/\/www.fmsdocumentation.com\/wp-content\/uploads\/2017\/04\/232-1-647x1024.png 647w, https:\/\/www.fmsdocumentation.com\/wp-content\/uploads\/2017\/04\/232-1.png 720w\" sizes=\"auto, (max-width: 280px) 100vw, 280px\" \/><\/a><\/p>\n<p>Zadejte adresu:\u00a0 nove.autanawebu.cz\u00a0 Nen\u00ed nutno vkl\u00e1dat \u017e\u00e1dn\u00e9 &#8220;Http&#8221; nebo &#8220;www&#8221;. Jestli\u017ee nem\u00e1te spr\u00e1vnou adresu serveru poskytovatele slu\u017eby, obra\u0165te se na sv\u00e9ho poskytovatele slu\u017eby pro podporu.<\/p>\n<p style=\"background-color: #2e67b1;color: #ffffff;padding-left: 10px;padding-right: 10px\"><p class=\"note\">Pozn\u00e1mka<br \/>\nPoskytovatel\u00e9, kte\u0159\u00ed teprve ned\u00e1vno za\u010dali pracovat s aplikac\u00ed mus\u00ed vz\u00edt v \u00favahu, \u017ee jejich adresu serveru p\u0159id\u00e1me do aplikace po jej\u00ed aktualizaci.<\/p><\/p>\n<p>Po specifikaci adresy serveru se zobraz\u00ed p\u0159ihla\u0161ovac\u00ed obrazovka, je\u017e je identick\u00e1 (ale men\u0161\u00ed) s p\u0159ihla\u0161ovac\u00ed obrazovkou popsanou v &#8220;<a href=\"https:\/\/www.fmsdocumentation.com\/cs\/basics\/login-page\/\">Login page<\/a>&#8220;.<\/p>\n<p>Potom je aplikace identick\u00e1 syst\u00e9mu sledov\u00e1n\u00ed vozidel, vyjma omezen\u00ed a n\u011bkolika vyj\u00edmek popsan\u00fdch n\u00ed\u017ee:<\/p>\n<ul>\n<li>Lev\u00fd naviga\u010dn\u00ed panel je skryt\u00fd a m\u016f\u017ee b\u00fdt p\u0159\u00edstupn\u00fd kliknut\u00edm na tla\u010d\u00edtko menu.<\/li>\n<\/ul>\n<p><a href=\"http:\/\/www.fmsdocumentation.com\/wp-content\/uploads\/2017\/04\/234-2.png\"><img loading=\"lazy\" decoding=\"async\" class=\"alignnone size-large wp-image-1722\" src=\"http:\/\/www.fmsdocumentation.com\/wp-content\/uploads\/2017\/04\/234-2-1024x742.png\" alt=\"\" width=\"660\" height=\"478\" srcset=\"https:\/\/www.fmsdocumentation.com\/wp-content\/uploads\/2017\/04\/234-2-1024x742.png 1024w, https:\/\/www.fmsdocumentation.com\/wp-content\/uploads\/2017\/04\/234-2-300x217.png 300w, https:\/\/www.fmsdocumentation.com\/wp-content\/uploads\/2017\/04\/234-2-768x557.png 768w, https:\/\/www.fmsdocumentation.com\/wp-content\/uploads\/2017\/04\/234-2.png 1700w\" sizes=\"auto, (max-width: 660px) 100vw, 660px\" \/><\/a><\/p>\n<ul>\n<li>Panely a mapa se ji\u017e nevejdou na obrazovku, proto je implementov\u00e1no tla\u010d\u00edtko skr\u00fdt, je\u017e m\u016f\u017ee b\u00fdt pou\u017eito pro skryt\u00ed aktu\u00e1ln\u00edho panelu &#8211; tak zobrazit mapu bez zav\u0159en\u00ed panelu. U\u017eivatel potom m\u016f\u017ee panel zviditelnit.<\/li>\n<\/ul>\n<p><a href=\"http:\/\/www.fmsdocumentation.com\/wp-content\/uploads\/2017\/04\/235-1.png\"><img loading=\"lazy\" decoding=\"async\" class=\"alignnone size-large wp-image-1723\" src=\"http:\/\/www.fmsdocumentation.com\/wp-content\/uploads\/2017\/04\/235-1-1024x742.png\" alt=\"\" width=\"660\" height=\"478\" srcset=\"https:\/\/www.fmsdocumentation.com\/wp-content\/uploads\/2017\/04\/235-1-1024x742.png 1024w, https:\/\/www.fmsdocumentation.com\/wp-content\/uploads\/2017\/04\/235-1-300x217.png 300w, https:\/\/www.fmsdocumentation.com\/wp-content\/uploads\/2017\/04\/235-1-768x557.png 768w, https:\/\/www.fmsdocumentation.com\/wp-content\/uploads\/2017\/04\/235-1.png 1700w\" sizes=\"auto, (max-width: 660px) 100vw, 660px\" \/><\/a><\/p>\n<ul>\n<li>N\u00e1pov\u011bda a tla\u010d\u00edtko odhl\u00e1\u0161en\u00ed jsou um\u00edst\u011bny v naviga\u010dn\u00edm panelu.<\/li>\n<\/ul>\n<p><a href=\"http:\/\/www.fmsdocumentation.com\/wp-content\/uploads\/2017\/04\/236.png\"><img loading=\"lazy\" decoding=\"async\" class=\"wp-image-578 alignnone\" src=\"http:\/\/www.fmsdocumentation.com\/wp-content\/uploads\/2017\/04\/236-168x300.png\" alt=\"\" width=\"179\" height=\"320\" srcset=\"https:\/\/www.fmsdocumentation.com\/wp-content\/uploads\/2017\/04\/236-168x300.png 168w, https:\/\/www.fmsdocumentation.com\/wp-content\/uploads\/2017\/04\/236-575x1024.png 575w, https:\/\/www.fmsdocumentation.com\/wp-content\/uploads\/2017\/04\/236.png 640w\" sizes=\"auto, (max-width: 179px) 100vw, 179px\" \/><\/a><\/p>\n<p>&nbsp;<\/p>\n<hr \/>\n<p><div class=\"alignleft\"><a href=\"https:\/\/www.fmsdocumentation.com\/cs\/reports\/report-overview\/\" title=\"P\u0159ehled sestav\"><span class=\"arrow\">\u2039 &nbsp <\/span> P\u0159ehled sestav <\/a><\/div> <\/p>\n","protected":false},"excerpt":{"rendered":"<p>Aplikaci TrustTrack je mo\u017eno st\u00e1hnout jak z App store tak z Google play. Po nahr\u00e1n\u00ed a instalaci m\u016f\u017ee u\u017eivatel spustit aplikaci kliknut\u00edm na logo. P\u0159i prvn\u00edm spu\u0161t\u011bn\u00ed bude u\u017eivatel vyzv\u00e1n k zad\u00e1n\u00ed url serveru syst\u00e9mu sledov\u00e1n\u00ed. Tato procedura se provede pouze jednou, adresa bude ulo\u017eena s \u00fadaji aplikace. Jestli\u017ee se vlo\u017e\u00ed nespr\u00e1vn\u00e1 adresa, nebude ulo\u017eena. &hellip; <a href=\"https:\/\/www.fmsdocumentation.com\/cs\/trusttrack-usage\/\" class=\"more-link\">Pokra\u010dov\u00e1n\u00ed textu <span class=\"screen-reader-text\">Mobiln\u00ed aplikace<\/span><\/a><\/p>\n","protected":false},"author":1,"featured_media":0,"parent":0,"menu_order":138,"comment_status":"closed","ping_status":"closed","template":"","meta":{"footnotes":""},"class_list":["post-844","page","type-page","status-publish","hentry"],"_links":{"self":[{"href":"https:\/\/www.fmsdocumentation.com\/cs\/wp-json\/wp\/v2\/pages\/844","targetHints":{"allow":["GET"]}}],"collection":[{"href":"https:\/\/www.fmsdocumentation.com\/cs\/wp-json\/wp\/v2\/pages"}],"about":[{"href":"https:\/\/www.fmsdocumentation.com\/cs\/wp-json\/wp\/v2\/types\/page"}],"author":[{"embeddable":true,"href":"https:\/\/www.fmsdocumentation.com\/cs\/wp-json\/wp\/v2\/users\/1"}],"replies":[{"embeddable":true,"href":"https:\/\/www.fmsdocumentation.com\/cs\/wp-json\/wp\/v2\/comments?post=844"}],"version-history":[{"count":7,"href":"https:\/\/www.fmsdocumentation.com\/cs\/wp-json\/wp\/v2\/pages\/844\/revisions"}],"predecessor-version":[{"id":8247,"href":"https:\/\/www.fmsdocumentation.com\/cs\/wp-json\/wp\/v2\/pages\/844\/revisions\/8247"}],"wp:attachment":[{"href":"https:\/\/www.fmsdocumentation.com\/cs\/wp-json\/wp\/v2\/media?parent=844"}],"curies":[{"name":"wp","href":"https:\/\/api.w.org\/{rel}","templated":true}]}}