{"id":845,"date":"2017-04-19T09:44:30","date_gmt":"2017-04-19T09:44:30","guid":{"rendered":"http:\/\/www.fmsdocumentation.com\/mobile-limitations\/"},"modified":"2018-08-08T09:30:14","modified_gmt":"2018-08-08T09:30:14","slug":"mobile-limitations","status":"publish","type":"page","link":"https:\/\/www.fmsdocumentation.com\/cs\/basics\/mobile-limitations\/","title":{"rendered":"Omezen\u00ed mobiln\u00ed aplikace"},"content":{"rendered":"<p>Syst\u00e9m sledov\u00e1n\u00ed vozidel podpotuje mobiln\u00ed verzi s n\u011bkolika omezen\u00edmi. N\u011bkter\u00e9 moduly a funkce, kter\u00e9 vy\u017eaduj\u00ed vy\u0161\u0161\u00ed rozli\u0161en\u00ed nejsou v mobiln\u00ed verzi dostupn\u00e9.<\/p>\n<p>Nedostupn\u00e9 funkce jsou n\u00e1sleduj\u00edc\u00ed:<\/p>\n<ul>\n<li>Modul upozor\u0148ov\u00e1n\u00ed &#8211; ale upozor\u0148ov\u00e1n\u00ed ve vztahu k vozidl\u016fm se zobraz\u00ed v modulu p\u0159ehled &#8211; sekce upozor\u0148ov\u00e1n\u00ed;<\/li>\n<li>Modul sestav;<\/li>\n<li>Modul stylu j\u00edzdy;<\/li>\n<li>Na\u010d\u00edt\u00e1n\u00ed tachografu;<\/li>\n<li>Anal\u00fdza podle sou\u0159adnic v p\u0159ehledu historie;<\/li>\n<li>Graf v p\u0159ehledu spot\u0159eby paliva;<\/li>\n<li>Editace upozor\u0148ov\u00e1n\u00ed;<\/li>\n<li>Tvorba nebo editace \u0159idi\u010d\u016fv menu \u0159idi\u010d\u016f;<\/li>\n<li>Hromadn\u00e9 odes\u00edl\u00e1n\u00ed zpr\u00e1v v menu komunukace;<\/li>\n<li>Tvorba nebo editace \u00faloh v menu \u00faloh;<\/li>\n<li>Tvorba nebo editace oblast\u00ed v menu u\u017eivatelsk\u00fdch oblast\u00ed.<\/li>\n<li>Tvorba \u010di editace ud\u00e1lost\u00ed &#8211; aktivace\/deaktivace ud\u00e1lost\u00ed je mo\u017en\u00e1.<\/li>\n<\/ul>\n<p>Ostatn\u00ed d\u016fle\u017eit\u00e9 informace jsou pops\u00e1ny na str\u00e1nce &#8220;<a href=\"https:\/\/www.fmsdocumentation.com\/cs\/trusttrack-usage\/\">U\u017e\u00edv\u00e1n\u00ed syst\u00e9mu sledov\u00e1n\u00ed vozidel<\/a>&#8220;.<\/p>\n<hr \/>\n<p><div class=\"alignleft\"><a href=\"https:\/\/www.fmsdocumentation.com\/cs\/basics\/trusttrack-app\/\" title=\"AutaNaWebu\"><span class=\"arrow\">\u2039 &nbsp <\/span> AutaNaWebu <\/a><\/div> <div class=\"alignright\"><a href=\"https:\/\/www.fmsdocumentation.com\/cs\/basics\/billing-plans\/\" title=\"\u00da\u010dtovac\u00ed pl\u00e1ny\">\u00da\u010dtovac\u00ed pl\u00e1ny <span class=\"arrow\"> &nbsp\u203a <\/span> <\/a><\/div><\/p>\n","protected":false},"excerpt":{"rendered":"<p>Syst\u00e9m sledov\u00e1n\u00ed vozidel podpotuje mobiln\u00ed verzi s n\u011bkolika omezen\u00edmi. N\u011bkter\u00e9 moduly a funkce, kter\u00e9 vy\u017eaduj\u00ed vy\u0161\u0161\u00ed rozli\u0161en\u00ed nejsou v mobiln\u00ed verzi dostupn\u00e9. Nedostupn\u00e9 funkce jsou n\u00e1sleduj\u00edc\u00ed: Modul upozor\u0148ov\u00e1n\u00ed &#8211; ale upozor\u0148ov\u00e1n\u00ed ve vztahu k vozidl\u016fm se zobraz\u00ed v modulu p\u0159ehled &#8211; sekce upozor\u0148ov\u00e1n\u00ed; Modul sestav; Modul stylu j\u00edzdy; Na\u010d\u00edt\u00e1n\u00ed tachografu; Anal\u00fdza podle sou\u0159adnic v p\u0159ehledu &hellip; <a href=\"https:\/\/www.fmsdocumentation.com\/cs\/basics\/mobile-limitations\/\" class=\"more-link\">Pokra\u010dov\u00e1n\u00ed textu <span class=\"screen-reader-text\">Omezen\u00ed mobiln\u00ed aplikace<\/span><\/a><\/p>\n","protected":false},"author":1,"featured_media":0,"parent":897,"menu_order":5,"comment_status":"closed","ping_status":"closed","template":"","meta":{"footnotes":""},"class_list":["post-845","page","type-page","status-publish","hentry"],"_links":{"self":[{"href":"https:\/\/www.fmsdocumentation.com\/cs\/wp-json\/wp\/v2\/pages\/845","targetHints":{"allow":["GET"]}}],"collection":[{"href":"https:\/\/www.fmsdocumentation.com\/cs\/wp-json\/wp\/v2\/pages"}],"about":[{"href":"https:\/\/www.fmsdocumentation.com\/cs\/wp-json\/wp\/v2\/types\/page"}],"author":[{"embeddable":true,"href":"https:\/\/www.fmsdocumentation.com\/cs\/wp-json\/wp\/v2\/users\/1"}],"replies":[{"embeddable":true,"href":"https:\/\/www.fmsdocumentation.com\/cs\/wp-json\/wp\/v2\/comments?post=845"}],"version-history":[{"count":2,"href":"https:\/\/www.fmsdocumentation.com\/cs\/wp-json\/wp\/v2\/pages\/845\/revisions"}],"predecessor-version":[{"id":5514,"href":"https:\/\/www.fmsdocumentation.com\/cs\/wp-json\/wp\/v2\/pages\/845\/revisions\/5514"}],"up":[{"embeddable":true,"href":"https:\/\/www.fmsdocumentation.com\/cs\/wp-json\/wp\/v2\/pages\/897"}],"wp:attachment":[{"href":"https:\/\/www.fmsdocumentation.com\/cs\/wp-json\/wp\/v2\/media?parent=845"}],"curies":[{"name":"wp","href":"https:\/\/api.w.org\/{rel}","templated":true}]}}