{"id":846,"date":"2017-04-19T09:24:32","date_gmt":"2017-04-19T09:24:32","guid":{"rendered":"http:\/\/www.fmsdocumentation.com\/trusttrack-app\/"},"modified":"2018-08-09T06:23:34","modified_gmt":"2018-08-09T06:23:34","slug":"trusttrack-app","status":"publish","type":"page","link":"https:\/\/www.fmsdocumentation.com\/cs\/basics\/trusttrack-app\/","title":{"rendered":"AutaNaWebu"},"content":{"rendered":"<p>Aplikace Trust Track App usnad\u0148uje \u0159\u00edzen\u00ed flotily vozidel.\u00a0\u00a0 V z\u00e1sad\u011b je tato aplikace stejn\u00e1 jako mobiln\u00ed verze, kde se u\u017eivatel d\u00edv\u00e1 prost\u0159ednictv\u00edm prohl\u00ed\u017ee\u010de, zde bez pou\u017eit\u00ed prohl\u00ed\u017ee\u010de. Aplikace m\u00e1 pouze jeden po\u017eadavek:<\/p>\n<ul>\n<li>P\u0159ipojen\u00ed k internetu;<\/li>\n<\/ul>\n<p><a href=\"https:\/\/www.fmsdocumentation.com\/wp-content\/uploads\/2018\/08\/tt-logo-1.png\"><img loading=\"lazy\" decoding=\"async\" class=\"alignnone size-full wp-image-5607\" src=\"https:\/\/www.fmsdocumentation.com\/wp-content\/uploads\/2018\/08\/tt-logo-1.png\" alt=\"\" width=\"300\" height=\"325\" srcset=\"https:\/\/www.fmsdocumentation.com\/wp-content\/uploads\/2018\/08\/tt-logo-1.png 300w, https:\/\/www.fmsdocumentation.com\/wp-content\/uploads\/2018\/08\/tt-logo-1-277x300.png 277w\" sizes=\"auto, (max-width: 300px) 100vw, 300px\" \/><\/a><\/p>\n<p>Funkce:<\/p>\n<ul>\n<li>Schopnost nastavit prim\u00e1rn\u00ed server syst\u00e9mu, popsan\u00fd na str\u00e1nce &#8220;<a href=\"https:\/\/www.fmsdocumentation.com\/trusttrack-usage\/\">provoz syst\u00e9mu<\/a>&#8220;;<\/li>\n<li>Pln\u00e1 funkcionalita jako v mobiln\u00ed verzi. Omezen\u00ed mobiln\u00ed vrze jsou uvedena v &#8220;<a href=\"https:\/\/www.fmsdocumentation.com\/cs\/basics\/mobile-limitations\/\">Omezen\u00ed mobiln\u00ed verze<\/a>&#8220;;<\/li>\n<\/ul>\n<p>Kr\u00e1tk\u00fd popis mobiln\u00ed aplikace je v &#8220;<a href=\"https:\/\/www.fmsdocumentation.com\/trusttrack-usage\/\">provoz syst\u00e9mu<\/a>&#8220;.<\/p>\n<p style=\"background-color: #2e67b1; color: #ffffff; padding-left: 10px; padding-right: 10px;\"><p class=\"note\">Pozn\u00e1mka<br \/>\nAplikace nepodporuje push notifikace. Tak\u017ee notifikace zpr\u00e1v, ud\u00e1lost\u00ed a ostatn\u00ed se nezobraz\u00ed na u\u017eivatelsk\u00e9m telefonu.<\/p><\/p>\n<p>Aplikace Trust Track App je k dispozici ke sta\u017een\u00ed v\u00a0<a href=\"https:\/\/play.google.com\/store\/apps\/details?id=com.ruptela.mobile.trusttrack\">Google play store<\/a>.<\/p>\n<hr \/>\n<p><div class=\"alignleft\"><a href=\"https:\/\/www.fmsdocumentation.com\/cs\/basics\/logging-out\/\" title=\"Odhl\u00e1\u0161en\u00ed\"><span class=\"arrow\">\u2039 &nbsp <\/span> Odhl\u00e1\u0161en\u00ed <\/a><\/div> <div class=\"alignright\"><a href=\"https:\/\/www.fmsdocumentation.com\/cs\/basics\/mobile-limitations\/\" title=\"Omezen\u00ed mobiln\u00ed aplikace\">Omezen\u00ed mobiln\u00ed aplikace <span class=\"arrow\"> &nbsp\u203a <\/span> <\/a><\/div><\/p>\n","protected":false},"excerpt":{"rendered":"<p>Aplikace Trust Track App usnad\u0148uje \u0159\u00edzen\u00ed flotily vozidel.\u00a0\u00a0 V z\u00e1sad\u011b je tato aplikace stejn\u00e1 jako mobiln\u00ed verze, kde se u\u017eivatel d\u00edv\u00e1 prost\u0159ednictv\u00edm prohl\u00ed\u017ee\u010de, zde bez pou\u017eit\u00ed prohl\u00ed\u017ee\u010de. Aplikace m\u00e1 pouze jeden po\u017eadavek: P\u0159ipojen\u00ed k internetu; Funkce: Schopnost nastavit prim\u00e1rn\u00ed server syst\u00e9mu, popsan\u00fd na str\u00e1nce &#8220;provoz syst\u00e9mu&#8220;; Pln\u00e1 funkcionalita jako v mobiln\u00ed verzi. Omezen\u00ed mobiln\u00ed vrze &hellip; <a href=\"https:\/\/www.fmsdocumentation.com\/cs\/basics\/trusttrack-app\/\" class=\"more-link\">Pokra\u010dov\u00e1n\u00ed textu <span class=\"screen-reader-text\">AutaNaWebu<\/span><\/a><\/p>\n","protected":false},"author":1,"featured_media":0,"parent":897,"menu_order":4,"comment_status":"closed","ping_status":"closed","template":"","meta":{"footnotes":""},"class_list":["post-846","page","type-page","status-publish","hentry"],"_links":{"self":[{"href":"https:\/\/www.fmsdocumentation.com\/cs\/wp-json\/wp\/v2\/pages\/846","targetHints":{"allow":["GET"]}}],"collection":[{"href":"https:\/\/www.fmsdocumentation.com\/cs\/wp-json\/wp\/v2\/pages"}],"about":[{"href":"https:\/\/www.fmsdocumentation.com\/cs\/wp-json\/wp\/v2\/types\/page"}],"author":[{"embeddable":true,"href":"https:\/\/www.fmsdocumentation.com\/cs\/wp-json\/wp\/v2\/users\/1"}],"replies":[{"embeddable":true,"href":"https:\/\/www.fmsdocumentation.com\/cs\/wp-json\/wp\/v2\/comments?post=846"}],"version-history":[{"count":7,"href":"https:\/\/www.fmsdocumentation.com\/cs\/wp-json\/wp\/v2\/pages\/846\/revisions"}],"predecessor-version":[{"id":5610,"href":"https:\/\/www.fmsdocumentation.com\/cs\/wp-json\/wp\/v2\/pages\/846\/revisions\/5610"}],"up":[{"embeddable":true,"href":"https:\/\/www.fmsdocumentation.com\/cs\/wp-json\/wp\/v2\/pages\/897"}],"wp:attachment":[{"href":"https:\/\/www.fmsdocumentation.com\/cs\/wp-json\/wp\/v2\/media?parent=846"}],"curies":[{"name":"wp","href":"https:\/\/api.w.org\/{rel}","templated":true}]}}