{"id":847,"date":"2017-04-07T08:59:07","date_gmt":"2017-04-07T08:59:07","guid":{"rendered":"http:\/\/www.fmsdocumentation.com\/working-hours-report\/"},"modified":"2018-08-09T11:00:09","modified_gmt":"2018-08-09T11:00:09","slug":"working-hours-report","status":"publish","type":"page","link":"https:\/\/www.fmsdocumentation.com\/cs\/reports\/working-hours-report\/","title":{"rendered":"Sestava pracovn\u00ed doby"},"content":{"rendered":"<p><strong>Sestava pracovn\u00ed doby<\/strong> &#8211; zam\u011b\u0159uje se na podrobnosti ve vztahu k pracovn\u00ed dob\u011b. Nejprve se mus\u00ed zvolit obdob\u00ed za kter\u00e9 m\u00e1 b\u00fdt sestava generov\u00e1na.<\/p>\n<p><strong>Obdob\u00ed<\/strong> &#8211; pro v\u00fdb\u011br obdob\u00ed se klikne na &#8220;Vyberte obdob\u00ed&#8221;, zobraz\u00ed se panel s kalend\u00e1\u0159em. Panel kalend\u00e1\u0159e je v cel\u00e9m syst\u00e9mu stejn\u00fd. Pro volbu obdob\u00ed se klikne na po\u017eadovan\u00e9 po\u010d\u00e1te\u010dn\u00ed a koncov\u00e9 datum. Zvolen\u00e9 dny se zv\u00fdrazn\u00ed mod\u0159e. Aktu\u00e1ln\u00ed den je ozna\u010den mal\u00fdm modr\u00fdm troj\u00faheln\u00ed\u010dkem v lev\u00e9m horn\u00edm rohu. Pokud se zvol\u00ed aktu\u00e1ln\u00ed den, troj\u00faheln\u00ed\u010dek se zm\u011bn\u00ed na b\u00edl\u00fd. Maxim\u00e1ln\u00ed rozp\u011bt\u00ed pro volbu obdob\u00ed je jeden m\u011bs\u00edc.<\/p>\n<p><strong>\u00a0<a href=\"https:\/\/www.fmsdocumentation.com\/wp-content\/uploads\/2017\/04\/136-11.png\"><img loading=\"lazy\" decoding=\"async\" class=\"alignnone size-full wp-image-1174\" src=\"https:\/\/www.fmsdocumentation.com\/wp-content\/uploads\/2017\/04\/136-11.png\" alt=\"\" width=\"503\" height=\"483\" srcset=\"https:\/\/www.fmsdocumentation.com\/wp-content\/uploads\/2017\/04\/136-11.png 503w, https:\/\/www.fmsdocumentation.com\/wp-content\/uploads\/2017\/04\/136-11-300x288.png 300w\" sizes=\"auto, (max-width: 503px) 100vw, 503px\" \/><\/a><\/strong><\/p>\n<p>Minimum pro v\u00fdb\u011br obdob\u00ed je jeden den. Volba jednoho dne se provede dvoj\u00edm kliknut\u00edm lev\u00e9ho tla\u010d\u00edtka my\u0161i na p\u0159\u00edslu\u0161n\u00e9m dni. Potom se mus\u00ed zvolit podle \u010deho se m\u00e1 sestava vygenerovat.<\/p>\n<p><strong>Sestava podle <\/strong>\u2013 k dispozici jsou dv\u011b volby:<\/p>\n<ul>\n<li>\u0158idi\u010di;<\/li>\n<li>Objekty.<\/li>\n<\/ul>\n<p style=\"text-align: left;\">Sestava zobraz\u00ed informace (<em>vzd\u00e1lenost, m\u00edsto za\u010d\u00e1tku pr\u00e1ce, atd.<\/em>) podle zvolen\u00e9ho c\u00edle (<em>\u0158idi\u010d nebo Objekt<\/em>).\u00a0 Tak\u017ee jsou-li zvoleny Objekty, potom sestava zobraz\u00ed informace t\u00fdkaj\u00edc\u00ed se zvolen\u00fdch objekt\u016f.<\/p>\n<p style=\"text-align: left;\"><strong>Objekty\/\u0158idi\u010di<\/strong> &#8211; (podle volby v &#8220;Sestava podle&#8221;) umo\u017e\u0148uje u\u017eivateli zvolit pro kter\u00e9 objekty\/\u0159idi\u010de se bude sestava generovat.<\/p>\n<p>Jsou-li zvoleny <strong>objekty<\/strong>, seznam obsahuje rovn\u011b\u017e <strong>skupiny<\/strong> objekt\u016f. Lze zvolit celou skupinu zatr\u017e\u00edtkem p\u0159ed skupinou nebo kliknut\u00edm na &#8220;+&#8221; k zviditeln\u011bn\u00ed\u00a0 objekt\u016f ve skupin\u011b. Pro zav\u0159en\u00ed skupiny se klikne na &#8220;-&#8220;. <strong>Ze skupiny lze vybrat individu\u00e1ln\u00ed objekty<\/strong>. Je d\u016fle\u017eit\u00e9 poznamenat, \u017ee je-li vybr\u00e1n objekt, kter\u00fd je v n\u011bkolika skupin\u00e1ch, bude zv\u00fdrazn\u011bn ve v\u0161ech skupin\u00e1ch, jak je zobrazeno n\u00ed\u017ee. Vybere-li se cel\u00e1 skupina, box bude modr\u00fd s b\u00edl\u00fdm za\u0161krtav\u00e1tkem. Lze rovn\u011b\u017e pou\u017e\u00edt rychl\u00e9 prohled\u00e1n\u00ed velk\u00e9ho seznamu skupin a objekt\u016f.<\/p>\n<p><img loading=\"lazy\" decoding=\"async\" class=\"alignnone wp-image-966 size-full\" src=\"https:\/\/www.fmsdocumentation.com\/wp-content\/uploads\/2017\/04\/281.png\" alt=\"\" width=\"582\" height=\"411\" srcset=\"https:\/\/www.fmsdocumentation.com\/wp-content\/uploads\/2017\/04\/281.png 582w, https:\/\/www.fmsdocumentation.com\/wp-content\/uploads\/2017\/04\/281-300x212.png 300w\" sizes=\"auto, (max-width: 582px) 100vw, 582px\" \/><\/p>\n<p>Vyberou-li se \u0158idi\u010di, zobraz\u00ed se pouze \u0159idi\u010di bez zatrh\u00e1vac\u00edch box\u016f. V tom p\u0159\u00edpad\u011b se klikne na \u0159idi\u010de v seznamu. Seznam se automaticky aktualizuje s ka\u017ed\u00fdm zapsan\u00fdm p\u00edsmenem.<\/p>\n<p><a href=\"https:\/\/www.fmsdocumentation.com\/wp-content\/uploads\/2017\/04\/138.png\"><img loading=\"lazy\" decoding=\"async\" class=\"alignnone wp-image-235 size-full\" src=\"https:\/\/www.fmsdocumentation.com\/wp-content\/uploads\/2017\/04\/138.png\" alt=\"\" width=\"509\" height=\"266\" srcset=\"https:\/\/www.fmsdocumentation.com\/wp-content\/uploads\/2017\/04\/138.png 509w, https:\/\/www.fmsdocumentation.com\/wp-content\/uploads\/2017\/04\/138-300x157.png 300w\" sizes=\"auto, (max-width: 509px) 100vw, 509px\" \/><\/a><\/p>\n<p>Vybran\u00ed \u0159idi\u010di se p\u0159idaj\u00ed do seznamu ve form\u011b modr\u00fdch obdeln\u00edk\u016f. Odstran\u011bn\u00ed \u0159idi\u010de ze seznamu se provede klknut\u00edm na &#8220;x&#8221; um\u00edst\u011bn\u00fd vpravo n\u00e1zvu \u0159idi\u010de\/objektu.<\/p>\n<p><a href=\"https:\/\/www.fmsdocumentation.com\/wp-content\/uploads\/2017\/04\/139.png\"><img loading=\"lazy\" decoding=\"async\" class=\"alignnone wp-image-236 size-full\" src=\"https:\/\/www.fmsdocumentation.com\/wp-content\/uploads\/2017\/04\/139.png\" alt=\"\" width=\"519\" height=\"109\" srcset=\"https:\/\/www.fmsdocumentation.com\/wp-content\/uploads\/2017\/04\/139.png 519w, https:\/\/www.fmsdocumentation.com\/wp-content\/uploads\/2017\/04\/139-300x63.png 300w\" sizes=\"auto, (max-width: 519px) 100vw, 519px\" \/><\/a><\/p>\n<p>Po v\u00fdb\u011bru \u0159idi\u010d\u016f nebo objekt\u016f se mus\u00ed zvolit, jak m\u00e1 b\u00fdt sestava seskupena. Mus\u00ed se zvolit parametry v <strong>Seznamu sloupc\u016f<\/strong>.\u00a0 Standardn\u011b jsou voleny n\u00e1sleduj\u00edc\u00ed parametry:<\/p>\n<ul>\n<li>\u010cas zah\u00e1jen\u00ed pr\u00e1ce \u2013 Datum a \u010das prvn\u00edho spu\u0161t\u011bn\u00ed zapalov\u00e1n\u00ed, nelze vypustit;<\/li>\n<li>M\u00edsto v\u00fdjezdu \u2013 m\u00edsto, kde do\u0161lo k prvn\u00edmu zapnut\u00ed zapalov\u00e1n\u00ed, nelze vypustit;<\/li>\n<li>\u010cas ukon\u010den\u00ed pr\u00e1ce \u2013 \u010das posledn\u00edho vypnut\u00ed zapalov\u00e1n\u00ed, nelze vypustit;<\/li>\n<li>M\u00edsto ukon\u010den\u00ed pr\u00e1ce \u2013 m\u00edsto posledn\u00edho vypnut\u00ed zapalov\u00e1n\u00ed, nelze vypustit;<\/li>\n<\/ul>\n<p>Ostatn\u00ed voliteln\u00e9 parametry pro v\u00fdb\u011br:<\/p>\n<ul>\n<li>Ujet\u00e1 vzd\u00e1lenost ve dne \u2013 sou\u010det ujet\u00e9 vzd\u00e1lenosti b\u011bhem pracovn\u00ed doby (pracovn\u00ed dobu nastav\u00ed u\u017eivatel n\u00e1sledn\u011b);<\/li>\n<li>Ujet\u00e1 vzd\u00e1lenost v noci &#8211; sou\u010det ujet\u00e9 vzd\u00e1lenosti v noci (no\u010dn\u00ed obdob\u00ed se nastav\u00ed po ukon\u010den\u00ed seznamu sloupc\u016f);<\/li>\n<li>Kone\u010dn\u00fd stav tachometru \u2013 tachometr na konci j\u00edzdy (posledn\u00ed vypnut\u00ed zapalov\u00e1n\u00ed);<\/li>\n<li>Spot\u0159ebovan\u00e9 palivo \u2013 palivo spot\u0159ebovan\u00e9 b\u011bhem j\u00edzdy;<\/li>\n<li>Doba na volnob\u011bhu \u2013 \u010das vozidla na volnob\u011bhu;<\/li>\n<li>Po\u010d\u00e1te\u010dn\u00ed stav tachometru \u2013 tachometr na za\u010d\u00e1tku j\u00edzdy (prvn\u00ed sepnut\u00ed zapalov\u00e1n\u00ed);<\/li>\n<li>Celkov\u00e1 ujet\u00e1 vzd\u00e1lenost \u2013 Celkov\u00e1 ujet\u00e1 vzd\u00e1lenost za celou j\u00edzdu (od sepnut\u00ed zapalov\u00e1n\u00ed do vypnut\u00ed zapalov\u00e1n\u00ed);<\/li>\n<li>Celkov\u00e1 doba j\u00edzdy \u2013 doba j\u00edzdy od za\u010d\u00e1tku do konce (od zapnut\u00ed do vypnut\u00ed zapalov\u00e1n\u00ed);<\/li>\n<li>Virtu\u00e1ln\u00ed odometr &#8211; ujet\u00e1 vzd\u00e1lenost podle virtu\u00e1ln\u00edho odometru, vypo\u010d\u00edtan\u00e1 jako rozd\u00edl od za\u010d\u00e1tku do konce j\u00edzdy.<\/li>\n<li>Doba j\u00edzdy v pracovn\u00ed dob\u011b \u2013 doba zapnut\u00e9ho zapalov\u00e1n\u00ed v pracovn\u00ed dob\u011b (pracovn\u00ed doba se nastavuje po dokon\u010deni seznamu sloupc\u016f);<\/li>\n<li>Doba j\u00edzdy v noci &#8211; doba zapnut\u00e9ho zapalov\u00e1n\u00ed v noci (noc se nastavuje po ukon\u010den\u00ed konfigurace seznamu sloupc\u016f);<\/li>\n<\/ul>\n<p>Po v\u00fdb\u011bru parametr\u016f v seznamu sloupc\u016f se mus\u00ed definovat <strong>pracovn\u00ed doba<\/strong>. Lze to nastavit bu\u010f\u00a0 posunut\u00edm li\u0161ty pro objekt\/vozidlo (<em>\u010d\u00edsla se aktualizuj\u00ed pouze p\u0159i opu\u0161t\u011bn\u00ed posuvn\u00e9 li\u0161ty<\/em>) nebo ru\u010dn\u00edm z\u00e1pisem pod li\u0161tou. Povolen\u00fd rozsah je 0 a\u017e 24 a mohou b\u00fdt vlo\u017eeny pouze cel\u00e1 \u010d\u00edsla.<\/p>\n<p><a href=\"https:\/\/www.fmsdocumentation.com\/wp-content\/uploads\/2017\/04\/141.png\"><img loading=\"lazy\" decoding=\"async\" class=\"alignnone wp-image-238 size-full\" src=\"https:\/\/www.fmsdocumentation.com\/wp-content\/uploads\/2017\/04\/141.png\" alt=\"\" width=\"512\" height=\"109\" srcset=\"https:\/\/www.fmsdocumentation.com\/wp-content\/uploads\/2017\/04\/141.png 512w, https:\/\/www.fmsdocumentation.com\/wp-content\/uploads\/2017\/04\/141-300x64.png 300w\" sizes=\"auto, (max-width: 512px) 100vw, 512px\" \/><\/a><\/p>\n<p>Pracovn\u00ed doba definuje hodiny pro &#8220;denn\u00ed dobu&#8221; a &#8220;no\u010dn\u00ed dobu&#8221;. Vybran\u00e9 obdob\u00ed se pova\u017euje za denn\u00ed dobu, v\u0161echno ostatn\u00ed je no\u010dn\u00ed doba (<em>nap\u0159. doba je nastavena na 8 a\u017e 18, tak\u017ee denn\u00ed dobou se m\u00edn\u00ed \u010das od 8 do 18 hod., no\u010dn\u00edm obdob\u00edm bude \u010das od 0 hod. do 8 a od 18 do 24 hod.<\/em>).<\/p>\n<p>Po ur\u010den\u00ed pracovn\u00ed doby lze definovat n\u011bkolik dal\u0161\u00edch nastaven\u00ed.<\/p>\n<p><strong>Sou\u010det za sestavu <\/strong>\u2013 zapnuto automaticky, obsahuje sou\u010dtovou \u010d\u00e1st sestavy. Sumarizuje v\u0161echny informace za sestavu. Po volb\u011b sou\u010dtu za sestavu lze zvolit rozd\u011blovac\u00ed inetrval.<\/p>\n<p><strong>Zobrazit mapu \u2013<\/strong> zapnuto automaticky, zobrazuje v sestav\u011b mapu s vyzna\u010den\u00fdmi \u010derp\u00e1n\u00edmi a \u00fabytky paliva.<\/p>\n<p><strong>Rozd\u011blen\u00ed j\u00edzdy na hranic\u00edch \u2013 <\/strong>standardn\u011b vypnuto, jestli\u017ee se zapne, p\u0159eshrani\u010dn\u00ed j\u00edzda bude na hranici rozd\u011blena do dvou j\u00edzd, p\u0159ed a za hranici.<\/p>\n<p><strong>Zobrazen\u00ed kr\u00e1tk\u00fdch j\u00edzd <\/strong>\u2013 standardn\u011b vypnuto, jestli\u017ee se zapne, budou v sestav\u011b zahrnuty i j\u00edzdy krat\u0161\u00ed ne\u017e 50 m.<\/p>\n<p><a href=\"https:\/\/www.fmsdocumentation.com\/wp-content\/uploads\/2018\/06\/207.png\"><img loading=\"lazy\" decoding=\"async\" class=\"alignnone size-large wp-image-5279\" src=\"https:\/\/www.fmsdocumentation.com\/wp-content\/uploads\/2018\/06\/207-1024x599.png\" alt=\"\" width=\"660\" height=\"386\" srcset=\"https:\/\/www.fmsdocumentation.com\/wp-content\/uploads\/2018\/06\/207-1024x599.png 1024w, https:\/\/www.fmsdocumentation.com\/wp-content\/uploads\/2018\/06\/207-300x176.png 300w, https:\/\/www.fmsdocumentation.com\/wp-content\/uploads\/2018\/06\/207-768x450.png 768w, https:\/\/www.fmsdocumentation.com\/wp-content\/uploads\/2018\/06\/207.png 1213w\" sizes=\"auto, (max-width: 660px) 100vw, 660px\" \/><\/a><\/p>\n<p>Pro vytvo\u0159en\u00ed sestavy se klikne na tla\u010d\u00edtko &#8220;Generovat&#8221;.\u00a0 Pro zru\u0161en\u00ed sestavy se klikne bu\u010f na tla\u010d\u00edtko &#8220;Zru\u0161it&#8221; nebo kliknout kdekoliv mimo okno &#8220;Generovat novou sestavu&#8221;.<\/p>\n<p><a href=\"https:\/\/www.fmsdocumentation.com\/wp-content\/uploads\/2017\/04\/202.png\"><img loading=\"lazy\" decoding=\"async\" class=\"alignnone wp-image-398 size-full\" src=\"https:\/\/www.fmsdocumentation.com\/wp-content\/uploads\/2017\/04\/202.png\" alt=\"\" width=\"569\" height=\"79\" srcset=\"https:\/\/www.fmsdocumentation.com\/wp-content\/uploads\/2017\/04\/202.png 569w, https:\/\/www.fmsdocumentation.com\/wp-content\/uploads\/2017\/04\/202-300x42.png 300w\" sizes=\"auto, (max-width: 569px) 100vw, 569px\" \/><\/a><\/p>\n<hr \/>\n<p><div class=\"alignleft\"><a href=\"https:\/\/www.fmsdocumentation.com\/cs\/reports\/trips-report\/\" title=\"Sestava j\u00edzd\"><span class=\"arrow\">\u2039 &nbsp <\/span> Sestava j\u00edzd <\/a><\/div> <div class=\"alignright\"><a href=\"https:\/\/www.fmsdocumentation.com\/cs\/reports\/reports-managing\/\" title=\"Pr\u00e1ce se sestavami\">Pr\u00e1ce se sestavami <span class=\"arrow\"> &nbsp\u203a <\/span> <\/a><\/div><\/p>\n<p>&nbsp;<\/p>\n","protected":false},"excerpt":{"rendered":"<p>Sestava pracovn\u00ed doby &#8211; zam\u011b\u0159uje se na podrobnosti ve vztahu k pracovn\u00ed dob\u011b. Nejprve se mus\u00ed zvolit obdob\u00ed za kter\u00e9 m\u00e1 b\u00fdt sestava generov\u00e1na. Obdob\u00ed &#8211; pro v\u00fdb\u011br obdob\u00ed se klikne na &#8220;Vyberte obdob\u00ed&#8221;, zobraz\u00ed se panel s kalend\u00e1\u0159em. Panel kalend\u00e1\u0159e je v cel\u00e9m syst\u00e9mu stejn\u00fd. Pro volbu obdob\u00ed se klikne na po\u017eadovan\u00e9 po\u010d\u00e1te\u010dn\u00ed a &hellip; <a href=\"https:\/\/www.fmsdocumentation.com\/cs\/reports\/working-hours-report\/\" class=\"more-link\">Pokra\u010dov\u00e1n\u00ed textu <span class=\"screen-reader-text\">Sestava pracovn\u00ed doby<\/span><\/a><\/p>\n","protected":false},"author":1,"featured_media":0,"parent":866,"menu_order":14,"comment_status":"closed","ping_status":"closed","template":"","meta":{"footnotes":""},"class_list":["post-847","page","type-page","status-publish","hentry"],"_links":{"self":[{"href":"https:\/\/www.fmsdocumentation.com\/cs\/wp-json\/wp\/v2\/pages\/847","targetHints":{"allow":["GET"]}}],"collection":[{"href":"https:\/\/www.fmsdocumentation.com\/cs\/wp-json\/wp\/v2\/pages"}],"about":[{"href":"https:\/\/www.fmsdocumentation.com\/cs\/wp-json\/wp\/v2\/types\/page"}],"author":[{"embeddable":true,"href":"https:\/\/www.fmsdocumentation.com\/cs\/wp-json\/wp\/v2\/users\/1"}],"replies":[{"embeddable":true,"href":"https:\/\/www.fmsdocumentation.com\/cs\/wp-json\/wp\/v2\/comments?post=847"}],"version-history":[{"count":5,"href":"https:\/\/www.fmsdocumentation.com\/cs\/wp-json\/wp\/v2\/pages\/847\/revisions"}],"predecessor-version":[{"id":5674,"href":"https:\/\/www.fmsdocumentation.com\/cs\/wp-json\/wp\/v2\/pages\/847\/revisions\/5674"}],"up":[{"embeddable":true,"href":"https:\/\/www.fmsdocumentation.com\/cs\/wp-json\/wp\/v2\/pages\/866"}],"wp:attachment":[{"href":"https:\/\/www.fmsdocumentation.com\/cs\/wp-json\/wp\/v2\/media?parent=847"}],"curies":[{"name":"wp","href":"https:\/\/api.w.org\/{rel}","templated":true}]}}