{"id":849,"date":"2017-04-07T08:41:32","date_gmt":"2017-04-07T08:41:32","guid":{"rendered":"http:\/\/www.fmsdocumentation.com\/travel-summary-report\/"},"modified":"2018-08-09T10:50:52","modified_gmt":"2018-08-09T10:50:52","slug":"travel-summary-report","status":"publish","type":"page","link":"https:\/\/www.fmsdocumentation.com\/cs\/reports\/travel-summary-report\/","title":{"rendered":"Sestava za cestu"},"content":{"rendered":"<p><strong>Sestava za cestu<\/strong> &#8211; sumarizuje j\u00edzdy, ujetou vzd\u00e1lenost, po\u010d\u00e1tek a konec j\u00edzdy, atd.. Nejprve se mus\u00ed zvolit obdob\u00ed, pro kter\u00e9 se m\u00e1 sestava generovat.<\/p>\n<p><strong>Obdob\u00ed<\/strong> &#8211; pro v\u00fdb\u011br obdob\u00ed se klikne na &#8220;Vyberte obdob\u00ed&#8221;, zobraz\u00ed se panel s kalend\u00e1\u0159em. Panel kalend\u00e1\u0159e je v cel\u00e9m syst\u00e9mu stejn\u00fd. Pro volbu obdob\u00ed se klikne na po\u010d\u00e1te\u010dn\u00ed a koncov\u00e9 datum. Zvolen\u00e9 dny se zv\u00fdrazn\u00ed mod\u0159e. Aktu\u00e1ln\u00ed den je ozna\u010den modr\u00fdm troj\u00faheln\u00ed\u010dkem v lev\u00e9m horn\u00edm rohu. Pokud se zvol\u00ed aktu\u00e1ln\u00ed den, troj\u00faheln\u00ed\u010dek se zm\u011bn\u00ed na b\u00edl\u00fd. Maxim\u00e1ln\u00ed rozp\u011bt\u00ed pro volbu obdob\u00ed je jeden m\u011bs\u00edc.<\/p>\n<p><strong>\u00a0<\/strong><a href=\"https:\/\/www.fmsdocumentation.com\/wp-content\/uploads\/2017\/04\/136.png\"><img loading=\"lazy\" decoding=\"async\" class=\"alignnone wp-image-233 size-full\" src=\"https:\/\/www.fmsdocumentation.com\/wp-content\/uploads\/2017\/04\/136.png\" alt=\"\" width=\"465\" height=\"463\" srcset=\"https:\/\/www.fmsdocumentation.com\/wp-content\/uploads\/2017\/04\/136.png 465w, https:\/\/www.fmsdocumentation.com\/wp-content\/uploads\/2017\/04\/136-150x150.png 150w, https:\/\/www.fmsdocumentation.com\/wp-content\/uploads\/2017\/04\/136-300x300.png 300w\" sizes=\"auto, (max-width: 465px) 100vw, 465px\" \/><\/a><\/p>\n<p>Minimum pro v\u00fdb\u011br obdob\u00ed je jeden den. Volba jednoho dne se provede dvoj\u00edm kliknut\u00edm lev\u00e9ho tla\u010d\u00edtka my\u0161i na p\u0159\u00edslu\u0161n\u00e9m dni. Potom se mus\u00ed zvolit, podle \u010deho se m\u00e1 sestava vygenerovat.<\/p>\n<p><strong>Sestava podle <\/strong>\u2013 k dispozici jsou dv\u011b volby:<\/p>\n<ul>\n<li>\u0158idi\u010d\u016f;<\/li>\n<li>Objekt\u016f.<\/li>\n<\/ul>\n<p>Sestava zobraz\u00ed informace (<em>vzd\u00e1lenost, m\u00edsto za\u010d\u00e1tku pr\u00e1ce, atd.<\/em>) podle zvolen\u00e9ho c\u00edle (<em>\u0158idi\u010d nebo Objekt<\/em>).\u00a0 Tak\u017ee jsou-li zvoleny Objekty, potom sestava zobraz\u00ed informace t\u00fdkaj\u00edc\u00ed se zvolen\u00fdch objekt\u016f.<\/p>\n<p><strong>Objekty\/\u0158idi\u010di<\/strong> &#8211; (podle volby v &#8220;Sestava podle&#8221;) umo\u017e\u0148uje u\u017eivateli zvolit pro kter\u00e9 objekty\/\u0159idi\u010de se bude sestava generovat. Volba se provede kliknut\u00edm na pole Objekty\/\u0158idi\u010di, rozbal\u00ed se seznam v\u0161ech objekt\u016f\/\u0159idi\u010d\u016f u\u017eivatele.\u00a0 Kliknut\u00edm na n\u00e1zev objektu\/\u0159idi\u010de se objekt p\u0159id\u00e1 do seznamu. Po ukon\u010den\u00ed v\u00fdb\u011bru se seznam zav\u0159e kliknut\u00edm kdekoliv mimo seznam objekt\u016f, ale uvnit\u0159 okna Vytvo\u0159en\u00ed nov\u00e9 sestavy. Jestli\u017ee se klikne mimo okno, okno se zav\u0159e bez ulo\u017een\u00ed seznamu. Aktu\u00e1ln\u011b je mo\u017eno zvolit pro jednu sestavu maxim\u00e1ln\u011b 10 objekt\u016f\/\u0159idi\u010d\u016f.<\/p>\n<p>Pro vozov\u00e9 parky s velk\u00fdm po\u010dtem objekt\u016f je implementov\u00e1na vyhled\u00e1vac\u00ed li\u0161ta. Seznam objekt\u016f se automaticky aktualizuje s ka\u017ed\u00fdm zapsan\u00fdm p\u00edsmenem.<\/p>\n<p><a href=\"https:\/\/www.fmsdocumentation.com\/wp-content\/uploads\/2017\/04\/138.png\"><img loading=\"lazy\" decoding=\"async\" class=\"alignnone wp-image-235 size-full\" src=\"https:\/\/www.fmsdocumentation.com\/wp-content\/uploads\/2017\/04\/138.png\" alt=\"\" width=\"509\" height=\"266\" srcset=\"https:\/\/www.fmsdocumentation.com\/wp-content\/uploads\/2017\/04\/138.png 509w, https:\/\/www.fmsdocumentation.com\/wp-content\/uploads\/2017\/04\/138-300x157.png 300w\" sizes=\"auto, (max-width: 509px) 100vw, 509px\" \/><\/a><\/p>\n<p>V\u00fdb\u011brem objekt\u016f\/\u0159idi\u010d\u016f se p\u0159idaj\u00ed do seznamu ve form\u011b modr\u00fdch pol\u00ed. Chce-li u\u017eivatel ze seznamu odstranit n\u011bkter\u00e9 objekty\/\u0159idi\u010de mus\u00ed kliknout na k\u0159\u00ed\u017eek x um\u00edst\u011bn\u00fd napravo od n\u00e1zvu objektu\/\u0159idi\u010de.<\/p>\n<p><a href=\"https:\/\/www.fmsdocumentation.com\/wp-content\/uploads\/2017\/04\/139.png\"><img loading=\"lazy\" decoding=\"async\" class=\"alignnone wp-image-236 size-full\" src=\"https:\/\/www.fmsdocumentation.com\/wp-content\/uploads\/2017\/04\/139.png\" alt=\"\" width=\"519\" height=\"109\" srcset=\"https:\/\/www.fmsdocumentation.com\/wp-content\/uploads\/2017\/04\/139.png 519w, https:\/\/www.fmsdocumentation.com\/wp-content\/uploads\/2017\/04\/139-300x63.png 300w\" sizes=\"auto, (max-width: 519px) 100vw, 519px\" \/><\/a><\/p>\n<p>Po volb\u011b objekt\u016f \u010di \u0159idi\u010d\u016f se mus\u00ed zvolit, jak bude sestava seskupena.\u00a0 Je t\u0159eba zvolit parametry v <strong>Seznamu sloupc\u016f<\/strong>.\u00a0 Standardn\u011b se vol\u00ed n\u00e1sleduj\u00edc\u00ed parametry:<\/p>\n<ul>\n<li>M\u00edsto v\u00fdjezdu \u2013 m\u00edsto sepnut\u00ed prvn\u00edho zapalov\u00e1n\u00ed;<\/li>\n<li>M\u00edsto p\u0159\u00edjezdu \u2013 m\u00edsto vypnut\u00ed zapalov\u00e1n\u00ed posledn\u00ed j\u00edzdy;<\/li>\n<li>Datum \u2013 datum a den v t\u00fddnu;<\/li>\n<li>\u010cas zah\u00e1jen\u00ed j\u00edzdy \u2013 \u010das prvn\u00edho sepnut\u00ed zapalov\u00e1n\u00ed;<\/li>\n<li>Konec j\u00edzdy \u2013 \u010das vypnut\u00ed zapalov\u00e1n\u00ed posledn\u00ed j\u00edzdy;<\/li>\n<li>Tachometr na za\u010d\u00e1tku \u2013 stav tachometru na za\u010d\u00e1tku j\u00edzdy;<\/li>\n<li>Tachometr na konci \u2013 stav tachometru na konci j\u00edzdy;<\/li>\n<li>Ujet\u00e1 vzd\u00e1lenost \u2013 celkov\u00e1 d\u00e9lka j\u00edzd v km za den.<\/li>\n<li>Spot\u0159ebovan\u00e9 palivo \u2013 celkov\u00e1 spot\u0159eba za j\u00edzdu;<\/li>\n<\/ul>\n<p>Voliteln\u00e9 parametry:<\/p>\n<ul>\n<li>Podpis \u0159idi\u010de \u2013 pr\u00e1zdn\u00e9 pole v sestav\u011b, kde se \u0159idi\u010d m\u016f\u017ee podepsat;<\/li>\n<li>Spot\u0159eba na 100 km;<\/li>\n<li>\u0158idi\u010di;<\/li>\n<li>Odpracovan\u00e9 hodiny \u2013 celkov\u00e1 pracovn\u00ed doba za v\u0161echny zvolen\u00e9 dny.<\/li>\n<\/ul>\n<p>Nakonec lze zvolit, zda se m\u00e1 v sestav\u011b zobrazit sou\u010det.<\/p>\n<p><strong>Sou\u010det za sestavu <\/strong>\u2013 sumarizuje v\u0161echny informace v sestav\u011b. Nakonec lze rozhodnout, zda zobrazit dny bez z\u00e1znam\u016f.<\/p>\n<p><strong>Zobrazit dny bez z\u00e1znam\u016f<\/strong> \u2013 v sestav\u011b budou zahrnuty dny bez z\u00e1znam\u016f.<\/p>\n<p><a href=\"https:\/\/www.fmsdocumentation.com\/wp-content\/uploads\/2017\/04\/205-1.png\"><img loading=\"lazy\" decoding=\"async\" class=\"alignnone size-full wp-image-986\" src=\"https:\/\/www.fmsdocumentation.com\/wp-content\/uploads\/2017\/04\/205-1.png\" alt=\"\" width=\"886\" height=\"553\" srcset=\"https:\/\/www.fmsdocumentation.com\/wp-content\/uploads\/2017\/04\/205-1.png 886w, https:\/\/www.fmsdocumentation.com\/wp-content\/uploads\/2017\/04\/205-1-300x187.png 300w, https:\/\/www.fmsdocumentation.com\/wp-content\/uploads\/2017\/04\/205-1-768x479.png 768w\" sizes=\"auto, (max-width: 886px) 100vw, 886px\" \/><\/a><\/p>\n<p>Vytvo\u0159en\u00ed sestavy se iniciuje stisknut\u00edm tla\u010d\u00edtka &#8220;Generovat&#8221;. Zru\u0161en\u00ed tvorby sestavy se provede bu\u010f stiskem tla\u010d\u00edtka &#8220;Zru\u0161it&#8221; nebo kliknut\u00edm kdekoliv mimo okno &#8220;Vytvo\u0159en\u00ed nov\u00e9 sestavy&#8221;.<\/p>\n<p><a href=\"https:\/\/www.fmsdocumentation.com\/wp-content\/uploads\/2017\/04\/202.png\"><img loading=\"lazy\" decoding=\"async\" class=\"alignnone wp-image-398 size-full\" src=\"https:\/\/www.fmsdocumentation.com\/wp-content\/uploads\/2017\/04\/202.png\" alt=\"\" width=\"569\" height=\"79\" srcset=\"https:\/\/www.fmsdocumentation.com\/wp-content\/uploads\/2017\/04\/202.png 569w, https:\/\/www.fmsdocumentation.com\/wp-content\/uploads\/2017\/04\/202-300x42.png 300w\" sizes=\"auto, (max-width: 569px) 100vw, 569px\" \/><\/a><\/p>\n<hr \/>\n<p><div class=\"alignleft\"><a href=\"https:\/\/www.fmsdocumentation.com\/cs\/reports\/temperatures-report\/\" title=\"Sestava teplot\"><span class=\"arrow\">\u2039 &nbsp <\/span> Sestava teplot <\/a><\/div> <div class=\"alignright\"><a href=\"https:\/\/www.fmsdocumentation.com\/cs\/reports\/trips-report\/\" title=\"Sestava j\u00edzd\">Sestava j\u00edzd <span class=\"arrow\"> &nbsp\u203a <\/span> <\/a><\/div><\/p>\n<p>&nbsp;<\/p>\n<p>&nbsp;<\/p>\n","protected":false},"excerpt":{"rendered":"<p>Sestava za cestu &#8211; sumarizuje j\u00edzdy, ujetou vzd\u00e1lenost, po\u010d\u00e1tek a konec j\u00edzdy, atd.. Nejprve se mus\u00ed zvolit obdob\u00ed, pro kter\u00e9 se m\u00e1 sestava generovat. Obdob\u00ed &#8211; pro v\u00fdb\u011br obdob\u00ed se klikne na &#8220;Vyberte obdob\u00ed&#8221;, zobraz\u00ed se panel s kalend\u00e1\u0159em. Panel kalend\u00e1\u0159e je v cel\u00e9m syst\u00e9mu stejn\u00fd. Pro volbu obdob\u00ed se klikne na po\u010d\u00e1te\u010dn\u00ed a koncov\u00e9 &hellip; <a href=\"https:\/\/www.fmsdocumentation.com\/cs\/reports\/travel-summary-report\/\" class=\"more-link\">Pokra\u010dov\u00e1n\u00ed textu <span class=\"screen-reader-text\">Sestava za cestu<\/span><\/a><\/p>\n","protected":false},"author":1,"featured_media":0,"parent":866,"menu_order":12,"comment_status":"closed","ping_status":"closed","template":"","meta":{"footnotes":""},"class_list":["post-849","page","type-page","status-publish","hentry"],"_links":{"self":[{"href":"https:\/\/www.fmsdocumentation.com\/cs\/wp-json\/wp\/v2\/pages\/849","targetHints":{"allow":["GET"]}}],"collection":[{"href":"https:\/\/www.fmsdocumentation.com\/cs\/wp-json\/wp\/v2\/pages"}],"about":[{"href":"https:\/\/www.fmsdocumentation.com\/cs\/wp-json\/wp\/v2\/types\/page"}],"author":[{"embeddable":true,"href":"https:\/\/www.fmsdocumentation.com\/cs\/wp-json\/wp\/v2\/users\/1"}],"replies":[{"embeddable":true,"href":"https:\/\/www.fmsdocumentation.com\/cs\/wp-json\/wp\/v2\/comments?post=849"}],"version-history":[{"count":6,"href":"https:\/\/www.fmsdocumentation.com\/cs\/wp-json\/wp\/v2\/pages\/849\/revisions"}],"predecessor-version":[{"id":5669,"href":"https:\/\/www.fmsdocumentation.com\/cs\/wp-json\/wp\/v2\/pages\/849\/revisions\/5669"}],"up":[{"embeddable":true,"href":"https:\/\/www.fmsdocumentation.com\/cs\/wp-json\/wp\/v2\/pages\/866"}],"wp:attachment":[{"href":"https:\/\/www.fmsdocumentation.com\/cs\/wp-json\/wp\/v2\/media?parent=849"}],"curies":[{"name":"wp","href":"https:\/\/api.w.org\/{rel}","templated":true}]}}