{"id":850,"date":"2017-04-07T08:37:53","date_gmt":"2017-04-07T08:37:53","guid":{"rendered":"http:\/\/www.fmsdocumentation.com\/temperatures-report\/"},"modified":"2018-08-09T10:48:29","modified_gmt":"2018-08-09T10:48:29","slug":"temperatures-report","status":"publish","type":"page","link":"https:\/\/www.fmsdocumentation.com\/cs\/reports\/temperatures-report\/","title":{"rendered":"Sestava teplot"},"content":{"rendered":"<p><strong>Sestava teplot<\/strong> &#8211; tato sestava je zalo\u017eena na datech z teplotn\u00edch senzor\u016f. Prvn\u00ed v\u011bc, kterou mus\u00ed u\u017eivatel u\u010dinit je vybrat rozsah obdob\u00ed, za kter\u00e9 se m\u00e1 sestava generovat.<\/p>\n<p><strong>Obdob\u00ed<\/strong> &#8211; pro v\u00fdb\u011br obdob\u00ed se klikne na &#8220;Vyberte obdob\u00ed&#8221;, otev\u0159e se panel kalend\u00e1\u0159e. Tento pasnel je stejn\u00fd v r\u00e1mci syst\u00e9mu sledov\u00e1n\u00ed vozidel. Pro volbu po\u010d\u00e1te\u010dn\u00edho\/koncov\u00e9ho datumu se jednodu\u0161e klikne na po\u017eadovan\u00fd datum. Vybran\u00fd datum se zv\u00fdrazn\u00ed mod\u0159e.\u00a0 Aktu\u00e1ln\u00ed datum je zv\u00fdrazn\u011bn modr\u00fdm troj\u00faheln\u00ed\u010dkem v lev\u00e9m horn\u00edm rohu dne. Jestli\u017ee bude ve v\u00fdb\u011bru zahrnut aktu\u00e1ln\u00ed den, modr\u00fd troj\u00faheln\u00ed\u010dek se zm\u011bn\u00ed na b\u00edl\u00fd. Maxim\u00e1ln\u00ed rozsah obdob\u00ed je jeden m\u011bs\u00edc.\u00a0 Vybran\u00e9 obdob\u00ed bude zobrazeno v panelu sumarizace za sestavu.<\/p>\n<p><a href=\"https:\/\/www.fmsdocumentation.com\/wp-content\/uploads\/2017\/04\/136-9.png\"><img loading=\"lazy\" decoding=\"async\" class=\"alignnone size-full wp-image-1170\" src=\"https:\/\/www.fmsdocumentation.com\/wp-content\/uploads\/2017\/04\/136-9.png\" alt=\"\" width=\"503\" height=\"483\" srcset=\"https:\/\/www.fmsdocumentation.com\/wp-content\/uploads\/2017\/04\/136-9.png 503w, https:\/\/www.fmsdocumentation.com\/wp-content\/uploads\/2017\/04\/136-9-300x288.png 300w\" sizes=\"auto, (max-width: 503px) 100vw, 503px\" \/><\/a><\/p>\n<p>Minim\u00e1ln\u00ed obdob\u00ed je jeden den. V\u00fdb\u011br jednoho dne se provede dvoj\u00edm kliknut\u00edm lev\u00fdm tla\u010d\u00edtkem my\u0161i na po\u017eadovan\u00e9m datu. Potom se vol\u00ed objekt, pro kter\u00fd se m\u00e1 sestava generovat.<\/p>\n<p><strong>Objekty<\/strong> &#8211; zde se vol\u00ed objekty, pro kter\u00e9 se m\u00e1 sestava generovat. Kdy\u017e se klikne do pole Objekty rozbal\u00ed se seznam v\u0161ech objekt\u016f. V\u00fdb\u011br objekt\u016f se provede kliknut\u00edm na po\u017eadovan\u00fd objekt. <strong>Okno se zav\u0159e\u00a0 kliknut\u00edm mimo rozbalen\u00fd seznam, ale uvnit\u0159 okna generov\u00e1n\u00ed nov\u00e9 sestavy, jinak by se vlo\u017een\u00e9 informace neulo\u017eily. <\/strong>Aktu\u00e1ln\u011b m\u016f\u017ee b\u00fdt v sestav\u011b maxim\u00e1ln\u011b 500 objekt\u016f.<\/p>\n<p>Pro velk\u00e9 flotily je k dispozici vyhled\u00e1vac\u00ed li\u0161ta. Seznam objekt\u016f se automaticky aktualizuje s ka\u017ed\u00fdm zapsan\u00fdm p\u00edsmenem.<\/p>\n<p><a href=\"https:\/\/www.fmsdocumentation.com\/wp-content\/uploads\/2017\/04\/138.png\"><img loading=\"lazy\" decoding=\"async\" class=\"alignnone wp-image-235 size-full\" src=\"https:\/\/www.fmsdocumentation.com\/wp-content\/uploads\/2017\/04\/138.png\" alt=\"\" width=\"509\" height=\"266\" srcset=\"https:\/\/www.fmsdocumentation.com\/wp-content\/uploads\/2017\/04\/138.png 509w, https:\/\/www.fmsdocumentation.com\/wp-content\/uploads\/2017\/04\/138-300x157.png 300w\" sizes=\"auto, (max-width: 509px) 100vw, 509px\" \/><\/a><\/p>\n<p>Vybran\u00e9 objekty se zobraz\u00ed ve form\u011b zv\u00fdrazn\u011bn\u00e9ho modr\u00e9ho pruhu. Jestli\u017ee se n\u011bkter\u00e9 objekty maj\u00ed ze seznamu odstranit, sta\u010d\u00ed kliknout na k\u0159\u00ed\u017eek na prav\u00e9 stran\u011b u n\u00e1zvu objektu.<\/p>\n<p><a href=\"https:\/\/www.fmsdocumentation.com\/wp-content\/uploads\/2017\/04\/139.png\"><img loading=\"lazy\" decoding=\"async\" class=\"alignnone wp-image-236 size-full\" src=\"https:\/\/www.fmsdocumentation.com\/wp-content\/uploads\/2017\/04\/139.png\" alt=\"\" width=\"519\" height=\"109\" srcset=\"https:\/\/www.fmsdocumentation.com\/wp-content\/uploads\/2017\/04\/139.png 519w, https:\/\/www.fmsdocumentation.com\/wp-content\/uploads\/2017\/04\/139-300x63.png 300w\" sizes=\"auto, (max-width: 519px) 100vw, 519px\" \/><\/a><\/p>\n<p>Po volb\u011b objekt\u016f se vol\u00ed parametry v <strong>Seznamu sloupc\u016f.<\/strong>\u00a0 Sestava zahrnuje n\u00e1sleduj\u00edc\u00ed parametry:<\/p>\n<ul>\n<li>Obdob\u00ed \u2013 nelze nezvolit, zobrazuje obdob\u00ed, za kter\u00e9 jsou teplotn\u00ed data zaobrazeny;<\/li>\n<li>Pr\u016fm\u011br \u2013 nemus\u00ed b\u00fdt zvolen, zobrazuje pr\u016fm\u011brnou hodnotu teplotn\u00edho \u010didla;<\/li>\n<li>Max \u2013 lze nevybrat, zobrazuje maxim\u00e1ln\u00ed hodnotu teplotn\u00edha \u010didla;<\/li>\n<li>Min \u2013 lze vynechat, zobrazuje minim\u00e1ln\u00ed hodnotu teplotn\u00edho \u010didla;<\/li>\n<\/ul>\n<p>Pro zobrazen\u00ed teplotn\u00edch dat je nutn\u00fd sloupec \u010didel, X &#8211; p\u0159edstavuje \u010d\u00edslo \u010didla (od 1 do 3). Lze vybrat n\u00e1sleduj\u00edc\u00ed tabulky \u010didel:<\/p>\n<ul>\n<li>\u010cidlo X min \u2013 minim\u00e1ln\u00ed registrovan\u00e1 teplota \u010didla X;<\/li>\n<li>\u010cidlo X pr\u016fm\u011br \u2013 pr\u016fm\u011brn\u00e1 registrovan\u00e1 teplota \u010didla X;<\/li>\n<li>\u010cidlo X max \u2013 maxim\u00e1ln\u00ed registrovan\u00e1 teplota \u010didla X;<\/li>\n<li>Koncov\u00e1 poloha \u2013 adresa podsledn\u00ed sou\u0159adnice ve zvolen\u00e9m obdob\u00ed;<\/li>\n<li>Po\u010d\u00e1te\u010dn\u00ed poloha \u2013 adresa prvn\u00ed sou\u0159adnice ve vybran\u00e9m obdob\u00ed.<\/li>\n<\/ul>\n<p>Po volb\u011b parametr\u016f v seznamu sloupc\u016f lze aktivovat \u010di deaktivovat sou\u010det za sestavu.<\/p>\n<p><strong>Sou\u010det za sestavu <\/strong>\u2013 standardn\u011b aktivn\u00ed, znamen\u00e1 to, \u017ee v sestav\u011b bude sumarizace v\u0161ech informac\u00ed v sestav\u011b obsa\u017een\u00fdch. Po volb\u011b sou\u010dtu za sestavu lze zvolit \u010dasov\u00fd interval mezi teplotn\u00edmi \u00fadaji.<\/p>\n<p><strong>\u010casov\u00fd interval <\/strong>\u2013 zde m\u016f\u017ee u\u017eivatel zvolit interval mezi m\u011b\u0159en\u00edmi, tzn., \u017ee teploty budou zobrazeny v po\u017eadovan\u00e9m intervalu (nap\u0159. ka\u017ed\u00fdch 30 minut). Lze volit pouze intervaly nab\u00edzen\u00e9 syst\u00e9mem:<\/p>\n<ul>\n<li>15 min &#8211; standardn\u011b;<\/li>\n<li>30 min;<\/li>\n<li>45 min;<\/li>\n<li>1 hodina;<\/li>\n<li>1 hodina 30 min;<\/li>\n<li>2 hodiny.<\/li>\n<\/ul>\n<p><a href=\"https:\/\/www.fmsdocumentation.com\/wp-content\/uploads\/2017\/04\/204-1.png\"><img loading=\"lazy\" decoding=\"async\" class=\"alignnone size-full wp-image-983\" src=\"https:\/\/www.fmsdocumentation.com\/wp-content\/uploads\/2017\/04\/204-1.png\" alt=\"\" width=\"898\" height=\"329\" srcset=\"https:\/\/www.fmsdocumentation.com\/wp-content\/uploads\/2017\/04\/204-1.png 898w, https:\/\/www.fmsdocumentation.com\/wp-content\/uploads\/2017\/04\/204-1-300x110.png 300w, https:\/\/www.fmsdocumentation.com\/wp-content\/uploads\/2017\/04\/204-1-768x281.png 768w\" sizes=\"auto, (max-width: 898px) 100vw, 898px\" \/><\/a><\/p>\n<p>Generov\u00e1n\u00ed sestavy se spust\u00ed kliknut\u00edm na tla\u010d\u00edtko &#8220;Generovat&#8221;. Zru\u0161en\u00ed procesu se provede bu\u010f\u00a0 kliknut\u00edm\u00a0 na tla\u010d\u00edtko zru\u0161it nebo kliknut\u00edm kdekoliv mimo okno generov\u00e1n\u00ed sestavy.<\/p>\n<p><a href=\"https:\/\/www.fmsdocumentation.com\/wp-content\/uploads\/2017\/04\/202.png\"><img loading=\"lazy\" decoding=\"async\" class=\"alignnone wp-image-398 size-full\" src=\"https:\/\/www.fmsdocumentation.com\/wp-content\/uploads\/2017\/04\/202.png\" alt=\"\" width=\"569\" height=\"79\" srcset=\"https:\/\/www.fmsdocumentation.com\/wp-content\/uploads\/2017\/04\/202.png 569w, https:\/\/www.fmsdocumentation.com\/wp-content\/uploads\/2017\/04\/202-300x42.png 300w\" sizes=\"auto, (max-width: 569px) 100vw, 569px\" \/><\/a><\/p>\n<hr \/>\n<p><div class=\"alignleft\"><a href=\"https:\/\/www.fmsdocumentation.com\/cs\/reports\/geozones-report\/\" title=\"Sestava oblast\u00ed\"><span class=\"arrow\">\u2039 &nbsp <\/span> Sestava oblast\u00ed <\/a><\/div> <div class=\"alignright\"><a href=\"https:\/\/www.fmsdocumentation.com\/cs\/reports\/travel-summary-report\/\" title=\"Sestava za cestu\">Sestava za cestu <span class=\"arrow\"> &nbsp\u203a <\/span> <\/a><\/div><\/p>\n<p>&nbsp;<\/p>\n","protected":false},"excerpt":{"rendered":"<p>Sestava teplot &#8211; tato sestava je zalo\u017eena na datech z teplotn\u00edch senzor\u016f. Prvn\u00ed v\u011bc, kterou mus\u00ed u\u017eivatel u\u010dinit je vybrat rozsah obdob\u00ed, za kter\u00e9 se m\u00e1 sestava generovat. Obdob\u00ed &#8211; pro v\u00fdb\u011br obdob\u00ed se klikne na &#8220;Vyberte obdob\u00ed&#8221;, otev\u0159e se panel kalend\u00e1\u0159e. Tento pasnel je stejn\u00fd v r\u00e1mci syst\u00e9mu sledov\u00e1n\u00ed vozidel. Pro volbu po\u010d\u00e1te\u010dn\u00edho\/koncov\u00e9ho datumu &hellip; <a href=\"https:\/\/www.fmsdocumentation.com\/cs\/reports\/temperatures-report\/\" class=\"more-link\">Pokra\u010dov\u00e1n\u00ed textu <span class=\"screen-reader-text\">Sestava teplot<\/span><\/a><\/p>\n","protected":false},"author":1,"featured_media":0,"parent":866,"menu_order":11,"comment_status":"closed","ping_status":"closed","template":"","meta":{"footnotes":""},"class_list":["post-850","page","type-page","status-publish","hentry"],"_links":{"self":[{"href":"https:\/\/www.fmsdocumentation.com\/cs\/wp-json\/wp\/v2\/pages\/850","targetHints":{"allow":["GET"]}}],"collection":[{"href":"https:\/\/www.fmsdocumentation.com\/cs\/wp-json\/wp\/v2\/pages"}],"about":[{"href":"https:\/\/www.fmsdocumentation.com\/cs\/wp-json\/wp\/v2\/types\/page"}],"author":[{"embeddable":true,"href":"https:\/\/www.fmsdocumentation.com\/cs\/wp-json\/wp\/v2\/users\/1"}],"replies":[{"embeddable":true,"href":"https:\/\/www.fmsdocumentation.com\/cs\/wp-json\/wp\/v2\/comments?post=850"}],"version-history":[{"count":5,"href":"https:\/\/www.fmsdocumentation.com\/cs\/wp-json\/wp\/v2\/pages\/850\/revisions"}],"predecessor-version":[{"id":5668,"href":"https:\/\/www.fmsdocumentation.com\/cs\/wp-json\/wp\/v2\/pages\/850\/revisions\/5668"}],"up":[{"embeddable":true,"href":"https:\/\/www.fmsdocumentation.com\/cs\/wp-json\/wp\/v2\/pages\/866"}],"wp:attachment":[{"href":"https:\/\/www.fmsdocumentation.com\/cs\/wp-json\/wp\/v2\/media?parent=850"}],"curies":[{"name":"wp","href":"https:\/\/api.w.org\/{rel}","templated":true}]}}