{"id":852,"date":"2017-04-07T08:15:17","date_gmt":"2017-04-07T08:15:17","guid":{"rendered":"http:\/\/www.fmsdocumentation.com\/fuel-tank-report\/"},"modified":"2018-08-09T10:42:19","modified_gmt":"2018-08-09T10:42:19","slug":"fuel-tank-report","status":"publish","type":"page","link":"https:\/\/www.fmsdocumentation.com\/cs\/reports\/fuel-tank-report\/","title":{"rendered":"Sestava stavu n\u00e1dr\u017ee"},"content":{"rendered":"<p><strong>Sestava stavu n\u00e1dr\u017ee <\/strong>&#8211; tato sestava poskytuje informace o spot\u0159eb\u011b paliva, \u010derp\u00e1n\u00ed, \u00fabytc\u00edch paliva a r\u016fzn\u00fdch nesrovnalostech. Nejprve se mus\u00ed zvolit obdob\u00ed, za kter\u00e9 se m\u00e1 sestava generovat.<\/p>\n<p><strong>Obdob\u00ed<\/strong> &#8211; pro volbu obdob\u00ed se klikne na &#8220;Vyberte obdob\u00ed&#8221;, otev\u0159e se panel kalend\u00e1\u0159e. Panel kalend\u00e1\u0159e je stejn\u00fd pro v\u0161echny funkce v r\u00e1mci syst\u00e9mu sledov\u00e1n\u00ed. Volba obdob\u00ed se provede kliknut\u00edm na po\u010d\u00e1te\u010dn\u00ed a koncov\u00e9 datum. Zvolen\u00e9 dny budou mod\u0159e zv\u00fdrazn\u011bny. Aktu\u00e1ln\u00ed den je ozna\u010den mal\u00fdm modr\u00fdm troj\u00faheln\u00ed\u010dkem v lev\u00e9m horn\u00edm rohu. Je-li do obdob\u00ed zahrnut aktu\u00e1ln\u00ed den (ozna\u010den), troj\u00faheln\u00ed\u010dek se zm\u011bn\u00ed na b\u00edl\u00fd. Maxim\u00e1ln\u00ed rozsah vybran\u00e9ho obdob\u00ed je 1 m\u011bs\u00edc. Vybran\u00e9 obdob\u00ed bude zobrazeno v hlavi\u010dce sestavy.<\/p>\n<p><a href=\"https:\/\/www.fmsdocumentation.com\/wp-content\/uploads\/2017\/04\/136-7.png\"><img loading=\"lazy\" decoding=\"async\" class=\"alignnone size-full wp-image-1166\" src=\"https:\/\/www.fmsdocumentation.com\/wp-content\/uploads\/2017\/04\/136-7.png\" alt=\"\" width=\"503\" height=\"483\" srcset=\"https:\/\/www.fmsdocumentation.com\/wp-content\/uploads\/2017\/04\/136-7.png 503w, https:\/\/www.fmsdocumentation.com\/wp-content\/uploads\/2017\/04\/136-7-300x288.png 300w\" sizes=\"auto, (max-width: 503px) 100vw, 503px\" \/><\/a><\/p>\n<p>Minim\u00e1ln\u00ed d\u00e9lka obdob\u00ed je jeden den. Volba jednoho dne se provede dvoj\u00edm kliknut\u00edm lev\u00e9ho tla\u010d\u00edtka my\u0161i na po\u017eadovan\u00e9m dnu. Potom se mus\u00ed vybrat objekty pro kter\u00e9 se m\u00e1 sestava generovat.<\/p>\n<p><strong>Objekty<\/strong> &#8211; zde se vol\u00ed objekty, pro kter\u00e9 se m\u00e1 sestava generovat. Kliknut\u00edm na pole Objekt\u016f se rozbal\u00ed menu se seznamem v\u0161ech objekt\u016f u\u017eivatele. V\u00fdb\u011br ojekt\u016f se provede klik\u00e1n\u00edm na po\u017eadovan\u00e9 n\u00e1zvy objekt\u016f. <strong>Seznam se zav\u0159e kliknut\u00edm mimo seznam, ale v okn\u011b &#8220;Vytvo\u0159en\u00ed nov\u00e9 sestavy&#8221;. Pokud se klikne mimo toto okno, okno se zav\u0159e ani\u017e by se vlo\u017een\u00e9 informace ulo\u017eily! <\/strong>Maxim\u00e1ln\u00ed po\u010det objekt\u016f v jedn\u00e9 sestav\u011b je 10.<\/p>\n<p>Pro flotily s velk\u00fdm po\u010dtem objekt\u016f je k dispozici vyhled\u00e1vac\u00ed li\u0161ta. Seznam objekt\u016f se aktualizuje s ka\u017ed\u00fdm zadan\u00fdm p\u00edsmenem do vyhled\u00e1vac\u00ed li\u0161ty.<\/p>\n<p><a href=\"https:\/\/www.fmsdocumentation.com\/wp-content\/uploads\/2017\/04\/138.png\"><img loading=\"lazy\" decoding=\"async\" class=\"alignnone wp-image-235 size-full\" src=\"https:\/\/www.fmsdocumentation.com\/wp-content\/uploads\/2017\/04\/138.png\" alt=\"\" width=\"509\" height=\"266\" srcset=\"https:\/\/www.fmsdocumentation.com\/wp-content\/uploads\/2017\/04\/138.png 509w, https:\/\/www.fmsdocumentation.com\/wp-content\/uploads\/2017\/04\/138-300x157.png 300w\" sizes=\"auto, (max-width: 509px) 100vw, 509px\" \/><\/a><\/p>\n<p>Vybran\u00e9 objekty se p\u0159id\u00e1vaj\u00ed na seznam s mod\u0159e zv\u00fdrazn\u011bn\u00fdmi prou\u017eky. Pokud se maj\u00ed n\u011bkter\u00e9 polo\u017eky ze seznamu vyjmout, mus\u00ed se jednodu\u0161e kliknout na mal\u00fd &#8220;x&#8221; napravo od n\u00e1zvu objektu.<\/p>\n<p><a href=\"https:\/\/www.fmsdocumentation.com\/wp-content\/uploads\/2017\/04\/139.png\"><img loading=\"lazy\" decoding=\"async\" class=\"alignnone wp-image-236 size-full\" src=\"https:\/\/www.fmsdocumentation.com\/wp-content\/uploads\/2017\/04\/139.png\" alt=\"\" width=\"519\" height=\"109\" srcset=\"https:\/\/www.fmsdocumentation.com\/wp-content\/uploads\/2017\/04\/139.png 519w, https:\/\/www.fmsdocumentation.com\/wp-content\/uploads\/2017\/04\/139-300x63.png 300w\" sizes=\"auto, (max-width: 519px) 100vw, 519px\" \/><\/a><\/p>\n<p><strong>Sloupce v sou\u010dtu<\/strong> \u2013 toto pole umo\u017e\u0148uje vybrat, kter\u00e9 sloupce bude sestava v sou\u010dtu obsahovat (tento typ sestavy obsahuje sou\u010det automaticky). Pro jednu sestavu lze zvolit maxim\u00e1ln\u011b 9 sloupc\u016f z 28 mo\u017en\u00fdch.<\/p>\n<p>Potom se mus\u00ed zvolit <strong>seznam sloupc\u016f<\/strong>. Sestava standardn\u011b zahrnuje n\u00e1sleduj\u00edc\u00ed parametry, kter\u00e9 nelze vynechat:<\/p>\n<ul>\n<li>Datum a \u010das zah\u00e1jen\u00ed \u2013 datum a \u010das, kdy zm\u011bna hladiny byla registrov\u00e1na;<\/li>\n<li>Hladina na za\u010d\u00e1tku \u2013 hladina na za\u010d\u00e1tku zaznamenan\u00e9 zm\u011bny;<\/li>\n<li>Hladina na konci \u2013 hladina na konci zaznamenan\u00e9 zm\u011bny;<\/li>\n<li>Rozd\u00edl \u2013 rozd\u00edl v hladin\u011b mezi po\u010d\u00e1te\u010dn\u00ed a koncovou hodnotou.<\/li>\n<\/ul>\n<p>Ostatn\u00ed voliteln\u00e9 parametry, je\u017e lze vybrat v <strong>seznamu sloupc\u016f<\/strong>:<\/p>\n<ul>\n<li>\u0158idi\u010d \u2013 jm\u00e9no \u0159idi\u010de;<\/li>\n<li>Datum a \u010das zm\u011bny \u2013 datum a \u010das, kdy byla zm\u011bna paliva registrov\u00e1na;<\/li>\n<li>M\u00edsto za\u010d\u00e1tku ud\u00e1losti \u2013 m\u00edsto, kde nastala ud\u00e1lost zm\u011bny hladiny paliva.<\/li>\n<\/ul>\n<p>Po v\u00fdb\u011bru parametr\u016f sloupc\u016f se mohou aktivovat\/deaktivovat n\u00e1dleduj\u00edc\u00ed obsah sestavy:<\/p>\n<ul>\n<li><strong>Zobrazit data ze sond<\/strong> \u2013 standardn\u011b nezapnuto, zobrazuje informace odd\u011blen\u011b za ka\u017edou instalovanou sondou (je-li instalov\u00e1no v\u00edce sond).<\/li>\n<li><strong>Sou\u010det za sestavu <\/strong>\u2013 standardn\u011b zapnuto, v sestav\u011b bude sou\u010det, kter\u00fd sumarizuje v\u0161echny informace v sestav\u011b a zahrnuje d\u0159\u00edve vybran\u00e9 <strong>sloupce v sou\u010dtu<\/strong>.<\/li>\n<li><strong>Zobrazit graf hladiny paliva \u2013 <\/strong>standardn\u011b zapnuto, v sestav\u011b bude graf hladiny paliva.<\/li>\n<li><strong>Zobrazit mapu \u2013<\/strong> standardn\u011b zapnuto, v sestav\u011b bude mapa s vyzna\u010den\u00fdmi tankovan\u00edmi a \u00fabytky paliva.<\/li>\n<\/ul>\n<p><a href=\"https:\/\/www.fmsdocumentation.com\/wp-content\/uploads\/2017\/04\/203-1.png\"><img loading=\"lazy\" decoding=\"async\" class=\"alignnone size-full wp-image-977\" src=\"https:\/\/www.fmsdocumentation.com\/wp-content\/uploads\/2017\/04\/203-1.png\" alt=\"\" width=\"887\" height=\"598\" srcset=\"https:\/\/www.fmsdocumentation.com\/wp-content\/uploads\/2017\/04\/203-1.png 887w, https:\/\/www.fmsdocumentation.com\/wp-content\/uploads\/2017\/04\/203-1-300x202.png 300w, https:\/\/www.fmsdocumentation.com\/wp-content\/uploads\/2017\/04\/203-1-768x518.png 768w\" sizes=\"auto, (max-width: 887px) 100vw, 887px\" \/><\/a><\/p>\n<p>Pro vytvo\u0159en\u00ed sestavy se klikne na tla\u010d\u00edtko \u201cGenerovat\u201d.\u00a0 Zru\u0161en\u00ed p\u0159\u00edpravy sestavy se provede kliknut\u00edm na tla\u010d\u00edtko &#8220;Zru\u0161it&#8221; nebo kliknout kdekoliv mimo okno &#8220;Vytvo\u0159en\u00ed nov\u00e9 sestavy&#8221;.<\/p>\n<p><a href=\"https:\/\/www.fmsdocumentation.com\/wp-content\/uploads\/2017\/04\/202.png\"><img loading=\"lazy\" decoding=\"async\" class=\"alignnone wp-image-398 size-full\" src=\"https:\/\/www.fmsdocumentation.com\/wp-content\/uploads\/2017\/04\/202.png\" alt=\"\" width=\"569\" height=\"79\" srcset=\"https:\/\/www.fmsdocumentation.com\/wp-content\/uploads\/2017\/04\/202.png 569w, https:\/\/www.fmsdocumentation.com\/wp-content\/uploads\/2017\/04\/202-300x42.png 300w\" sizes=\"auto, (max-width: 569px) 100vw, 569px\" \/><\/a><\/p>\n<hr \/>\n<p><div class=\"alignleft\"><a href=\"https:\/\/www.fmsdocumentation.com\/cs\/reports\/events-report\/\" title=\"Sestava ud\u00e1lost\u00ed\"><span class=\"arrow\">\u2039 &nbsp <\/span> Sestava ud\u00e1lost\u00ed <\/a><\/div> <div class=\"alignright\"><a href=\"https:\/\/www.fmsdocumentation.com\/cs\/reports\/geozones-report\/\" title=\"Sestava oblast\u00ed\">Sestava oblast\u00ed <span class=\"arrow\"> &nbsp\u203a <\/span> <\/a><\/div><\/p>\n","protected":false},"excerpt":{"rendered":"<p>Sestava stavu n\u00e1dr\u017ee &#8211; tato sestava poskytuje informace o spot\u0159eb\u011b paliva, \u010derp\u00e1n\u00ed, \u00fabytc\u00edch paliva a r\u016fzn\u00fdch nesrovnalostech. Nejprve se mus\u00ed zvolit obdob\u00ed, za kter\u00e9 se m\u00e1 sestava generovat. Obdob\u00ed &#8211; pro volbu obdob\u00ed se klikne na &#8220;Vyberte obdob\u00ed&#8221;, otev\u0159e se panel kalend\u00e1\u0159e. Panel kalend\u00e1\u0159e je stejn\u00fd pro v\u0161echny funkce v r\u00e1mci syst\u00e9mu sledov\u00e1n\u00ed. Volba obdob\u00ed &hellip; <a href=\"https:\/\/www.fmsdocumentation.com\/cs\/reports\/fuel-tank-report\/\" class=\"more-link\">Pokra\u010dov\u00e1n\u00ed textu <span class=\"screen-reader-text\">Sestava stavu n\u00e1dr\u017ee<\/span><\/a><\/p>\n","protected":false},"author":1,"featured_media":0,"parent":866,"menu_order":8,"comment_status":"closed","ping_status":"closed","template":"","meta":{"footnotes":""},"class_list":["post-852","page","type-page","status-publish","hentry"],"_links":{"self":[{"href":"https:\/\/www.fmsdocumentation.com\/cs\/wp-json\/wp\/v2\/pages\/852","targetHints":{"allow":["GET"]}}],"collection":[{"href":"https:\/\/www.fmsdocumentation.com\/cs\/wp-json\/wp\/v2\/pages"}],"about":[{"href":"https:\/\/www.fmsdocumentation.com\/cs\/wp-json\/wp\/v2\/types\/page"}],"author":[{"embeddable":true,"href":"https:\/\/www.fmsdocumentation.com\/cs\/wp-json\/wp\/v2\/users\/1"}],"replies":[{"embeddable":true,"href":"https:\/\/www.fmsdocumentation.com\/cs\/wp-json\/wp\/v2\/comments?post=852"}],"version-history":[{"count":5,"href":"https:\/\/www.fmsdocumentation.com\/cs\/wp-json\/wp\/v2\/pages\/852\/revisions"}],"predecessor-version":[{"id":5663,"href":"https:\/\/www.fmsdocumentation.com\/cs\/wp-json\/wp\/v2\/pages\/852\/revisions\/5663"}],"up":[{"embeddable":true,"href":"https:\/\/www.fmsdocumentation.com\/cs\/wp-json\/wp\/v2\/pages\/866"}],"wp:attachment":[{"href":"https:\/\/www.fmsdocumentation.com\/cs\/wp-json\/wp\/v2\/media?parent=852"}],"curies":[{"name":"wp","href":"https:\/\/api.w.org\/{rel}","templated":true}]}}