{"id":853,"date":"2017-04-07T08:12:52","date_gmt":"2017-04-07T08:12:52","guid":{"rendered":"http:\/\/www.fmsdocumentation.com\/events-report\/"},"modified":"2018-08-09T10:31:29","modified_gmt":"2018-08-09T10:31:29","slug":"events-report","status":"publish","type":"page","link":"https:\/\/www.fmsdocumentation.com\/cs\/reports\/events-report\/","title":{"rendered":"Sestava ud\u00e1lost\u00ed"},"content":{"rendered":"<p><strong>Sestava ud\u00e1lost\u00ed<\/strong> &#8211; tato sestava je zam\u011b\u0159ena hlavn\u011b na \u010das spu\u0161t\u011bn\u00ed, trv\u00e1n\u00ed a ostatn\u00ed parametry ud\u00e1lost\u00ed. Nejprve se mus\u00ed zvolit obdob\u00ed pro kter\u00e9 m\u00e1 b\u00fdt sestava generov\u00e1na.<\/p>\n<p><strong>Obdob\u00ed<\/strong> &#8211; kliknut\u00edm na &#8220;Obdob\u00ed&#8221; se zobraz\u00ed kalend\u00e1\u0159 pro v\u00fdb\u011br. Volba se provede kliknut\u00edm na po\u017eadovan\u00fd po\u010d\u00e1te\u010dn\u00ed a koncov\u00fd den. Zvolen\u00e9 dny se zv\u00fdrazn\u00ed mod\u0159e.\u00a0 Aktu\u00e1ln\u00ed den je zv\u00fdrazn\u011bn modr\u00fdm troj\u00faheln\u00ed\u010dkem v lev\u00e9 horn\u00ed \u010d\u00e1sti aktu\u00e1ln\u00edho datumu.\u00a0 V\u00fdb\u011brem aktu\u00e1ln\u00edho dne se troj\u00faheln\u00ed\u010dek zm\u011bn\u00ed na b\u00edl\u00fd.\u00a0 Maxim\u00e1ln\u00ed rozsah obdob\u00ed je 1 m\u011bs\u00edc. Po v\u00fdb\u011bru se zvolen\u00e9 obdob\u00ed zobraz\u00ed v panelu &#8220;Obdob\u00ed&#8221;.<\/p>\n<p><a href=\"https:\/\/www.fmsdocumentation.com\/wp-content\/uploads\/2017\/04\/136-6.png\"><img loading=\"lazy\" decoding=\"async\" class=\"alignnone size-full wp-image-1164\" src=\"https:\/\/www.fmsdocumentation.com\/wp-content\/uploads\/2017\/04\/136-6.png\" alt=\"\" width=\"503\" height=\"483\" srcset=\"https:\/\/www.fmsdocumentation.com\/wp-content\/uploads\/2017\/04\/136-6.png 503w, https:\/\/www.fmsdocumentation.com\/wp-content\/uploads\/2017\/04\/136-6-300x288.png 300w\" sizes=\"auto, (max-width: 503px) 100vw, 503px\" \/><\/a><\/p>\n<p>Minim\u00e1ln\u00ed rozsah je 1 den.\u00a0 V\u00fdb\u011br obdob\u00ed jednoho dne se provede dvojklikem lev\u00fdm tla\u010d\u00edtkem my\u0161i na po\u017eadovan\u00fd den. N\u00e1sledn\u011b se vybere parametr podle kter\u00e9ho se m\u00e1 sestava vytvo\u0159it.<\/p>\n<p><strong>Sestava podle <\/strong>\u2013 k dispozici je v\u00fdb\u011br podle:<\/p>\n<ul>\n<li>\u0158idi\u010d\u016f;<\/li>\n<li>Objekt\u016f.<\/li>\n<\/ul>\n<p>Sestava zobraz\u00ed informace (<em>parametry: vzd\u00e1lenost, m\u00edsto po\u010d\u00e1tku ud\u00e1losti, atd.)<\/em> pro zvolen\u00fd c\u00edl (\u0158idi\u010d nebo<em> Objekt<\/em>).<\/p>\n<p><strong>Objekty\/\u0158idi\u010di<\/strong> &#8211; (z\u00e1vis\u00ed na volb\u011b v &#8220;Sestava podle&#8221;) umo\u017e\u0148uje zvolit objekty\/\u0159idi\u010de pro kter\u00e9 se sestava generuje.\u00a0 Volba se provede kliknut\u00edm na pole Objekty\/\u0158idi\u010di, rozbal\u00ed se seznam v\u0161ech objekt\u016f\/\u0159idi\u010d\u016f u\u017eivatele.\u00a0 Kliknut\u00edm na n\u00e1zev objektu\/\u0159idi\u010de se objekt p\u0159id\u00e1 do seznamu. Po ukon\u010den\u00ed v\u00fdb\u011bru se seznam zav\u0159e kliknut\u00edm kdekoliv mimo seznam objekt\u016f, ale uvnit\u0159 okna Vytvo\u0159en\u00ed nov\u00e9 sestavy. Jestli\u017ee se klikne mimo okno, okno se zav\u0159e bez ulo\u017een\u00ed seznamu. Aktu\u00e1ln\u011b je mo\u017eno zvolit pro jednu sestavu maxim\u00e1ln\u011b 500 objekt\u016f\/\u0159idi\u010d\u016f.<\/p>\n<p>Pro vozov\u00e9 parky s velk\u00fdm po\u010dtem objekt\u016f je implementov\u00e1na vyhled\u00e1vac\u00ed li\u0161ta. Seznam objekt\u016f se automaticky aktualizuje s ka\u017ed\u00fdm zapsan\u00fdm p\u00edsmenem.<\/p>\n<p><a href=\"https:\/\/www.fmsdocumentation.com\/wp-content\/uploads\/2017\/04\/138.png\"><img loading=\"lazy\" decoding=\"async\" class=\"alignnone wp-image-235 size-full\" src=\"https:\/\/www.fmsdocumentation.com\/wp-content\/uploads\/2017\/04\/138.png\" alt=\"\" width=\"509\" height=\"266\" srcset=\"https:\/\/www.fmsdocumentation.com\/wp-content\/uploads\/2017\/04\/138.png 509w, https:\/\/www.fmsdocumentation.com\/wp-content\/uploads\/2017\/04\/138-300x157.png 300w\" sizes=\"auto, (max-width: 509px) 100vw, 509px\" \/><\/a><\/p>\n<p>V\u00fdb\u011brem objekt\u016f\/\u0159idi\u010d\u016f se p\u0159idaj\u00ed do seznamu ve form\u011b modr\u00fdch pol\u00ed. Chce-li u\u017eivatel ze seznamu odstranit n\u011bkter\u00e9 objekty\/\u0159idi\u010de mus\u00ed kliknout na k\u0159\u00ed\u017eek x um\u00edst\u011bn\u00fd napravo od n\u00e1zvu objektu\/\u0159idi\u010de.<\/p>\n<p><a href=\"https:\/\/www.fmsdocumentation.com\/wp-content\/uploads\/2017\/04\/139.png\"><img loading=\"lazy\" decoding=\"async\" class=\"alignnone wp-image-236 size-full\" src=\"https:\/\/www.fmsdocumentation.com\/wp-content\/uploads\/2017\/04\/139.png\" alt=\"\" width=\"519\" height=\"109\" srcset=\"https:\/\/www.fmsdocumentation.com\/wp-content\/uploads\/2017\/04\/139.png 519w, https:\/\/www.fmsdocumentation.com\/wp-content\/uploads\/2017\/04\/139-300x63.png 300w\" sizes=\"auto, (max-width: 519px) 100vw, 519px\" \/><\/a><\/p>\n<p>Po volb\u011b objekt\u016f \u010di \u0159idi\u010d\u016f se mus\u00ed zvolit, jak bude sestava seskupena.\u00a0 Je t\u0159eba zvolit parametry v <strong>Seznamu sloupc\u016f<\/strong>.<\/p>\n<p><strong>Seskupit podle<\/strong> \u2013 umo\u017e\u0148uje definovat podle \u010deho bude sestava seskupena, k dispozici jsou n\u00e1sleduj\u00edc\u00ed volby:<\/p>\n<ul>\n<li>Den;<\/li>\n<li>Objekty;<\/li>\n<li>Ud\u00e1losti.<\/li>\n<\/ul>\n<p>Pot\u00e9 n\u00e1sleduje <strong>seznam sloupc\u016f<\/strong>.<\/p>\n<ul>\n<li>Po\u010d\u00e1tek ud\u00e1losti \u2013 \u010das zah\u00e1jen\u00ed ud\u00e1losti;<\/li>\n<li>N\u00e1zev ud\u00e1losti.<\/li>\n<\/ul>\n<p>Dal\u0161\u00ed mo\u017en\u00e9 volby:<\/p>\n<ul>\n<li>Spu\u0161t\u011bn\u00ed v\u00fdstrahy \u2013 zobraz\u00ed, kdy syst\u00e9m spustil ud\u00e1lost (p\u0159i za\u010d\u00e1tku, na konci nebo v obou p\u0159\u00edpadech);<\/li>\n<li>\u0158idi\u010d \u2013 jm\u00e9no \u0159idi\u010de;<\/li>\n<li>Obdob\u00ed \u2013 trv\u00e1n\u00ed od za\u010d\u00e1tku do konce ud\u00e1losti;<\/li>\n<li>\u010cas konce ud\u00e1losti &#8211; \u010das, kdy skon\u010dila;<\/li>\n<li>M\u00edsto konce ud\u00e1losti \u2013 m\u00edsto, kde ud\u00e1lost skon\u010dila;<\/li>\n<li>M\u00edsto na za\u010d\u00e1tku \u2013 m\u00edsto zah\u00e1jen\u00ed ud\u00e1losti;<\/li>\n<li>Tachometr na konci \u2013 tachometr na konci ud\u00e1losti;<\/li>\n<li>Tachometr na za\u010d\u00e1tku \u2013 tachometr na za\u010d\u00e1tku ud\u00e1losti;<\/li>\n<li>Typ upozorn\u011bn\u00ed \u2013 zobrazuje jak\u00fd typ upozorn\u011bn\u00ed byl odesl\u00e1n po registraci ud\u00e1losti (\u017e\u00e1dn\u00e9, email, syst\u00e9mov\u00e9 upozorn\u011bn\u00ed);<\/li>\n<li>Upozorn\u011bn\u00ed doru\u010deno \u2013 zobrazen\u00ed zda upozorn\u011bn\u00ed bylo nebo nebylo doru\u010deno;<\/li>\n<li>N\u00e1zev objektu;<\/li>\n<li>Typ j\u00edzdy \u2013 je-li definov\u00e1n (slu\u017eebn\u00ed nebo soukrom\u00e1).<\/li>\n<\/ul>\n<p>Po v\u00fdb\u011bru parametr\u016f m\u016f\u017ee u\u017eivatel zvolit pro kter\u00e9 parametry m\u00e1 b\u00fdt sestava generov\u00e1na.<\/p>\n<p><strong>Ud\u00e1losti<\/strong> \u2013 zde je mo\u017en\u00e9 vybrat existuj\u00edc\u00ed ud\u00e1losti, je\u017e maj\u00ed b\u00fdt zahrnuty v sestav\u011b. Ud\u00e1losti nevybran\u00e9 v tomto okn\u011b nebudou v sestav\u011b zobrazeny. Tento proces v\u00fdb\u011bru je identick\u00fd s volbou objekt\u016f\/\u0159idi\u010d\u016f. Nakonec lze zahrnout sou\u010det za sestavu.<\/p>\n<p><strong>Sou\u010det za sestavu<\/strong> \u2013 aktivaci t\u00e9to volby se v sestav\u011b zobraz\u00ed sumarizace \u00fadaj\u016f (nap\u0159.<em>: Sestava j\u00edzd\u00a0 \u2013 obsahuje dlouh\u00fd seznam v\u0161ech j\u00edzd. Sou\u010det zobraz\u00ed sumarizaci v ka\u017ed\u00e9m sloupci, nap\u0159. \u201cdobu j\u00edzdy\u201d, \u201cdobu zast\u00e1vek, atd.<\/em>).<\/p>\n<p><a href=\"https:\/\/www.fmsdocumentation.com\/wp-content\/uploads\/2017\/04\/201-1.png\"><img loading=\"lazy\" decoding=\"async\" class=\"alignnone size-full wp-image-974\" src=\"https:\/\/www.fmsdocumentation.com\/wp-content\/uploads\/2017\/04\/201-1.png\" alt=\"\" width=\"894\" height=\"508\" srcset=\"https:\/\/www.fmsdocumentation.com\/wp-content\/uploads\/2017\/04\/201-1.png 894w, https:\/\/www.fmsdocumentation.com\/wp-content\/uploads\/2017\/04\/201-1-300x170.png 300w, https:\/\/www.fmsdocumentation.com\/wp-content\/uploads\/2017\/04\/201-1-768x436.png 768w\" sizes=\"auto, (max-width: 894px) 100vw, 894px\" \/><\/a><\/p>\n<p>Pro vytvo\u0159en\u00ed sestavy se klikne na tla\u010d\u00edtko &#8220;Generovat&#8221;<\/p>\n<p>Zru\u0161en\u00ed tvorby sestavy se provede bu\u010f stiskem tla\u010d\u00edtka &#8220;Zru\u0161it&#8221; nebo kliknut\u00edm kdekoliv mimo okno &#8220;Vytvo\u0159en\u00ed nov\u00e9 sestavy&#8221;.<\/p>\n<p><a href=\"https:\/\/www.fmsdocumentation.com\/wp-content\/uploads\/2017\/04\/202.png\"><img loading=\"lazy\" decoding=\"async\" class=\"alignnone wp-image-398 size-full\" src=\"https:\/\/www.fmsdocumentation.com\/wp-content\/uploads\/2017\/04\/202.png\" alt=\"\" width=\"569\" height=\"79\" srcset=\"https:\/\/www.fmsdocumentation.com\/wp-content\/uploads\/2017\/04\/202.png 569w, https:\/\/www.fmsdocumentation.com\/wp-content\/uploads\/2017\/04\/202-300x42.png 300w\" sizes=\"auto, (max-width: 569px) 100vw, 569px\" \/><\/a><\/p>\n<hr \/>\n<p><div class=\"alignleft\"><a href=\"https:\/\/www.fmsdocumentation.com\/cs\/reports\/generate-new-report\/\" title=\"Vytvo\u0159en\u00ed nov\u00e9 sestavy\"><span class=\"arrow\">\u2039 &nbsp <\/span> Vytvo\u0159en\u00ed nov\u00e9 sestavy <\/a><\/div> <div class=\"alignright\"><a href=\"https:\/\/www.fmsdocumentation.com\/cs\/reports\/fuel-tank-report\/\" title=\"Sestava stavu n\u00e1dr\u017ee\">Sestava stavu n\u00e1dr\u017ee <span class=\"arrow\"> &nbsp\u203a <\/span> <\/a><\/div><\/p>\n<p>&nbsp;<\/p>\n","protected":false},"excerpt":{"rendered":"<p>Sestava ud\u00e1lost\u00ed &#8211; tato sestava je zam\u011b\u0159ena hlavn\u011b na \u010das spu\u0161t\u011bn\u00ed, trv\u00e1n\u00ed a ostatn\u00ed parametry ud\u00e1lost\u00ed. Nejprve se mus\u00ed zvolit obdob\u00ed pro kter\u00e9 m\u00e1 b\u00fdt sestava generov\u00e1na. Obdob\u00ed &#8211; kliknut\u00edm na &#8220;Obdob\u00ed&#8221; se zobraz\u00ed kalend\u00e1\u0159 pro v\u00fdb\u011br. Volba se provede kliknut\u00edm na po\u017eadovan\u00fd po\u010d\u00e1te\u010dn\u00ed a koncov\u00fd den. Zvolen\u00e9 dny se zv\u00fdrazn\u00ed mod\u0159e.\u00a0 Aktu\u00e1ln\u00ed den je &hellip; <a href=\"https:\/\/www.fmsdocumentation.com\/cs\/reports\/events-report\/\" class=\"more-link\">Pokra\u010dov\u00e1n\u00ed textu <span class=\"screen-reader-text\">Sestava ud\u00e1lost\u00ed<\/span><\/a><\/p>\n","protected":false},"author":1,"featured_media":0,"parent":866,"menu_order":7,"comment_status":"closed","ping_status":"closed","template":"","meta":{"footnotes":""},"class_list":["post-853","page","type-page","status-publish","hentry"],"_links":{"self":[{"href":"https:\/\/www.fmsdocumentation.com\/cs\/wp-json\/wp\/v2\/pages\/853","targetHints":{"allow":["GET"]}}],"collection":[{"href":"https:\/\/www.fmsdocumentation.com\/cs\/wp-json\/wp\/v2\/pages"}],"about":[{"href":"https:\/\/www.fmsdocumentation.com\/cs\/wp-json\/wp\/v2\/types\/page"}],"author":[{"embeddable":true,"href":"https:\/\/www.fmsdocumentation.com\/cs\/wp-json\/wp\/v2\/users\/1"}],"replies":[{"embeddable":true,"href":"https:\/\/www.fmsdocumentation.com\/cs\/wp-json\/wp\/v2\/comments?post=853"}],"version-history":[{"count":5,"href":"https:\/\/www.fmsdocumentation.com\/cs\/wp-json\/wp\/v2\/pages\/853\/revisions"}],"predecessor-version":[{"id":5661,"href":"https:\/\/www.fmsdocumentation.com\/cs\/wp-json\/wp\/v2\/pages\/853\/revisions\/5661"}],"up":[{"embeddable":true,"href":"https:\/\/www.fmsdocumentation.com\/cs\/wp-json\/wp\/v2\/pages\/866"}],"wp:attachment":[{"href":"https:\/\/www.fmsdocumentation.com\/cs\/wp-json\/wp\/v2\/media?parent=853"}],"curies":[{"name":"wp","href":"https:\/\/api.w.org\/{rel}","templated":true}]}}