{"id":855,"date":"2017-04-06T09:42:17","date_gmt":"2017-04-06T09:42:17","guid":{"rendered":"http:\/\/www.fmsdocumentation.com\/communication\/"},"modified":"2018-08-09T11:56:24","modified_gmt":"2018-08-09T11:56:24","slug":"communication","status":"publish","type":"page","link":"https:\/\/www.fmsdocumentation.com\/cs\/ontrack-install-login\/communication\/","title":{"rendered":"Komunikace"},"content":{"rendered":"<p>Panel komunikace u\u017eivateli umo\u017e\u0148uje komunikovat s operatorem syst\u00e9mu sledov\u00e1n\u00ed vozidel (SSV). Funguje to podle n\u00e1sleduj\u00edc\u00ed logiky. U\u017eivatel m\u016f\u017ee ps\u00e1t textov\u00e9 zpr\u00e1vy a p\u0159ikl\u00e1dat fotografie a odeslat je do SSV.\u00a0 SSV zpr\u00e1vy p\u0159\u00edjme, rozt\u0159\u00edd\u00ed podle Klient\u016f a zobraz\u00ed je pro klienta s registrovan\u00fdm u\u017eivatelem. To znamen\u00e1, \u017ee oper\u00e1tor je kdokoliv, kde je aktu\u00e1ln\u011b p\u0159ipojen\u00fd do SSV s\u00a0 Klientsk\u00fdmi p\u0159ihla\u0161ovac\u00edmi \u00fadaji, komunikace prob\u00edh\u00e1 s touto osobou. V\u0161echny zpr\u00e1vy se v syst\u00e9mu ukl\u00e1daj\u00ed a mohou b\u00fdt v p\u0159\u00edpad\u011b pot\u0159eby prohl\u00e9dnuty. Komunika\u010dn\u00ed panel je pops\u00e1n v odd\u00edle &#8220;<a href=\"https:\/\/www.fmsdocumentation.com\/cs\/communications-menu\/\">Menu komunikace<\/a>&#8220;.<\/p>\n<p>Zpr\u00e1vy od oper\u00e1tora jsou ozna\u010deny b\u00edl\u00fdmi obl\u00e1\u010dky na lev\u00e9 stran\u011b obrazovky a zpr\u00e1vy od u\u017eivatele jsou ozna\u010deny zelen\u00fdmi obl\u00e1\u010dky vpravo.<\/p>\n<p><strong>P\u0159\u00edloha<\/strong> \u2013 U\u017eivatel m\u016f\u017ee oper\u00e1torovi zaslat fotografii. Mus\u00ed stisknout ikonu fotoapar\u00e1tu vlevo od boxu pro zad\u00e1n\u00ed textu. Otev\u0159e se nov\u00e9 okno kde u\u017eivatel m\u016f\u017ee zvolit zda vyfot\u00ed novou fotografii nebo vybere z galerie (tato mo\u017enost se m\u016f\u017ee li\u0161it v z\u00e1vislosti na ostatn\u00edch aplikac\u00edch instalovan\u00fdch na u\u017eivatelsk\u00e9m za\u0159\u00edzen\u00ed).<\/p>\n<p style=\"background-color: #2e67b1; color: #ffffff; padding-left: 10px; padding-right: 10px;\"><p class=\"note\">Pozn\u00e1mka<br \/>\nMaxim\u00e1ln\u00ed velikost p\u0159\u00edlohy je 10 Mb.<\/p><\/p>\n<p><a href=\"https:\/\/www.fmsdocumentation.com\/wp-content\/uploads\/2017\/04\/187.png\"><img loading=\"lazy\" decoding=\"async\" class=\"wp-image-302 alignnone\" src=\"https:\/\/www.fmsdocumentation.com\/wp-content\/uploads\/2017\/04\/187-189x300.png\" alt=\"\" width=\"260\" height=\"413\" srcset=\"https:\/\/www.fmsdocumentation.com\/wp-content\/uploads\/2017\/04\/187-189x300.png 189w, https:\/\/www.fmsdocumentation.com\/wp-content\/uploads\/2017\/04\/187-645x1024.png 645w, https:\/\/www.fmsdocumentation.com\/wp-content\/uploads\/2017\/04\/187.png 719w\" sizes=\"auto, (max-width: 260px) 100vw, 260px\" \/><\/a><\/p>\n<p>Nov\u00e9 nep\u0159e\u010dten\u00e9 zpr\u00e1vy jsou zv\u00fdrazn\u011bny tu\u010dn\u011b. Jsou podporov\u00e1ny v\u0161echny jazyky. Maxim\u00e1ln\u00ed limit znak\u016f v jedn\u00e9 zpr\u00e1v\u011b je vysok\u00fd. Najednou lze odeslat a\u017e 10 000 znak\u016f. K odesl\u00e1n\u00ed zpr\u00e1vy se stiskne ikona vla\u0161tovky um\u00edst\u011bn\u00e9 ve spodn\u00ed \u010d\u00e1sti obrazovky vpravo. Komunikace prob\u00edh\u00e1 v re\u00e1ln\u00e9m \u010dase (<em>zpr\u00e1vy<\/em> <em>jsou odes\u00edlany a p\u0159ij\u00edmany okam\u017eit\u011b jestli\u017ee je dostate\u010dn\u00e9 internetov\u00e9 p\u0159ipojen\u00ed<\/em>).<\/p>\n<hr \/>\n<p> <div class=\"alignright\"><a href=\"https:\/\/www.fmsdocumentation.com\/cs\/\" title=\"N\u00e1pov\u011bda\">N\u00e1pov\u011bda <span class=\"arrow\"> &nbsp\u203a <\/span> <\/a><\/div><\/p>\n","protected":false},"excerpt":{"rendered":"<p>Panel komunikace u\u017eivateli umo\u017e\u0148uje komunikovat s operatorem syst\u00e9mu sledov\u00e1n\u00ed vozidel (SSV). Funguje to podle n\u00e1sleduj\u00edc\u00ed logiky. U\u017eivatel m\u016f\u017ee ps\u00e1t textov\u00e9 zpr\u00e1vy a p\u0159ikl\u00e1dat fotografie a odeslat je do SSV.\u00a0 SSV zpr\u00e1vy p\u0159\u00edjme, rozt\u0159\u00edd\u00ed podle Klient\u016f a zobraz\u00ed je pro klienta s registrovan\u00fdm u\u017eivatelem. To znamen\u00e1, \u017ee oper\u00e1tor je kdokoliv, kde je aktu\u00e1ln\u011b p\u0159ipojen\u00fd do SSV &hellip; <a href=\"https:\/\/www.fmsdocumentation.com\/cs\/ontrack-install-login\/communication\/\" class=\"more-link\">Pokra\u010dov\u00e1n\u00ed textu <span class=\"screen-reader-text\">Komunikace<\/span><\/a><\/p>\n","protected":false},"author":1,"featured_media":0,"parent":858,"menu_order":4,"comment_status":"closed","ping_status":"closed","template":"","meta":{"footnotes":""},"class_list":["post-855","page","type-page","status-publish","hentry"],"_links":{"self":[{"href":"https:\/\/www.fmsdocumentation.com\/cs\/wp-json\/wp\/v2\/pages\/855","targetHints":{"allow":["GET"]}}],"collection":[{"href":"https:\/\/www.fmsdocumentation.com\/cs\/wp-json\/wp\/v2\/pages"}],"about":[{"href":"https:\/\/www.fmsdocumentation.com\/cs\/wp-json\/wp\/v2\/types\/page"}],"author":[{"embeddable":true,"href":"https:\/\/www.fmsdocumentation.com\/cs\/wp-json\/wp\/v2\/users\/1"}],"replies":[{"embeddable":true,"href":"https:\/\/www.fmsdocumentation.com\/cs\/wp-json\/wp\/v2\/comments?post=855"}],"version-history":[{"count":4,"href":"https:\/\/www.fmsdocumentation.com\/cs\/wp-json\/wp\/v2\/pages\/855\/revisions"}],"predecessor-version":[{"id":5696,"href":"https:\/\/www.fmsdocumentation.com\/cs\/wp-json\/wp\/v2\/pages\/855\/revisions\/5696"}],"up":[{"embeddable":true,"href":"https:\/\/www.fmsdocumentation.com\/cs\/wp-json\/wp\/v2\/pages\/858"}],"wp:attachment":[{"href":"https:\/\/www.fmsdocumentation.com\/cs\/wp-json\/wp\/v2\/media?parent=855"}],"curies":[{"name":"wp","href":"https:\/\/api.w.org\/{rel}","templated":true}]}}