{"id":856,"date":"2017-04-06T09:41:23","date_gmt":"2017-04-06T09:41:23","guid":{"rendered":"http:\/\/www.fmsdocumentation.com\/my-tasks\/"},"modified":"2018-08-09T11:55:54","modified_gmt":"2018-08-09T11:55:54","slug":"my-tasks","status":"publish","type":"page","link":"https:\/\/www.fmsdocumentation.com\/cs\/ontrack-install-login\/my-tasks\/","title":{"rendered":"Moje \u00falohy"},"content":{"rendered":"<p>U\u017eivatel je po p\u0159ihl\u00e1\u0161en\u00ed nejprve nasm\u011brov\u00e1n na panel &#8220;Moje \u00falohy&#8221; a \u0161t\u00edtek &#8220;Moje \u00falohy&#8221;.\u00a0 Aktu\u00e1ln\u00ed n\u00e1zev panelu je v\u017edy zobrazen naho\u0159e. Aktu\u00e1ln\u011b zvolen\u00fd \u0161t\u00edtek je zv\u00fdrazn\u011bn b\u00edle (ostatn\u00ed jsou \u0161ed\u00e9) a \u0161t\u00edtek je ozna\u010den modrou \u010darou. Na tomto panelu jsou t\u0159i \u0161t\u00edtky:<\/p>\n<ul>\n<li>Moje \u00falohy \u2013 Obsahuje seznam \u00faloh obdr\u017een\u00fdch od oper\u00e1tora , \u00falohy mohou b\u00fdt tvo\u0159eny, p\u0159i\u0159azeny a modifikov\u00e1ny v panelu &#8220;\u00dalohy&#8221;. Pops\u00e1no je to v odd\u00edle\u00a0 &#8220;<a href=\"https:\/\/www.fmsdocumentation.com\/cs\/creating-new-tasks\/\">\u00dalohy<\/a>&#8220;.<\/li>\n<li>Hotovo \u2013 Tento \u0161t\u00edtek zobraz\u00ed akceptovan\u00e9 a hotov\u00e9 \u00falohy. Tento panel je ur\u010den pro revizi star\u00fdch \u00faloh.<\/li>\n<li>Zru\u0161en &#8211; Tento \u0161t\u00edtek zobrazuje \u00falohy zru\u0161en\u00e9 \u0159idi\u010dem.\u00a0 Tento panel je ur\u010den pro revizi star\u00fdch \u00fakol\u016f.<\/li>\n<\/ul>\n<p style=\"background-color: #2e67b1; color: #ffffff; padding-left: 10px; padding-right: 10px;\"><p class=\"note\">Pozn\u00e1mka<br \/>\nJakmile se \u00faloha dala do procesu, nelze ji modifikovat a nelze ji potom ozna\u010dit za ukon\u010denou \u010di zru\u0161enou. Je-li \u00faloha zru\u0161ena nelze ji potom akceptovat. Jakmile je hotova nelze ji modifikovat.<\/p><\/p>\n<p><a href=\"https:\/\/www.fmsdocumentation.com\/wp-content\/uploads\/2017\/04\/181.png\"><img loading=\"lazy\" decoding=\"async\" class=\"alignnone wp-image-294 size-medium\" src=\"https:\/\/www.fmsdocumentation.com\/wp-content\/uploads\/2017\/04\/181-300x255.png\" alt=\"\" width=\"300\" height=\"255\" srcset=\"https:\/\/www.fmsdocumentation.com\/wp-content\/uploads\/2017\/04\/181-300x255.png 300w, https:\/\/www.fmsdocumentation.com\/wp-content\/uploads\/2017\/04\/181.png 720w\" sizes=\"auto, (max-width: 300px) 100vw, 300px\" \/><\/a><\/p>\n<p>Ka\u017ed\u00e1 \u00faloha v seznamu zobrazuje z\u00e1kladn\u00ed informace:<\/p>\n<ol>\n<li>Adresu destinace;<\/li>\n<li>Datum a \u010das p\u0159\u00edjezdu;<\/li>\n<li>P\u0159e\u010dteno\/nep\u0159e\u010dteno &#8211; je-li \u00fakol nov\u00fd a nebyl je\u0161t\u011b p\u0159e\u010dten, je vedle n\u011bj vpravo \u0161ed\u00e1 te\u010dka. Je-li \u00faloha p\u0159e\u010dtena, nebude zobrazen \u017e\u00e1dn\u00fd bod.<\/li>\n<\/ol>\n<p><a href=\"https:\/\/www.fmsdocumentation.com\/wp-content\/uploads\/2017\/04\/225.png\"><img loading=\"lazy\" decoding=\"async\" class=\"size-medium wp-image-432 alignnone\" src=\"https:\/\/www.fmsdocumentation.com\/wp-content\/uploads\/2017\/04\/225-300x193.png\" alt=\"\" width=\"300\" height=\"193\" srcset=\"https:\/\/www.fmsdocumentation.com\/wp-content\/uploads\/2017\/04\/225-300x193.png 300w, https:\/\/www.fmsdocumentation.com\/wp-content\/uploads\/2017\/04\/225.png 720w\" sizes=\"auto, (max-width: 300px) 100vw, 300px\" \/><\/a><\/p>\n<p style=\"background-color: #2e67b1; color: #ffffff; padding-left: 10px; padding-right: 10px;\"><p class=\"note\">Pozn\u00e1mka<br \/>\nDatum p\u0159\u00edjezdu po term\u00ednu nelimituje zm\u011bnu stavu.\u00a0 (<em>Nap\u0159. datum je nastaven na 10. listopadu, ale \u0159idi\u010d p\u0159ijel 15. \u0158idi\u010d st\u00e1le m\u016f\u017ee ozna\u010dit \u00falohu jako spln\u011bnou. Jin\u00fd p\u0159\u00edklad: Datum p\u0159\u00edjezdu je 10. listopadu, aktu\u00e1ln\u00ed datum je 11. listopadu, \u0159idi\u010d m\u016f\u017ee \u00falohu odm\u00edtnout).<\/p><\/em><\/p>\n<p>Pro zobrazen\u00ed dodate\u010dn\u00fdch informac\u00ed lze \u00falohu roz\u0161\u00ed\u0159it. Jednodu\u0161e se klikne na \u00falohu, otev\u0159e se nov\u00fd panel s podrobnostmi \u00falohy. Panel obsahuje:<\/p>\n<ul>\n<li>Mapu s aktu\u00e1ln\u00ed polohou, po\u010d\u00e1te\u010dn\u00ed a koncovou polohu ;<\/li>\n<li>Vzd\u00e1lenost do c\u00edle;<\/li>\n<li>Datum a \u010das p\u0159\u00edjezdu;<\/li>\n<li>P\u0159edpokl\u00e1danou dobou trv\u00e1n\u00ed od po\u010d\u00e1tku do konce j\u00edzdy.<\/li>\n<li>Adresu v\u00fdjezdu;<\/li>\n<li>Adresu c\u00edle;<\/li>\n<li>Pozn\u00e1mky \u2013 Zde jsou dodate\u010dn\u00e9 informace p\u0159ipojen\u00e9 oper\u00e1torem k \u00fakolu (Omezeno na 250 znak\u016f), je to pops\u00e1no v odd\u00edle &#8220;<a href=\"https:\/\/www.fmsdocumentation.com\/cs\/creating-new-tasks\/\">Vytvo\u0159en\u00ed nov\u00fdch \u00faloh<\/a>&#8220;.<\/li>\n<li>Symbol sm\u011bru <img loading=\"lazy\" decoding=\"async\" class=\"alignnone wp-image-651\" src=\"https:\/\/www.fmsdocumentation.com\/wp-content\/uploads\/2017\/04\/183-1.png\" alt=\"\" width=\"43\" height=\"42\" \/>\u00a0&#8211; generuje cestu z aktu\u00e1ln\u00ed pozice do c\u00edle za pou\u017eit\u00ed vestv\u011bn\u00e9ho naviga\u010dn\u00edho syst\u00e9mu (<em>nap\u0159. google maps, atd<\/em>.);<\/li>\n<li>Odm\u00edtnout \u2013 Ozna\u010d\u00ed \u00falohu jako odm\u00edtnutou;<\/li>\n<li>Start \u2013 Ozna\u010d\u00ed \u00falohu \u017ee je v procesu (\u00faloha m\u016f\u017ee b\u00fdt po spu\u0161t\u011bn\u00ed zru\u0161ena);<\/li>\n<li>Hotovo \u2013 Ozna\u010d\u00ed \u00falohu za spln\u011bnou (zobraz\u00ed se pouze po kliknut\u00ed na start).<\/li>\n<\/ul>\n<p><a href=\"https:\/\/www.fmsdocumentation.com\/wp-content\/uploads\/2017\/04\/184-2.png\"><img loading=\"lazy\" decoding=\"async\" class=\"wp-image-652 alignnone\" src=\"https:\/\/www.fmsdocumentation.com\/wp-content\/uploads\/2017\/04\/184-2-189x300.png\" alt=\"\" width=\"297\" height=\"471\" srcset=\"https:\/\/www.fmsdocumentation.com\/wp-content\/uploads\/2017\/04\/184-2-189x300.png 189w, https:\/\/www.fmsdocumentation.com\/wp-content\/uploads\/2017\/04\/184-2-647x1024.png 647w, https:\/\/www.fmsdocumentation.com\/wp-content\/uploads\/2017\/04\/184-2.png 720w\" sizes=\"auto, (max-width: 297px) 100vw, 297px\" \/><\/a><\/p>\n<p>Pro opu\u0161t\u011bn\u00ed roz\u0161\u00ed\u0159en\u00e9ho panelu klikn\u011bte na malou \u0161ipku sm\u011b\u0159uj\u00edc\u00ed vlevo v lev\u00e9 horn\u00ed \u010d\u00e1sti obrazovky, vr\u00e1t\u00ed se panel &#8220;Moje \u00falohy&#8221;.<\/p>\n<p><img loading=\"lazy\" decoding=\"async\" class=\"alignnone wp-image-653 size-medium\" src=\"https:\/\/www.fmsdocumentation.com\/wp-content\/uploads\/2017\/04\/185-1-300x46.png\" alt=\"\" width=\"300\" height=\"46\" srcset=\"https:\/\/www.fmsdocumentation.com\/wp-content\/uploads\/2017\/04\/185-1-300x46.png 300w, https:\/\/www.fmsdocumentation.com\/wp-content\/uploads\/2017\/04\/185-1.png 720w\" sizes=\"auto, (max-width: 300px) 100vw, 300px\" \/><\/p>\n<p><strong>\u0160t\u00edtky Hotovo a Zru\u0161eno<\/strong> \u2013 jsou tak\u0159ka identick\u00e9 \u0161t\u00edtku &#8220;Moje \u00falohy&#8221;. V\u0161echny \u00falohy jsou zobrazeny v seznamu a v\u0161echny \u00falohy se mohou rozkliknou pro podrobn\u00e9 zobrazen\u00ed. Jedin\u00fdm roz\u00edlem je absence tla\u010d\u00edtka &#8220;Odm\u00edtnout&#8221; a &#8220;Hotovo&#8221; spolu s tla\u010d\u00edtkem cesty.<\/p>\n<p><a href=\"https:\/\/www.fmsdocumentation.com\/wp-content\/uploads\/2017\/04\/186-1.png\"><img loading=\"lazy\" decoding=\"async\" class=\"wp-image-655 alignnone\" src=\"https:\/\/www.fmsdocumentation.com\/wp-content\/uploads\/2017\/04\/186-1-189x300.png\" alt=\"\" width=\"276\" height=\"438\" srcset=\"https:\/\/www.fmsdocumentation.com\/wp-content\/uploads\/2017\/04\/186-1-189x300.png 189w, https:\/\/www.fmsdocumentation.com\/wp-content\/uploads\/2017\/04\/186-1-647x1024.png 647w, https:\/\/www.fmsdocumentation.com\/wp-content\/uploads\/2017\/04\/186-1.png 720w\" sizes=\"auto, (max-width: 276px) 100vw, 276px\" \/><\/a><\/p>\n<hr \/>\n<p> <div class=\"alignright\"><a href=\"https:\/\/www.fmsdocumentation.com\/cs\/\" title=\"N\u00e1pov\u011bda\">N\u00e1pov\u011bda <span class=\"arrow\"> &nbsp\u203a <\/span> <\/a><\/div><\/p>\n","protected":false},"excerpt":{"rendered":"<p>U\u017eivatel je po p\u0159ihl\u00e1\u0161en\u00ed nejprve nasm\u011brov\u00e1n na panel &#8220;Moje \u00falohy&#8221; a \u0161t\u00edtek &#8220;Moje \u00falohy&#8221;.\u00a0 Aktu\u00e1ln\u00ed n\u00e1zev panelu je v\u017edy zobrazen naho\u0159e. Aktu\u00e1ln\u011b zvolen\u00fd \u0161t\u00edtek je zv\u00fdrazn\u011bn b\u00edle (ostatn\u00ed jsou \u0161ed\u00e9) a \u0161t\u00edtek je ozna\u010den modrou \u010darou. Na tomto panelu jsou t\u0159i \u0161t\u00edtky: Moje \u00falohy \u2013 Obsahuje seznam \u00faloh obdr\u017een\u00fdch od oper\u00e1tora , \u00falohy mohou b\u00fdt &hellip; <a href=\"https:\/\/www.fmsdocumentation.com\/cs\/ontrack-install-login\/my-tasks\/\" class=\"more-link\">Pokra\u010dov\u00e1n\u00ed textu <span class=\"screen-reader-text\">Moje \u00falohy<\/span><\/a><\/p>\n","protected":false},"author":1,"featured_media":0,"parent":858,"menu_order":3,"comment_status":"closed","ping_status":"closed","template":"","meta":{"footnotes":""},"class_list":["post-856","page","type-page","status-publish","hentry"],"_links":{"self":[{"href":"https:\/\/www.fmsdocumentation.com\/cs\/wp-json\/wp\/v2\/pages\/856","targetHints":{"allow":["GET"]}}],"collection":[{"href":"https:\/\/www.fmsdocumentation.com\/cs\/wp-json\/wp\/v2\/pages"}],"about":[{"href":"https:\/\/www.fmsdocumentation.com\/cs\/wp-json\/wp\/v2\/types\/page"}],"author":[{"embeddable":true,"href":"https:\/\/www.fmsdocumentation.com\/cs\/wp-json\/wp\/v2\/users\/1"}],"replies":[{"embeddable":true,"href":"https:\/\/www.fmsdocumentation.com\/cs\/wp-json\/wp\/v2\/comments?post=856"}],"version-history":[{"count":7,"href":"https:\/\/www.fmsdocumentation.com\/cs\/wp-json\/wp\/v2\/pages\/856\/revisions"}],"predecessor-version":[{"id":5694,"href":"https:\/\/www.fmsdocumentation.com\/cs\/wp-json\/wp\/v2\/pages\/856\/revisions\/5694"}],"up":[{"embeddable":true,"href":"https:\/\/www.fmsdocumentation.com\/cs\/wp-json\/wp\/v2\/pages\/858"}],"wp:attachment":[{"href":"https:\/\/www.fmsdocumentation.com\/cs\/wp-json\/wp\/v2\/media?parent=856"}],"curies":[{"name":"wp","href":"https:\/\/api.w.org\/{rel}","templated":true}]}}