{"id":857,"date":"2017-04-06T09:39:17","date_gmt":"2017-04-06T09:39:17","guid":{"rendered":"http:\/\/www.fmsdocumentation.com\/navigation-menu\/"},"modified":"2018-08-09T11:56:09","modified_gmt":"2018-08-09T11:56:09","slug":"navigation-menu","status":"publish","type":"page","link":"https:\/\/www.fmsdocumentation.com\/cs\/ontrack-install-login\/navigation-menu\/","title":{"rendered":"Naviga\u010dn\u00ed menu"},"content":{"rendered":"<p>Naviga\u010dn\u00ed menu se otev\u0159e kliknut\u00edm na ikonu t\u0159\u00ed \u0161ed\u00fdch linek v lev\u00e9 horn\u00ed \u010d\u00e1sti obrazovky.<\/p>\n<p><a href=\"https:\/\/www.fmsdocumentation.com\/wp-content\/uploads\/2017\/04\/179.png\"><img loading=\"lazy\" decoding=\"async\" class=\"size-medium wp-image-430 alignnone\" src=\"https:\/\/www.fmsdocumentation.com\/wp-content\/uploads\/2017\/04\/179-300x215.png\" alt=\"\" width=\"300\" height=\"215\" srcset=\"https:\/\/www.fmsdocumentation.com\/wp-content\/uploads\/2017\/04\/179-300x215.png 300w, https:\/\/www.fmsdocumentation.com\/wp-content\/uploads\/2017\/04\/179.png 534w\" sizes=\"auto, (max-width: 300px) 100vw, 300px\" \/><\/a><\/p>\n<p>V horn\u00ed \u010d\u00e1sti menu se zobraz\u00ed jm\u00e9no \u0159idi\u010de a k dispozici budou n\u00e1sleduj\u00edc\u00ed panely:<\/p>\n<ul>\n<li><a href=\"https:\/\/www.fmsdocumentation.com\/cs\/ontrack-install-login\/my-tasks\/\">Moje \u00falohy<\/a> \u2013 Tento panel poskytuje p\u0159ehled p\u0159i\u0159azen\u00fdch \u00faloh aktu\u00e1ln\u00edmu u\u017eivateli.\u00a0 Standardn\u011b otev\u0159en.<\/li>\n<li><a href=\"https:\/\/www.fmsdocumentation.com\/cs\/ontrack-install-login\/communication\/\">Komunuikace<\/a> \u2013 tento panel slou\u017e\u00ed ke komunikaci s oper\u00e1torem pracuj\u00edc\u00edm se syst\u00e9mem sledov\u00e1n\u00ed vozidel.<\/li>\n<li>Odhl\u00e1\u0161en\u00ed.<\/li>\n<\/ul>\n<p><a href=\"https:\/\/www.fmsdocumentation.com\/wp-content\/uploads\/2017\/04\/180.png\"><img loading=\"lazy\" decoding=\"async\" class=\"size-medium wp-image-291 alignnone\" src=\"https:\/\/www.fmsdocumentation.com\/wp-content\/uploads\/2017\/04\/180-300x239.png\" alt=\"\" width=\"300\" height=\"239\" srcset=\"https:\/\/www.fmsdocumentation.com\/wp-content\/uploads\/2017\/04\/180-300x239.png 300w, https:\/\/www.fmsdocumentation.com\/wp-content\/uploads\/2017\/04\/180.png 720w\" sizes=\"auto, (max-width: 300px) 100vw, 300px\" \/><\/a><\/p>\n<hr \/>\n<p> <div class=\"alignright\"><a href=\"https:\/\/www.fmsdocumentation.com\/cs\/\" title=\"N\u00e1pov\u011bda\">N\u00e1pov\u011bda <span class=\"arrow\"> &nbsp\u203a <\/span> <\/a><\/div><\/p>\n","protected":false},"excerpt":{"rendered":"<p>Naviga\u010dn\u00ed menu se otev\u0159e kliknut\u00edm na ikonu t\u0159\u00ed \u0161ed\u00fdch linek v lev\u00e9 horn\u00ed \u010d\u00e1sti obrazovky. V horn\u00ed \u010d\u00e1sti menu se zobraz\u00ed jm\u00e9no \u0159idi\u010de a k dispozici budou n\u00e1sleduj\u00edc\u00ed panely: Moje \u00falohy \u2013 Tento panel poskytuje p\u0159ehled p\u0159i\u0159azen\u00fdch \u00faloh aktu\u00e1ln\u00edmu u\u017eivateli.\u00a0 Standardn\u011b otev\u0159en. Komunuikace \u2013 tento panel slou\u017e\u00ed ke komunikaci s oper\u00e1torem pracuj\u00edc\u00edm se syst\u00e9mem sledov\u00e1n\u00ed &hellip; <a href=\"https:\/\/www.fmsdocumentation.com\/cs\/ontrack-install-login\/navigation-menu\/\" class=\"more-link\">Pokra\u010dov\u00e1n\u00ed textu <span class=\"screen-reader-text\">Naviga\u010dn\u00ed menu<\/span><\/a><\/p>\n","protected":false},"author":1,"featured_media":0,"parent":858,"menu_order":2,"comment_status":"closed","ping_status":"closed","template":"","meta":{"footnotes":""},"class_list":["post-857","page","type-page","status-publish","hentry"],"_links":{"self":[{"href":"https:\/\/www.fmsdocumentation.com\/cs\/wp-json\/wp\/v2\/pages\/857","targetHints":{"allow":["GET"]}}],"collection":[{"href":"https:\/\/www.fmsdocumentation.com\/cs\/wp-json\/wp\/v2\/pages"}],"about":[{"href":"https:\/\/www.fmsdocumentation.com\/cs\/wp-json\/wp\/v2\/types\/page"}],"author":[{"embeddable":true,"href":"https:\/\/www.fmsdocumentation.com\/cs\/wp-json\/wp\/v2\/users\/1"}],"replies":[{"embeddable":true,"href":"https:\/\/www.fmsdocumentation.com\/cs\/wp-json\/wp\/v2\/comments?post=857"}],"version-history":[{"count":3,"href":"https:\/\/www.fmsdocumentation.com\/cs\/wp-json\/wp\/v2\/pages\/857\/revisions"}],"predecessor-version":[{"id":5695,"href":"https:\/\/www.fmsdocumentation.com\/cs\/wp-json\/wp\/v2\/pages\/857\/revisions\/5695"}],"up":[{"embeddable":true,"href":"https:\/\/www.fmsdocumentation.com\/cs\/wp-json\/wp\/v2\/pages\/858"}],"wp:attachment":[{"href":"https:\/\/www.fmsdocumentation.com\/cs\/wp-json\/wp\/v2\/media?parent=857"}],"curies":[{"name":"wp","href":"https:\/\/api.w.org\/{rel}","templated":true}]}}