{"id":859,"date":"2017-04-06T09:36:35","date_gmt":"2017-04-06T09:36:35","guid":{"rendered":"http:\/\/www.fmsdocumentation.com\/analysis-by-driver\/"},"modified":"2018-08-09T11:49:44","modified_gmt":"2018-08-09T11:49:44","slug":"analysis-by-driver","status":"publish","type":"page","link":"https:\/\/www.fmsdocumentation.com\/cs\/eco-driving-menu\/analysis-by-driver\/","title":{"rendered":"Anal\u00fdza podle \u0159idi\u010d\u016f"},"content":{"rendered":"<p>Anal\u00fdza podle \u0159idi\u010d\u016f poskytuje podrobn\u011bj\u0161\u00ed rozbor parametr\u016f stylu j\u00edzdy. Tato tabulka je podobn\u00e1 tabulce Anal\u00fdzy podle vozidel. Zde jsou pops\u00e1ny pouze rozd\u00edly.<\/p>\n<p><a href=\"https:\/\/www.fmsdocumentation.com\/wp-content\/uploads\/2017\/04\/175.png\"><img loading=\"lazy\" decoding=\"async\" class=\"alignnone wp-image-282 size-large\" src=\"https:\/\/www.fmsdocumentation.com\/wp-content\/uploads\/2017\/04\/175-1024x489.png\" alt=\"\" width=\"660\" height=\"315\" srcset=\"https:\/\/www.fmsdocumentation.com\/wp-content\/uploads\/2017\/04\/175-1024x489.png 1024w, https:\/\/www.fmsdocumentation.com\/wp-content\/uploads\/2017\/04\/175-300x143.png 300w, https:\/\/www.fmsdocumentation.com\/wp-content\/uploads\/2017\/04\/175-768x367.png 768w, https:\/\/www.fmsdocumentation.com\/wp-content\/uploads\/2017\/04\/175.png 1860w\" sizes=\"auto, (max-width: 660px) 100vw, 660px\" \/><\/a><\/p>\n<p>Hlavn\u00edm rozd\u00edlem oproti Anal\u00fdze dle vozidel je, \u017ee seznam vozidel je nahrazen seznamem dle \u0159idi\u010d\u016f. V jednom okam\u017eiku lze zvolit pouze 5 \u0159idi\u010d\u016f. Kliknut\u00edm na t\u0159i te\u010dky v prav\u00e9m horn\u00edm rohu seznamu \u0159idi\u010d\u016f otev\u0159e nov\u00e9 okno s cel\u00fdm seznamem \u0159idi\u010d\u016f.<\/p>\n<p><a href=\"https:\/\/www.fmsdocumentation.com\/wp-content\/uploads\/2017\/04\/176.png\"><img loading=\"lazy\" decoding=\"async\" class=\"alignnone wp-image-283 size-full\" src=\"https:\/\/www.fmsdocumentation.com\/wp-content\/uploads\/2017\/04\/176.png\" alt=\"\" width=\"754\" height=\"567\" srcset=\"https:\/\/www.fmsdocumentation.com\/wp-content\/uploads\/2017\/04\/176.png 754w, https:\/\/www.fmsdocumentation.com\/wp-content\/uploads\/2017\/04\/176-300x226.png 300w\" sizes=\"auto, (max-width: 754px) 100vw, 754px\" \/><\/a><\/p>\n<p>Po proveden\u00ed modifikac\u00ed v seznamu, se mus\u00ed kliknout na tla\u010d\u00edtko &#8220;Aplikovat&#8221;, jinak nebudou zm\u011bny ulo\u017eeny.<\/p>\n<p style=\"background-color: #2e67b1; color: #ffffff; padding-left: 10px; padding-right: 10px;\"><p class=\"note\">Pozn\u00e1mka<br \/>\nJestli\u017ee se ze seznamu odstran\u00ed v\u0161ichni \u0159idi\u010di kliknut\u00edm na tla\u010d\u00edtko &#8220;Odstranit&#8221; nebo otev\u0159en\u00edm seznamu a\u00a0 odebr\u00e1n\u00edm jednotliv\u00fdch \u0159idi\u010d\u016f, v\u0161echna data ze zobrazen\u00ed zmiz\u00ed. Pro reaktivaci seznamu \u0159idi\u010d\u016f se mus\u00ed p\u0159epnout na n\u011bjakou tabulku a pak zase zp\u011bt.<\/p><\/p>\n<p>V\u0161echno ostatn\u00ed je stejn\u00e9 jako u &#8220;Anal\u00fdze dle vozidel&#8221;, vyjma tla\u010d\u00edtka &#8220;Zobrazit mapu&#8221;, kter\u00e9 nen\u00ed u &#8220;Anal\u00fdzy dle \u0159idi\u010d\u016f&#8221; k dispozici.<\/p>\n<hr \/>\n<p><div class=\"alignleft\"><a href=\"https:\/\/www.fmsdocumentation.com\/cs\/eco-driving-menu\/analysis-by-vehicle\/\" title=\"Anal\u00fdza podle vozidla\"><span class=\"arrow\">\u2039 &nbsp <\/span> Anal\u00fdza podle vozidla <\/a><\/div> <div class=\"alignright\"><a href=\"https:\/\/www.fmsdocumentation.com\/cs\/apis\/\" title=\"API\">API <span class=\"arrow\"> &nbsp\u203a <\/span> <\/a><\/div><\/p>\n","protected":false},"excerpt":{"rendered":"<p>Anal\u00fdza podle \u0159idi\u010d\u016f poskytuje podrobn\u011bj\u0161\u00ed rozbor parametr\u016f stylu j\u00edzdy. Tato tabulka je podobn\u00e1 tabulce Anal\u00fdzy podle vozidel. Zde jsou pops\u00e1ny pouze rozd\u00edly. Hlavn\u00edm rozd\u00edlem oproti Anal\u00fdze dle vozidel je, \u017ee seznam vozidel je nahrazen seznamem dle \u0159idi\u010d\u016f. V jednom okam\u017eiku lze zvolit pouze 5 \u0159idi\u010d\u016f. Kliknut\u00edm na t\u0159i te\u010dky v prav\u00e9m horn\u00edm rohu seznamu \u0159idi\u010d\u016f &hellip; <a href=\"https:\/\/www.fmsdocumentation.com\/cs\/eco-driving-menu\/analysis-by-driver\/\" class=\"more-link\">Pokra\u010dov\u00e1n\u00ed textu <span class=\"screen-reader-text\">Anal\u00fdza podle \u0159idi\u010d\u016f<\/span><\/a><\/p>\n","protected":false},"author":1,"featured_media":0,"parent":862,"menu_order":4,"comment_status":"closed","ping_status":"closed","template":"","meta":{"footnotes":""},"class_list":["post-859","page","type-page","status-publish","hentry"],"_links":{"self":[{"href":"https:\/\/www.fmsdocumentation.com\/cs\/wp-json\/wp\/v2\/pages\/859","targetHints":{"allow":["GET"]}}],"collection":[{"href":"https:\/\/www.fmsdocumentation.com\/cs\/wp-json\/wp\/v2\/pages"}],"about":[{"href":"https:\/\/www.fmsdocumentation.com\/cs\/wp-json\/wp\/v2\/types\/page"}],"author":[{"embeddable":true,"href":"https:\/\/www.fmsdocumentation.com\/cs\/wp-json\/wp\/v2\/users\/1"}],"replies":[{"embeddable":true,"href":"https:\/\/www.fmsdocumentation.com\/cs\/wp-json\/wp\/v2\/comments?post=859"}],"version-history":[{"count":6,"href":"https:\/\/www.fmsdocumentation.com\/cs\/wp-json\/wp\/v2\/pages\/859\/revisions"}],"predecessor-version":[{"id":5689,"href":"https:\/\/www.fmsdocumentation.com\/cs\/wp-json\/wp\/v2\/pages\/859\/revisions\/5689"}],"up":[{"embeddable":true,"href":"https:\/\/www.fmsdocumentation.com\/cs\/wp-json\/wp\/v2\/pages\/862"}],"wp:attachment":[{"href":"https:\/\/www.fmsdocumentation.com\/cs\/wp-json\/wp\/v2\/media?parent=859"}],"curies":[{"name":"wp","href":"https:\/\/api.w.org\/{rel}","templated":true}]}}