{"id":860,"date":"2017-04-06T09:35:39","date_gmt":"2017-04-06T09:35:39","guid":{"rendered":"http:\/\/www.fmsdocumentation.com\/analysis-by-vehicle\/"},"modified":"2018-08-09T11:46:33","modified_gmt":"2018-08-09T11:46:33","slug":"analysis-by-vehicle","status":"publish","type":"page","link":"https:\/\/www.fmsdocumentation.com\/cs\/eco-driving-menu\/analysis-by-vehicle\/","title":{"rendered":"Anal\u00fdza podle vozidla"},"content":{"rendered":"<p>Anal\u00fdza podle vozidla zobrazuje podrobn\u011bj\u0161\u00ed rozbor parametr\u016f vozidla za zvolen\u00e9 obdob\u00ed.\u00a0 Tabulka m\u00e1 dv\u011b \u010d\u00e1sti:<\/p>\n<ul>\n<li><strong>Graf<\/strong>;<\/li>\n<li><strong>Statistiku<\/strong>.<\/li>\n<\/ul>\n<p><strong>Graf \u2013 <\/strong>zobrazuje data v grafick\u00e9m form\u00e1tu. Sou\u010dasn\u011b lze zobrazit jen jeden typ dat. N\u00e1zev aktu\u00e1ln\u011b zobrazen\u00fdch\u00a0 dat je v lev\u00e9m horn\u00edm rohu grafu. Zobrazen\u00e1 data lze zm\u011bnit v statistick\u00e9 \u010d\u00e1sti.<\/p>\n<p><strong>M\u011b\u0159\u00edtko<\/strong> &#8211; na ose y jsou hodnoty zvolen\u00fdch dat, osa x v\u017edy p\u0159edstavuje \u010das. Standardn\u011b osa x uv\u00e1d\u00ed dny. Lze to zm\u011bnit v prav\u00e9m horn\u00edm rohu grafick\u00e9 \u010d\u00e1sti.\u00a0 The Y axis of the graph represents values for the select data, while the X axis always represents time. By default X axis scale is in days. This can be changed in the top right of the graph section. K dispozici jsou n\u00e1sleduj\u00edc\u00ed hodnoty:<\/p>\n<ul>\n<li>Den;<\/li>\n<li>T\u00fdden;<\/li>\n<li>M\u011bs\u00edc;<\/li>\n<\/ul>\n<p>Aktu\u00e1ln\u011b zvolen\u00e9 hodnoty se zv\u00fdrazn\u00ed mod\u0159e a jsou med\u0159e podtr\u017eeny.<\/p>\n<p><strong>Pr\u016fm\u011br za flotilu<\/strong> &#8211; Vedle volby osy se m\u016f\u017ee zvolit pr\u016fm\u011brn\u00e1 hodnota pro aktu\u00e1ln\u011b vybran\u00e1 data. Standardn\u011b je to vypnuto. Jestli\u017ee je to zapnuto, \u0161ed\u00e1 te\u010dka bude mod\u0159e zv\u00fdrazn\u011bna a v grafu se objev\u00ed p\u0159eru\u0161ovan\u00e1 \u010d\u00e1ra.<\/p>\n<p style=\"background-color: #2e67b1; color: #ffffff; padding-left: 10px; padding-right: 10px;\"><p class=\"note\">Pozn\u00e1mka<br \/>\nJestli\u017ee jsou vozidla v statistick\u00e9 sekci prezentov\u00e1na v seznamu, ale u\u017eivatel se rozhodl nezobrazovat jejich data v grafu, pr\u016fm\u011br za flotilu je st\u00e1le zahrnuje ve sv\u00e9m v\u00fdpo\u010dtu. Aby se tomu zabr\u00e1nilo, necht\u011bn\u00e1 vozidla se mus\u00ed zcela odstranit ze zobrazen\u00ed statistiky. Je to pops\u00e1no n\u00ed\u017ee.<\/p><\/p>\n<p><a href=\"https:\/\/www.fmsdocumentation.com\/wp-content\/uploads\/2017\/04\/166.png\"><img loading=\"lazy\" decoding=\"async\" class=\"alignnone wp-image-272 size-large\" src=\"https:\/\/www.fmsdocumentation.com\/wp-content\/uploads\/2017\/04\/166-1024x399.png\" alt=\"\" width=\"660\" height=\"257\" srcset=\"https:\/\/www.fmsdocumentation.com\/wp-content\/uploads\/2017\/04\/166-1024x399.png 1024w, https:\/\/www.fmsdocumentation.com\/wp-content\/uploads\/2017\/04\/166-300x117.png 300w, https:\/\/www.fmsdocumentation.com\/wp-content\/uploads\/2017\/04\/166-768x299.png 768w, https:\/\/www.fmsdocumentation.com\/wp-content\/uploads\/2017\/04\/166.png 1860w\" sizes=\"auto, (max-width: 660px) 100vw, 660px\" \/><\/a><\/p>\n<p>Barva \u010dar v grafu se vyb\u00edr\u00e1 automaticky syst\u00e9mem a je\u00a0 zobrazen\u00e1 vedle ka\u017ed\u00e9ho vozidla v sekci statistiky.\u00a0 P\u0159i p\u0159id\u00e1n\u00ed \u010di odstran\u011bn\u00ed vozidla se barevnost grafu syst\u00e9mem automaticky p\u0159eform\u00e1tuje.<\/p>\n<p>Ka\u017ed\u00e1 \u010d\u00e1ra v grafu m\u00e1 na ka\u017ed\u00fd den informa\u010dn\u00ed bod\u00a0 (<em>to se m\u011bn\u00ed se zm\u011bnou hodnoty m\u011b\u0159\u00edtka, je-li zvolen t\u00fdden, potom je informa\u010dn\u00ed bod zobrazuje ka\u017ed\u00fd t\u00fdden<\/em>) p\u0159esunut\u00edm my\u0161i na informa\u010dn\u00ed bod se zobraz\u00ed statistick\u00e9 informace pro dan\u00fd den.<\/p>\n<p><a href=\"https:\/\/www.fmsdocumentation.com\/wp-content\/uploads\/2017\/04\/168.png\"><img loading=\"lazy\" decoding=\"async\" class=\"alignnone wp-image-273 size-full\" src=\"https:\/\/www.fmsdocumentation.com\/wp-content\/uploads\/2017\/04\/168.png\" alt=\"\" width=\"433\" height=\"252\" srcset=\"https:\/\/www.fmsdocumentation.com\/wp-content\/uploads\/2017\/04\/168.png 433w, https:\/\/www.fmsdocumentation.com\/wp-content\/uploads\/2017\/04\/168-300x175.png 300w\" sizes=\"auto, (max-width: 433px) 100vw, 433px\" \/><\/a><\/p>\n<p><strong>Statistika<\/strong> \u2013 skl\u00e1d\u00e1 se ze seznamu vybran\u00fdch vozidel a z tabulky z vybran\u00fdmi parametry. Seznam vozidel se generuje automaticky zobrazen\u00edm 5 nejaktivn\u011bj\u0161\u00edch vozidel za zvolen\u00e9 obdob\u00ed. V p\u0159\u00edklad\u011b n\u00ed\u017ee m\u00e1 u\u017eivatel pouze 4 podporovan\u00e1 vozidla a proto jsou zobrazaena pouze 4 vozidla.<\/p>\n<p><a href=\"https:\/\/www.fmsdocumentation.com\/wp-content\/uploads\/2017\/04\/169.png\"><img loading=\"lazy\" decoding=\"async\" class=\"alignnone wp-image-274 size-large\" src=\"https:\/\/www.fmsdocumentation.com\/wp-content\/uploads\/2017\/04\/169-1024x239.png\" alt=\"\" width=\"660\" height=\"154\" srcset=\"https:\/\/www.fmsdocumentation.com\/wp-content\/uploads\/2017\/04\/169-1024x239.png 1024w, https:\/\/www.fmsdocumentation.com\/wp-content\/uploads\/2017\/04\/169-300x70.png 300w, https:\/\/www.fmsdocumentation.com\/wp-content\/uploads\/2017\/04\/169-768x179.png 768w, https:\/\/www.fmsdocumentation.com\/wp-content\/uploads\/2017\/04\/169.png 1860w\" sizes=\"auto, (max-width: 660px) 100vw, 660px\" \/><\/a><\/p>\n<p><strong>Vozidla<\/strong> &#8211; Volba vozidel pro zobrazen\u00ed se provede kliknut\u00edm na na t\u0159i \u0161ed\u00e9 te\u010dky vedle &#8220;vozidel&#8221; v lev\u00e9m horn\u00edm rohu. Objev\u00ed se nov\u00e9 okno se seznam v\u0161ech vozidel u\u017eivatele. Aktu\u00e1ln\u011b vybran\u00e1 vozidla budou ozna\u010dena s modr\u00fdm zatr\u017e\u00edtkem vedle n\u00e1zvu vozidla. Pro velk\u00e9 vozov\u00e9 parky je nad seznamem vozidel vyhled\u00e1vac\u00ed n\u00e1dtroj. Po proveden\u00ed \u00faprav se mus\u00ed kliknout na tla\u010d\u00edtko &#8220;Aplikovat&#8221;, jinak nebudou zm\u011bny ulo\u017eeny. Maxim\u00e1ln\u00ed po\u010det vozidel vybran\u00fdch v jednom okam\u017eiku je 5. Vozidla lze ze seznamu vymazat kliknut\u00edm na tla\u010d\u00edtko &#8220;Vymazat&#8221; pod n\u00e1zvem vozidla.<\/p>\n<p><a href=\"https:\/\/www.fmsdocumentation.com\/wp-content\/uploads\/2017\/04\/170.png\"><img loading=\"lazy\" decoding=\"async\" class=\"alignnone wp-image-275 size-full\" src=\"https:\/\/www.fmsdocumentation.com\/wp-content\/uploads\/2017\/04\/170.png\" alt=\"\" width=\"750\" height=\"534\" srcset=\"https:\/\/www.fmsdocumentation.com\/wp-content\/uploads\/2017\/04\/170.png 750w, https:\/\/www.fmsdocumentation.com\/wp-content\/uploads\/2017\/04\/170-300x214.png 300w\" sizes=\"auto, (max-width: 750px) 100vw, 750px\" \/><\/a><\/p>\n<p style=\"background-color: #2e67b1; color: #ffffff; padding-left: 10px; padding-right: 10px;\"><p class=\"note\">Pozn\u00e1mka<br \/>\nJsou-li ze seznamu v\u0161echna vozidla odstran\u011bna, a\u0165 u\u017e kliknut\u00edm na &#8220;Odstranit&#8221; nabo otev\u0159en\u00edm sznamu vozidel a odebr\u00e1n\u00edm jednotliv\u00fdch vozidel, v\u0161echna data ze zobrazen\u00ed zmiz\u00ed. Pro reaktivaci seznamu vozidel se mus\u00ed u\u017eivatel p\u0159epnout do n\u011bkter\u00e9 tabulky.<\/p><\/p>\n<p><strong>Zobrazit mapu<\/strong> \u2013 pod ka\u017ed\u00fdm n\u00e1zvem je tla\u010d\u00edtko &#8220;Zobrazit mapu&#8221;, kliknut\u00edm na toto tla\u010d\u00edtko se zobraz\u00ed mapa s trasou vybran\u00fdch vozidel za vybran\u00e9 obdob\u00ed.<\/p>\n<p><a href=\"https:\/\/www.fmsdocumentation.com\/wp-content\/uploads\/2017\/04\/171.png\"><img loading=\"lazy\" decoding=\"async\" class=\"alignnone wp-image-276 size-large\" src=\"https:\/\/www.fmsdocumentation.com\/wp-content\/uploads\/2017\/04\/171-1024x506.png\" alt=\"\" width=\"660\" height=\"326\" srcset=\"https:\/\/www.fmsdocumentation.com\/wp-content\/uploads\/2017\/04\/171-1024x506.png 1024w, https:\/\/www.fmsdocumentation.com\/wp-content\/uploads\/2017\/04\/171-300x148.png 300w, https:\/\/www.fmsdocumentation.com\/wp-content\/uploads\/2017\/04\/171-768x379.png 768w, https:\/\/www.fmsdocumentation.com\/wp-content\/uploads\/2017\/04\/171.png 1534w\" sizes=\"auto, (max-width: 660px) 100vw, 660px\" \/><\/a><\/p>\n<p>V horn\u00ed \u010d\u00e1sti mapy m\u016f\u017ee u\u017eivatel zvolit zobrazen\u00ed nebo skryt\u00ed n\u00e1sleduj\u00edch ud\u00e1lost\u00ed:<\/p>\n<ul>\n<li>Extr\u00e9mn\u00ed br\u017ed\u011bn\u00ed;<\/li>\n<li>Prudk\u00e9 br\u017ed\u011bn\u00ed;<\/li>\n<li>Prudk\u00e1 akcelerace.<\/li>\n<\/ul>\n<p>Tyto ud\u00e1losti se zapnou kliknut\u00edm na mal\u00fd posuvn\u00edk vedle ka\u017ed\u00e9 ud\u00e1losti. These events are turned on by clicking the small slide bar next to every event type. V jednom okam\u017eiku lze zapnout v\u00edce ud\u00e1lost\u00ed. Tyto ud\u00e1losti se zobraz\u00ed \u010derven\u00fdmi kole\u010dky s vyk\u0159i\u010dn\u00edkem.<\/p>\n<p><a href=\"https:\/\/www.fmsdocumentation.com\/wp-content\/uploads\/2017\/04\/172.png\"><img loading=\"lazy\" decoding=\"async\" class=\"alignnone wp-image-277 size-full\" src=\"https:\/\/www.fmsdocumentation.com\/wp-content\/uploads\/2017\/04\/172.png\" alt=\"\" width=\"847\" height=\"257\" srcset=\"https:\/\/www.fmsdocumentation.com\/wp-content\/uploads\/2017\/04\/172.png 847w, https:\/\/www.fmsdocumentation.com\/wp-content\/uploads\/2017\/04\/172-300x91.png 300w, https:\/\/www.fmsdocumentation.com\/wp-content\/uploads\/2017\/04\/172-768x233.png 768w\" sizes=\"auto, (max-width: 847px) 100vw, 847px\" \/><\/a><\/p>\n<p>Kliknut\u00edm na \u010derven\u00fd kruh se zobraz\u00ed dal\u0161\u00ed informace o ud\u00e1losti.<\/p>\n<p><strong>Zobrazen\u00e9 parametry<\/strong> \u2013 zobrazen\u00e9 parametry se mohou zm\u011bnit kliknut\u00edm na t\u0159i \u0161ed\u00e9 body v prav\u00e9m horn\u00edm rohu sekce. Otev\u0159e se nov\u00e9 okno se seznamem v\u0161ech dostupn\u00fdch vozidel pro zobrazen\u00ed. Aktu\u00e1ln\u011b vybran\u00e9 parametry budou zv\u00fdrazn\u011bny modr\u00fdm zatr\u017e\u00edtkem vedle n\u00e1zvu parametru. Rychl\u00fd v\u00fdb\u011br je nad seznamem. Najednou lze vybrat maxim\u00e1ln\u011b 7 parametr\u016f. Po provedeni zm\u011bn se mus\u00ed kliknout na tla\u010d\u00edtko &#8220;Hotovo&#8221;, jinak nebudou parametry ulo\u017eeny.<\/p>\n<p><a href=\"https:\/\/www.fmsdocumentation.com\/wp-content\/uploads\/2017\/04\/173.png\"><img loading=\"lazy\" decoding=\"async\" class=\"wp-image-278 size-full alignnone\" src=\"https:\/\/www.fmsdocumentation.com\/wp-content\/uploads\/2017\/04\/173.png\" alt=\"\" width=\"754\" height=\"567\" srcset=\"https:\/\/www.fmsdocumentation.com\/wp-content\/uploads\/2017\/04\/173.png 754w, https:\/\/www.fmsdocumentation.com\/wp-content\/uploads\/2017\/04\/173-300x226.png 300w\" sizes=\"auto, (max-width: 754px) 100vw, 754px\" \/><\/a><\/p>\n<p><strong>Zobrazen\u00ed pro graf<\/strong> \u2013 V grafu lze v jednom okam\u017eiku zobrazit pouze jeden parameter (<em>data z jednoho sloupce<\/em>)\u00a0 (<em>je to z d\u016fvod\u016f komplikac\u00ed s m\u011b\u0159\u00edtkem<\/em>). Aktu\u00e1ln\u011b zobrazen\u00e9 parametry maj\u00ed hlavi\u010dky zv\u00fdrazn\u011bn\u00e9\u00a0 mod\u0159e. U\u017eivatel m\u016f\u017ee nastavit, kter\u00e9 parametry (<em>ze zvolen\u00e9ho sloupce<\/em>) si p\u0159eje zobrazit v hlavn\u00edm grafu. To se provede kliknut\u00edm do sloupce grafu pro jejich odzv\u00fdrazn\u011bn\u00ed. V hlavn\u00edm grafu jsou zobrazeny pouze zv\u00fdrazn\u011bn\u00e9 parametry. Jestli\u017ee je jeden parametr zv\u00fdrazn\u011bn a u\u017eivatel klikne na parametr z jin\u00e9ho sloupce, p\u0159edchoz\u00ed sloupec se zcela odv\u00fdrazn\u00ed a bude zobrazen pouze parametr tohoto sloupce. Lze zvolit cel\u00fd sloupec kliknut\u00edm na halvi\u010dku.<\/p>\n<p><a href=\"https:\/\/www.fmsdocumentation.com\/wp-content\/uploads\/2017\/04\/174.png\"><img loading=\"lazy\" decoding=\"async\" class=\"alignnone wp-image-279 size-full\" src=\"https:\/\/www.fmsdocumentation.com\/wp-content\/uploads\/2017\/04\/174.png\" alt=\"\" width=\"707\" height=\"435\" srcset=\"https:\/\/www.fmsdocumentation.com\/wp-content\/uploads\/2017\/04\/174.png 707w, https:\/\/www.fmsdocumentation.com\/wp-content\/uploads\/2017\/04\/174-300x185.png 300w\" sizes=\"auto, (max-width: 707px) 100vw, 707px\" \/><\/a><\/p>\n<hr \/>\n<p><div class=\"alignleft\"><a href=\"https:\/\/www.fmsdocumentation.com\/cs\/eco-driving-menu\/fleet-summary\/\" title=\"P\u0159ehled za flotilu\"><span class=\"arrow\">\u2039 &nbsp <\/span> P\u0159ehled za flotilu <\/a><\/div> <div class=\"alignright\"><a href=\"https:\/\/www.fmsdocumentation.com\/cs\/eco-driving-menu\/analysis-by-driver\/\" title=\"Anal\u00fdza podle \u0159idi\u010d\u016f\">Anal\u00fdza podle \u0159idi\u010d\u016f <span class=\"arrow\"> &nbsp\u203a <\/span> <\/a><\/div><\/p>\n<p>&nbsp;<\/p>\n","protected":false},"excerpt":{"rendered":"<p>Anal\u00fdza podle vozidla zobrazuje podrobn\u011bj\u0161\u00ed rozbor parametr\u016f vozidla za zvolen\u00e9 obdob\u00ed.\u00a0 Tabulka m\u00e1 dv\u011b \u010d\u00e1sti: Graf; Statistiku. Graf \u2013 zobrazuje data v grafick\u00e9m form\u00e1tu. Sou\u010dasn\u011b lze zobrazit jen jeden typ dat. N\u00e1zev aktu\u00e1ln\u011b zobrazen\u00fdch\u00a0 dat je v lev\u00e9m horn\u00edm rohu grafu. Zobrazen\u00e1 data lze zm\u011bnit v statistick\u00e9 \u010d\u00e1sti. M\u011b\u0159\u00edtko &#8211; na ose y jsou hodnoty &hellip; <a href=\"https:\/\/www.fmsdocumentation.com\/cs\/eco-driving-menu\/analysis-by-vehicle\/\" class=\"more-link\">Pokra\u010dov\u00e1n\u00ed textu <span class=\"screen-reader-text\">Anal\u00fdza podle vozidla<\/span><\/a><\/p>\n","protected":false},"author":1,"featured_media":0,"parent":862,"menu_order":2,"comment_status":"closed","ping_status":"closed","template":"","meta":{"footnotes":""},"class_list":["post-860","page","type-page","status-publish","hentry"],"_links":{"self":[{"href":"https:\/\/www.fmsdocumentation.com\/cs\/wp-json\/wp\/v2\/pages\/860","targetHints":{"allow":["GET"]}}],"collection":[{"href":"https:\/\/www.fmsdocumentation.com\/cs\/wp-json\/wp\/v2\/pages"}],"about":[{"href":"https:\/\/www.fmsdocumentation.com\/cs\/wp-json\/wp\/v2\/types\/page"}],"author":[{"embeddable":true,"href":"https:\/\/www.fmsdocumentation.com\/cs\/wp-json\/wp\/v2\/users\/1"}],"replies":[{"embeddable":true,"href":"https:\/\/www.fmsdocumentation.com\/cs\/wp-json\/wp\/v2\/comments?post=860"}],"version-history":[{"count":5,"href":"https:\/\/www.fmsdocumentation.com\/cs\/wp-json\/wp\/v2\/pages\/860\/revisions"}],"predecessor-version":[{"id":5686,"href":"https:\/\/www.fmsdocumentation.com\/cs\/wp-json\/wp\/v2\/pages\/860\/revisions\/5686"}],"up":[{"embeddable":true,"href":"https:\/\/www.fmsdocumentation.com\/cs\/wp-json\/wp\/v2\/pages\/862"}],"wp:attachment":[{"href":"https:\/\/www.fmsdocumentation.com\/cs\/wp-json\/wp\/v2\/media?parent=860"}],"curies":[{"name":"wp","href":"https:\/\/api.w.org\/{rel}","templated":true}]}}