{"id":861,"date":"2017-04-06T09:32:05","date_gmt":"2017-04-06T09:32:05","guid":{"rendered":"http:\/\/www.fmsdocumentation.com\/fleet-summary\/"},"modified":"2018-08-09T11:34:40","modified_gmt":"2018-08-09T11:34:40","slug":"fleet-summary","status":"publish","type":"page","link":"https:\/\/www.fmsdocumentation.com\/cs\/eco-driving-menu\/fleet-summary\/","title":{"rendered":"P\u0159ehled za flotilu"},"content":{"rendered":"<p>P\u0159ehled za flotilu je okno, automaticky otev\u0159en\u00e9 po kliknut\u00ed na ikonu &#8220;Styl j\u00edzdy&#8221;. Zobrazen\u00e1 anal\u00fdza je, jak ji\u017e bylo zm\u00edn\u011bno, za posledn\u00edch pln\u00fdch 7 dn\u016f, pokud nen\u00ed u\u017eivatelem zm\u011bn\u011bno.<\/p>\n<p style=\"background-color: #2e67b1; color: #ffffff; padding-left: 10px; padding-right: 10px;\"><p class=\"note\">Pozn\u00e1mka<br \/>\nAnal\u00fdza stylu j\u00edzdy porovn\u00e1v\u00e1 data za zvolen\u00e9 \u010dasov\u00e9 obdob\u00ed s obdob\u00edm p\u0159edch\u00e1zej\u00edc\u00edm. (<em>Nap\u0159.: Datum je nastaveno od 15. \u0159\u00edjna do 25, \u0159\u00edjna , co\u017e \u010din\u00ed 11dn\u016f. Data tohoto \u010dasov\u00e9ho obdob\u00ed se budou porovn\u00e1vat s daty 11 dn\u016f p\u0159edt\u00edm. Tzn. s obdob\u00edm od 4. \u0159\u00edjna do 14. \u0159\u00edjna. Zvolen\u00e9 dny &#8220;od&#8221; a &#8220;do&#8221; jsou v anal\u00fdze zahrnuty.\u00a0<\/p><\/em><\/p>\n<p>P\u0159ehled za flotilu je rozd\u011blen do t\u0159\u00ed sekc\u00ed:<\/p>\n<ol>\n<li><strong>Obecn\u00e1 anal\u00fdza<\/strong>;<\/li>\n<li><strong>Hodnocen\u00ed vozidla<\/strong>;<\/li>\n<li><strong>Hodnocen\u00ed \u0159idi\u010de<\/strong>.<\/li>\n<\/ol>\n<p><a href=\"https:\/\/www.fmsdocumentation.com\/wp-content\/uploads\/2017\/04\/157.png\"><img loading=\"lazy\" decoding=\"async\" class=\"alignnone wp-image-262 size-large\" src=\"https:\/\/www.fmsdocumentation.com\/wp-content\/uploads\/2017\/04\/157-1024x524.png\" alt=\"\" width=\"660\" height=\"338\" srcset=\"https:\/\/www.fmsdocumentation.com\/wp-content\/uploads\/2017\/04\/157-1024x524.png 1024w, https:\/\/www.fmsdocumentation.com\/wp-content\/uploads\/2017\/04\/157-300x153.png 300w, https:\/\/www.fmsdocumentation.com\/wp-content\/uploads\/2017\/04\/157-768x393.png 768w, https:\/\/www.fmsdocumentation.com\/wp-content\/uploads\/2017\/04\/157.png 1392w\" sizes=\"auto, (max-width: 660px) 100vw, 660px\" \/><\/a><\/p>\n<p><strong>Obecn\u00e1 anal\u00fdza<\/strong> \u2013 zobrazuje anal\u00fdzu standardn\u00edch informac\u00ed. Tento graf porovn\u00e1v\u00e1 aktu\u00e1ln\u00ed a p\u0159edchoz\u00ed data. Metoda porovn\u00e1v\u00e1n\u00ed je popsan\u00e1 na za\u010d\u00e1tku tohoto odstavce. Horn\u00ed sloupec je zobrazen bu\u010f <span style=\"background-color: #00ff00; color: #000000;\">Zelen\u011b<\/span> nebo <span style=\"background-color: #ff0000; color: #ffffff;\">\u010cerven\u011b<\/span>, takto se zobrazuj\u00ed aktu\u00e1ln\u00ed data. Spodn\u00ed je v\u017edycky zobrazen <span style=\"background-color: #808080; color: #ffffff;\">\u0161ed\u011b<\/span> a p\u0159edstavuje anal\u00fdzu p\u0159edch\u00e1zej\u00edc\u00edho zvolen\u00e9mu obdob\u00ed. Barva prvn\u00edho sloupce z\u00e1vis\u00ed na rozd\u00edlu anal\u00fdzy t\u011bchto dvou graf\u016f. Jestli\u017ee je zm\u011bna pozitivn\u00ed (nap\u0159. m\u00e9n\u011b spot\u0159ebovan\u00e9ho paliva, m\u00e9n\u011b bod\u016f za nebezpe\u010dn\u00e9 \u0159\u00edzen\u00ed) potom je barva\u00a0 <span style=\"background-color: #00ff00; color: #000000;\">zelen\u00e1<\/span>, je-li zm\u011bna negativn\u00ed (v\u00edce extr\u00e9mn\u00edho br\u017ed\u011bn\u00ed, v\u00edce spot\u0159ebovan\u00e9ho paliva, men\u0161\u00ed ujet\u00e1 vzd\u00e1lenost, atd.) potom je\u00a0 <span style=\"background-color: #ff0000; color: #ffffff;\">\u010derven\u00fd<\/span>. Vedle grafu je rovn\u011b\u017e zm\u011bna v procentech uvedena v p\u0159\u00edslu\u0161n\u00e9 barv\u011b.\u00a0 Jestli\u017ee nenastala zm\u011bna, potom pro tato kriteria nen\u00ed \u017e\u00e1dn\u00fd graf \u010di procentu\u00e1ln\u00ed vyj\u00e1d\u0159en\u00ed.<\/p>\n<p style=\"background-color: #2e67b1; color: #ffffff; padding-left: 10px; padding-right: 10px;\"><p class=\"note\">Pozn\u00e1mka<br \/>\nZm\u011bny u\u010din\u011bn\u00e9 v &#8220;Konfiguraci hodnocen\u00ed&#8221; ovliv\u0148uj\u00ed barvu anal\u00fdzy. V\u00fd\u0161e uveden\u00e9 barvy plat\u00ed pro standardn\u00ed konfiguraci. Byly-li provedeny zm\u011bny, zm\u011bn\u00ed se i barvy.<\/p><\/p>\n<p><a href=\"https:\/\/www.fmsdocumentation.com\/wp-content\/uploads\/2017\/04\/158.png\"><img loading=\"lazy\" decoding=\"async\" class=\"alignnone wp-image-263 size-full\" src=\"https:\/\/www.fmsdocumentation.com\/wp-content\/uploads\/2017\/04\/158.png\" alt=\"\" width=\"745\" height=\"141\" srcset=\"https:\/\/www.fmsdocumentation.com\/wp-content\/uploads\/2017\/04\/158.png 745w, https:\/\/www.fmsdocumentation.com\/wp-content\/uploads\/2017\/04\/158-300x57.png 300w\" sizes=\"auto, (max-width: 745px) 100vw, 745px\" \/><\/a><\/p>\n<p>P\u0159esunut\u00ed my\u0161i na hodnotu kriteria se automaticky zobraz\u00ed dodate\u010dn\u00e9 informace. Tato informa\u010dn\u00ed struktura je identick\u00e1 pro ka\u017edou hodnotu a obsahuje n\u00e1sleduj\u00edc\u00ed:<\/p>\n<ul>\n<li>Hodnotu pro zvolen\u00e9 obdob\u00ed;<\/li>\n<li>Hodnotu pro p\u0159edchoz\u00ed obdob\u00ed;<\/li>\n<li>Rozd\u00edl hodnot.<\/li>\n<\/ul>\n<p><a href=\"https:\/\/www.fmsdocumentation.com\/wp-content\/uploads\/2017\/04\/159.png\"><img loading=\"lazy\" decoding=\"async\" class=\"alignnone wp-image-264 size-full\" src=\"https:\/\/www.fmsdocumentation.com\/wp-content\/uploads\/2017\/04\/159.png\" alt=\"\" width=\"373\" height=\"282\" srcset=\"https:\/\/www.fmsdocumentation.com\/wp-content\/uploads\/2017\/04\/159.png 373w, https:\/\/www.fmsdocumentation.com\/wp-content\/uploads\/2017\/04\/159-300x227.png 300w\" sizes=\"auto, (max-width: 373px) 100vw, 373px\" \/><\/a><\/p>\n<p>Pro n\u011bkter\u00e9 hodnoty, u nich\u017e nen\u00ed jasn\u00e9, jak byly vypo\u010dteny, je vedle n\u00e1zvu hodnoty informa\u010dn\u00ed ikona. Um\u00edst\u011bn\u00edm my\u0161i na ikonu se automaticky zobraz\u00ed informace, jak byla hodnota spo\u010dit\u00e1na.<\/p>\n<p><a href=\"https:\/\/www.fmsdocumentation.com\/wp-content\/uploads\/2017\/04\/160.png\"><img loading=\"lazy\" decoding=\"async\" class=\"alignnone wp-image-265 size-full\" src=\"https:\/\/www.fmsdocumentation.com\/wp-content\/uploads\/2017\/04\/160.png\" alt=\"\" width=\"211\" height=\"200\" \/><\/a><\/p>\n<p>Obecn\u00e1 informace se skl\u00e1d\u00e1 ze standardn\u00edho souboru informac\u00ed:<\/p>\n<ol>\n<li><strong>Vozidla<\/strong> \u2013 celkov\u00fd po\u010det vozidel ve flotile, je\u017e podporuj\u00ed styl j\u00edzdy. Vozidla nepodporuj\u00edc\u00ed styl j\u00edzdy &#8211; jednodu\u0161\u0161\u00ed vozidlov\u00e9 jednotky, star\u0161\u00ed modely vozidel, atd., se zde nezobrazuj\u00ed, ale jsou uvedeny ve spodn\u00ed \u010d\u00e1sti okna vlevo.<\/li>\n<li><strong>\u0158idi\u010di<\/strong> \u2013 Po\u010det \u0159idi\u010d\u016f, je\u017e \u0159\u00eddili ve zvolen\u00e9m obdob\u00ed;<\/li>\n<li><strong>Spot\u0159ebovan\u00e9 palivo<\/strong> (litry) \u2013 palivo spot\u0159ebovan\u00e9 v\u0161emi vozidly za uveden\u00e9 obdob\u00ed;<\/li>\n<li><strong>Nadspot\u0159eba <\/strong>(litry) \u2013 spo\u010dten\u00e1 nadspot\u0159eba v\u0161ech vozidel za vybran\u00e9 obdob\u00ed;<\/li>\n<li><strong>Nebezpe\u010dn\u00e9 \u0159\u00edzen\u00ed <\/strong>(body) \u2013 vypo\u010d\u00edtan\u00e9 body za nebezpe\u010dn\u00e9 \u0159\u00edzen\u00ed v\u0161ech vozidel za vybran\u00e9 obdob\u00ed;<\/li>\n<li><strong>Ujet\u00e1 vzd\u00e1lenost<\/strong> (km) \u2013 ujet\u00e1 vzd\u00e1lenost v\u0161ech vozidel za vybran\u00e9 obdob\u00ed;<\/li>\n<li><strong>Doba j\u00edzdy<\/strong> \u2013 doba j\u00edzdy jednotliv\u00fdch \u0159idi\u010d\u016f za vybran\u00e9 obdob\u00ed;<\/li>\n<li><strong>Doba na volnob\u011bhu<\/strong> \u2013 doba na volnob\u011bhu v\u0161ech vozidel za vybran\u00e9 obdob\u00ed;<\/li>\n<li><strong>Extr\u00e9mn\u00ed br\u017ed\u011bn\u00ed<\/strong> (po\u010det) \u2013 v\u0161echna extr\u00e9mn\u00ed br\u017ed\u011bn\u00ed v\u0161ech \u0159idi\u010d\u016f za vybran\u00e9 obdob\u00ed;<\/li>\n<li><strong>Prudk\u00e1 akcelerace<\/strong> (po\u010det) \u2013 v\u0161echna prudk\u00e1 akcelerace v\u0161ech \u0159idi\u010d\u016f za vybran\u00e9 obdob\u00ed.<\/li>\n<\/ol>\n<p><a href=\"https:\/\/www.fmsdocumentation.com\/wp-content\/uploads\/2017\/04\/162.png\"><img loading=\"lazy\" decoding=\"async\" class=\"alignnone wp-image-266 size-large\" src=\"https:\/\/www.fmsdocumentation.com\/wp-content\/uploads\/2017\/04\/162-1024x206.png\" alt=\"\" width=\"660\" height=\"133\" srcset=\"https:\/\/www.fmsdocumentation.com\/wp-content\/uploads\/2017\/04\/162-1024x206.png 1024w, https:\/\/www.fmsdocumentation.com\/wp-content\/uploads\/2017\/04\/162-300x60.png 300w, https:\/\/www.fmsdocumentation.com\/wp-content\/uploads\/2017\/04\/162-768x154.png 768w, https:\/\/www.fmsdocumentation.com\/wp-content\/uploads\/2017\/04\/162.png 1392w\" sizes=\"auto, (max-width: 660px) 100vw, 660px\" \/><\/a><\/p>\n<p><strong>Hodnocen\u00ed vozidel<\/strong> \u2013 zobrazuje hodnocen\u00ed vozidel podle zvolen\u00fdch kriterii. Vozidla s nejlep\u0161\u00edm hodnocen\u00edm jsou \u0159azena naho\u0159e, nejhor\u0161\u00ed dole. Barvy grafu jsou nastaveny automaticky a mohou b\u00fdt zm\u011bn\u011bny v menu &#8220;Konfigurace hodnocen\u00ed&#8221;. Zobrazen\u00e1 hodnocen\u00ed mohou b\u00fdt zm\u011bn\u011bna kliknut\u00edm na t\u0159i te\u010dky v prav\u00e9 horn\u00ed \u010d\u00e1sti. N\u00e1zev aktu\u00e1ln\u00ed hodnoty se zobraz\u00ed vedle. Vozidla vybavena hardwarem, kter\u00fd nepodporuje styl j\u00edzdy, se zobrazuj\u00ed ve spodn\u00edm lev\u00e9m rohu t\u00e9to sekce.<\/p>\n<p><a href=\"https:\/\/www.fmsdocumentation.com\/wp-content\/uploads\/2017\/04\/163.png\"><img loading=\"lazy\" decoding=\"async\" class=\"alignnone wp-image-267 size-full\" src=\"https:\/\/www.fmsdocumentation.com\/wp-content\/uploads\/2017\/04\/163.png\" alt=\"\" width=\"929\" height=\"400\" srcset=\"https:\/\/www.fmsdocumentation.com\/wp-content\/uploads\/2017\/04\/163.png 929w, https:\/\/www.fmsdocumentation.com\/wp-content\/uploads\/2017\/04\/163-300x129.png 300w, https:\/\/www.fmsdocumentation.com\/wp-content\/uploads\/2017\/04\/163-768x331.png 768w\" sizes=\"auto, (max-width: 929px) 100vw, 929px\" \/><\/a><\/p>\n<hr \/>\n<h3>Konfigurace hodnocen\u00ed<strong><br \/>\n<\/strong><\/h3>\n<p>Po kliknut\u00ed na t\u0159i te\u010dky se objev\u00ed okno &#8220;Konfigurovat hodnocen\u00ed&#8221;. Aktu\u00e1ln\u011b vybran\u00e9 hodnocen\u00ed bude zv\u00fdrazn\u011bno sv\u011btle \u0161edou barvou a modrou \u010d\u00e1rou na prav\u00e9 stran\u011b n\u00e1zvu hodnocen\u00ed. Volba jin\u00e9ho hodnocen\u00ed se provede kliknut\u00edm na po\u017eadovan\u00e9 hodnocen\u00ed. V jednom okam\u017eiku lze zm\u011bnit jen jedno hodnocen\u00ed.<\/p>\n<p><a href=\"https:\/\/www.fmsdocumentation.com\/wp-content\/uploads\/2017\/04\/164.png\"><img loading=\"lazy\" decoding=\"async\" class=\"alignnone wp-image-268 size-full\" src=\"https:\/\/www.fmsdocumentation.com\/wp-content\/uploads\/2017\/04\/164.png\" alt=\"\" width=\"484\" height=\"725\" srcset=\"https:\/\/www.fmsdocumentation.com\/wp-content\/uploads\/2017\/04\/164.png 484w, https:\/\/www.fmsdocumentation.com\/wp-content\/uploads\/2017\/04\/164-200x300.png 200w\" sizes=\"auto, (max-width: 484px) 100vw, 484px\" \/><\/a><\/p>\n<p>Hodnocen\u00ed vozidel se aktualizuje automaticky po v\u00fdb\u011bru nov\u00e9ho hodnocen\u00ed. Vedle ka\u017ed\u00e9ho sloupce je n\u00e1zev vozidla.<\/p>\n<p style=\"background-color: #2e67b1; color: #ffffff; padding-left: 10px; padding-right: 10px;\"><p class=\"note\">Pozn\u00e1mka<br \/>\nOkno konfigurace hodnocen\u00ed je stejn\u00e9 pro hodnocen\u00ed vozidel i \u0159idi\u010d\u016f, ale funguji odd\u011blen\u011b.<\/p><\/p>\n<p><strong>Hodnocen\u00ed \u0159idi\u010d\u016f<\/strong> \u2013 zobrazuje hodnocen\u00ed \u0159idi\u010d\u016f podle vybran\u00fdch kriterii. \u0158idi\u010di s nejvy\u0161\u0161\u00edm hodnocen\u00edm jsou naho\u0159e, s nejni\u017e\u0161\u00edm dole.\u00a0Barvy grafu jsou nastaveny automaticky a mohou b\u00fdt zm\u011bn\u011bny v menu &#8220;Konfigurace hodnocen\u00ed&#8221;. Zobrazen\u00e1 hodnocen\u00ed mohou b\u00fdt zm\u011bn\u011bna kliknut\u00edm na t\u0159i te\u010dky v prav\u00e9 horn\u00ed \u010d\u00e1sti. N\u00e1zev aktu\u00e1ln\u00ed hodnoty se zobraz\u00ed vedle. \u0158idi\u010di, kte\u0159\u00ed \u0159idili vozidla vybavena hardwarem, kter\u00fd nepodporuje styl j\u00edzdy, se zobrazuj\u00ed v spodn\u00edm prav\u00e9m rohu t\u00e9to sekce.<\/p>\n<p><a href=\"https:\/\/www.fmsdocumentation.com\/wp-content\/uploads\/2017\/04\/165.png\"><img loading=\"lazy\" decoding=\"async\" class=\"alignnone wp-image-269 size-full\" src=\"https:\/\/www.fmsdocumentation.com\/wp-content\/uploads\/2017\/04\/165.png\" alt=\"\" width=\"926\" height=\"509\" srcset=\"https:\/\/www.fmsdocumentation.com\/wp-content\/uploads\/2017\/04\/165.png 926w, https:\/\/www.fmsdocumentation.com\/wp-content\/uploads\/2017\/04\/165-300x165.png 300w, https:\/\/www.fmsdocumentation.com\/wp-content\/uploads\/2017\/04\/165-768x422.png 768w\" sizes=\"auto, (max-width: 926px) 100vw, 926px\" \/><\/a><\/p>\n<p style=\"background-color: #2e67b1; color: #ffffff; padding-left: 10px; padding-right: 10px;\"><p class=\"note\">Pozn\u00e1mka<br \/>\nKliknut\u00ed na jm\u00e9no \u0159idi\u010de nebo do jeho sloupce grafu p\u0159esm\u011bruje u\u017eivatele na &#8220;Anal\u00fdzu podle \u0159idi\u010d\u016f&#8221; a zobraz\u00ed statistiku pro zvolen\u00e9ho u\u017eivatele.<\/p><\/p>\n<hr \/>\n<p><div class=\"alignleft\"><a href=\"https:\/\/www.fmsdocumentation.com\/cs\/eco-driving-menu\/\" title=\"Menu stylu j\u00edzdy\"><span class=\"arrow\">\u2039 &nbsp <\/span> Menu stylu j\u00edzdy <\/a><\/div> <div class=\"alignright\"><a href=\"https:\/\/www.fmsdocumentation.com\/cs\/eco-driving-menu\/analysis-by-vehicle\/\" title=\"Anal\u00fdza podle vozidla\">Anal\u00fdza podle vozidla <span class=\"arrow\"> &nbsp\u203a <\/span> <\/a><\/div><\/p>\n<p>&nbsp;<\/p>\n","protected":false},"excerpt":{"rendered":"<p>P\u0159ehled za flotilu je okno, automaticky otev\u0159en\u00e9 po kliknut\u00ed na ikonu &#8220;Styl j\u00edzdy&#8221;. Zobrazen\u00e1 anal\u00fdza je, jak ji\u017e bylo zm\u00edn\u011bno, za posledn\u00edch pln\u00fdch 7 dn\u016f, pokud nen\u00ed u\u017eivatelem zm\u011bn\u011bno. Pozn\u00e1mka Anal\u00fdza stylu j\u00edzdy porovn\u00e1v\u00e1 data za zvolen\u00e9 \u010dasov\u00e9 obdob\u00ed s obdob\u00edm p\u0159edch\u00e1zej\u00edc\u00edm. (Nap\u0159.: Datum je nastaveno od 15. \u0159\u00edjna do 25, \u0159\u00edjna , co\u017e \u010din\u00ed &hellip; <a href=\"https:\/\/www.fmsdocumentation.com\/cs\/eco-driving-menu\/fleet-summary\/\" class=\"more-link\">Pokra\u010dov\u00e1n\u00ed textu <span class=\"screen-reader-text\">P\u0159ehled za flotilu<\/span><\/a><\/p>\n","protected":false},"author":1,"featured_media":0,"parent":862,"menu_order":1,"comment_status":"closed","ping_status":"closed","template":"","meta":{"footnotes":""},"class_list":["post-861","page","type-page","status-publish","hentry"],"_links":{"self":[{"href":"https:\/\/www.fmsdocumentation.com\/cs\/wp-json\/wp\/v2\/pages\/861","targetHints":{"allow":["GET"]}}],"collection":[{"href":"https:\/\/www.fmsdocumentation.com\/cs\/wp-json\/wp\/v2\/pages"}],"about":[{"href":"https:\/\/www.fmsdocumentation.com\/cs\/wp-json\/wp\/v2\/types\/page"}],"author":[{"embeddable":true,"href":"https:\/\/www.fmsdocumentation.com\/cs\/wp-json\/wp\/v2\/users\/1"}],"replies":[{"embeddable":true,"href":"https:\/\/www.fmsdocumentation.com\/cs\/wp-json\/wp\/v2\/comments?post=861"}],"version-history":[{"count":7,"href":"https:\/\/www.fmsdocumentation.com\/cs\/wp-json\/wp\/v2\/pages\/861\/revisions"}],"predecessor-version":[{"id":5683,"href":"https:\/\/www.fmsdocumentation.com\/cs\/wp-json\/wp\/v2\/pages\/861\/revisions\/5683"}],"up":[{"embeddable":true,"href":"https:\/\/www.fmsdocumentation.com\/cs\/wp-json\/wp\/v2\/pages\/862"}],"wp:attachment":[{"href":"https:\/\/www.fmsdocumentation.com\/cs\/wp-json\/wp\/v2\/media?parent=861"}],"curies":[{"name":"wp","href":"https:\/\/api.w.org\/{rel}","templated":true}]}}