{"id":862,"date":"2017-04-06T09:28:31","date_gmt":"2017-04-06T09:28:31","guid":{"rendered":"http:\/\/www.fmsdocumentation.com\/eco-driving-menu\/"},"modified":"2020-06-09T14:22:06","modified_gmt":"2020-06-09T11:22:06","slug":"eco-driving-menu","status":"publish","type":"page","link":"https:\/\/www.fmsdocumentation.com\/cs\/eco-driving-menu\/","title":{"rendered":"Menu stylu j\u00edzdy"},"content":{"rendered":"<p>Styl j\u00edzdy je anal\u00fdza parametr\u016f vztahuj\u00edc\u00edch se k ekonomick\u00e9mu stylu j\u00edzdy \u0159idi\u010de a vozidla. Pro p\u0159\u00edstup k tabulce stylu j\u00edzdy se klikne na p\u0159\u00edslu\u0161nou ikonu na lev\u00e9 stran\u011b naviga\u010dn\u00edho panelu.<\/p>\n<p><a href=\"https:\/\/www.fmsdocumentation.com\/wp-content\/uploads\/2017\/04\/151.png\"><img loading=\"lazy\" decoding=\"async\" class=\"alignnone wp-image-254 size-large\" src=\"https:\/\/www.fmsdocumentation.com\/wp-content\/uploads\/2017\/04\/151-1024x507.png\" alt=\"\" width=\"660\" height=\"327\" srcset=\"https:\/\/www.fmsdocumentation.com\/wp-content\/uploads\/2017\/04\/151-1024x507.png 1024w, https:\/\/www.fmsdocumentation.com\/wp-content\/uploads\/2017\/04\/151-300x148.png 300w, https:\/\/www.fmsdocumentation.com\/wp-content\/uploads\/2017\/04\/151-768x380.png 768w, https:\/\/www.fmsdocumentation.com\/wp-content\/uploads\/2017\/04\/151.png 1920w\" sizes=\"auto, (max-width: 660px) 100vw, 660px\" \/><\/a><\/p>\n<p>P\u0159ehled stylu j\u00edzdy se skl\u00e1d\u00e1 ze t\u0159\u00ed r\u016fzn\u00fdch \u0161t\u00edtk\u016f, je\u017e lze vybrat v horn\u00ed \u010d\u00e1sti obrazovky. K dispozici jsou t\u0159i r\u016fzn\u00e9 \u0161t\u00edtky:<\/p>\n<ol>\n<li><a href=\"https:\/\/www.fmsdocumentation.com\/cs\/eco-driving-menu\/fleet-summary\/\"><strong>P\u0159ehled za flotilu<\/strong><\/a> &#8211; (standardn\u00ed volba);<\/li>\n<li><a href=\"https:\/\/www.fmsdocumentation.com\/cs\/eco-driving-menu\/analysis-by-vehicle\/\"><strong>Anal\u00fdza podle vozidel<\/strong><\/a>;<\/li>\n<li><a href=\"https:\/\/www.fmsdocumentation.com\/cs\/eco-driving-menu\/analysis-by-driver\/\"><strong>Anal\u00fdza podle \u0159idi\u010d\u016f.<\/strong><\/a><\/li>\n<\/ol>\n<p><a href=\"https:\/\/www.fmsdocumentation.com\/wp-content\/uploads\/2017\/04\/152.png\"><img loading=\"lazy\" decoding=\"async\" class=\"wp-image-255 size-full alignnone\" src=\"https:\/\/www.fmsdocumentation.com\/wp-content\/uploads\/2017\/04\/152.png\" alt=\"\" width=\"379\" height=\"65\" srcset=\"https:\/\/www.fmsdocumentation.com\/wp-content\/uploads\/2017\/04\/152.png 379w, https:\/\/www.fmsdocumentation.com\/wp-content\/uploads\/2017\/04\/152-300x51.png 300w\" sizes=\"auto, (max-width: 379px) 100vw, 379px\" \/><\/a><\/p>\n<p>Aktu\u00e1ln\u011b zvolen\u00fd \u0161t\u00edtek je zv\u00fdrazn\u011bn mod\u0159e, zat\u00edmco ostatn\u00ed jsou \u0161ed\u00e9. Ka\u017ed\u00fd \u0161t\u00edtek je pops\u00e1n n\u00ed\u017ee v p\u0159\u00edslu\u0161n\u00e9 sekci.\u00a0 Prezentace dat je stejn\u00e1 pro ka\u017ed\u00fd otev\u0159en\u00fd \u0161t\u00edtek. V horn\u00ed \u010d\u00e1sti napravo jsou k dispozici dal\u0161\u00ed t\u0159i funkce. Jsou to:<\/p>\n<ol>\n<li>Konfigurace hodnocen\u00ed \u2013 pops\u00e1no n\u00ed\u017ee;<\/li>\n<li>Na\u010d\u00edst jako Excel;<\/li>\n<li>V\u00fdb\u011br datumu \u2013 pops\u00e1no n\u00ed\u017ee;<\/li>\n<\/ol>\n<p><a href=\"https:\/\/www.fmsdocumentation.com\/wp-content\/uploads\/2017\/04\/153.png\"><img loading=\"lazy\" decoding=\"async\" class=\"alignnone wp-image-256 size-full\" src=\"https:\/\/www.fmsdocumentation.com\/wp-content\/uploads\/2017\/04\/153.png\" alt=\"\" width=\"437\" height=\"65\" srcset=\"https:\/\/www.fmsdocumentation.com\/wp-content\/uploads\/2017\/04\/153.png 437w, https:\/\/www.fmsdocumentation.com\/wp-content\/uploads\/2017\/04\/153-300x45.png 300w\" sizes=\"auto, (max-width: 437px) 100vw, 437px\" \/><\/a><\/p>\n<p><strong>Konfigurace hodnocen\u00ed<\/strong> \u2013 Umo\u017e\u0148uje konfigurovat rozsah hodnot pro zbarven\u00ed parametr\u016f. Hodnoty mohou b\u00fdt konfigurov\u00e1ny pro:<\/p>\n<ul>\n<li>Spot\u0159ebovan\u00e9 palivo (litry);<\/li>\n<li>Spot\u0159eba paliva (litry\/100km);<\/li>\n<li>Nadspot\u0159eba (litry);<\/li>\n<li>Nadspot\u0159eba (litry\/100km);<\/li>\n<li>Nebezpe\u010dn\u00e9 \u0159\u00edzen\u00ed (body);<\/li>\n<li>Body za nebezpe\u010dn\u00e9 \u0159\u00edzen\u00ed (body\/100km);<\/li>\n<li>Ujet\u00e1 vzd\u00e1lenost (km);<\/li>\n<li>Doba \u0159\u00edzen\u00ed (minuty);<\/li>\n<li>Doba volnov\u011bhu (minuty);<\/li>\n<li>Extr\u00e9mn\u00ed br\u017ed\u011bn\u00ed (ud\u00e1lost\u00ed)<\/li>\n<li>Prudk\u00e1 akcelerace (po\u010det ud\u00e1lost\u00ed)<\/li>\n<li>Prudk\u00e1 akcelerace (po\u010det ud\u00e1lost\u00ed \/100km)<\/li>\n<li>Prudk\u00e9 br\u017ed\u011bn\u00ed (po\u010det ud\u00e1lost\u00ed)<\/li>\n<li>Prudk\u00e9 br\u017ed\u011bn\u00ed (po\u010det ud\u00e1lost\u00ed \/100km)<\/li>\n<\/ul>\n<p>Volby jsou k dispozici na posuvn\u00e9 li\u0161t\u011b vlevo, konfigura\u010dn\u00ed \u010d\u00e1st je um\u00edst\u011bna vpravo a je pro ka\u017edou volbu stejn\u00e1.<\/p>\n<p><a href=\"https:\/\/www.fmsdocumentation.com\/wp-content\/uploads\/2017\/04\/154.png\"><img loading=\"lazy\" decoding=\"async\" class=\"alignnone wp-image-257 size-full\" src=\"https:\/\/www.fmsdocumentation.com\/wp-content\/uploads\/2017\/04\/154.png\" alt=\"\" width=\"752\" height=\"492\" srcset=\"https:\/\/www.fmsdocumentation.com\/wp-content\/uploads\/2017\/04\/154.png 752w, https:\/\/www.fmsdocumentation.com\/wp-content\/uploads\/2017\/04\/154-300x196.png 300w\" sizes=\"auto, (max-width: 752px) 100vw, 752px\" \/><\/a><\/p>\n<p>Konfigura\u010dn\u00ed \u010d\u00e1st sest\u00e1v\u00e1 z:<\/p>\n<ol>\n<li>N\u00e1zev vybran\u00e9 volby;<\/li>\n<li>Obr\u00e1tit hodnoty \u2013 obrac\u00ed zobrazenou barvu za hodnoty\u00a0 (m\u016f\u017ee b\u00fdt Zapnuto\/vypnuto, vypnuto standardn\u011b);<\/li>\n<li>Hodnoty (zobrazen\u00e9 hodnoty z\u00e1vis\u00ed na zvolen\u00e9 volb\u011b (litry; litry\/100km;body;ud\u00e1losti; atd.));<\/li>\n<li>Posuvn\u00e1 \u010d\u00e1ra hodnot &#8211; Rozsah je omezen podle zvolen\u00e9 volby, ka\u017ed\u00e1 volba m\u00e1 sv\u016fj rozsah;<\/li>\n<li>Z\u00e1kaznick\u00e1 hodnota &#8211; Rozsash je rovn\u011b\u017e omezen podle zvolen\u00e9 volby;<\/li>\n<li>Rozsah hodnot &#8211; Zobraz\u00ed se pouze v p\u0159\u00edpad\u011b, \u017ee vlo\u017een\u00e1 z\u00e1kaznick\u00e1 hodnota je mimo povolen\u00fd rozsah.<\/li>\n<\/ol>\n<p><a href=\"https:\/\/www.fmsdocumentation.com\/wp-content\/uploads\/2017\/04\/155.png\"><img loading=\"lazy\" decoding=\"async\" class=\"alignnone wp-image-258 size-full\" src=\"https:\/\/www.fmsdocumentation.com\/wp-content\/uploads\/2017\/04\/155.png\" alt=\"\" width=\"429\" height=\"278\" srcset=\"https:\/\/www.fmsdocumentation.com\/wp-content\/uploads\/2017\/04\/155.png 429w, https:\/\/www.fmsdocumentation.com\/wp-content\/uploads\/2017\/04\/155-300x194.png 300w\" sizes=\"auto, (max-width: 429px) 100vw, 429px\" \/><\/a><\/p>\n<p>Po zvolen\u00ed preferovan\u00e9 volby se pro ulo\u017een\u00ed nov\u00e9 konfigurace klikne na &#8220;Hotovo&#8221; ve spodn\u00ed \u010d\u00e1sti okna .<\/p>\n<p style=\"background-color: #2e67b1; color: #ffffff; padding-left: 10px; padding-right: 10px;\"><p class=\"note\">Pozn\u00e1mka<br \/>\nTyto konfigurace se ulo\u017e\u00ed na servru a v\u0161echny u\u010din\u011bn\u00e9 zm\u011bny z\u016fstanou i po ukon\u010den\u00ed relace.<\/p><\/p>\n<p style=\"background-color: #2e67b1; color: #ffffff; padding-left: 10px; padding-right: 10px;\"><p class=\"note\">Pozn\u00e1mka<br \/>\nZm\u011bny proveden\u00e9 v konfiguraci z\u016fstanou i kdy\u017e se nestiskne tla\u010d\u00edtko &#8220;Hotovo&#8221; a\u00a0 klikne se stranou obrazovky pro uzav\u0159en\u00ed okna. V\u0161echny zm\u011bny budou ulo\u017eeny.<\/p><\/p>\n<p><strong>Datum <\/strong>\u2013 Z\u00e1kladn\u00ed kalend\u00e1\u0159 je omezen na v\u00fdb\u011br dne (\u017e\u00e1dn\u00e9 hodiny a minuty). Umo\u017e\u0148uje zvolit \u010dasov\u00e9 obdob\u00ed pro kter\u00e9 m\u00e1 b\u00fdt anal\u00fdza stylu j\u00edzdy zobrazena. Standardn\u011b je p\u0159i p\u0159ihl\u00e1\u0161en\u00ed nastaveno posledn\u00edch 7 dn\u016f (aktu\u00e1ln\u00ed den nen\u00ed zahrnut, proto\u017ee st\u00e1le prob\u00edh\u00e1). Aktu\u00e1ln\u00ed den m\u016f\u017ee b\u00fdt zvolen manu\u00e1ln\u011b. Aktu\u00e1ln\u00ed den je v\u017edy zv\u00fdrazn\u011bn modr\u00fdm troj\u00faheln\u00ed\u010dkem v lev\u00e9m horn\u00edm rohu.<\/p>\n<p><a href=\"https:\/\/www.fmsdocumentation.com\/wp-content\/uploads\/2017\/04\/156.png\"><img loading=\"lazy\" decoding=\"async\" class=\"alignnone wp-image-259 size-full\" src=\"https:\/\/www.fmsdocumentation.com\/wp-content\/uploads\/2017\/04\/156.png\" alt=\"\" width=\"331\" height=\"408\" srcset=\"https:\/\/www.fmsdocumentation.com\/wp-content\/uploads\/2017\/04\/156.png 331w, https:\/\/www.fmsdocumentation.com\/wp-content\/uploads\/2017\/04\/156-243x300.png 243w\" sizes=\"auto, (max-width: 331px) 100vw, 331px\" \/><\/a><\/p>\n<p><strong>V\u00fdb\u011br datumu<\/strong> \u2013 Pro v\u00fdb\u011br obdob\u00ed datumu klikn\u011bte na po\u010d\u00e1te\u010dn\u00ed nebo koncov\u00fd den a potom klikn\u011bte\u00a0 na opa\u010dn\u00fd den po\u017eadovan\u00e9ho obdob\u00ed. Datum lze vyb\u00edrat z libovoln\u00e9ho sm\u011bru, nen\u00ed zde \u017e\u00e1dn\u00e1 priorita. Po v\u00fdb\u011bru data syst\u00e9m automaticky anal\u00fdzu aktualizuje, \u017e\u00e1dn\u00e1 dal\u0161\u00ed akce nen\u00ed zapot\u0159eb\u00ed. Tento datum z\u016fst\u00e1v\u00e1 stejn\u00fd pro ka\u017ed\u00fd zvolen\u00fd \u0161t\u00edtek a vr\u00e1t\u00ed se zp\u011bt na standardn\u00ed nastaven\u00ed po odhl\u00e1\u0161en\u00ed. Maxim\u00e1ln\u00ed obdob\u00ed je 3 m\u011bs\u00edce.<\/p>\n<p><strong>V\u00fdb\u011br jednoho dne<\/strong> \u2013 volba jednoho dne pro anal\u00fdzu se provede dvoj\u00edm kliknut\u00edm na po\u017eadovan\u00fd den.<\/p>\n<hr \/>\n<p><div class=\"alignleft\"><a href=\"https:\/\/www.fmsdocumentation.com\/cs\/maintenance-tasks-menu\/maintenance-task-vehicle-edit\/\" title=\"Editace upozor\u0148ov\u00e1n\u00ed\"><span class=\"arrow\">\u2039 &nbsp <\/span> Editace upozor\u0148ov\u00e1n\u00ed <\/a><\/div> <div class=\"alignright\"><a href=\"https:\/\/www.fmsdocumentation.com\/cs\/eco-driving-menu\/fleet-summary\/\" title=\"P\u0159ehled za flotilu\">P\u0159ehled za flotilu <span class=\"arrow\"> &nbsp\u203a <\/span> <\/a><\/div><\/p>\n","protected":false},"excerpt":{"rendered":"<p>Styl j\u00edzdy je anal\u00fdza parametr\u016f vztahuj\u00edc\u00edch se k ekonomick\u00e9mu stylu j\u00edzdy \u0159idi\u010de a vozidla. Pro p\u0159\u00edstup k tabulce stylu j\u00edzdy se klikne na p\u0159\u00edslu\u0161nou ikonu na lev\u00e9 stran\u011b naviga\u010dn\u00edho panelu. P\u0159ehled stylu j\u00edzdy se skl\u00e1d\u00e1 ze t\u0159\u00ed r\u016fzn\u00fdch \u0161t\u00edtk\u016f, je\u017e lze vybrat v horn\u00ed \u010d\u00e1sti obrazovky. K dispozici jsou t\u0159i r\u016fzn\u00e9 \u0161t\u00edtky: P\u0159ehled za flotilu &hellip; <a href=\"https:\/\/www.fmsdocumentation.com\/cs\/eco-driving-menu\/\" class=\"more-link\">Pokra\u010dov\u00e1n\u00ed textu <span class=\"screen-reader-text\">Menu stylu j\u00edzdy<\/span><\/a><\/p>\n","protected":false},"author":1,"featured_media":0,"parent":0,"menu_order":87,"comment_status":"closed","ping_status":"closed","template":"","meta":{"footnotes":""},"class_list":["post-862","page","type-page","status-publish","hentry"],"_links":{"self":[{"href":"https:\/\/www.fmsdocumentation.com\/cs\/wp-json\/wp\/v2\/pages\/862","targetHints":{"allow":["GET"]}}],"collection":[{"href":"https:\/\/www.fmsdocumentation.com\/cs\/wp-json\/wp\/v2\/pages"}],"about":[{"href":"https:\/\/www.fmsdocumentation.com\/cs\/wp-json\/wp\/v2\/types\/page"}],"author":[{"embeddable":true,"href":"https:\/\/www.fmsdocumentation.com\/cs\/wp-json\/wp\/v2\/users\/1"}],"replies":[{"embeddable":true,"href":"https:\/\/www.fmsdocumentation.com\/cs\/wp-json\/wp\/v2\/comments?post=862"}],"version-history":[{"count":6,"href":"https:\/\/www.fmsdocumentation.com\/cs\/wp-json\/wp\/v2\/pages\/862\/revisions"}],"predecessor-version":[{"id":5681,"href":"https:\/\/www.fmsdocumentation.com\/cs\/wp-json\/wp\/v2\/pages\/862\/revisions\/5681"}],"wp:attachment":[{"href":"https:\/\/www.fmsdocumentation.com\/cs\/wp-json\/wp\/v2\/media?parent=862"}],"curies":[{"name":"wp","href":"https:\/\/api.w.org\/{rel}","templated":true}]}}