{"id":865,"date":"2017-04-06T09:07:35","date_gmt":"2017-04-06T09:07:35","guid":{"rendered":"http:\/\/www.fmsdocumentation.com\/generate-new-report\/"},"modified":"2018-08-09T09:23:09","modified_gmt":"2018-08-09T09:23:09","slug":"generate-new-report","status":"publish","type":"page","link":"https:\/\/www.fmsdocumentation.com\/cs\/reports\/generate-new-report\/","title":{"rendered":"Vytvo\u0159en\u00ed nov\u00e9 sestavy"},"content":{"rendered":"<p>Str\u00e1nka sestav obsahuje dva hlavn\u00ed \u0161t\u00edtky:<\/p>\n<ul>\n<li>Generovan\u00e9 sestavy (otev\u0159en automaticky);<\/li>\n<li>Odb\u011bry.<\/li>\n<\/ul>\n<p>Pro vytvo\u0159en\u00ed nov\u00e9 sestavy se mus\u00ed kliknout na tla\u010d\u00edtko &#8220;Vytvo\u0159en\u00ed nov\u00e9 sestavy&#8221; v prav\u00e9 horn\u00ed \u010d\u00e1sti panelu.<\/p>\n<p><a href=\"https:\/\/www.fmsdocumentation.com\/wp-content\/uploads\/2017\/04\/134-1.png\"><img loading=\"lazy\" decoding=\"async\" class=\"alignnone wp-image-831 size-large\" src=\"https:\/\/www.fmsdocumentation.com\/wp-content\/uploads\/2017\/04\/134-1-1024x507.png\" alt=\"\" width=\"660\" height=\"327\" srcset=\"https:\/\/www.fmsdocumentation.com\/wp-content\/uploads\/2017\/04\/134-1-1024x507.png 1024w, https:\/\/www.fmsdocumentation.com\/wp-content\/uploads\/2017\/04\/134-1-300x148.png 300w, https:\/\/www.fmsdocumentation.com\/wp-content\/uploads\/2017\/04\/134-1-768x380.png 768w, https:\/\/www.fmsdocumentation.com\/wp-content\/uploads\/2017\/04\/134-1.png 1920w\" sizes=\"auto, (max-width: 660px) 100vw, 660px\" \/><\/a><\/p>\n<p>Otev\u0159e se nov\u00e9 okno pro konfiguraci sestavy. Nejprve se mus\u00ed zvolit typ sestavy. Ka\u017ed\u00fd typ sestavy m\u00e1 p\u0159eddefinovan\u00fd soubor parametr\u016f, kter\u00fd nelze zm\u011bnit, z\u00e1rove\u0148 jsou k dispozici individu\u00e1ln\u00ed mo\u017enosti nastaven\u00ed, je\u017e jsou pro ka\u017edou sestavu jin\u00e9. K dispozici jsou tyto typy sestav:<\/p>\n<ul>\n<li>Sestava ud\u00e1lost\u00ed;<\/li>\n<li>Sestava stavu n\u00e1dr\u017ee;<\/li>\n<li>Sestava oblast\u00ed;<\/li>\n<li>Sestava teplot;<\/li>\n<li>Sestava za cestu;<\/li>\n<li>Sestava j\u00edzd;<\/li>\n<li>Sestava pracovn\u00ed doby.<\/li>\n<\/ul>\n<p>Ka\u017ed\u00fd typ sestavy je pops\u00e1n zvl\u00e1\u0161\u0165. Typ systavy je prvn\u00ed \u010d\u00e1sti generov\u00e1n\u00ed sestavy. Je v prvn\u00edm rozbalovac\u00edm seznamu. Volba typu sestavy je nezbytn\u00fdm prvn\u00edm krokem, teprve potom se konfiguruji parametry sestavy, proto\u017ee nastaven\u00ed ka\u017ed\u00e9 sestavy se li\u0161\u00ed a vlo\u017een\u00e1 data se mohou ztratit a t\u00edm i \u010das v\u011bnovan\u00fd konfiguraci sestavy.<\/p>\n<p><a href=\"https:\/\/www.fmsdocumentation.com\/wp-content\/uploads\/2017\/04\/200.png\"><img loading=\"lazy\" decoding=\"async\" class=\"alignnone wp-image-393 size-full\" src=\"https:\/\/www.fmsdocumentation.com\/wp-content\/uploads\/2017\/04\/200.png\" alt=\"\" width=\"527\" height=\"278\" srcset=\"https:\/\/www.fmsdocumentation.com\/wp-content\/uploads\/2017\/04\/200.png 527w, https:\/\/www.fmsdocumentation.com\/wp-content\/uploads\/2017\/04\/200-300x158.png 300w\" sizes=\"auto, (max-width: 527px) 100vw, 527px\" \/><\/a><\/p>\n<hr \/>\n<p><div class=\"alignleft\"><a href=\"https:\/\/www.fmsdocumentation.com\/cs\/reports\/\" title=\"Sestavy\"><span class=\"arrow\">\u2039 &nbsp <\/span> Sestavy <\/a><\/div> <div class=\"alignright\"><a href=\"https:\/\/www.fmsdocumentation.com\/cs\/reports\/events-report\/\" title=\"Sestava ud\u00e1lost\u00ed\">Sestava ud\u00e1lost\u00ed <span class=\"arrow\"> &nbsp\u203a <\/span> <\/a><\/div><\/p>\n","protected":false},"excerpt":{"rendered":"<p>Str\u00e1nka sestav obsahuje dva hlavn\u00ed \u0161t\u00edtky: Generovan\u00e9 sestavy (otev\u0159en automaticky); Odb\u011bry. Pro vytvo\u0159en\u00ed nov\u00e9 sestavy se mus\u00ed kliknout na tla\u010d\u00edtko &#8220;Vytvo\u0159en\u00ed nov\u00e9 sestavy&#8221; v prav\u00e9 horn\u00ed \u010d\u00e1sti panelu. Otev\u0159e se nov\u00e9 okno pro konfiguraci sestavy. Nejprve se mus\u00ed zvolit typ sestavy. Ka\u017ed\u00fd typ sestavy m\u00e1 p\u0159eddefinovan\u00fd soubor parametr\u016f, kter\u00fd nelze zm\u011bnit, z\u00e1rove\u0148 jsou k dispozici &hellip; <a href=\"https:\/\/www.fmsdocumentation.com\/cs\/reports\/generate-new-report\/\" class=\"more-link\">Pokra\u010dov\u00e1n\u00ed textu <span class=\"screen-reader-text\">Vytvo\u0159en\u00ed nov\u00e9 sestavy<\/span><\/a><\/p>\n","protected":false},"author":1,"featured_media":0,"parent":866,"menu_order":1,"comment_status":"closed","ping_status":"closed","template":"","meta":{"footnotes":""},"class_list":["post-865","page","type-page","status-publish","hentry"],"_links":{"self":[{"href":"https:\/\/www.fmsdocumentation.com\/cs\/wp-json\/wp\/v2\/pages\/865","targetHints":{"allow":["GET"]}}],"collection":[{"href":"https:\/\/www.fmsdocumentation.com\/cs\/wp-json\/wp\/v2\/pages"}],"about":[{"href":"https:\/\/www.fmsdocumentation.com\/cs\/wp-json\/wp\/v2\/types\/page"}],"author":[{"embeddable":true,"href":"https:\/\/www.fmsdocumentation.com\/cs\/wp-json\/wp\/v2\/users\/1"}],"replies":[{"embeddable":true,"href":"https:\/\/www.fmsdocumentation.com\/cs\/wp-json\/wp\/v2\/comments?post=865"}],"version-history":[{"count":4,"href":"https:\/\/www.fmsdocumentation.com\/cs\/wp-json\/wp\/v2\/pages\/865\/revisions"}],"predecessor-version":[{"id":5658,"href":"https:\/\/www.fmsdocumentation.com\/cs\/wp-json\/wp\/v2\/pages\/865\/revisions\/5658"}],"up":[{"embeddable":true,"href":"https:\/\/www.fmsdocumentation.com\/cs\/wp-json\/wp\/v2\/pages\/866"}],"wp:attachment":[{"href":"https:\/\/www.fmsdocumentation.com\/cs\/wp-json\/wp\/v2\/media?parent=865"}],"curies":[{"name":"wp","href":"https:\/\/api.w.org\/{rel}","templated":true}]}}