{"id":866,"date":"2017-04-06T09:03:20","date_gmt":"2017-04-06T09:03:20","guid":{"rendered":"http:\/\/www.fmsdocumentation.com\/reports\/"},"modified":"2020-06-02T09:24:34","modified_gmt":"2020-06-02T06:24:34","slug":"reports","status":"publish","type":"page","link":"https:\/\/www.fmsdocumentation.com\/cs\/reports\/","title":{"rendered":"Sestavy"},"content":{"rendered":"<p>Pro p\u0159\u00edstup na panel sestav se klikne na p\u0159\u00edslu\u0161nou ikonu na naviga\u010dn\u00edm panelu na lev\u00e9 stran\u011b obrazovky.<\/p>\n<p><a href=\"https:\/\/www.fmsdocumentation.com\/wp-content\/uploads\/2017\/04\/133-2.png\"><img loading=\"lazy\" decoding=\"async\" class=\"alignnone size-large wp-image-925\" src=\"https:\/\/www.fmsdocumentation.com\/wp-content\/uploads\/2017\/04\/133-2-1024x507.png\" alt=\"\" width=\"660\" height=\"327\" srcset=\"https:\/\/www.fmsdocumentation.com\/wp-content\/uploads\/2017\/04\/133-2-1024x507.png 1024w, https:\/\/www.fmsdocumentation.com\/wp-content\/uploads\/2017\/04\/133-2-300x148.png 300w, https:\/\/www.fmsdocumentation.com\/wp-content\/uploads\/2017\/04\/133-2-768x380.png 768w, https:\/\/www.fmsdocumentation.com\/wp-content\/uploads\/2017\/04\/133-2.png 1920w\" sizes=\"auto, (max-width: 660px) 100vw, 660px\" \/><\/a><\/p>\n<p>Otev\u0159e se panel s p\u0159ehledem sestav a u\u017eivatel m\u016f\u017ee:<\/p>\n<ul>\n<li>Vygenerovat novou sestavu;<\/li>\n<li>Prohl\u00e9dnout existuj\u00edc\u00ed sestavy;<\/li>\n<li>Vymazat star\u00e9 \u010di nepot\u0159ebn\u00e9 sestyvy;<\/li>\n<li>Vytvo\u0159it odb\u011br sestavy.<\/li>\n<\/ul>\n<p>Sestava se po vytvo\u0159en\u00ed ulo\u017e\u00ed v syst\u00e9mu.\u00a0 To znamen\u00e1, \u017ee sestava z\u016fst\u00e1v\u00e1 v syst\u00e9mu ulo\u017eena dokud ji u\u017eivatel nevyma\u017ee.<\/p>\n<p style=\"background-color: #2e67b1; color: #ffffff;\"><p class=\"note\">Upozorn\u011bn\u00ed<br \/>\nMoment\u00e1ln\u011b nejsou v syst\u00e9mu \u017e\u00e1dn\u00e1 omezen\u00ed pro po\u010det sestav. Funkce omezuj\u00edc\u00ed po\u010det sestav (nap\u0159. maxim\u00e1ln\u011b 50 sestav) nebo podle velikosti je ve v\u00fdvoji.\u00a0 V z\u00e1vislosti na obsahu m\u016f\u017ee sestava zab\u00edrat p\u0159\u00edli\u0161 mnoho m\u00edsta\u00a0 a to by se m\u011blo v budoucnu omezit (nap\u0159. max. velikost sestavy je 10 Gb).<\/p><\/p>\n<hr \/>\n<p><div class=\"alignleft\"><a href=\"https:\/\/www.fmsdocumentation.com\/cs\/apis\/object-api\/\" title=\"Objekt API\"><span class=\"arrow\">\u2039 &nbsp <\/span> Objekt API <\/a><\/div> <div class=\"alignright\"><a href=\"https:\/\/www.fmsdocumentation.com\/cs\/reports\/generate-new-report\/\" title=\"Vytvo\u0159en\u00ed nov\u00e9 sestavy\">Vytvo\u0159en\u00ed nov\u00e9 sestavy <span class=\"arrow\"> &nbsp\u203a <\/span> <\/a><\/div><\/p>\n","protected":false},"excerpt":{"rendered":"<p>Pro p\u0159\u00edstup na panel sestav se klikne na p\u0159\u00edslu\u0161nou ikonu na naviga\u010dn\u00edm panelu na lev\u00e9 stran\u011b obrazovky. Otev\u0159e se panel s p\u0159ehledem sestav a u\u017eivatel m\u016f\u017ee: Vygenerovat novou sestavu; Prohl\u00e9dnout existuj\u00edc\u00ed sestavy; Vymazat star\u00e9 \u010di nepot\u0159ebn\u00e9 sestyvy; Vytvo\u0159it odb\u011br sestavy. Sestava se po vytvo\u0159en\u00ed ulo\u017e\u00ed v syst\u00e9mu.\u00a0 To znamen\u00e1, \u017ee sestava z\u016fst\u00e1v\u00e1 v syst\u00e9mu ulo\u017eena &hellip; <a href=\"https:\/\/www.fmsdocumentation.com\/cs\/reports\/\" class=\"more-link\">Pokra\u010dov\u00e1n\u00ed textu <span class=\"screen-reader-text\">Sestavy<\/span><\/a><\/p>\n","protected":false},"author":1,"featured_media":0,"parent":0,"menu_order":123,"comment_status":"closed","ping_status":"closed","template":"","meta":{"footnotes":""},"class_list":["post-866","page","type-page","status-publish","hentry"],"_links":{"self":[{"href":"https:\/\/www.fmsdocumentation.com\/cs\/wp-json\/wp\/v2\/pages\/866","targetHints":{"allow":["GET"]}}],"collection":[{"href":"https:\/\/www.fmsdocumentation.com\/cs\/wp-json\/wp\/v2\/pages"}],"about":[{"href":"https:\/\/www.fmsdocumentation.com\/cs\/wp-json\/wp\/v2\/types\/page"}],"author":[{"embeddable":true,"href":"https:\/\/www.fmsdocumentation.com\/cs\/wp-json\/wp\/v2\/users\/1"}],"replies":[{"embeddable":true,"href":"https:\/\/www.fmsdocumentation.com\/cs\/wp-json\/wp\/v2\/comments?post=866"}],"version-history":[{"count":6,"href":"https:\/\/www.fmsdocumentation.com\/cs\/wp-json\/wp\/v2\/pages\/866\/revisions"}],"predecessor-version":[{"id":5657,"href":"https:\/\/www.fmsdocumentation.com\/cs\/wp-json\/wp\/v2\/pages\/866\/revisions\/5657"}],"wp:attachment":[{"href":"https:\/\/www.fmsdocumentation.com\/cs\/wp-json\/wp\/v2\/media?parent=866"}],"curies":[{"name":"wp","href":"https:\/\/api.w.org\/{rel}","templated":true}]}}