{"id":867,"date":"2017-04-06T09:02:23","date_gmt":"2017-04-06T09:02:23","guid":{"rendered":"http:\/\/www.fmsdocumentation.com\/maintenance-task-vehicle-edit\/"},"modified":"2018-08-09T09:13:45","modified_gmt":"2018-08-09T09:13:45","slug":"maintenance-task-vehicle-edit","status":"publish","type":"page","link":"https:\/\/www.fmsdocumentation.com\/cs\/maintenance-tasks-menu\/maintenance-task-vehicle-edit\/","title":{"rendered":"Editace upozor\u0148ov\u00e1n\u00ed"},"content":{"rendered":"<p>Po vytvo\u0159en\u00ed upozorn\u011bn\u00ed mohou n\u011bkter\u00e9 informace vy\u017eadovat zp\u0159esn\u011bn\u00ed.\u00a0 Provede se to pou\u017eit\u00edm funkce &#8220;Editovat&#8221;. Nejprve mus\u00ed u\u017eivatel vybrat vozidlo nebo vozidla k editaci kliknut\u00edm na zatrh\u00e1vac\u00ed pol\u00ed\u010dka na za\u010d\u00e1tku \u0159\u00e1dku vozidla na seznamu vozidel. Potom se klikne na tla\u010d\u00edtko editace.<\/p>\n<p><a href=\"https:\/\/www.fmsdocumentation.com\/wp-content\/uploads\/2017\/04\/130.png\"><img loading=\"lazy\" decoding=\"async\" class=\"alignnone wp-image-223 size-full\" src=\"https:\/\/www.fmsdocumentation.com\/wp-content\/uploads\/2017\/04\/130.png\" alt=\"\" width=\"831\" height=\"168\" srcset=\"https:\/\/www.fmsdocumentation.com\/wp-content\/uploads\/2017\/04\/130.png 831w, https:\/\/www.fmsdocumentation.com\/wp-content\/uploads\/2017\/04\/130-300x61.png 300w, https:\/\/www.fmsdocumentation.com\/wp-content\/uploads\/2017\/04\/130-768x155.png 768w, https:\/\/www.fmsdocumentation.com\/wp-content\/uploads\/2017\/04\/130-825x168.png 825w\" sizes=\"auto, (max-width: 831px) 100vw, 831px\" \/><\/a><\/p>\n<p>Po proveden\u00ed p\u0159edchoz\u00ed sekvence se otev\u0159e nov\u00e9 okno, kde lze pro vozidlo editovat n\u011bkter\u00e1 nastaven\u00ed upozorn\u011bn\u00ed. Na prav\u00e9 stran\u011b obrazovky se v\u017edy objev\u00ed varovn\u00e9 okno s upozorn\u011bn\u00edm, \u017ee jak\u00e1koliv manipulace s \u00fakolem ovlivn\u00ed v\u0161echna vybran\u00e1 vozidla v seznamu vozidel (ozna\u010den\u00e1 zatrh\u00e1vac\u00ed pol\u00ed\u010dka). Pro odblokov\u00e1n\u00ed nastaven\u00ed se klikne na tla\u010d\u00edtko odblokov\u00e1n\u00ed.<\/p>\n<p><a href=\"https:\/\/www.fmsdocumentation.com\/wp-content\/uploads\/2017\/04\/131.png\"><img loading=\"lazy\" decoding=\"async\" class=\"alignnone wp-image-224 size-full\" src=\"https:\/\/www.fmsdocumentation.com\/wp-content\/uploads\/2017\/04\/131.png\" alt=\"\" width=\"800\" height=\"692\" srcset=\"https:\/\/www.fmsdocumentation.com\/wp-content\/uploads\/2017\/04\/131.png 800w, https:\/\/www.fmsdocumentation.com\/wp-content\/uploads\/2017\/04\/131-300x260.png 300w, https:\/\/www.fmsdocumentation.com\/wp-content\/uploads\/2017\/04\/131-768x664.png 768w\" sizes=\"auto, (max-width: 800px) 100vw, 800px\" \/><\/a><\/p>\n<p>Kliknut\u00ed na odblokov\u00e1n\u00ed poskytne p\u0159\u00edstup k n\u011bkter\u00fdm nastaven\u00edm. Ne v\u0161echna nastaven\u00ed lze zm\u011bnit. Editovat lze n\u00e1sleduj\u00edc\u00ed:<\/p>\n<ul>\n<li>Popis;<\/li>\n<li>Z\u00e1pis posledn\u00edho data servisu\/tachometr\/doba j\u00edzdy;<\/li>\n<li>Volbu opakov\u00e1n\u00ed;<\/li>\n<li>Potvrzen\u00ed \u00fakolu;<\/li>\n<\/ul>\n<p>Po proveden\u00ed zm\u011bn se mus\u00ed kliknout na &#8220;Ulo\u017eit&#8221; jinak se zm\u011bny neulo\u017e\u00ed. Rozhodne-li se u\u017eivatel zm\u011bny neulo\u017eit, mus\u00ed kilknout na tla\u010d\u00edtko zru\u0161en\u00ed nebo kliknout kdekoliv mimo edita\u010dn\u00ed okno.<\/p>\n<p><a href=\"https:\/\/www.fmsdocumentation.com\/wp-content\/uploads\/2017\/04\/132.png\"><img loading=\"lazy\" decoding=\"async\" class=\"alignnone wp-image-225 size-full\" src=\"https:\/\/www.fmsdocumentation.com\/wp-content\/uploads\/2017\/04\/132.png\" alt=\"\" width=\"382\" height=\"541\" srcset=\"https:\/\/www.fmsdocumentation.com\/wp-content\/uploads\/2017\/04\/132.png 382w, https:\/\/www.fmsdocumentation.com\/wp-content\/uploads\/2017\/04\/132-212x300.png 212w\" sizes=\"auto, (max-width: 382px) 100vw, 382px\" \/><\/a><\/p>\n<p>Funkce editace umo\u017e\u0148uje modifikovat po\u010d\u00e1te\u010dn\u00ed nastaven\u00ed &#8220;Posledn\u00edho servisu&#8221; a zm\u011bnit periodu n\u00e1sleduj\u00edc\u00edho servisu pro ka\u017ed\u00e9 vozidlo zvl\u00e1\u0161\u0165. Nelze zm\u011bnit typ parametru, tak\u017ee jeden \u00fakol je pro jeden typ parametru obdob\u00ed (tachometr\/datum\/doba j\u00edzdy).<\/p>\n<hr \/>\n<p><div class=\"alignleft\"><a href=\"https:\/\/www.fmsdocumentation.com\/cs\/maintenance-tasks-menu\/maintenance-tasks-overview\/\" title=\"P\u0159ehled upozorn\u011bn\u00ed na \u00fadr\u017ebu\"><span class=\"arrow\">\u2039 &nbsp <\/span> P\u0159ehled upozorn\u011bn\u00ed na \u00fadr\u017ebu <\/a><\/div> <div class=\"alignright\"><a href=\"https:\/\/www.fmsdocumentation.com\/cs\/eco-driving-menu\/\" title=\"Menu stylu j\u00edzdy\">Menu stylu j\u00edzdy <span class=\"arrow\"> &nbsp\u203a <\/span> <\/a><\/div><\/p>\n","protected":false},"excerpt":{"rendered":"<p>Po vytvo\u0159en\u00ed upozorn\u011bn\u00ed mohou n\u011bkter\u00e9 informace vy\u017eadovat zp\u0159esn\u011bn\u00ed.\u00a0 Provede se to pou\u017eit\u00edm funkce &#8220;Editovat&#8221;. Nejprve mus\u00ed u\u017eivatel vybrat vozidlo nebo vozidla k editaci kliknut\u00edm na zatrh\u00e1vac\u00ed pol\u00ed\u010dka na za\u010d\u00e1tku \u0159\u00e1dku vozidla na seznamu vozidel. Potom se klikne na tla\u010d\u00edtko editace. Po proveden\u00ed p\u0159edchoz\u00ed sekvence se otev\u0159e nov\u00e9 okno, kde lze pro vozidlo editovat n\u011bkter\u00e1 nastaven\u00ed &hellip; <a href=\"https:\/\/www.fmsdocumentation.com\/cs\/maintenance-tasks-menu\/maintenance-task-vehicle-edit\/\" class=\"more-link\">Pokra\u010dov\u00e1n\u00ed textu <span class=\"screen-reader-text\">Editace upozor\u0148ov\u00e1n\u00ed<\/span><\/a><\/p>\n","protected":false},"author":1,"featured_media":0,"parent":870,"menu_order":3,"comment_status":"closed","ping_status":"closed","template":"","meta":{"footnotes":""},"class_list":["post-867","page","type-page","status-publish","hentry"],"_links":{"self":[{"href":"https:\/\/www.fmsdocumentation.com\/cs\/wp-json\/wp\/v2\/pages\/867","targetHints":{"allow":["GET"]}}],"collection":[{"href":"https:\/\/www.fmsdocumentation.com\/cs\/wp-json\/wp\/v2\/pages"}],"about":[{"href":"https:\/\/www.fmsdocumentation.com\/cs\/wp-json\/wp\/v2\/types\/page"}],"author":[{"embeddable":true,"href":"https:\/\/www.fmsdocumentation.com\/cs\/wp-json\/wp\/v2\/users\/1"}],"replies":[{"embeddable":true,"href":"https:\/\/www.fmsdocumentation.com\/cs\/wp-json\/wp\/v2\/comments?post=867"}],"version-history":[{"count":4,"href":"https:\/\/www.fmsdocumentation.com\/cs\/wp-json\/wp\/v2\/pages\/867\/revisions"}],"predecessor-version":[{"id":5652,"href":"https:\/\/www.fmsdocumentation.com\/cs\/wp-json\/wp\/v2\/pages\/867\/revisions\/5652"}],"up":[{"embeddable":true,"href":"https:\/\/www.fmsdocumentation.com\/cs\/wp-json\/wp\/v2\/pages\/870"}],"wp:attachment":[{"href":"https:\/\/www.fmsdocumentation.com\/cs\/wp-json\/wp\/v2\/media?parent=867"}],"curies":[{"name":"wp","href":"https:\/\/api.w.org\/{rel}","templated":true}]}}