{"id":868,"date":"2017-04-06T08:58:46","date_gmt":"2017-04-06T08:58:46","guid":{"rendered":"http:\/\/www.fmsdocumentation.com\/maintenance-tasks-overview\/"},"modified":"2018-08-09T09:13:02","modified_gmt":"2018-08-09T09:13:02","slug":"maintenance-tasks-overview","status":"publish","type":"page","link":"https:\/\/www.fmsdocumentation.com\/cs\/maintenance-tasks-menu\/maintenance-tasks-overview\/","title":{"rendered":"P\u0159ehled upozorn\u011bn\u00ed na \u00fadr\u017ebu"},"content":{"rendered":"<p>Seznam zobrazuje v\u0161echna upozorn\u011bn\u00ed vytvo\u0159en\u00e1 u\u017eivatelem. Ka\u017ed\u00e1 \u00faloha zobrazuje dodate\u010dn\u00e9 informace:<\/p>\n<ul>\n<li><strong>N\u00e1zev upozorn\u011bn\u00ed<\/strong>;<\/li>\n<li><strong>Po\u010det p\u0159i\u0159azen\u00fdch vozidel<\/strong>;<\/li>\n<li><strong>Po\u010det vozidel podle stavu <\/strong>\u2013 zobrazuje mal\u00fd graf a po\u010det vozidel v jednotliv\u00fdch stavech. Stavy jsou t\u0159i a vyskytuj\u00ed se ve t\u0159ech barv\u00e1ch:\n<ul>\n<li><strong>Zelen\u00e1 \u2013 <\/strong>Ok, net\u0159eba se v\u011bnovat, \u010das nebo vzd\u00e1lenost dal\u0161\u00ed \u00fadr\u017eby je st\u00e1le del\u0161\u00ed ne\u017e 20% p\u016fvodn\u00ed hodnoty;<\/li>\n<li><strong>\u017dlut\u00e1\u00a0 \u2013<\/strong> \u010cekaj\u00edc\u00ed, tzn. \u017ee vozidlo \u010dek\u00e1 na \u00fadr\u017ebu a \u010das nebo vzd\u00e1lenost do \u00fadr\u017eby je men\u0161\u00ed ne\u017e 20% p\u016fvodn\u00ed hodnoty (P\u0159\u00edklad: obdob\u00ed je 100 dn\u016f, vozidlo jelo 85 dn\u016f, do \u00fadr\u017eby zb\u00fdv\u00e1 15 dn\u016f (15% z po\u010d\u00e1te\u010dn\u00ed hodnoty 100, &lt; 20%) )<\/li>\n<li><strong>\u010cerven\u00e1 \u2013<\/strong> Zpo\u017ed\u011bn\u00ed, tzn. \u017ee \u010das nebo vzd\u00e1lenost pro \u00fadr\u017ebu ji\u017e uplynula.<\/li>\n<\/ul>\n<\/li>\n<\/ul>\n<p><a href=\"https:\/\/www.fmsdocumentation.com\/wp-content\/uploads\/2017\/04\/127.png\"><img loading=\"lazy\" decoding=\"async\" class=\"alignnone wp-image-218 size-full\" src=\"https:\/\/www.fmsdocumentation.com\/wp-content\/uploads\/2017\/04\/127.png\" alt=\"\" width=\"343\" height=\"351\" srcset=\"https:\/\/www.fmsdocumentation.com\/wp-content\/uploads\/2017\/04\/127.png 343w, https:\/\/www.fmsdocumentation.com\/wp-content\/uploads\/2017\/04\/127-293x300.png 293w\" sizes=\"auto, (max-width: 343px) 100vw, 343px\" \/><\/a><\/p>\n<p>Kliknut\u00edm na \u00fakol v seznamu se otev\u0159e p\u0159ehledov\u00fd panel a otev\u0159e se prvn\u00ed upozorn\u011bn\u00ed na \u00fadr\u017ebu:<\/p>\n<ol>\n<li><strong>N\u00e1zev upozorn\u011bn\u00ed<\/strong>;<\/li>\n<li><strong>P\u0159idat vozidlo<\/strong> &#8211; umo\u017e\u0148uje p\u0159id\u00e1n\u00ed vozidla k aktu\u00e1ln\u011b vybran\u00e9mu upozorn\u011bn\u00ed. Panel je podobn\u00fd d\u0159\u00edve popsan\u00e9mu panelu vytvo\u0159en\u00ed upozorn\u011bn\u00ed. Zde lze vybrat v\u0161echna vozidla, je\u017e se maj\u00ed p\u0159idat k tomuto upozorn\u011bn\u00ed.\u00a0 Lze tak\u00e9 zm\u011bnit popis upozorn\u011bn\u00ed a nastavit u\u017eivatelsk\u00e9 hodnoty pro tato pole:\n<ul>\n<li><strong>Tachometr p\u0159i posledn\u00edm servisu;<\/strong><\/li>\n<li><strong>Opakovat upozorn\u011bn\u00ed po;<\/strong><\/li>\n<li><strong>Potvrzen\u00ed upozorn\u011bn\u00ed.<\/strong><\/li>\n<\/ul>\n<\/li>\n<li><strong>V\u00fdmaz upozorn\u011bn\u00ed<\/strong> \u2013 kliknut\u00edm se zobraz\u00ed potvrzovac\u00ed okno kde se mus\u00ed potvrdit \u00famysl v\u00fdmazu. Klikne-li se zde omylem, pak sta\u010d\u00ed kliknout na &#8220;zru\u0161it&#8221; nebo kdekoliv mimo potvrzovac\u00ed okno.<\/li>\n<li><strong>Editovat<\/strong> \u2013 umo\u017e\u0148uje editovat zvolen\u00e9 vozidlo \u010di vozidla (zatr\u017een\u00e1 pole), funkce \u201cEditovat\u201d je pops\u00e1na v n\u00e1sleduj\u00edc\u00edm odd\u00edle.<\/li>\n<li><strong>Odstranit vozidlo <\/strong>\u2013 touto volbou se odstran\u00ed v\u0161echna zatr\u017een\u00e1 vozidla z vybran\u00e9ho upozorn\u011bn\u00ed<\/li>\n<li><strong>Potvrdit <\/strong>\u2013 T\u00edmto se potvrzuje upozorn\u011bn\u00ed, kliknut\u00edm se upozorn\u011bn\u00ed ozna\u010d\u00ed pro v\u0161echna zatr\u017een\u00e1 vozidla. Je mo\u017en\u00e9 upozorn\u011bn\u00ed potvrdit pro ka\u017ed\u00e9 vozidlo individu\u00e1ln\u011b, je to pos\u00e1no n\u00ed\u017ee. (<strong>POZN\u00c1MKA: Potvrzena mohou b\u00fdt pouze vozidla se \u017elut\u00fdm nebo \u010derven\u00fdm stavem! Vozidla se zelen\u00fdm stavem potvrdit nelze.\u00a0 Jestli\u017ee je vybr\u00e1no n\u011bkolik vozidel se v\u0161emi stavy a stisknuto tla\u010d\u00edtko potvrzen\u00ed, potvrd\u00ed se pouze vozidla s \u010derven\u00fdm a \u017elut\u00fdm stavem a objev\u00ed se v\u00fdstra\u017en\u00e9 okno s informac\u00ed, \u017ee n\u011bkter\u00e1 vozidla nelze potvrdit (se zelen\u00fdm stavem).<br \/>\n<\/strong><\/li>\n<li><strong>Seznam vozidel <\/strong>\u2013 Seznam vozidel p\u0159i\u0159azen\u00fdch aktu\u00e1ln\u011b vybran\u00e9mu upozorn\u011bn\u00ed. V \u0159\u00e1dku ka\u017ed\u00e9ho vozidla je dal\u0161\u00ed informace. Na za\u010d\u00e1tku ka\u017ed\u00e9ho \u0159\u00e1dku je za\u0161krt\u00e1vac\u00ed pol\u00ed\u010dko. Pou\u017e\u00edv\u00e1 se p\u0159i editaci vozidla, vyjmut\u00ed z upozor\u0148ov\u00e1n\u00ed nebo p\u0159i potvrzen\u00ed upozorn\u011bn\u00ed. Kliknut\u00edm na za\u0161krt\u00e1vac\u00ed pol\u00ed\u010dko v hlavi\u010dce se vyb\u00edraj\u00ed nebo odeb\u00edraj\u00ed v\u0161echna vozidla v seznamu.<\/li>\n<\/ol>\n<p><a href=\"https:\/\/www.fmsdocumentation.com\/wp-content\/uploads\/2017\/04\/128.png\"><img loading=\"lazy\" decoding=\"async\" class=\"alignnone wp-image-219 size-full\" src=\"https:\/\/www.fmsdocumentation.com\/wp-content\/uploads\/2017\/04\/128.png\" alt=\"\" width=\"814\" height=\"624\" srcset=\"https:\/\/www.fmsdocumentation.com\/wp-content\/uploads\/2017\/04\/128.png 814w, https:\/\/www.fmsdocumentation.com\/wp-content\/uploads\/2017\/04\/128-300x230.png 300w, https:\/\/www.fmsdocumentation.com\/wp-content\/uploads\/2017\/04\/128-768x589.png 768w\" sizes=\"auto, (max-width: 814px) 100vw, 814px\" \/><\/a><\/p>\n<p>Seznam vozidel obsahuje v\u0161echny d\u016fle\u017eit\u00e9 informace t\u00fdkaj\u00edc\u00ed se upozor\u0148ov\u00e1n\u00ed. Tento seznam se li\u0161\u00ed podle vybran\u00e9ho typu parametru. Je-li vybr\u00e1n tachometr objev\u00ed se v seznamu dal\u0161\u00ed sloupec nazvan\u00fd &#8220;Tachometr&#8221; zobrazuj\u00edc\u00ed aktu\u00e1ln\u00ed tachometr ka\u017ed\u00e9ho vozidla . Tot\u00e9\u017e se t\u00fdk\u00e1 doby j\u00edzdy. Jestli\u017ee je vybr\u00e1na jakop typ parametru doba j\u00edzdy, potom bude v seznamu sloupec &#8220;Doba j\u00edzdy&#8221;.\u00a0 Je-li vybr\u00e1n &#8220;Datum&#8221;, nebude dal\u0161\u00ed dodate\u010dn\u00fd sloupec. V\u0161echny ostatn\u00ed sloupce z\u016fstavaj\u00ed identick\u00e9 a jejich hlavi\u010dky nevy\u017eaduj\u00ed koment\u00e1\u0159.<\/p>\n<p>Posledn\u00edm sloupcem v seznamu je <strong>stav upozorn\u011bn\u00ed<\/strong>.\u00a0 Vedle stavu upozorn\u011bn\u00ed je informa\u010dn\u00ed ikona. Nasunut\u00edm my\u0161i se zobraz\u00ed stavy <span style=\"background-color: #ff0000; color: #ffffff;\">\u201cZpo\u017ed\u011bn\u00ed\u201d<\/span> a <span style=\"background-color: #ffff00; color: #000000;\">\u201c\u010cekaj\u00edc\u00ed\u201d.<\/span> Ka\u017ed\u00e9 vozidlo se stavem zp\u017ed\u011bn\u00ed a \u010dek\u00e1n\u00ed m\u00e1 vedle aktu\u00e1ln\u00edho stavu potvrzovac\u00ed tla\u010d\u00edtko. Kliknut\u00edm na toto tla\u010d\u00edtko se potvrd\u00ed upozorn\u011bn\u00ed pouze pro vozidlo v jeho\u017e \u0159\u00e1dku je tla\u010d\u00edtko um\u00edst\u011bno.<\/p>\n<p><a href=\"https:\/\/www.fmsdocumentation.com\/wp-content\/uploads\/2017\/04\/129.png\"><img loading=\"lazy\" decoding=\"async\" class=\"alignnone wp-image-220 size-full\" src=\"https:\/\/www.fmsdocumentation.com\/wp-content\/uploads\/2017\/04\/129.png\" alt=\"\" width=\"257\" height=\"203\" \/><\/a><\/p>\n<hr \/>\n<p><div class=\"alignleft\"><a href=\"https:\/\/www.fmsdocumentation.com\/cs\/maintenance-tasks-menu\/create-maintenance-task\/\" title=\"Nov\u00e9 Upozorn\u011bn\u00ed na \u00fadr\u017ebu\"><span class=\"arrow\">\u2039 &nbsp <\/span> Nov\u00e9 Upozorn\u011bn\u00ed na \u00fadr\u017ebu <\/a><\/div> <div class=\"alignright\"><a href=\"https:\/\/www.fmsdocumentation.com\/cs\/maintenance-tasks-menu\/maintenance-task-vehicle-edit\/\" title=\"Editace upozor\u0148ov\u00e1n\u00ed\">Editace upozor\u0148ov\u00e1n\u00ed <span class=\"arrow\"> &nbsp\u203a <\/span> <\/a><\/div><\/p>\n","protected":false},"excerpt":{"rendered":"<p>Seznam zobrazuje v\u0161echna upozorn\u011bn\u00ed vytvo\u0159en\u00e1 u\u017eivatelem. Ka\u017ed\u00e1 \u00faloha zobrazuje dodate\u010dn\u00e9 informace: N\u00e1zev upozorn\u011bn\u00ed; Po\u010det p\u0159i\u0159azen\u00fdch vozidel; Po\u010det vozidel podle stavu \u2013 zobrazuje mal\u00fd graf a po\u010det vozidel v jednotliv\u00fdch stavech. Stavy jsou t\u0159i a vyskytuj\u00ed se ve t\u0159ech barv\u00e1ch: Zelen\u00e1 \u2013 Ok, net\u0159eba se v\u011bnovat, \u010das nebo vzd\u00e1lenost dal\u0161\u00ed \u00fadr\u017eby je st\u00e1le del\u0161\u00ed ne\u017e 20% &hellip; <a href=\"https:\/\/www.fmsdocumentation.com\/cs\/maintenance-tasks-menu\/maintenance-tasks-overview\/\" class=\"more-link\">Pokra\u010dov\u00e1n\u00ed textu <span class=\"screen-reader-text\">P\u0159ehled upozorn\u011bn\u00ed na \u00fadr\u017ebu<\/span><\/a><\/p>\n","protected":false},"author":1,"featured_media":0,"parent":870,"menu_order":2,"comment_status":"closed","ping_status":"closed","template":"","meta":{"footnotes":""},"class_list":["post-868","page","type-page","status-publish","hentry"],"_links":{"self":[{"href":"https:\/\/www.fmsdocumentation.com\/cs\/wp-json\/wp\/v2\/pages\/868","targetHints":{"allow":["GET"]}}],"collection":[{"href":"https:\/\/www.fmsdocumentation.com\/cs\/wp-json\/wp\/v2\/pages"}],"about":[{"href":"https:\/\/www.fmsdocumentation.com\/cs\/wp-json\/wp\/v2\/types\/page"}],"author":[{"embeddable":true,"href":"https:\/\/www.fmsdocumentation.com\/cs\/wp-json\/wp\/v2\/users\/1"}],"replies":[{"embeddable":true,"href":"https:\/\/www.fmsdocumentation.com\/cs\/wp-json\/wp\/v2\/comments?post=868"}],"version-history":[{"count":4,"href":"https:\/\/www.fmsdocumentation.com\/cs\/wp-json\/wp\/v2\/pages\/868\/revisions"}],"predecessor-version":[{"id":5651,"href":"https:\/\/www.fmsdocumentation.com\/cs\/wp-json\/wp\/v2\/pages\/868\/revisions\/5651"}],"up":[{"embeddable":true,"href":"https:\/\/www.fmsdocumentation.com\/cs\/wp-json\/wp\/v2\/pages\/870"}],"wp:attachment":[{"href":"https:\/\/www.fmsdocumentation.com\/cs\/wp-json\/wp\/v2\/media?parent=868"}],"curies":[{"name":"wp","href":"https:\/\/api.w.org\/{rel}","templated":true}]}}