{"id":869,"date":"2017-04-06T08:57:18","date_gmt":"2017-04-06T08:57:18","guid":{"rendered":"http:\/\/www.fmsdocumentation.com\/create-maintenance-task\/"},"modified":"2018-08-09T09:10:51","modified_gmt":"2018-08-09T09:10:51","slug":"create-maintenance-task","status":"publish","type":"page","link":"https:\/\/www.fmsdocumentation.com\/cs\/maintenance-tasks-menu\/create-maintenance-task\/","title":{"rendered":"Nov\u00e9 Upozorn\u011bn\u00ed na \u00fadr\u017ebu"},"content":{"rendered":"<p>Pro vytvo\u0159en\u00ed nov\u00e9ho upozorn\u011bn\u00ed na \u00fadr\u017ebu se klikne na tla\u010d\u00edtko \u201c+ Nov\u00e9 upozorn\u011bn\u00ed\u201d, um\u00edst\u011bn\u00e9 v horn\u00edm lev\u00e9m rohu panelu.<\/p>\n<p><a href=\"https:\/\/www.fmsdocumentation.com\/wp-content\/uploads\/2017\/04\/124.png\"><img loading=\"lazy\" decoding=\"async\" class=\"alignnone wp-image-213 size-large\" src=\"https:\/\/www.fmsdocumentation.com\/wp-content\/uploads\/2017\/04\/124-1024x560.png\" alt=\"\" width=\"660\" height=\"361\" srcset=\"https:\/\/www.fmsdocumentation.com\/wp-content\/uploads\/2017\/04\/124-1024x560.png 1024w, https:\/\/www.fmsdocumentation.com\/wp-content\/uploads\/2017\/04\/124-300x164.png 300w, https:\/\/www.fmsdocumentation.com\/wp-content\/uploads\/2017\/04\/124-768x420.png 768w, https:\/\/www.fmsdocumentation.com\/wp-content\/uploads\/2017\/04\/124.png 1251w\" sizes=\"auto, (max-width: 660px) 100vw, 660px\" \/><\/a><\/p>\n<p>Otev\u0159e se tak nov\u00e9 okno pro nastaven\u00ed nov\u00e9ho upozorn\u011bn\u00ed. Nejprve se mus\u00ed zvolit vozidlo \u010di vozidla pro kter\u00e1 bude upozorn\u0161n\u00ed platit. U\u017eivatel to m\u016f\u017ee prov\u00e9st za pou\u017eit\u00ed:<\/p>\n<ol>\n<li><strong>Vyhled\u00e1vac\u00ed li\u0161ty<\/strong> pro rychl\u00e9 vyhled\u00e1n\u00ed vozidla. Ka\u017ed\u00e9 zadan\u00e9 p\u00edsmeno automaticky filtruje ve v\u0161ech objektech a zobrazuje pouze ty, je\u017e odpov\u00eddaj\u00ed n\u00e1zv\u016fm pod li\u0161tou.<\/li>\n<li><strong>Vybrat v\u0161e <\/strong>\u2013 vyberou se v\u0161echny objekty aktu\u00e1ln\u011b zobrazen\u00e9 v poli v\u00fdb\u011bru. To znamen\u00e1, \u017ee je-li pou\u017eita vyhled\u00e1vac\u00ed li\u0161ta pro filtrov\u00e1n\u00ed objekt\u016f a klikne se na \u201cVybrat v\u0161e\u201d vyberou (za\u0161krtnou) se pouze vyfiltrovan\u00e9 objekty, zat\u00edmco skryt\u00e9 objekty ne. (<strong>Pro v\u00fdb\u011br v\u0161ech objekt\u016f ve flotile mus\u00ed b\u00fdt vyhled\u00e1vac\u00ed li\u0161ta pr\u00e1zdn\u00e1!<\/strong>). Na prav\u00e9 stran\u011b tla\u010d\u00edtka Vybrat v\u0161e je po\u010d\u00edtadlo zobrazuj\u00edc\u00ed po\u010det aktu\u00e1ln\u011b vybran\u00fdch vozidel.<\/li>\n<li><strong>Pole v\u00fdb\u011bru vozidel<\/strong> \u2013 zobrazuje (je-li vyhled\u00e1vac\u00ed li\u0161ta pr\u00e1zdn\u00e1) v\u0161echna vozidla ve flotile v abecedn\u00edm po\u0159ad\u00ed. U\u017eivatel zde m\u016f\u017ee zvolit vozidla, k nim\u017e chce p\u0159i\u0159adit\u00a0 upozorn\u011bn\u00ed. V\u00fdb\u011br se provede kliknut\u00edm na za\u0161krt\u00e1vac\u00ed pol\u00ed\u010dko p\u0159ed n\u00e1zvem vozidla. (Pol\u00ed\u010dko se zv\u00fdrazn\u00ed mod\u0159e s b\u00edl\u00fdm zatr\u017e\u00edtkem uvnit\u0159).<\/li>\n<\/ol>\n<p><a href=\"https:\/\/www.fmsdocumentation.com\/wp-content\/uploads\/2017\/04\/125.png\"><img loading=\"lazy\" decoding=\"async\" class=\"alignnone wp-image-214 size-large\" src=\"https:\/\/www.fmsdocumentation.com\/wp-content\/uploads\/2017\/04\/125-1024x560.png\" alt=\"\" width=\"660\" height=\"361\" srcset=\"https:\/\/www.fmsdocumentation.com\/wp-content\/uploads\/2017\/04\/125-1024x560.png 1024w, https:\/\/www.fmsdocumentation.com\/wp-content\/uploads\/2017\/04\/125-300x164.png 300w, https:\/\/www.fmsdocumentation.com\/wp-content\/uploads\/2017\/04\/125-768x420.png 768w, https:\/\/www.fmsdocumentation.com\/wp-content\/uploads\/2017\/04\/125.png 1251w\" sizes=\"auto, (max-width: 660px) 100vw, 660px\" \/><\/a><\/p>\n<p>Po v\u00fdb\u011bru vozidla \u010di vozidel pro upozorn\u011bn\u00ed mus\u00ed u\u017eivatel vlo\u017eit nastaven\u00ed a popis upozorn\u011bn\u00ed. Mus\u00ed se zapsat n\u00e1sleduj\u00edc\u00ed informace:<\/p>\n<ol>\n<li><strong>N\u00e1zev upozorn\u011bn\u00ed<\/strong> \u2013 tento n\u00e1zev bude zobrazen v seznamu upozorn\u011bn\u00ed, je to hlavn\u00ed identifik\u00e1tor.<\/li>\n<li><strong>Typ parametru <\/strong>\u2013 definuje, kter\u00fd parametr je pou\u017eit pro nastaven\u00ed periody upozorn\u011bn\u00ed.\u00a0 Kliknut\u00edm na malou \u0161ipku se otev\u0159e seznam dostupn\u00fdch parametr\u016f:\n<ul>\n<li><strong>Tachometr<\/strong> \u2013 tento parametr je nastaven automaticky a je uveden v kilometrech (nap\u0159.: V\u00fdm\u011bna oleje po ka\u017ed\u00fdch 7000 km).<\/li>\n<li><strong>Datum<\/strong> \u2013 nastavuje periodicitu \u010dasovou, zad\u00e1v\u00e1 se numerick\u00e1 hodnota a n\u00e1zev periody (dny, t\u00fddny, m\u011bs\u00edce, roky) (Nap\u0159.: V\u00fdm\u011bna oleje ka\u017ed\u00e9 3 m\u011bs\u00edce nebo po 90 dnech).<\/li>\n<li><strong>Pracovn\u00ed doba \u2013 <\/strong>tento parametr nastavuje pracovn\u00ed dobu. Nastavuje se pouze u vozidel, je\u017e jsou konfigurov\u00e1ny (DIN1, DIN2, DIN3 or DIN4) pro odes\u00edl\u00e1n\u00ed pracovn\u00ed doby do syst\u00e9mu sledov\u00e1n\u00ed (voli\u010d vstupu se objev\u00ed pod &#8220;Typ parametru&#8221;, kde m\u016f\u017ee u\u017eivatel zvolit DIN, je\u017e pos\u00edl\u00e1 data). Volbou typu parametru se automaticky aktualizuje seznam vozidel na vozidla, je\u017e podporuj\u00ed tento typ parametru, zm\u011bnou vstupu (DIN1-DIN4) se rovn\u011b\u017e seznam filtruje. Doba se po\u010d\u00edt\u00e1 v hodin\u00e1ch. (Nap\u0159.: V\u00fdm\u011bna oleje ka\u017ed\u00fdch 450 hodin provozu).<\/li>\n<\/ul>\n<\/li>\n<li><strong>P\u0159idat popis \u2013 <\/strong>kliknut\u00edm na toto tla\u010d\u00edtko se otev\u0159e pole pro popis upozorn\u011bn\u00ed. Tento polpis je viditeln\u00fd pouze p\u0159i editaci nastaven\u00ed vozidla po vytvo\u0159en\u00ed upozorn\u011bn\u00ed na \u00fadr\u017ebu.<\/li>\n<li><strong>Vstup \u2013<\/strong> Je k dispozici pouze je-li typ parametru nastaven na &#8220;Pracovn\u00ed dobu&#8221;. Umo\u017e\u0148uje zvolit ze kter\u00e9ho vstupu se data doby p\u0159ij\u00edmaj\u00ed. Vol\u00ed se individu\u00e1ln\u011b podle konfigurace vozidlov\u00e9 jednotky.<\/li>\n<li><strong>Zapsat datum posledn\u00edho servisu \u2013 <\/strong>Kliknut\u00edm na toto zatrh\u00e1vac\u00ed pol\u00ed\u010dko se vytvo\u0159\u00ed textov\u00e9 pole, kde m\u016f\u017ee u\u017eivatel zapsat vzd\u00e1lenost\/datum\/pracovn\u00ed dobu posledn\u00edho servisu (perioda se za\u010dne po\u010d\u00edtat od zadan\u00e9 hodnoy).<\/li>\n<li><strong>Opakovat upozorn\u011bn\u00ed po \u2013 <\/strong>umo\u017e\u0148uje zadat po\u017eadovanou periodu (ka\u017ed\u00fdch XX dn\u016f, XXXX kilometr\u016f, XX pracovn\u00edch hodin) pro upozorn\u011bn\u00ed podle volby parametr\u016f (pracovn\u00ed hodiny\/datum\/vzd\u00e1lenost).<\/li>\n<li><strong>Aktu\u00e1ln\u00ed vzd\u00e1lenost\/datum\/pracovn\u00ed hodiny \u2013 <\/strong>zobrazuje aktu\u00e1ln\u00ed hodnotu parametr\u016f objekt\u016f podle zvolen\u00e9ho vstupu.<\/li>\n<li><strong>Potvrzen\u00ed \u00fakolu \u2013\u00a0 <\/strong>umo\u017e\u0148uje u\u017eivateli zvolit jednu ze dvou mo\u017enost\u00ed pro potvrzen\u00ed upozorn\u011bn\u00ed, je\u017e ur\u010duje, kdy za\u010dne nov\u00fd cyklus. Lze zvolit ze dvou variant:\n<ul>\n<li><strong>Potvrdit tento \u00fakol manu\u00e1ln\u011b poka\u017ed\u00e9, kdy\u017e se m\u00e1 spustit nov\u00fd cyklus \u2013 <\/strong>to znamen\u00e1, \u017ee nov\u00e9 obdob\u00ed za\u010dne pouze, kdy\u017e u\u017eivatel potvrd\u00ed, \u017ee p\u0159edchoz\u00ed cyklus je ukon\u010den<strong>;<\/strong><\/li>\n<li><strong>Automatick\u00e9 potvrzen\u00ed spu\u0161t\u011bn\u00ed nov\u00e9ho cyklu \u2013 <\/strong>to znamen\u00e1, \u017ee nov\u00fd cyklus za\u010dne ihned po ukon\u010den\u00ed p\u0159edchoz\u00edho bez potvrzen\u00ed u\u017eivatele.<\/li>\n<\/ul>\n<\/li>\n<\/ol>\n<p><strong>Emailov\u00e9 ozn\u00e1men\u00ed \u2013 <\/strong>zatr\u017een\u00edm tohoto pol\u00ed\u010dka umo\u017en\u00ed odesl\u00e1n\u00ed emailu s upozorn\u011bn\u00edm na bl\u00ed\u017e\u00edc\u00ed se term\u00edn \u00fadr\u017eby. Lze zadat v\u00edce ne\u017e jeden email, pokud je odd\u011bl\u00edme \u010d\u00e1rkou &#8220;,&#8221;.\u00a0 Email lze odebrat kliknut\u00edm na mal\u00fd k\u0159\u00ed\u017eek vedle adresy.<\/p>\n<p><strong>Upozornit p\u0159ed \u2013<\/strong> toto pole se zobraz\u00ed pouze je-li pol\u00ed\u010dko emailov\u00e9ho upozorn\u011bn\u00ed zatr\u017eeno. Definuje, kdy se m\u00e1j\u00ed emeily odeslat (nap\u0159.: 500 km p\u0159ed nastavenou hodnotou). Jednotky, (km nebo \u010das) z\u00e1vis\u00ed na zvolen\u00e9m typu parametru.<\/p>\n<ol start=\"9\">\n<li><strong>Ulo\u017eit \u2013 <\/strong>Pro ulo\u017een\u00ed nov\u00e9ho upozorn\u011bn\u00ed na \u00fadr\u017ebu se mus\u00ed kliknou na tla\u010d\u00edtko Ulo\u017eit.<\/li>\n<li><strong>Zav\u0159\u00edt \u2013 <\/strong>Zru\u0161en\u00ed tvorby nov\u00e9ho upozorn\u011bn\u00ed se provede kliknut\u00edm na Zav\u0159\u00edt nebo kliknut\u00edm kdekoliv mimo okno tvorby upozorn\u011bn\u00ed.<\/li>\n<\/ol>\n<p><a href=\"https:\/\/www.fmsdocumentation.com\/wp-content\/uploads\/2017\/04\/126.png\"><img loading=\"lazy\" decoding=\"async\" class=\"alignnone wp-image-215 size-full\" src=\"https:\/\/www.fmsdocumentation.com\/wp-content\/uploads\/2017\/04\/126.png\" alt=\"\" width=\"800\" height=\"760\" srcset=\"https:\/\/www.fmsdocumentation.com\/wp-content\/uploads\/2017\/04\/126.png 800w, https:\/\/www.fmsdocumentation.com\/wp-content\/uploads\/2017\/04\/126-300x285.png 300w, https:\/\/www.fmsdocumentation.com\/wp-content\/uploads\/2017\/04\/126-768x730.png 768w\" sizes=\"auto, (max-width: 800px) 100vw, 800px\" \/><\/a><\/p>\n<p>Po kliknut\u00ed na tla\u010d\u00edtko Ulo\u017eit se nov\u00e9 upozorn\u011bn\u00ed p\u0159id\u00e1 na seznam upozorn\u011bn\u00ed.<\/p>\n<hr \/>\n<p><div class=\"alignleft\"><a href=\"https:\/\/www.fmsdocumentation.com\/cs\/maintenance-tasks-menu\/\" title=\"Menu Upozor\u0148ov\u00e1n\u00ed\"><span class=\"arrow\">\u2039 &nbsp <\/span> Menu Upozor\u0148ov\u00e1n\u00ed <\/a><\/div> <div class=\"alignright\"><a href=\"https:\/\/www.fmsdocumentation.com\/cs\/maintenance-tasks-menu\/maintenance-tasks-overview\/\" title=\"P\u0159ehled upozorn\u011bn\u00ed na \u00fadr\u017ebu\">P\u0159ehled upozorn\u011bn\u00ed na \u00fadr\u017ebu <span class=\"arrow\"> &nbsp\u203a <\/span> <\/a><\/div><\/p>\n","protected":false},"excerpt":{"rendered":"<p>Pro vytvo\u0159en\u00ed nov\u00e9ho upozorn\u011bn\u00ed na \u00fadr\u017ebu se klikne na tla\u010d\u00edtko \u201c+ Nov\u00e9 upozorn\u011bn\u00ed\u201d, um\u00edst\u011bn\u00e9 v horn\u00edm lev\u00e9m rohu panelu. Otev\u0159e se tak nov\u00e9 okno pro nastaven\u00ed nov\u00e9ho upozorn\u011bn\u00ed. Nejprve se mus\u00ed zvolit vozidlo \u010di vozidla pro kter\u00e1 bude upozorn\u0161n\u00ed platit. U\u017eivatel to m\u016f\u017ee prov\u00e9st za pou\u017eit\u00ed: Vyhled\u00e1vac\u00ed li\u0161ty pro rychl\u00e9 vyhled\u00e1n\u00ed vozidla. Ka\u017ed\u00e9 zadan\u00e9 p\u00edsmeno &hellip; <a href=\"https:\/\/www.fmsdocumentation.com\/cs\/maintenance-tasks-menu\/create-maintenance-task\/\" class=\"more-link\">Pokra\u010dov\u00e1n\u00ed textu <span class=\"screen-reader-text\">Nov\u00e9 Upozorn\u011bn\u00ed na \u00fadr\u017ebu<\/span><\/a><\/p>\n","protected":false},"author":1,"featured_media":0,"parent":870,"menu_order":1,"comment_status":"closed","ping_status":"closed","template":"","meta":{"footnotes":""},"class_list":["post-869","page","type-page","status-publish","hentry"],"_links":{"self":[{"href":"https:\/\/www.fmsdocumentation.com\/cs\/wp-json\/wp\/v2\/pages\/869","targetHints":{"allow":["GET"]}}],"collection":[{"href":"https:\/\/www.fmsdocumentation.com\/cs\/wp-json\/wp\/v2\/pages"}],"about":[{"href":"https:\/\/www.fmsdocumentation.com\/cs\/wp-json\/wp\/v2\/types\/page"}],"author":[{"embeddable":true,"href":"https:\/\/www.fmsdocumentation.com\/cs\/wp-json\/wp\/v2\/users\/1"}],"replies":[{"embeddable":true,"href":"https:\/\/www.fmsdocumentation.com\/cs\/wp-json\/wp\/v2\/comments?post=869"}],"version-history":[{"count":4,"href":"https:\/\/www.fmsdocumentation.com\/cs\/wp-json\/wp\/v2\/pages\/869\/revisions"}],"predecessor-version":[{"id":5650,"href":"https:\/\/www.fmsdocumentation.com\/cs\/wp-json\/wp\/v2\/pages\/869\/revisions\/5650"}],"up":[{"embeddable":true,"href":"https:\/\/www.fmsdocumentation.com\/cs\/wp-json\/wp\/v2\/pages\/870"}],"wp:attachment":[{"href":"https:\/\/www.fmsdocumentation.com\/cs\/wp-json\/wp\/v2\/media?parent=869"}],"curies":[{"name":"wp","href":"https:\/\/api.w.org\/{rel}","templated":true}]}}