{"id":870,"date":"2017-04-06T08:55:37","date_gmt":"2017-04-06T08:55:37","guid":{"rendered":"http:\/\/www.fmsdocumentation.com\/maintenance-tasks-menu\/"},"modified":"2020-06-02T09:24:22","modified_gmt":"2020-06-02T06:24:22","slug":"maintenance-tasks-menu","status":"publish","type":"page","link":"https:\/\/www.fmsdocumentation.com\/cs\/maintenance-tasks-menu\/","title":{"rendered":"Menu Upozor\u0148ov\u00e1n\u00ed"},"content":{"rendered":"<p>Pro p\u0159\u00edstup na panel Upozor\u0148ov\u00e1n\u00ed se klikne na p\u0159\u00edslu\u0161nou ikonu na naviga\u010dn\u00edm panelu na lev\u00e9 stran\u011b obrazovky.<\/p>\n<p><a href=\"https:\/\/www.fmsdocumentation.com\/wp-content\/uploads\/2017\/04\/123.png\"><img loading=\"lazy\" decoding=\"async\" class=\"alignnone wp-image-210 size-large\" src=\"https:\/\/www.fmsdocumentation.com\/wp-content\/uploads\/2017\/04\/123-1024x560.png\" alt=\"\" width=\"660\" height=\"361\" srcset=\"https:\/\/www.fmsdocumentation.com\/wp-content\/uploads\/2017\/04\/123-1024x560.png 1024w, https:\/\/www.fmsdocumentation.com\/wp-content\/uploads\/2017\/04\/123-300x164.png 300w, https:\/\/www.fmsdocumentation.com\/wp-content\/uploads\/2017\/04\/123-768x420.png 768w, https:\/\/www.fmsdocumentation.com\/wp-content\/uploads\/2017\/04\/123.png 1251w\" sizes=\"auto, (max-width: 660px) 100vw, 660px\" \/><\/a><\/p>\n<p>Otev\u0159e se panel Upozor\u0148ov\u00e1n\u00ed umo\u017e\u0148uj\u00edc\u00ed u\u017eivateli n\u00e1sleduj\u00edc\u00ed \u010dinnosti:<\/p>\n<ul>\n<li>Vytvo\u0159it pro vozidla nov\u00e1 upozorn\u011bn\u00ed;<\/li>\n<li>Prohl\u00ed\u017eet\/modifikovat\/mazat existuj\u00edc\u00ed uporn\u011bn\u00ed;<\/li>\n<\/ul>\n<p>Upozor\u0148ov\u00e1n\u00ed se pou\u017e\u00edvaj\u00ed k nastaven\u00ed period \u00fadr\u017eby vozidel. Syst\u00e9m sledov\u00e1n\u00ed vyu\u017e\u00edv\u00e1 data z vozidel, jako nap\u0159. ujet\u00e1 vzd\u00e1lenost a doba provozu k pl\u00e1nov\u00e1n\u00ed servisu, oprav a \u00fadr\u017eby.<\/p>\n<hr \/>\n<p><div class=\"alignleft\"><a href=\"https:\/\/www.fmsdocumentation.com\/cs\/events-menu\/event-list-modifications\/\" title=\"Modifikace seznamu ud\u00e1lost\u00ed\"><span class=\"arrow\">\u2039 &nbsp <\/span> Modifikace seznamu ud\u00e1lost\u00ed <\/a><\/div> <div class=\"alignright\"><a href=\"https:\/\/www.fmsdocumentation.com\/cs\/maintenance-tasks-menu\/create-maintenance-task\/\" title=\"Nov\u00e9 Upozorn\u011bn\u00ed na \u00fadr\u017ebu\">Nov\u00e9 Upozorn\u011bn\u00ed na \u00fadr\u017ebu <span class=\"arrow\"> &nbsp\u203a <\/span> <\/a><\/div><\/p>\n","protected":false},"excerpt":{"rendered":"<p>Pro p\u0159\u00edstup na panel Upozor\u0148ov\u00e1n\u00ed se klikne na p\u0159\u00edslu\u0161nou ikonu na naviga\u010dn\u00edm panelu na lev\u00e9 stran\u011b obrazovky. Otev\u0159e se panel Upozor\u0148ov\u00e1n\u00ed umo\u017e\u0148uj\u00edc\u00ed u\u017eivateli n\u00e1sleduj\u00edc\u00ed \u010dinnosti: Vytvo\u0159it pro vozidla nov\u00e1 upozorn\u011bn\u00ed; Prohl\u00ed\u017eet\/modifikovat\/mazat existuj\u00edc\u00ed uporn\u011bn\u00ed; Upozor\u0148ov\u00e1n\u00ed se pou\u017e\u00edvaj\u00ed k nastaven\u00ed period \u00fadr\u017eby vozidel. Syst\u00e9m sledov\u00e1n\u00ed vyu\u017e\u00edv\u00e1 data z vozidel, jako nap\u0159. ujet\u00e1 vzd\u00e1lenost a doba provozu k &hellip; <a href=\"https:\/\/www.fmsdocumentation.com\/cs\/maintenance-tasks-menu\/\" class=\"more-link\">Pokra\u010dov\u00e1n\u00ed textu <span class=\"screen-reader-text\">Menu Upozor\u0148ov\u00e1n\u00ed<\/span><\/a><\/p>\n","protected":false},"author":1,"featured_media":0,"parent":0,"menu_order":79,"comment_status":"closed","ping_status":"closed","template":"","meta":{"footnotes":""},"class_list":["post-870","page","type-page","status-publish","hentry"],"_links":{"self":[{"href":"https:\/\/www.fmsdocumentation.com\/cs\/wp-json\/wp\/v2\/pages\/870","targetHints":{"allow":["GET"]}}],"collection":[{"href":"https:\/\/www.fmsdocumentation.com\/cs\/wp-json\/wp\/v2\/pages"}],"about":[{"href":"https:\/\/www.fmsdocumentation.com\/cs\/wp-json\/wp\/v2\/types\/page"}],"author":[{"embeddable":true,"href":"https:\/\/www.fmsdocumentation.com\/cs\/wp-json\/wp\/v2\/users\/1"}],"replies":[{"embeddable":true,"href":"https:\/\/www.fmsdocumentation.com\/cs\/wp-json\/wp\/v2\/comments?post=870"}],"version-history":[{"count":4,"href":"https:\/\/www.fmsdocumentation.com\/cs\/wp-json\/wp\/v2\/pages\/870\/revisions"}],"predecessor-version":[{"id":5649,"href":"https:\/\/www.fmsdocumentation.com\/cs\/wp-json\/wp\/v2\/pages\/870\/revisions\/5649"}],"wp:attachment":[{"href":"https:\/\/www.fmsdocumentation.com\/cs\/wp-json\/wp\/v2\/media?parent=870"}],"curies":[{"name":"wp","href":"https:\/\/api.w.org\/{rel}","templated":true}]}}