{"id":872,"date":"2017-04-06T08:52:04","date_gmt":"2017-04-06T08:52:04","guid":{"rendered":"http:\/\/www.fmsdocumentation.com\/event-list-modifications\/"},"modified":"2018-08-09T08:42:59","modified_gmt":"2018-08-09T08:42:59","slug":"event-list-modifications","status":"publish","type":"page","link":"https:\/\/www.fmsdocumentation.com\/cs\/events-menu\/event-list-modifications\/","title":{"rendered":"Modifikace seznamu ud\u00e1lost\u00ed"},"content":{"rendered":"<p>Seznam v\u0161ech ud\u00e1lost\u00ed je hned pod tla\u010d\u00edtkem\u00a0 \u201c + Nov\u00e1 ud\u00e1lost\u201d.<\/p>\n<p><a href=\"https:\/\/www.fmsdocumentation.com\/wp-content\/uploads\/2018\/05\/113.png\"><img loading=\"lazy\" decoding=\"async\" class=\"alignnone size-full wp-image-5055\" src=\"https:\/\/www.fmsdocumentation.com\/wp-content\/uploads\/2018\/05\/113.png\" alt=\"\" width=\"420\" height=\"457\" srcset=\"https:\/\/www.fmsdocumentation.com\/wp-content\/uploads\/2018\/05\/113.png 420w, https:\/\/www.fmsdocumentation.com\/wp-content\/uploads\/2018\/05\/113-276x300.png 276w\" sizes=\"auto, (max-width: 420px) 100vw, 420px\" \/><\/a><\/p>\n<p>Seznam ud\u00e1lost\u00ed se automaticky form\u00e1tuje podle abecedy. Pro usnadn\u011bn\u00ed vyhled\u00e1v\u00e1n\u00ed ud\u00e1lost\u00ed lze pou\u017e\u00edt filtr. Pro zm\u011bnu filtru se mus\u00ed kliknout na pole \u201cZobrazit ud\u00e1losti\u201d, otev\u0159e se seznam v\u0161ech dostupn\u00fdch filtr\u016f. Aktu\u00e1ln\u011b zvolen\u00fd filtr bude zv\u00fdrazn\u011bn tmav\u011b \u0161edou a ozna\u010den\u00fd modrou \u010d\u00e1rou vpravo u n\u00e1zvu filtru. K dispozici jsou n\u00e1sleduj\u00edc\u00ed filtry:<\/p>\n<ul>\n<li><strong>V\u0161echny <\/strong>\u2013 zobrazuje v\u0161echny ud\u00e1lost\u00ed;<\/li>\n<li><strong>Vstup<\/strong> \u2013 zobrazuje ud\u00e1lost\u00ed zp\u016fsoben\u00e9 zm\u011bnou hodnoty vstupu;<\/li>\n<li><strong>Zapalov\u00e1n\u00ed<\/strong> &#8211; zobrazuje ud\u00e1lost\u00ed zp\u016fsoben\u00e9 zm\u011bnou stavu zapalov\u00e1n\u00ed;<\/li>\n<li><strong>Oblast &#8211; <\/strong>zobrazuje ud\u00e1lost\u00ed spu\u0161t\u011bn\u00e9 vstoupen\u00edm\/vystoupen\u00edm z oblasti;<\/li>\n<li><strong>Sm\u00ed\u0161en\u00e1<\/strong> \u2013 zobrazuje ud\u00e1lost\u00ed, je\u017e mohou b\u00fdt spu\u0161t\u011bn\u00e9 v\u00edce ne\u017e jednou podm\u00ednkou.<\/li>\n<\/ul>\n<p><a href=\"https:\/\/www.fmsdocumentation.com\/wp-content\/uploads\/2018\/03\/114.png\"><img loading=\"lazy\" decoding=\"async\" class=\"alignnone size-full wp-image-4493\" src=\"https:\/\/www.fmsdocumentation.com\/wp-content\/uploads\/2018\/03\/114.png\" alt=\"\" width=\"360\" height=\"283\" srcset=\"https:\/\/www.fmsdocumentation.com\/wp-content\/uploads\/2018\/03\/114.png 360w, https:\/\/www.fmsdocumentation.com\/wp-content\/uploads\/2018\/03\/114-300x236.png 300w\" sizes=\"auto, (max-width: 360px) 100vw, 360px\" \/><\/a><\/p>\n<p>Kliknut\u00edm na po\u017eadovan\u00fd filtr se automaticky aktualizuje seznam se zvolen\u00fdm filtrem. Vedle ka\u017ed\u00e9 ud\u00e1losti je zobrazena ikona informuj\u00edc\u00ed o typu ud\u00e1losti.<\/p>\n<p>Kliknut\u00edm na ud\u00e1lost se otev\u0159e panel s podrobn\u00fdmi informacemi k t\u00e9to ud\u00e1losti. Tento panel zobraz\u00ed v\u0161echny informace zapsan\u00e9 p\u0159i tvorb\u011b ud\u00e1losti. Prvn\u00edm parametrem je &#8220;Stav ud\u00e1losti&#8221; &#8211; posuvn\u00edk umo\u017e\u0148uje aktivovat \u010di deaktivovat tuto ud\u00e1lost, nastaven\u00ed se ulo\u017e\u00ed automaticky po ka\u017ed\u00e9 zm\u011bn\u011b. V\u0161echno ostatn\u00ed jsou standardn\u00ed informace. Nav\u00edc lze v tomto panelu ud\u00e1lost p\u0159i\u0159adit vozidl\u016fm. Provede se to kliknut\u00edm na &#8220;+&#8221; vedle pole &#8220;Vozidla&#8221;.<\/p>\n<p><a href=\"https:\/\/www.fmsdocumentation.com\/wp-content\/uploads\/2018\/05\/116.png\"><img loading=\"lazy\" decoding=\"async\" class=\"alignnone size-full wp-image-5056\" src=\"https:\/\/www.fmsdocumentation.com\/wp-content\/uploads\/2018\/05\/116.png\" alt=\"\" width=\"720\" height=\"889\" srcset=\"https:\/\/www.fmsdocumentation.com\/wp-content\/uploads\/2018\/05\/116.png 720w, https:\/\/www.fmsdocumentation.com\/wp-content\/uploads\/2018\/05\/116-243x300.png 243w\" sizes=\"auto, (max-width: 720px) 100vw, 720px\" \/><\/a><\/p>\n<p>Otev\u0159e se seznam pro v\u00fdb\u011br vozidel se v\u0161emi vozidly. Ji\u017e vybran\u00e1 vozidla budou ozna\u010dena modr\u00fdm zatr\u017e\u00edtkem vedle n\u00e1zvu vozidla. P\u0159id\u00e1n\u00ed \u010di vyjmut\u00ed vozidla se provede kliknut\u00edm na zatrh\u00e1vac\u00ed pol\u00ed\u010dko. Po ka\u017ed\u00e9 zm\u011bn\u011b se mus\u00ed kliknout na tla\u010d\u00edtko &#8220;Pou\u017e\u00edt&#8221;, jinak nebudou zm\u011bny ulo\u017eeny. Storno zm\u011bn se provede kliknut\u00edm na tla\u010d\u00edtko &#8220;Zru\u0161it&#8221; nebo jednodu\u0161e kliknut\u00edm mimo okno v\u00fdb\u011bru vozidel.<\/p>\n<p style=\"background-color: #2e67b1; color: #ffffff; padding-left: 10px; padding-right: 10px;\"><p class=\"note\">Pozn\u00e1mka<br \/>\nJestli\u017ee je vozidlo v seznamu \u0161ed\u00e9, znamen\u00e1 to, \u017ee vozidlo nepodporuje po\u017eadovan\u00fd parametr pro tuto ud\u00e1lost. \u0160ed\u00e9 vozidlo nen\u00ed pro v\u00fdb\u011br dostupn\u00e9.<\/p><\/p>\n<p><a href=\"https:\/\/www.fmsdocumentation.com\/wp-content\/uploads\/2017\/04\/117.png\"><img loading=\"lazy\" decoding=\"async\" class=\"alignnone wp-image-201 size-full\" src=\"https:\/\/www.fmsdocumentation.com\/wp-content\/uploads\/2017\/04\/117.png\" alt=\"\" width=\"750\" height=\"574\" srcset=\"https:\/\/www.fmsdocumentation.com\/wp-content\/uploads\/2017\/04\/117.png 750w, https:\/\/www.fmsdocumentation.com\/wp-content\/uploads\/2017\/04\/117-300x230.png 300w\" sizes=\"auto, (max-width: 750px) 100vw, 750px\" \/><\/a><\/p>\n<p>Pro editaci jin\u00e9 informace t\u00e9to ud\u00e1losti se mus\u00ed kliknout na &#8220;Editovat&#8221;. Otev\u0159e se stejn\u00e9 okno, jako je &#8220;vytvo\u0159en\u00ed nov\u00e9 ud\u00e1losti&#8221;. Je to pops\u00e1no v p\u0159edchz\u00edm odd\u00edle\u00a0 (&#8220;<a href=\"https:\/\/www.fmsdocumentation.com\/cs\/events-menu\/create-new-event\/\">Vytvo\u0159it novou ud\u00e1lost<\/a>&#8220;). Po zm\u011bn\u011b se mus\u00ed kliknout na tla\u010d\u00edtko &#8220;Aktualizovat&#8221;, jinak nebudou zm\u011bny ulo\u017eeny.<\/p>\n<p><a href=\"https:\/\/www.fmsdocumentation.com\/wp-content\/uploads\/2018\/03\/118.png\"><img loading=\"lazy\" decoding=\"async\" class=\"alignnone size-full wp-image-4496\" src=\"https:\/\/www.fmsdocumentation.com\/wp-content\/uploads\/2018\/03\/118.png\" alt=\"\" width=\"850\" height=\"759\" srcset=\"https:\/\/www.fmsdocumentation.com\/wp-content\/uploads\/2018\/03\/118.png 850w, https:\/\/www.fmsdocumentation.com\/wp-content\/uploads\/2018\/03\/118-300x268.png 300w, https:\/\/www.fmsdocumentation.com\/wp-content\/uploads\/2018\/03\/118-768x686.png 768w\" sizes=\"auto, (max-width: 850px) 100vw, 850px\" \/><\/a><\/p>\n<p>Jestli\u017ee se zm\u011bny nemaj\u00ed ulo\u017eit mus\u00ed se kliknout na tla\u010d\u00edtko &#8220;Zav\u0159\u00edt&#8221; nebo kdekoliv mimo okno &#8220;Editovat ud\u00e1lost&#8221;.<\/p>\n<hr \/>\n<p><div class=\"alignleft\"><a href=\"https:\/\/www.fmsdocumentation.com\/cs\/events-menu\/create-new-event\/\" title=\"Vytvo\u0159en\u00ed nov\u00e9 ud\u00e1losti\"><span class=\"arrow\">\u2039 &nbsp <\/span> Vytvo\u0159en\u00ed nov\u00e9 ud\u00e1losti <\/a><\/div> <div class=\"alignright\"><a href=\"https:\/\/www.fmsdocumentation.com\/cs\/maintenance-tasks-menu\/\" title=\"Menu Upozor\u0148ov\u00e1n\u00ed\">Menu Upozor\u0148ov\u00e1n\u00ed <span class=\"arrow\"> &nbsp\u203a <\/span> <\/a><\/div><\/p>\n","protected":false},"excerpt":{"rendered":"<p>Seznam v\u0161ech ud\u00e1lost\u00ed je hned pod tla\u010d\u00edtkem\u00a0 \u201c + Nov\u00e1 ud\u00e1lost\u201d. Seznam ud\u00e1lost\u00ed se automaticky form\u00e1tuje podle abecedy. Pro usnadn\u011bn\u00ed vyhled\u00e1v\u00e1n\u00ed ud\u00e1lost\u00ed lze pou\u017e\u00edt filtr. Pro zm\u011bnu filtru se mus\u00ed kliknout na pole \u201cZobrazit ud\u00e1losti\u201d, otev\u0159e se seznam v\u0161ech dostupn\u00fdch filtr\u016f. Aktu\u00e1ln\u011b zvolen\u00fd filtr bude zv\u00fdrazn\u011bn tmav\u011b \u0161edou a ozna\u010den\u00fd modrou \u010d\u00e1rou vpravo u n\u00e1zvu &hellip; <a href=\"https:\/\/www.fmsdocumentation.com\/cs\/events-menu\/event-list-modifications\/\" class=\"more-link\">Pokra\u010dov\u00e1n\u00ed textu <span class=\"screen-reader-text\">Modifikace seznamu ud\u00e1lost\u00ed<\/span><\/a><\/p>\n","protected":false},"author":1,"featured_media":0,"parent":874,"menu_order":2,"comment_status":"closed","ping_status":"closed","template":"","meta":{"footnotes":""},"class_list":["post-872","page","type-page","status-publish","hentry"],"_links":{"self":[{"href":"https:\/\/www.fmsdocumentation.com\/cs\/wp-json\/wp\/v2\/pages\/872","targetHints":{"allow":["GET"]}}],"collection":[{"href":"https:\/\/www.fmsdocumentation.com\/cs\/wp-json\/wp\/v2\/pages"}],"about":[{"href":"https:\/\/www.fmsdocumentation.com\/cs\/wp-json\/wp\/v2\/types\/page"}],"author":[{"embeddable":true,"href":"https:\/\/www.fmsdocumentation.com\/cs\/wp-json\/wp\/v2\/users\/1"}],"replies":[{"embeddable":true,"href":"https:\/\/www.fmsdocumentation.com\/cs\/wp-json\/wp\/v2\/comments?post=872"}],"version-history":[{"count":5,"href":"https:\/\/www.fmsdocumentation.com\/cs\/wp-json\/wp\/v2\/pages\/872\/revisions"}],"predecessor-version":[{"id":5643,"href":"https:\/\/www.fmsdocumentation.com\/cs\/wp-json\/wp\/v2\/pages\/872\/revisions\/5643"}],"up":[{"embeddable":true,"href":"https:\/\/www.fmsdocumentation.com\/cs\/wp-json\/wp\/v2\/pages\/874"}],"wp:attachment":[{"href":"https:\/\/www.fmsdocumentation.com\/cs\/wp-json\/wp\/v2\/media?parent=872"}],"curies":[{"name":"wp","href":"https:\/\/api.w.org\/{rel}","templated":true}]}}