{"id":873,"date":"2017-04-06T08:48:47","date_gmt":"2017-04-06T08:48:47","guid":{"rendered":"http:\/\/www.fmsdocumentation.com\/create-new-event\/"},"modified":"2018-08-09T08:38:24","modified_gmt":"2018-08-09T08:38:24","slug":"create-new-event","status":"publish","type":"page","link":"https:\/\/www.fmsdocumentation.com\/cs\/events-menu\/create-new-event\/","title":{"rendered":"Vytvo\u0159en\u00ed nov\u00e9 ud\u00e1losti"},"content":{"rendered":"<p>Pro vytvo\u0159en\u00ed nov\u00e9 ud\u00e1losti se mus\u00ed kliknout na pole \u201c + Nov\u00e1 ud\u00e1lost\u201d,.<\/p>\n<p><a href=\"https:\/\/www.fmsdocumentation.com\/wp-content\/uploads\/2017\/04\/104.png\"><img loading=\"lazy\" decoding=\"async\" class=\"alignnone wp-image-186 size-full\" src=\"https:\/\/www.fmsdocumentation.com\/wp-content\/uploads\/2017\/04\/104.png\" alt=\"\" width=\"396\" height=\"154\" srcset=\"https:\/\/www.fmsdocumentation.com\/wp-content\/uploads\/2017\/04\/104.png 396w, https:\/\/www.fmsdocumentation.com\/wp-content\/uploads\/2017\/04\/104-300x117.png 300w\" sizes=\"auto, (max-width: 396px) 100vw, 396px\" \/><\/a><\/p>\n<p>Otev\u0159e se nov\u00e9 okno.<\/p>\n<p><a href=\"https:\/\/www.fmsdocumentation.com\/wp-content\/uploads\/2018\/03\/105.png\"><img loading=\"lazy\" decoding=\"async\" class=\"alignnone size-full wp-image-4479\" src=\"https:\/\/www.fmsdocumentation.com\/wp-content\/uploads\/2018\/03\/105.png\" alt=\"\" width=\"850\" height=\"759\" srcset=\"https:\/\/www.fmsdocumentation.com\/wp-content\/uploads\/2018\/03\/105.png 850w, https:\/\/www.fmsdocumentation.com\/wp-content\/uploads\/2018\/03\/105-300x268.png 300w, https:\/\/www.fmsdocumentation.com\/wp-content\/uploads\/2018\/03\/105-768x686.png 768w\" sizes=\"auto, (max-width: 850px) 100vw, 850px\" \/><\/a><\/p>\n<p>V tomto okn\u011b se vypl\u0148uj\u00ed parametry nov\u00e9 ud\u00e1losti. K dispozici jsou n\u00e1sleduj\u00edc\u00ed pole:<\/p>\n<ul>\n<li><strong>Stav ud\u00e1losti<\/strong>\u2013 m\u016f\u017ee b\u00fdt \u201cON\u201d nebo \u201cOff\u201d (<em>definuje jestli je ud\u00e1lost aktivn\u00ed\u00a0<\/em><em> a spou\u0161t\u00ed \u010di nespou\u0161t\u00ed alarm p\u0159i\u0159azen\u00fd vozidlu, lze pozd\u011bji zm\u011bnit<\/em>)<\/li>\n<li><strong>N\u00e1zev ud\u00e1losti <\/strong>\u2013 pojmenov\u00e1n\u00ed ud\u00e1losti;<\/li>\n<li><strong>Potvrzen\u00ed odesl\u00e1n\u00ed <\/strong>\u2013 seznam mo\u017enost\u00ed jak bude syst\u00e9m u\u017eivatele informovat o spu\u0161t\u011bn\u00e9 ud\u00e1losti. K dispozici jsou n\u00e1sleduj\u00edc\u00ed varianty:\n<ul>\n<li><strong>Emailov\u00e1 zpr\u00e1va<\/strong> \u2013 tato volba p\u0159id\u00e1 dal\u0161\u00ed konfigura\u010dn\u00ed pole pro z\u00e1pis:<\/li>\n<li><strong>Emailov\u00e9 adresy<\/strong> \u2013 emailov\u00e1 adresa (nebo adresy), na kter\u00e9 se m\u00e1 upozorn\u011bn\u00ed zaslat.\u00a0 Pro zaps\u00e1n\u00ed v\u00edce adres je nutn\u00e9 adresy odd\u011blovat \u010d\u00e1rkou &#8220;,&#8221;. Email bude potom zv\u00fdrazn\u011bn jako separ\u00e1tn\u00ed objekt, m\u016f\u017ee b\u00fdt odstran\u011bn kliknut\u00edm na mal\u00fd &#8220;x&#8221; na prav\u00e9 stran\u011b emailu. <strong>Toto pole je povinn\u00e9<\/strong>;<\/li>\n<\/ul>\n<\/li>\n<\/ul>\n<p><a href=\"https:\/\/www.fmsdocumentation.com\/wp-content\/uploads\/2017\/04\/106.png\"><img loading=\"lazy\" decoding=\"async\" class=\"alignnone wp-image-188 size-full\" src=\"https:\/\/www.fmsdocumentation.com\/wp-content\/uploads\/2017\/04\/106.png\" alt=\"\" width=\"374\" height=\"76\" srcset=\"https:\/\/www.fmsdocumentation.com\/wp-content\/uploads\/2017\/04\/106.png 374w, https:\/\/www.fmsdocumentation.com\/wp-content\/uploads\/2017\/04\/106-300x61.png 300w\" sizes=\"auto, (max-width: 374px) 100vw, 374px\" \/><\/a><\/p>\n<ul>\n<li><strong>P\u0159edm\u011bt emailu<\/strong> \u2013 P\u0159edm\u011bt, v\u011bc, je\u017e bude v emailu zobrazena. Obvykle je to nazv\u00e1no \u201c&lt;Ud\u00e1lost_Nazev&gt; spu\u0161t\u011bna\u201d. <strong>Toto pole je povinn\u00e9<\/strong>;<\/li>\n<li><strong>Obsah emailu <\/strong>\u2013 Obsah zaslan\u00e9ho emailu. Obvykle se jedn\u00e1 o popis ud\u00e1losti. <strong>Toto pole je povinn\u00e9.<\/strong><\/li>\n<\/ul>\n<ul>\n<li><strong>Syst\u00e9mov\u00e9 uv\u011bdom\u011bn\u00ed<\/strong> \u2013 Je-li zvolena tato varianta, potom je upozorn\u011bn\u00ed na ud\u00e1lost zobrazeno pouze v syst\u00e9mu sledov\u00e1n\u00ed;<\/li>\n<li><strong>Syst\u00e9mov\u00e9 uv\u011bdom\u011bn\u00ed a emailov\u00e1 zpr\u00e1va<\/strong> \u2013 v t\u00e9to variant\u011b bude uv\u011bdom\u011bn\u00ed o ud\u00e1losti zobrazeno v syst\u00e9mu sledov\u00e1n\u00ed a bude odesl\u00e1n email\u00a0 (bude po\u017eadov\u00e1no vyplnit dal\u0161\u00ed pole emailu).<\/li>\n<\/ul>\n<p style=\"background-color: #2e67b1; color: #ffffff; padding-left: 10px; padding-right: 10px;\"><p class=\"note\">Pozn\u00e1mka<br \/>\nUv\u011bdom\u011bn\u00ed se net\u00fdk\u00e1 ud\u00e1losti samotn\u00e9, spu\u0161t\u011bn\u00e9 ud\u00e1losti jsou st\u00e1le logov\u00e1ny v syst\u00e9mu a lze je prohl\u00ed\u017eet v p\u0159\u00edslu\u0161n\u00fdch sekc\u00edch syst\u00e9mu sledov\u00e1n\u00ed.<\/p><\/p>\n<ul>\n<li><strong>Popis &#8211; <\/strong>kr\u00e1tk\u00fd popis ud\u00e1losti, obvykle slou\u017e\u00ed pro\u00a0 p\u0159ipomenut\u00ed pro\u010d byla ud\u00e1lost vytvo\u0159ena a za jak\u00fdm \u00fa\u010delem;<\/li>\n<li><strong>Spu\u0161t\u011bn\u00ed v\u00fdstrahy \u2013<\/strong> Toto pole definuje, kdy spustit v\u00fdstrahu. K dispozici jsou t\u0159i mo\u017enosti:\n<ul>\n<li><strong>Na za\u010d\u00e1tku \u2013 <\/strong>alarm se spust\u00ed na za\u010d\u00e1tku ud\u00e1losti;<\/li>\n<li><strong>Na konci \u2013 <\/strong>alarm se spust\u00ed na konci ud\u00e1losti;<\/li>\n<li><strong>Oboj\u00ed &#8211; <\/strong>alarm se spust\u00ed na za\u010d\u00e1tku i na konci ud\u00e1losti. (Nap\u0159. <em>\u0158idi\u010d vstoup\u00ed do u\u017eivatelsk\u00e9 oblasti, spust\u00ed se alarm, po \u010dase z oblasti vystoup\u00ed, op\u011bt se spust\u00ed alarm<\/em>).<\/li>\n<\/ul>\n<\/li>\n<li><strong>Podm\u00ednky<\/strong> \u2013 Zde se vol\u00ed podm\u00ednky, za jak\u00fdch se alarm spust\u00ed. K v\u00fdb\u011bru jsou t\u0159i mo\u017enosti:\n<ul>\n<li><strong>Podm\u00ednka oblasti<\/strong> \u2013 Podm\u00ednka definov\u00e1na zem\u011bpisnou oblast\u00ed; Definuje se n\u00e1sleduj\u00edc\u00edmi parametry:\n<ul>\n<li><strong>Uvnit\u0159 \u2013 <\/strong>Alarm se spust\u00ed p\u0159i vstupu do oblasti;<\/li>\n<li><strong>Vn\u011b \u2013 <\/strong>Alarm se spust\u00ed p\u0159i opu\u0161t\u011bn\u00ed oblasti;<\/li>\n<li><strong>Oblast <\/strong>\u2013 Oblast spu\u0161t\u011bn\u00ed.<\/li>\n<\/ul>\n<\/li>\n<\/ul>\n<\/li>\n<\/ul>\n<p><a href=\"https:\/\/www.fmsdocumentation.com\/wp-content\/uploads\/2018\/03\/107.png\"><img loading=\"lazy\" decoding=\"async\" class=\"alignnone size-full wp-image-4480\" src=\"https:\/\/www.fmsdocumentation.com\/wp-content\/uploads\/2018\/03\/107.png\" alt=\"\" width=\"844\" height=\"101\" srcset=\"https:\/\/www.fmsdocumentation.com\/wp-content\/uploads\/2018\/03\/107.png 844w, https:\/\/www.fmsdocumentation.com\/wp-content\/uploads\/2018\/03\/107-300x36.png 300w, https:\/\/www.fmsdocumentation.com\/wp-content\/uploads\/2018\/03\/107-768x92.png 768w\" sizes=\"auto, (max-width: 844px) 100vw, 844px\" \/><\/a><\/p>\n<ul>\n<li><strong>Vstupn\u00ed podm\u00ednka<\/strong> \u2013 Podm\u00ednka definov\u00e1na stavem vstupu; Je konfigurov\u00e1na n\u00e1sleduj\u00edc\u00edmi parametry:\n<ul>\n<li><strong>Vstup \u2013\u00a0<\/strong>Vstup se vybere ze seznamu standardn\u00edch vstup\u016f;<\/li>\n<li><strong>Rovnice \u2013 <\/strong>Definuje vztah vstupu k hodnot\u011b (rovn\u00e1 se, v\u011bt\u0161\u00ed ne\u017e, men\u0161\u00ed ne\u017e, atd.);<\/li>\n<li><strong>Hodnota \u2013 <\/strong>Numerick\u00e1 hodnota pro logick\u00fd vztah. (<em>Nap\u0159. nap\u011bt\u00ed baterie je men\u0161\u00ed nebo rovno 22<\/em>)<\/li>\n<\/ul>\n<\/li>\n<\/ul>\n<p><a href=\"https:\/\/www.fmsdocumentation.com\/wp-content\/uploads\/2018\/03\/108.png\"><img loading=\"lazy\" decoding=\"async\" class=\"alignnone size-full wp-image-4481\" src=\"https:\/\/www.fmsdocumentation.com\/wp-content\/uploads\/2018\/03\/108.png\" alt=\"\" width=\"844\" height=\"100\" srcset=\"https:\/\/www.fmsdocumentation.com\/wp-content\/uploads\/2018\/03\/108.png 844w, https:\/\/www.fmsdocumentation.com\/wp-content\/uploads\/2018\/03\/108-300x36.png 300w, https:\/\/www.fmsdocumentation.com\/wp-content\/uploads\/2018\/03\/108-768x91.png 768w\" sizes=\"auto, (max-width: 844px) 100vw, 844px\" \/><\/a><\/p>\n<ul>\n<li><strong>Zapalov\u00e1n\u00ed<\/strong> \u2013 Podm\u00ednka definovan\u00e1 stavem zapalov\u00e1n\u00ed. Tato podm\u00ednka je konfigurov\u00e1na pouze dv\u011bma parametry:\n<ul>\n<li><strong>Zapalov\u00e1n\u00ed zapnuto;<\/strong><\/li>\n<li><strong>Zapalov\u00e1n\u00ed vypnuto.<\/strong><\/li>\n<\/ul>\n<\/li>\n<\/ul>\n<p><a href=\"https:\/\/www.fmsdocumentation.com\/wp-content\/uploads\/2018\/03\/109.png\"><img loading=\"lazy\" decoding=\"async\" class=\"alignnone size-full wp-image-4482\" src=\"https:\/\/www.fmsdocumentation.com\/wp-content\/uploads\/2018\/03\/109.png\" alt=\"\" width=\"844\" height=\"99\" srcset=\"https:\/\/www.fmsdocumentation.com\/wp-content\/uploads\/2018\/03\/109.png 844w, https:\/\/www.fmsdocumentation.com\/wp-content\/uploads\/2018\/03\/109-300x35.png 300w, https:\/\/www.fmsdocumentation.com\/wp-content\/uploads\/2018\/03\/109-768x90.png 768w\" sizes=\"auto, (max-width: 844px) 100vw, 844px\" \/><\/a><\/p>\n<ul>\n<li><strong>Dodate\u010dn\u00e1 podm\u00ednka<\/strong> \u2013lze aktivovat kliknut\u00edm na symbol \u201c+&#8221; pod prvn\u00ed podm\u00ednkou.<\/li>\n<\/ul>\n<p><a href=\"https:\/\/www.fmsdocumentation.com\/wp-content\/uploads\/2018\/03\/110.png\"><img loading=\"lazy\" decoding=\"async\" class=\"alignnone size-full wp-image-4484\" src=\"https:\/\/www.fmsdocumentation.com\/wp-content\/uploads\/2018\/03\/110.png\" alt=\"\" width=\"842\" height=\"186\" srcset=\"https:\/\/www.fmsdocumentation.com\/wp-content\/uploads\/2018\/03\/110.png 842w, https:\/\/www.fmsdocumentation.com\/wp-content\/uploads\/2018\/03\/110-300x66.png 300w, https:\/\/www.fmsdocumentation.com\/wp-content\/uploads\/2018\/03\/110-768x170.png 768w\" sizes=\"auto, (max-width: 842px) 100vw, 842px\" \/><\/a><\/p>\n<p>T\u00edm se k ud\u00e1losti p\u0159id\u00e1 dal\u0161\u00ed podm\u00ednka a logick\u00fd \u010dinitel. Jsou dv\u011b mo\u017enosti:<\/p>\n<ul>\n<li><strong>A \u2013 <\/strong>Ud\u00e1lost se spust\u00ed p\u0159i spln\u011bn\u00ed obou podm\u00ednek;<\/li>\n<li><strong>Nebo \u2013 <\/strong>Ud\u00e1lost se spust\u00ed p\u0159i spu\u0161t\u011bn\u00ed jedn\u00e9 z t\u011bchto dvou podm\u00ednek.<\/li>\n<\/ul>\n<p>Pro odstran\u011bn\u00ed podm\u00ednky mus\u00ed u\u017eivatel kliknout na tla\u010d\u00edtko &#8220;Odstranit&#8221; um\u00edst\u011bn\u00e9 nad ka\u017edou podm\u00ednkou. Tla\u010d\u00edtko funguje pro posdm\u00ednku ke kter\u00e9 je p\u0159i\u0159azeno.<\/p>\n<p><a href=\"https:\/\/www.fmsdocumentation.com\/wp-content\/uploads\/2018\/03\/111.png\"><img loading=\"lazy\" decoding=\"async\" class=\"alignnone size-full wp-image-4485\" src=\"https:\/\/www.fmsdocumentation.com\/wp-content\/uploads\/2018\/03\/111.png\" alt=\"\" width=\"844\" height=\"242\" srcset=\"https:\/\/www.fmsdocumentation.com\/wp-content\/uploads\/2018\/03\/111.png 844w, https:\/\/www.fmsdocumentation.com\/wp-content\/uploads\/2018\/03\/111-300x86.png 300w, https:\/\/www.fmsdocumentation.com\/wp-content\/uploads\/2018\/03\/111-768x220.png 768w\" sizes=\"auto, (max-width: 844px) 100vw, 844px\" \/><\/a><\/p>\n<p>Po vypln\u011bn\u00ed v\u0161ech pol\u00ed se mus\u00ed stiknout tla\u010d\u00edtko &#8220;Vytvo\u0159it&#8221;, jinak nebude ud\u00e1lost ulo\u017eena. Jestli\u017ee se vytvo\u0159en\u00e1 ud\u00e1lost nem\u00e1 ulo\u017eit, mus\u00ed se kliknout na tla\u010d\u00edtko &#8220;Zav\u0159\u00edt&#8221; nebo kliknout kdekoliv mimo okno &#8220;Vytvo\u0159it novou ud\u00e1lost&#8221;.<\/p>\n<p><a href=\"https:\/\/www.fmsdocumentation.com\/wp-content\/uploads\/2017\/04\/112.png\"><img loading=\"lazy\" decoding=\"async\" class=\"alignnone wp-image-194 size-full\" src=\"https:\/\/www.fmsdocumentation.com\/wp-content\/uploads\/2017\/04\/112.png\" alt=\"\" width=\"310\" height=\"60\" srcset=\"https:\/\/www.fmsdocumentation.com\/wp-content\/uploads\/2017\/04\/112.png 310w, https:\/\/www.fmsdocumentation.com\/wp-content\/uploads\/2017\/04\/112-300x58.png 300w\" sizes=\"auto, (max-width: 310px) 100vw, 310px\" \/><\/a><\/p>\n<hr \/>\n<p><div class=\"alignleft\"><a href=\"https:\/\/www.fmsdocumentation.com\/cs\/events-menu\/\" title=\"Menu ud\u00e1losti\"><span class=\"arrow\">\u2039 &nbsp <\/span> Menu ud\u00e1losti <\/a><\/div> <div class=\"alignright\"><a href=\"https:\/\/www.fmsdocumentation.com\/cs\/events-menu\/event-list-modifications\/\" title=\"Modifikace seznamu ud\u00e1lost\u00ed\">Modifikace seznamu ud\u00e1lost\u00ed <span class=\"arrow\"> &nbsp\u203a <\/span> <\/a><\/div><\/p>\n","protected":false},"excerpt":{"rendered":"<p>Pro vytvo\u0159en\u00ed nov\u00e9 ud\u00e1losti se mus\u00ed kliknout na pole \u201c + Nov\u00e1 ud\u00e1lost\u201d,. Otev\u0159e se nov\u00e9 okno. V tomto okn\u011b se vypl\u0148uj\u00ed parametry nov\u00e9 ud\u00e1losti. K dispozici jsou n\u00e1sleduj\u00edc\u00ed pole: Stav ud\u00e1losti\u2013 m\u016f\u017ee b\u00fdt \u201cON\u201d nebo \u201cOff\u201d (definuje jestli je ud\u00e1lost aktivn\u00ed\u00a0 a spou\u0161t\u00ed \u010di nespou\u0161t\u00ed alarm p\u0159i\u0159azen\u00fd vozidlu, lze pozd\u011bji zm\u011bnit) N\u00e1zev ud\u00e1losti \u2013 &hellip; <a href=\"https:\/\/www.fmsdocumentation.com\/cs\/events-menu\/create-new-event\/\" class=\"more-link\">Pokra\u010dov\u00e1n\u00ed textu <span class=\"screen-reader-text\">Vytvo\u0159en\u00ed nov\u00e9 ud\u00e1losti<\/span><\/a><\/p>\n","protected":false},"author":1,"featured_media":0,"parent":874,"menu_order":1,"comment_status":"closed","ping_status":"closed","template":"","meta":{"footnotes":""},"class_list":["post-873","page","type-page","status-publish","hentry"],"_links":{"self":[{"href":"https:\/\/www.fmsdocumentation.com\/cs\/wp-json\/wp\/v2\/pages\/873","targetHints":{"allow":["GET"]}}],"collection":[{"href":"https:\/\/www.fmsdocumentation.com\/cs\/wp-json\/wp\/v2\/pages"}],"about":[{"href":"https:\/\/www.fmsdocumentation.com\/cs\/wp-json\/wp\/v2\/types\/page"}],"author":[{"embeddable":true,"href":"https:\/\/www.fmsdocumentation.com\/cs\/wp-json\/wp\/v2\/users\/1"}],"replies":[{"embeddable":true,"href":"https:\/\/www.fmsdocumentation.com\/cs\/wp-json\/wp\/v2\/comments?post=873"}],"version-history":[{"count":5,"href":"https:\/\/www.fmsdocumentation.com\/cs\/wp-json\/wp\/v2\/pages\/873\/revisions"}],"predecessor-version":[{"id":5641,"href":"https:\/\/www.fmsdocumentation.com\/cs\/wp-json\/wp\/v2\/pages\/873\/revisions\/5641"}],"up":[{"embeddable":true,"href":"https:\/\/www.fmsdocumentation.com\/cs\/wp-json\/wp\/v2\/pages\/874"}],"wp:attachment":[{"href":"https:\/\/www.fmsdocumentation.com\/cs\/wp-json\/wp\/v2\/media?parent=873"}],"curies":[{"name":"wp","href":"https:\/\/api.w.org\/{rel}","templated":true}]}}