{"id":874,"date":"2017-04-06T08:37:35","date_gmt":"2017-04-06T08:37:35","guid":{"rendered":"http:\/\/www.fmsdocumentation.com\/events-menu\/"},"modified":"2020-06-09T14:21:59","modified_gmt":"2020-06-09T11:21:59","slug":"events-menu","status":"publish","type":"page","link":"https:\/\/www.fmsdocumentation.com\/cs\/events-menu\/","title":{"rendered":"Menu ud\u00e1losti"},"content":{"rendered":"<p>Pro p\u0159\u00edstup na panel ud\u00e1losti mus\u00ed u\u017eivatel kliknout na p\u0159\u00edslu\u0161nou ikonu na naviga\u010dn\u00edm panelu na lev\u00e9 stran\u011b obrazovky.<\/p>\n<p><a href=\"https:\/\/www.fmsdocumentation.com\/wp-content\/uploads\/2018\/03\/103.png\"><img loading=\"lazy\" decoding=\"async\" class=\"alignnone size-large wp-image-4476\" src=\"https:\/\/www.fmsdocumentation.com\/wp-content\/uploads\/2018\/03\/103-1024x506.png\" alt=\"\" width=\"660\" height=\"326\" srcset=\"https:\/\/www.fmsdocumentation.com\/wp-content\/uploads\/2018\/03\/103-1024x506.png 1024w, https:\/\/www.fmsdocumentation.com\/wp-content\/uploads\/2018\/03\/103-300x148.png 300w, https:\/\/www.fmsdocumentation.com\/wp-content\/uploads\/2018\/03\/103-768x380.png 768w, https:\/\/www.fmsdocumentation.com\/wp-content\/uploads\/2018\/03\/103.png 1920w\" sizes=\"auto, (max-width: 660px) 100vw, 660px\" \/><\/a><\/p>\n<p>Kliknut\u00edm na ikonu se otev\u0159e panel ud\u00e1losti. Panel umo\u017e\u0148uje prohl\u00ed\u017eet existuj\u00edc\u00ed ud\u00e1losti, modifikovat je a tvo\u0159it nov\u00e9.<\/p>\n<hr \/>\n<p><div class=\"alignleft\"><a href=\"https:\/\/www.fmsdocumentation.com\/cs\/geozones-menu\/\" title=\"Menu u\u017eivatelsk\u00fdch oblast\u00ed\"><span class=\"arrow\">\u2039 &nbsp <\/span> Menu u\u017eivatelsk\u00fdch oblast\u00ed <\/a><\/div> <div class=\"alignright\"><a href=\"https:\/\/www.fmsdocumentation.com\/cs\/events-menu\/create-new-event\/\" title=\"Vytvo\u0159en\u00ed nov\u00e9 ud\u00e1losti\">Vytvo\u0159en\u00ed nov\u00e9 ud\u00e1losti <span class=\"arrow\"> &nbsp\u203a <\/span> <\/a><\/div><\/p>\n","protected":false},"excerpt":{"rendered":"<p>Pro p\u0159\u00edstup na panel ud\u00e1losti mus\u00ed u\u017eivatel kliknout na p\u0159\u00edslu\u0161nou ikonu na naviga\u010dn\u00edm panelu na lev\u00e9 stran\u011b obrazovky. Kliknut\u00edm na ikonu se otev\u0159e panel ud\u00e1losti. Panel umo\u017e\u0148uje prohl\u00ed\u017eet existuj\u00edc\u00ed ud\u00e1losti, modifikovat je a tvo\u0159it nov\u00e9.<\/p>\n","protected":false},"author":1,"featured_media":0,"parent":0,"menu_order":61,"comment_status":"closed","ping_status":"closed","template":"","meta":{"footnotes":""},"class_list":["post-874","page","type-page","status-publish","hentry"],"_links":{"self":[{"href":"https:\/\/www.fmsdocumentation.com\/cs\/wp-json\/wp\/v2\/pages\/874","targetHints":{"allow":["GET"]}}],"collection":[{"href":"https:\/\/www.fmsdocumentation.com\/cs\/wp-json\/wp\/v2\/pages"}],"about":[{"href":"https:\/\/www.fmsdocumentation.com\/cs\/wp-json\/wp\/v2\/types\/page"}],"author":[{"embeddable":true,"href":"https:\/\/www.fmsdocumentation.com\/cs\/wp-json\/wp\/v2\/users\/1"}],"replies":[{"embeddable":true,"href":"https:\/\/www.fmsdocumentation.com\/cs\/wp-json\/wp\/v2\/comments?post=874"}],"version-history":[{"count":3,"href":"https:\/\/www.fmsdocumentation.com\/cs\/wp-json\/wp\/v2\/pages\/874\/revisions"}],"predecessor-version":[{"id":5639,"href":"https:\/\/www.fmsdocumentation.com\/cs\/wp-json\/wp\/v2\/pages\/874\/revisions\/5639"}],"wp:attachment":[{"href":"https:\/\/www.fmsdocumentation.com\/cs\/wp-json\/wp\/v2\/media?parent=874"}],"curies":[{"name":"wp","href":"https:\/\/api.w.org\/{rel}","templated":true}]}}