{"id":875,"date":"2017-04-06T08:36:18","date_gmt":"2017-04-06T08:36:18","guid":{"rendered":"http:\/\/www.fmsdocumentation.com\/geozones-menu\/"},"modified":"2020-06-09T14:21:57","modified_gmt":"2020-06-09T11:21:57","slug":"geozones-menu","status":"publish","type":"page","link":"https:\/\/www.fmsdocumentation.com\/cs\/geozones-menu\/","title":{"rendered":"Menu u\u017eivatelsk\u00fdch oblast\u00ed"},"content":{"rendered":"<p>Pro p\u0159\u00edstup do u\u017eivatelsk\u00fdch oblast\u00ed se mus\u00ed kliknout na p\u0159\u00edslu\u0161nou ikonu na naviga\u010dn\u00edm panelu v lev\u00e9 \u010d\u00e1sti obrazovky. V tomto panelu lze vyhled\u00e1vat existuj\u00edc\u00ed u\u017eivatelsk\u00e9 oblasti, modifikovat je a tvo\u0159it nov\u00e9. Vytvo\u0159en\u00ed nov\u00e9 oblasti za\u010dne stisknut\u00edm pole \u201c + Nov\u00e1 oblast\u201d.<\/p>\n<p><a href=\"https:\/\/www.fmsdocumentation.com\/wp-content\/uploads\/2018\/05\/283.png\"><img loading=\"lazy\" decoding=\"async\" class=\"alignnone size-large wp-image-5028\" src=\"https:\/\/www.fmsdocumentation.com\/wp-content\/uploads\/2018\/05\/283-1024x506.png\" alt=\"\" width=\"660\" height=\"326\" srcset=\"https:\/\/www.fmsdocumentation.com\/wp-content\/uploads\/2018\/05\/283-1024x506.png 1024w, https:\/\/www.fmsdocumentation.com\/wp-content\/uploads\/2018\/05\/283-300x148.png 300w, https:\/\/www.fmsdocumentation.com\/wp-content\/uploads\/2018\/05\/283-768x380.png 768w, https:\/\/www.fmsdocumentation.com\/wp-content\/uploads\/2018\/05\/283.png 1920w\" sizes=\"auto, (max-width: 660px) 100vw, 660px\" \/><\/a><\/p>\n<p>Kliknut\u00edm na \u201c+ Nov\u00e1 oblast\u201d se otev\u0159e nov\u00fd panel s typy oblast\u00ed. \u0160t\u00edtek \u201cNov\u00fd bod z\u00e1jmu\u201d se otev\u0159e automaticky. K dispozici jsou pouze dva \u0161t\u00edtky: <strong>Bod z\u00e1jmu<\/strong> and <strong>Polygon<\/strong>.<\/p>\n<p><strong>Bod z\u00e1jmu<\/strong> \u2013 Po kliknut\u00ed na \u201c+ Nov\u00e1 oblast\u201d jsou k dispozici dv\u011b mo\u017enosti vytvo\u0159en\u00ed nov\u00e9ho bodu z\u00e1jmu.<\/p>\n<p><a href=\"https:\/\/www.fmsdocumentation.com\/wp-content\/uploads\/2018\/05\/94.png\"><img loading=\"lazy\" decoding=\"async\" class=\"alignnone size-full wp-image-5034\" src=\"https:\/\/www.fmsdocumentation.com\/wp-content\/uploads\/2018\/05\/94.png\" alt=\"\" width=\"360\" height=\"130\" srcset=\"https:\/\/www.fmsdocumentation.com\/wp-content\/uploads\/2018\/05\/94.png 360w, https:\/\/www.fmsdocumentation.com\/wp-content\/uploads\/2018\/05\/94-300x108.png 300w\" sizes=\"auto, (max-width: 360px) 100vw, 360px\" \/><\/a><\/p>\n<p>Prvn\u00ed mo\u017enost\u00ed je kliknout na po\u017eadovan\u00fd bod do mapy, tak se vypln\u00ed pole adresy a polom\u011br automaticky. U\u017eivatel tak dopln\u00ed jen n\u00e1zev a eventu\u00e1ln\u011b pozn\u00e1mku.<\/p>\n<p>Druhou mo\u017enost\u00ed je zadat informace ru\u010dn\u011b. Mus\u00ed se vyplnit n\u00e1sleduj\u00edc\u00ed pole:<\/p>\n<ul>\n<li>N\u00e1zev \u2013 n\u00e1zev oblasti, slou\u017e\u00ed pro orientaci u\u017eivatele (pole je povinn\u00e9);<\/li>\n<li>Adresa \u2013 toto pole funguje jako vyhled\u00e1vac\u00ed li\u0161ta a s ka\u017ed\u00fdm vypln\u011bn\u00fdm znakem automaticky nab\u00edz\u00ed adresu (toto pole je povinn\u00e9);<\/li>\n<li>Polom\u011br \u2013 polom\u011br kolem zvolen\u00e9 adresy, je\u017e bude oblast vymezovat. Rozsah hodnot je od 5 to 50 000 metr\u016f (pole je povinn\u00e9);<\/li>\n<li>Pozn\u00e1mky \u2013 obecn\u00e9 pozn\u00e1mky, je\u017e mohou m\u00edt pro u\u017eivatele v\u00fdznam (toto pole nen\u00ed povinn\u00e9).<\/li>\n<\/ul>\n<p><a href=\"https:\/\/www.fmsdocumentation.com\/wp-content\/uploads\/2018\/05\/95.png\"><img loading=\"lazy\" decoding=\"async\" class=\"alignnone size-full wp-image-5035\" src=\"https:\/\/www.fmsdocumentation.com\/wp-content\/uploads\/2018\/05\/95.png\" alt=\"\" width=\"360\" height=\"819\" srcset=\"https:\/\/www.fmsdocumentation.com\/wp-content\/uploads\/2018\/05\/95.png 360w, https:\/\/www.fmsdocumentation.com\/wp-content\/uploads\/2018\/05\/95-132x300.png 132w\" sizes=\"auto, (max-width: 360px) 100vw, 360px\" \/><\/a><\/p>\n<p>Po vypln\u011bn\u00ed v\u0161ech pol\u00ed se mus\u00ed kliknout na tla\u010d\u00edtko &#8220;Ulo\u017eit&#8221;, jinak nebude oblast ulo\u017eena.<\/p>\n<p><strong>Polygon<\/strong> \u2013 Umo\u017e\u0148uje na map\u011b vyzna\u010dit oblast libovoln\u00e9ho tvaru.<\/p>\n<p><a href=\"https:\/\/www.fmsdocumentation.com\/wp-content\/uploads\/2018\/05\/96.png\"><img loading=\"lazy\" decoding=\"async\" class=\"alignnone size-full wp-image-5036\" src=\"https:\/\/www.fmsdocumentation.com\/wp-content\/uploads\/2018\/05\/96.png\" alt=\"\" width=\"360\" height=\"130\" srcset=\"https:\/\/www.fmsdocumentation.com\/wp-content\/uploads\/2018\/05\/96.png 360w, https:\/\/www.fmsdocumentation.com\/wp-content\/uploads\/2018\/05\/96-300x108.png 300w\" sizes=\"auto, (max-width: 360px) 100vw, 360px\" \/><\/a><\/p>\n<p>Polygon lze vytvo\u0159it pouze jedn\u00edm zp\u016fsobem. Po kliknut\u00ed na \u0161t\u00edtek &#8220;Polygon&#8221; jsou k dispozici dv\u011b pole:<\/p>\n<ul>\n<li>N\u00e1zev \u2013 n\u00e1zev oblasti, slou\u017e\u00ed pro orientaci u\u017eivatele (pole je povinn\u00e9);<\/li>\n<li>Pozn\u00e1mky \u2013 obecn\u00e9 pozn\u00e1mky, je\u017e mohou m\u00edt pro u\u017eivatele v\u00fdznam (toto pole nen\u00ed povinn\u00e9).<\/li>\n<\/ul>\n<ul>\n<li style=\"list-style-type: none;\">Po vypln\u011bn\u00ed pol\u00ed (<em>nebo je\u0161t\u011b p\u0159ed t\u00edm, po\u0159ad\u00ed krok\u016f nem\u00e1 vliv na v\u00fdsledek<\/em>) se mus\u00ed na map\u011b vyzna\u010dit polygon. Kliknut\u00edm do mapy se vyzna\u010d\u00ed prvn\u00ed bod a potom dal\u0161\u00ed, postupn\u011b se vymez\u00ed po\u017eadovan\u00e1 oblast. Prvn\u00ed a posledn\u00ed bod se mus\u00ed dot\u00fdkat. Potom se vyzna\u010den\u00e1 oblast zv\u00fdrazn\u00ed mod\u0159e.<\/li>\n<\/ul>\n<p><a href=\"https:\/\/www.fmsdocumentation.com\/wp-content\/uploads\/2018\/05\/97.png\"><img loading=\"lazy\" decoding=\"async\" class=\"alignnone size-large wp-image-5037\" src=\"https:\/\/www.fmsdocumentation.com\/wp-content\/uploads\/2018\/05\/97-1024x607.png\" alt=\"\" width=\"660\" height=\"391\" srcset=\"https:\/\/www.fmsdocumentation.com\/wp-content\/uploads\/2018\/05\/97-1024x607.png 1024w, https:\/\/www.fmsdocumentation.com\/wp-content\/uploads\/2018\/05\/97-300x178.png 300w, https:\/\/www.fmsdocumentation.com\/wp-content\/uploads\/2018\/05\/97-768x455.png 768w, https:\/\/www.fmsdocumentation.com\/wp-content\/uploads\/2018\/05\/97.png 1500w\" sizes=\"auto, (max-width: 660px) 100vw, 660px\" \/><\/a><\/p>\n<p>Po vypln\u011bn\u00ed v\u0161ech pol\u00ed a vyzna\u010den\u00ed polygonu se mus\u00ed stisknout tla\u010d\u00edtko &#8220;Ulo\u017eit&#8221;, jinak se polygon neulo\u017e\u00ed.<\/p>\n<p style=\"background-color: #2e67b1; color: #ffffff; padding-left: 10px; padding-right: 10px;\"><p class=\"note\">Pozn\u00e1mka<br \/>\nPo propojen\u00ed posledn\u00edho bodu lze polygon modifikovat.\u00a0 Provede se to kliknut\u00edm na existuj\u00edc\u00ed bod a jeho posunut\u00edm na map\u011b. Jak se polygon natahuje vytvo\u0159\u00ed se v\u00edce bod\u016f, aby se tvorba polygonu zjednodu\u010dila.\u00a0 Po ka\u017ed\u00e9m posunu bodu se objev\u00ed ikona &#8220;Zru\u0161it&#8221;, co\u017e umo\u017e\u0148uje vr\u00e1tit posunut\u00fd bod na p\u0159edchoz\u00ed pozici. Plat\u00ed to pouze pro posledn\u00ed posunut\u00fd bod.<\/p><\/p>\n<p><strong>Seznam oblast\u00ed<\/strong>&#8211; zobrazuje v\u0161echny existuj\u00edc\u00ed oblasti pro dan\u00e9ho webov\u00e9ho u\u017eivatele. Seznam oblast\u00ed lze filtrovat kliknut\u00edm na pole &#8220;Zobrazit oblasti&#8221;, rozbal\u00ed se seznam s dostupn\u00fdmi filtry.<\/p>\n<p><a href=\"https:\/\/www.fmsdocumentation.com\/wp-content\/uploads\/2018\/05\/98.png\"><img loading=\"lazy\" decoding=\"async\" class=\"alignnone size-full wp-image-5039\" src=\"https:\/\/www.fmsdocumentation.com\/wp-content\/uploads\/2018\/05\/98.png\" alt=\"\" width=\"360\" height=\"162\" srcset=\"https:\/\/www.fmsdocumentation.com\/wp-content\/uploads\/2018\/05\/98.png 360w, https:\/\/www.fmsdocumentation.com\/wp-content\/uploads\/2018\/05\/98-300x135.png 300w\" sizes=\"auto, (max-width: 360px) 100vw, 360px\" \/><\/a><\/p>\n<p>Aktu\u00e1l\u011b vybran\u00fd filtr je zv\u00fdrazn\u011bn tmav\u0161\u00edm \u0161ed\u00fdm p\u00edsmem a ozna\u010den\u00fd modr\u00fdm pruhem vpravo od n\u00e1zvu filtru. Po v\u00fdb\u011bru filtru se seznam automaticky aktualizuje podle parametru filtru.\u00a0Vedle ikony je n\u00e1zev oblasti pod n\u00edm je adresa. Kliknut\u00edm na oblast se oblast zobraz\u00ed na map\u011b a otev\u0159e se panel s informacemi. Zde lze oblast bu\u010f &#8220;Editovat&#8221; nebo &#8220;Vymazat&#8221;.<\/p>\n<p><a href=\"https:\/\/www.fmsdocumentation.com\/wp-content\/uploads\/2018\/05\/102.png\"><img loading=\"lazy\" decoding=\"async\" class=\"alignnone size-full wp-image-5042\" src=\"https:\/\/www.fmsdocumentation.com\/wp-content\/uploads\/2018\/05\/102.png\" alt=\"\" width=\"720\" height=\"473\" srcset=\"https:\/\/www.fmsdocumentation.com\/wp-content\/uploads\/2018\/05\/102.png 720w, https:\/\/www.fmsdocumentation.com\/wp-content\/uploads\/2018\/05\/102-300x197.png 300w\" sizes=\"auto, (max-width: 720px) 100vw, 720px\" \/><\/a><\/p>\n<p><strong>Editovat \u2013 <\/strong>otev\u0159e okno, stejn\u00e9 jako v p\u0159\u00edpad\u011b &#8220;Nov\u00e9 oblasti&#8221;. Lze zm\u011bnit popis a polohu na map\u011b. Po proveden\u00ed zm\u011bn se mus\u00ed stisknout tla\u010d\u00edtko &#8220;Ulo\u017eit&#8221;, jinak se zm\u011bny neuchovaj\u00ed. Pokud se zm\u011bny nemaj\u00ed ulo\u017eit, mus\u00ed se kliknout na tla\u010d\u00edtko &#8220;Zru\u0161it&#8221;.<\/p>\n<p><strong>Vymazat<\/strong> \u2013 kliknut\u00edm na toto tla\u010d\u00edtko se otev\u0159e nov\u00e9 potvrzovac\u00ed okno, pro p\u0159\u00edpad n\u00e1hodn\u00e9ho stisknut\u00ed tla\u010d\u00edtka. Zde se bu\u010f v\u00fdmaz potvrd\u00ed nebo zru\u0161\u00ed.<\/p>\n<hr \/>\n<p><div class=\"alignleft\"><a href=\"https:\/\/www.fmsdocumentation.com\/cs\/communications-menu\/\" title=\"Menu komunikace\"><span class=\"arrow\">\u2039 &nbsp <\/span> Menu komunikace <\/a><\/div> <div class=\"alignright\"><a href=\"https:\/\/www.fmsdocumentation.com\/cs\/events-menu\/\" title=\"Menu ud\u00e1losti\">Menu ud\u00e1losti <span class=\"arrow\"> &nbsp\u203a <\/span> <\/a><\/div><\/p>\n","protected":false},"excerpt":{"rendered":"<p>Pro p\u0159\u00edstup do u\u017eivatelsk\u00fdch oblast\u00ed se mus\u00ed kliknout na p\u0159\u00edslu\u0161nou ikonu na naviga\u010dn\u00edm panelu v lev\u00e9 \u010d\u00e1sti obrazovky. V tomto panelu lze vyhled\u00e1vat existuj\u00edc\u00ed u\u017eivatelsk\u00e9 oblasti, modifikovat je a tvo\u0159it nov\u00e9. Vytvo\u0159en\u00ed nov\u00e9 oblasti za\u010dne stisknut\u00edm pole \u201c + Nov\u00e1 oblast\u201d. Kliknut\u00edm na \u201c+ Nov\u00e1 oblast\u201d se otev\u0159e nov\u00fd panel s typy oblast\u00ed. \u0160t\u00edtek \u201cNov\u00fd &hellip; <a href=\"https:\/\/www.fmsdocumentation.com\/cs\/geozones-menu\/\" class=\"more-link\">Pokra\u010dov\u00e1n\u00ed textu <span class=\"screen-reader-text\">Menu u\u017eivatelsk\u00fdch oblast\u00ed<\/span><\/a><\/p>\n","protected":false},"author":1,"featured_media":0,"parent":0,"menu_order":53,"comment_status":"closed","ping_status":"closed","template":"","meta":{"footnotes":""},"class_list":["post-875","page","type-page","status-publish","hentry"],"_links":{"self":[{"href":"https:\/\/www.fmsdocumentation.com\/cs\/wp-json\/wp\/v2\/pages\/875","targetHints":{"allow":["GET"]}}],"collection":[{"href":"https:\/\/www.fmsdocumentation.com\/cs\/wp-json\/wp\/v2\/pages"}],"about":[{"href":"https:\/\/www.fmsdocumentation.com\/cs\/wp-json\/wp\/v2\/types\/page"}],"author":[{"embeddable":true,"href":"https:\/\/www.fmsdocumentation.com\/cs\/wp-json\/wp\/v2\/users\/1"}],"replies":[{"embeddable":true,"href":"https:\/\/www.fmsdocumentation.com\/cs\/wp-json\/wp\/v2\/comments?post=875"}],"version-history":[{"count":5,"href":"https:\/\/www.fmsdocumentation.com\/cs\/wp-json\/wp\/v2\/pages\/875\/revisions"}],"predecessor-version":[{"id":5638,"href":"https:\/\/www.fmsdocumentation.com\/cs\/wp-json\/wp\/v2\/pages\/875\/revisions\/5638"}],"wp:attachment":[{"href":"https:\/\/www.fmsdocumentation.com\/cs\/wp-json\/wp\/v2\/media?parent=875"}],"curies":[{"name":"wp","href":"https:\/\/api.w.org\/{rel}","templated":true}]}}