{"id":877,"date":"2017-04-06T08:18:13","date_gmt":"2017-04-06T08:18:13","guid":{"rendered":"http:\/\/www.fmsdocumentation.com\/routing-menu\/creating-new-tasks\/"},"modified":"2018-08-09T08:59:38","modified_gmt":"2018-08-09T08:59:38","slug":"creating-new-tasks","status":"publish","type":"page","link":"https:\/\/www.fmsdocumentation.com\/cs\/creating-new-tasks\/","title":{"rendered":"Vytvo\u0159en\u00ed nov\u00e9ho \u00fakolu"},"content":{"rendered":"<p>Do panelu \u00fakol\u016f se p\u0159istupuje kliknut\u00edm na &#8220;\u00dakoly&#8221; na panelu Trasov\u00e1n\u00ed &amp; \u00dakoly.<\/p>\n<p><a href=\"https:\/\/www.fmsdocumentation.com\/wp-content\/uploads\/2017\/04\/237-2.png\"><img loading=\"lazy\" decoding=\"async\" class=\"alignnone size-large wp-image-1152\" src=\"https:\/\/www.fmsdocumentation.com\/wp-content\/uploads\/2017\/04\/237-2-1024x506.png\" alt=\"\" width=\"660\" height=\"326\" srcset=\"https:\/\/www.fmsdocumentation.com\/wp-content\/uploads\/2017\/04\/237-2-1024x506.png 1024w, https:\/\/www.fmsdocumentation.com\/wp-content\/uploads\/2017\/04\/237-2-300x148.png 300w, https:\/\/www.fmsdocumentation.com\/wp-content\/uploads\/2017\/04\/237-2-768x380.png 768w, https:\/\/www.fmsdocumentation.com\/wp-content\/uploads\/2017\/04\/237-2.png 1920w\" sizes=\"auto, (max-width: 660px) 100vw, 660px\" \/><\/a><\/p>\n<p>Kliknut\u00edm na &#8220;\u00dakoly&#8221; se otev\u0159e panel, naho\u0159e je tla\u010d\u00edtko \u201c+ Nov\u00fd \u00fakol\u201d. Po kliknut\u00ed na toto tla\u010d\u00edtko se u\u017eivatel p\u0159esm\u011bruje na &#8220;Trasov\u00e1n\u00ed&#8221;, kde se mus\u00ed nejprve zadat po\u010d\u00e1te\u010dn\u00ed bod a c\u00edlov\u00fd bod \u00fakolu.<\/p>\n<p style=\"background-color: #2e67b1; color: #ffffff;\"><p class=\"note\">Pozn\u00e1mka<br \/>\n\u00dakol se automaticky p\u0159i\u0159ad\u00ed nejbli\u017e\u0161\u00edmu vozidlu nebo vybran\u00e9mu vozidlu z nejbli\u017e\u0161\u00edch v ur\u010den\u00e9m polom\u011bru. Doporu\u010duje se vybrat zam\u00fd\u0161len\u00e9 vozidlo jako po\u010d\u00e1te\u010dn\u00ed bod, proto\u017ee pokud vozidlo nen\u00ed v ur\u010den\u00e9m polom\u011bru po\u010d\u00e1te\u010dn\u00edho bodu nem\u016f\u017ee b\u00fdt p\u0159i\u0159azeno v procesu tvorby \u00fakolu. Jestli\u017ee v ur\u010den\u00e9m polom\u011bru nen\u00ed \u017e\u00e1dn\u00e9 vozidlo, nelze \u00fakol vytvo\u0159it.<\/p><\/p>\n<p>Po vytvo\u0159en\u00ed trasy a kliknut\u00ed na tla\u010d\u00edtko &#8220;Vytvo\u0159it \u00fakol&#8221;, se objev\u00ed nov\u00e9 okno &#8220;Vytvo\u0159it nov\u00e9 okno pro\u00a0 &lt;selected_vehicle&gt;&#8221; s n\u00e1sleduj\u00edc\u00edmi poli:<\/p>\n<ul>\n<li><strong>N\u00e1zev <\/strong>\u2013 N\u00e1zev \u00fakolu, bude se zobrazovat v seznamu \u00fakol\u016f;<\/li>\n<li><strong>Z<\/strong> &#8211; m\u00edsto v\u00fdjezdu specifikovan\u00e9 v trase s mo\u017enost\u00ed p\u0159idat dal\u0161\u00ed informaci o klientovi;<\/li>\n<li><strong>Do<\/strong> &#8211; koncov\u00fd bod v trase s mo\u017enost\u00ed p\u0159idat dal\u0161\u00ed informaci o klientovi;<\/li>\n<li><strong>P\u0159edpokl\u00e1dan\u00fd datum a \u010das p\u0159\u00edjezdu;<\/strong><\/li>\n<li><strong>Preferovan\u00fd datum a \u010das p\u0159\u00edjezdu;<\/strong><\/li>\n<li><strong>Dodate\u010dn\u00e1 informace &#8211;<\/strong> jako je cena, hmotnost, objem a preferovan\u00e1 teplota.<\/li>\n<\/ul>\n<p><a href=\"https:\/\/www.fmsdocumentation.com\/wp-content\/uploads\/2017\/04\/226-1.png\"><img loading=\"lazy\" decoding=\"async\" class=\"alignnone wp-image-638 size-full\" src=\"https:\/\/www.fmsdocumentation.com\/wp-content\/uploads\/2017\/04\/226-1.png\" alt=\"\" width=\"750\" height=\"692\" srcset=\"https:\/\/www.fmsdocumentation.com\/wp-content\/uploads\/2017\/04\/226-1.png 750w, https:\/\/www.fmsdocumentation.com\/wp-content\/uploads\/2017\/04\/226-1-300x277.png 300w\" sizes=\"auto, (max-width: 750px) 100vw, 750px\" \/><\/a><\/p>\n<p>Po zad\u00e1n\u00ed v\u0161ech nezbytn\u00fdch informac\u00ed se mus\u00ed kliknout na tla\u010d\u00edtko ulo\u017eit. Pokud se \u00fakol nem\u00e1 ulo\u017eit, klikne se bu\u010f na tla\u010d\u00edtko zav\u0159\u00edt nebo kdekoliv mimo okno. \u00dakol se po vytvo\u0159en\u00ed p\u0159id\u00e1 do seznamu na panelu.<\/p>\n<hr \/>\n<p> <div class=\"alignright\"><a href=\"https:\/\/www.fmsdocumentation.com\/cs\/\" title=\"N\u00e1pov\u011bda\">N\u00e1pov\u011bda <span class=\"arrow\"> &nbsp\u203a <\/span> <\/a><\/div><\/p>\n","protected":false},"excerpt":{"rendered":"<p>Do panelu \u00fakol\u016f se p\u0159istupuje kliknut\u00edm na &#8220;\u00dakoly&#8221; na panelu Trasov\u00e1n\u00ed &amp; \u00dakoly. Kliknut\u00edm na &#8220;\u00dakoly&#8221; se otev\u0159e panel, naho\u0159e je tla\u010d\u00edtko \u201c+ Nov\u00fd \u00fakol\u201d. Po kliknut\u00ed na toto tla\u010d\u00edtko se u\u017eivatel p\u0159esm\u011bruje na &#8220;Trasov\u00e1n\u00ed&#8221;, kde se mus\u00ed nejprve zadat po\u010d\u00e1te\u010dn\u00ed bod a c\u00edlov\u00fd bod \u00fakolu. Pozn\u00e1mka \u00dakol se automaticky p\u0159i\u0159ad\u00ed nejbli\u017e\u0161\u00edmu vozidlu nebo vybran\u00e9mu &hellip; <a href=\"https:\/\/www.fmsdocumentation.com\/cs\/creating-new-tasks\/\" class=\"more-link\">Pokra\u010dov\u00e1n\u00ed textu <span class=\"screen-reader-text\">Vytvo\u0159en\u00ed nov\u00e9ho \u00fakolu<\/span><\/a><\/p>\n","protected":false},"author":1,"featured_media":0,"parent":0,"menu_order":2,"comment_status":"closed","ping_status":"closed","template":"","meta":{"footnotes":""},"class_list":["post-877","page","type-page","status-publish","hentry"],"_links":{"self":[{"href":"https:\/\/www.fmsdocumentation.com\/cs\/wp-json\/wp\/v2\/pages\/877","targetHints":{"allow":["GET"]}}],"collection":[{"href":"https:\/\/www.fmsdocumentation.com\/cs\/wp-json\/wp\/v2\/pages"}],"about":[{"href":"https:\/\/www.fmsdocumentation.com\/cs\/wp-json\/wp\/v2\/types\/page"}],"author":[{"embeddable":true,"href":"https:\/\/www.fmsdocumentation.com\/cs\/wp-json\/wp\/v2\/users\/1"}],"replies":[{"embeddable":true,"href":"https:\/\/www.fmsdocumentation.com\/cs\/wp-json\/wp\/v2\/comments?post=877"}],"version-history":[{"count":4,"href":"https:\/\/www.fmsdocumentation.com\/cs\/wp-json\/wp\/v2\/pages\/877\/revisions"}],"predecessor-version":[{"id":5646,"href":"https:\/\/www.fmsdocumentation.com\/cs\/wp-json\/wp\/v2\/pages\/877\/revisions\/5646"}],"wp:attachment":[{"href":"https:\/\/www.fmsdocumentation.com\/cs\/wp-json\/wp\/v2\/media?parent=877"}],"curies":[{"name":"wp","href":"https:\/\/api.w.org\/{rel}","templated":true}]}}