{"id":878,"date":"2017-04-06T08:14:00","date_gmt":"2017-04-06T08:14:00","guid":{"rendered":"http:\/\/www.fmsdocumentation.com\/communications-menu\/"},"modified":"2020-06-09T14:21:55","modified_gmt":"2020-06-09T11:21:55","slug":"communications-menu","status":"publish","type":"page","link":"https:\/\/www.fmsdocumentation.com\/cs\/communications-menu\/","title":{"rendered":"Menu komunikace"},"content":{"rendered":"<p>Panel komunikace umo\u017e\u0148uje u\u017eivateli komunikovat s \u0159idi\u010di s instalovanou univerz\u00e1ln\u00ed aplikci. Do komunika\u010dn\u00edho panelu se p\u0159istupuje kliknut\u00edm na p\u0159\u00edslu\u0161nou ikonu naviga\u010dn\u00edho panelu.<\/p>\n<p><a href=\"https:\/\/www.fmsdocumentation.com\/wp-content\/uploads\/2017\/04\/67-2.png\"><img loading=\"lazy\" decoding=\"async\" class=\"alignnone size-large wp-image-1140\" src=\"https:\/\/www.fmsdocumentation.com\/wp-content\/uploads\/2017\/04\/67-2-1024x506.png\" alt=\"\" width=\"660\" height=\"326\" srcset=\"https:\/\/www.fmsdocumentation.com\/wp-content\/uploads\/2017\/04\/67-2-1024x506.png 1024w, https:\/\/www.fmsdocumentation.com\/wp-content\/uploads\/2017\/04\/67-2-300x148.png 300w, https:\/\/www.fmsdocumentation.com\/wp-content\/uploads\/2017\/04\/67-2-768x380.png 768w, https:\/\/www.fmsdocumentation.com\/wp-content\/uploads\/2017\/04\/67-2.png 1920w\" sizes=\"auto, (max-width: 660px) 100vw, 660px\" \/><\/a><\/p>\n<p>U\u017eivatel m\u016f\u017ee komunikovat pouze s \u0159idi\u010di s existuj\u00edc\u00edm \u00fa\u010dtem a pouze ze sv\u00e9 flotily (<em>U\u017eivatel nem\u016f\u017ee komunikovat s \u0159idi\u010di jin\u00fdch u\u017eivatel\u016f<\/em>). Na tomto panelu lze:<\/p>\n<ul>\n<li>Poslat zpr\u00e1vu v\u0161em nebo n\u011bkolika \u0159idi\u010d\u016fm najednou;<\/li>\n<li>Komunikovat s jednotliv\u00fdmi \u0159idi\u010di.<\/li>\n<\/ul>\n<p>Pro odesl\u00e1n\u00ed zpr\u00e1vy v\u00edce \u0159idi\u010d\u016fm se mus\u00ed kliknout na pole &#8220;+ Nov\u00e1 zpr\u00e1va&#8221; naho\u0159e na panelu.<\/p>\n<p><a href=\"https:\/\/www.fmsdocumentation.com\/wp-content\/uploads\/2017\/04\/68.png\"><img loading=\"lazy\" decoding=\"async\" class=\"alignnone wp-image-133 size-full\" src=\"https:\/\/www.fmsdocumentation.com\/wp-content\/uploads\/2017\/04\/68.png\" alt=\"\" width=\"360\" height=\"286\" srcset=\"https:\/\/www.fmsdocumentation.com\/wp-content\/uploads\/2017\/04\/68.png 360w, https:\/\/www.fmsdocumentation.com\/wp-content\/uploads\/2017\/04\/68-300x238.png 300w\" sizes=\"auto, (max-width: 360px) 100vw, 360px\" \/><\/a><\/p>\n<p>Otev\u0159e se nov\u00e9 okno. Zde u\u017eivatel vybere kter\u00fdm \u0159idi\u010d\u016fm m\u00e1 b\u00fdt zpr\u00e1va odesl\u00e1na kliknut\u00edm na vyhled\u00e1vac\u00ed pole. Kliknut\u00edm na vyhled\u00e1vac\u00ed pole se \u0159idi\u010di vyhledaj\u00ed podle jm\u00e9na nebo vyberou z rozbalovac\u00edho seznamu. Rozhodne-li se u\u017eivatel odeslat zpr\u00e1vu v\u0161em \u0159idi\u010d\u016fm, sta\u010d\u00ed kliknout na &#8220;+ P\u0159idat v\u0161echny&#8221; napravo od vyhled\u00e1vac\u00edho pole.\u00a0 Pod v\u00fdb\u011brem \u0159idi\u010d\u016f je pole pro zpr\u00e1vu, kde u\u017eivatel m\u016f\u017ee vlo\u017eit po\u017eadovanou zpr\u00e1vu. Maxim\u00e1ln\u00ed po\u010det znaku v jedn\u00e9 zpr\u00e1v\u011b je 500. Lze p\u0159ipojit tak\u00e9 obr\u00e1zek, ale k jedn\u00e9 zpr\u00e1v\u011b jen jeden a s mafim\u00e1ln\u00ed velikosti 10 MB. Po ukon\u010den\u00ed zpr\u00e1vy se mus\u00ed kliknout na odesl\u00e1n\u00ed. Jestli\u017ee se u\u017eivatel rozhodl zpr\u00e1vu zru\u0161it mus\u00ed kliknout na zru\u0161en\u00ed nebo kliknout kdekoliv mimo okno &#8220;Nov\u00e1 zpr\u00e1va&#8221;.<\/p>\n<p><a href=\"https:\/\/www.fmsdocumentation.com\/wp-content\/uploads\/2017\/04\/69.png\"><img loading=\"lazy\" decoding=\"async\" class=\"alignnone wp-image-134 size-full\" src=\"https:\/\/www.fmsdocumentation.com\/wp-content\/uploads\/2017\/04\/69.png\" alt=\"\" width=\"750\" height=\"540\" srcset=\"https:\/\/www.fmsdocumentation.com\/wp-content\/uploads\/2017\/04\/69.png 750w, https:\/\/www.fmsdocumentation.com\/wp-content\/uploads\/2017\/04\/69-300x216.png 300w\" sizes=\"auto, (max-width: 750px) 100vw, 750px\" \/><\/a><\/p>\n<p>Po odesl\u00e1n\u00ed zpr\u00e1vy bude u\u017eivatel p\u0159esm\u011brov\u00e1n na p\u0159edchoz\u00ed panel. Pod polem \u201c+ Nov\u00e1 zpr\u00e1va\u201d je seznam \u0159idi\u010d\u016f. Pro snadn\u00e9 a rychl\u00e9 vyhled\u00e1n\u00ed \u0159idi\u010d\u016f je k dispozici vyhled\u00e1vac\u00ed li\u0161ta. S ka\u017ed\u00fdm zadan\u00fdm p\u00edsmenem se seznam aktualizuje. Zru\u0161en\u00ed vyhled\u00e1vac\u00edho filtru se provede kliknut\u00edm na k\u0159\u00ed\u017eek &#8220;x&#8221; vpravo od vyhled\u00e1vac\u00edho pole. Kliknut\u00edm na \u0159idi\u010de v seznamu se otev\u0159e konverza\u010dn\u00ed panel.<\/p>\n<p><a href=\"https:\/\/www.fmsdocumentation.com\/wp-content\/uploads\/2017\/04\/70.png\"><img loading=\"lazy\" decoding=\"async\" class=\"alignnone wp-image-135 size-full\" src=\"https:\/\/www.fmsdocumentation.com\/wp-content\/uploads\/2017\/04\/70.png\" alt=\"\" width=\"396\" height=\"314\" srcset=\"https:\/\/www.fmsdocumentation.com\/wp-content\/uploads\/2017\/04\/70.png 396w, https:\/\/www.fmsdocumentation.com\/wp-content\/uploads\/2017\/04\/70-300x238.png 300w\" sizes=\"auto, (max-width: 396px) 100vw, 396px\" \/><\/a><\/p>\n<p>Konverza\u010dn\u00ed panel je podobn\u00fd jako mnoh\u00e9 jin\u00e9 aplikace pro p\u0159enos zpr\u00e1v. Pole pro z\u00e1pis zpr\u00e1v je ve spodn\u00ed \u010d\u00e1sti, nalevo od n\u011bj je ikona &#8220;P\u0159ipojit soubor&#8221;, kde lze p\u0159idat obr\u00e1zek.<\/p>\n<p><a href=\"https:\/\/www.fmsdocumentation.com\/wp-content\/uploads\/2017\/04\/72.png\"><img loading=\"lazy\" decoding=\"async\" class=\"alignnone wp-image-136 size-full\" src=\"https:\/\/www.fmsdocumentation.com\/wp-content\/uploads\/2017\/04\/72.png\" alt=\"\" width=\"720\" height=\"615\" srcset=\"https:\/\/www.fmsdocumentation.com\/wp-content\/uploads\/2017\/04\/72.png 720w, https:\/\/www.fmsdocumentation.com\/wp-content\/uploads\/2017\/04\/72-300x256.png 300w\" sizes=\"auto, (max-width: 720px) 100vw, 720px\" \/><\/a><\/p>\n<p style=\"background-color: #2e67b1; color: #ffffff; padding-left: 10px; padding-right: 10px;\"><p class=\"note\">Pozn\u00e1mka<br \/>\nLze pos\u00edlat pouze obr\u00e1zky s p\u0159\u00edponou \u201cjpg\u201d a \u201cpng\u201d, pokus o odesl\u00e1n\u00ed jin\u00e9ho typu souboru zp\u016fsob\u00ed otev\u0159en\u00ed okna, jak je uvedeno n\u00ed\u017ee.<\/p><\/p>\n<p><a href=\"https:\/\/www.fmsdocumentation.com\/wp-content\/uploads\/2017\/04\/71.png\"><img loading=\"lazy\" decoding=\"async\" class=\"alignnone wp-image-137 size-full\" src=\"https:\/\/www.fmsdocumentation.com\/wp-content\/uploads\/2017\/04\/71.png\" alt=\"\" width=\"420\" height=\"145\" srcset=\"https:\/\/www.fmsdocumentation.com\/wp-content\/uploads\/2017\/04\/71.png 420w, https:\/\/www.fmsdocumentation.com\/wp-content\/uploads\/2017\/04\/71-300x104.png 300w\" sizes=\"auto, (max-width: 420px) 100vw, 420px\" \/><\/a><\/p>\n<p>Zpr\u00e1vy od \u0159idi\u010de se zobrazuj\u00ed z lev\u00e9 strany, zat\u00edmco zpr\u00e1vy od u\u017eivatele se zobrazuji napravo. Bubliny s inici\u00e1lami se odvozuj\u00ed od jm\u00e9na \u0159idi\u010de a p\u0159ihla\u0161ovac\u00edho jm\u00e9na u\u017eivatele.<\/p>\n<hr \/>\n<p><div class=\"alignleft\"><a href=\"https:\/\/www.fmsdocumentation.com\/cs\/drivers-menu\/drivers-management\/\" title=\"Spr\u00e1va \u0159idi\u010d\u016f\"><span class=\"arrow\">\u2039 &nbsp <\/span> Spr\u00e1va \u0159idi\u010d\u016f <\/a><\/div> <div class=\"alignright\"><a href=\"https:\/\/www.fmsdocumentation.com\/cs\/geozones-menu\/\" title=\"Menu u\u017eivatelsk\u00fdch oblast\u00ed\">Menu u\u017eivatelsk\u00fdch oblast\u00ed <span class=\"arrow\"> &nbsp\u203a <\/span> <\/a><\/div><\/p>\n<p>&nbsp;<\/p>\n<p>&nbsp;<\/p>\n","protected":false},"excerpt":{"rendered":"<p>Panel komunikace umo\u017e\u0148uje u\u017eivateli komunikovat s \u0159idi\u010di s instalovanou univerz\u00e1ln\u00ed aplikci. Do komunika\u010dn\u00edho panelu se p\u0159istupuje kliknut\u00edm na p\u0159\u00edslu\u0161nou ikonu naviga\u010dn\u00edho panelu. U\u017eivatel m\u016f\u017ee komunikovat pouze s \u0159idi\u010di s existuj\u00edc\u00edm \u00fa\u010dtem a pouze ze sv\u00e9 flotily (U\u017eivatel nem\u016f\u017ee komunikovat s \u0159idi\u010di jin\u00fdch u\u017eivatel\u016f). Na tomto panelu lze: Poslat zpr\u00e1vu v\u0161em nebo n\u011bkolika \u0159idi\u010d\u016fm najednou; Komunikovat &hellip; <a href=\"https:\/\/www.fmsdocumentation.com\/cs\/communications-menu\/\" class=\"more-link\">Pokra\u010dov\u00e1n\u00ed textu <span class=\"screen-reader-text\">Menu komunikace<\/span><\/a><\/p>\n","protected":false},"author":1,"featured_media":0,"parent":0,"menu_order":45,"comment_status":"closed","ping_status":"closed","template":"","meta":{"footnotes":""},"class_list":["post-878","page","type-page","status-publish","hentry"],"_links":{"self":[{"href":"https:\/\/www.fmsdocumentation.com\/cs\/wp-json\/wp\/v2\/pages\/878","targetHints":{"allow":["GET"]}}],"collection":[{"href":"https:\/\/www.fmsdocumentation.com\/cs\/wp-json\/wp\/v2\/pages"}],"about":[{"href":"https:\/\/www.fmsdocumentation.com\/cs\/wp-json\/wp\/v2\/types\/page"}],"author":[{"embeddable":true,"href":"https:\/\/www.fmsdocumentation.com\/cs\/wp-json\/wp\/v2\/users\/1"}],"replies":[{"embeddable":true,"href":"https:\/\/www.fmsdocumentation.com\/cs\/wp-json\/wp\/v2\/comments?post=878"}],"version-history":[{"count":5,"href":"https:\/\/www.fmsdocumentation.com\/cs\/wp-json\/wp\/v2\/pages\/878\/revisions"}],"predecessor-version":[{"id":5636,"href":"https:\/\/www.fmsdocumentation.com\/cs\/wp-json\/wp\/v2\/pages\/878\/revisions\/5636"}],"wp:attachment":[{"href":"https:\/\/www.fmsdocumentation.com\/cs\/wp-json\/wp\/v2\/media?parent=878"}],"curies":[{"name":"wp","href":"https:\/\/api.w.org\/{rel}","templated":true}]}}