{"id":879,"date":"2017-04-06T08:11:10","date_gmt":"2017-04-06T08:11:10","guid":{"rendered":"http:\/\/www.fmsdocumentation.com\/drivers-management\/"},"modified":"2018-08-09T08:21:41","modified_gmt":"2018-08-09T08:21:41","slug":"drivers-management","status":"publish","type":"page","link":"https:\/\/www.fmsdocumentation.com\/cs\/drivers-menu\/drivers-management\/","title":{"rendered":"Spr\u00e1va \u0159idi\u010d\u016f"},"content":{"rendered":"<p>Pro p\u0159i\u0159azen\u00ed vozidla nebo editaci\/vymaz\u00e1n\u00ed informac\u00ed o \u0159idi\u010di se klikne na \u0159idi\u010de, je\u017e m\u00e1 b\u00fdt v seznamu modifikov\u00e1n.\u00a0 Otev\u0159e se dal\u0161\u00ed panel s informacemi o \u0159idi\u010di. Informace o \u0159idi\u010di lze upravit kliknut\u00edm na tla\u010d\u00edtko &#8220;Editovat&#8221; ve spodn\u00ed \u010d\u00e1sti obrazovky.\u00a0 Stisknut\u00edm tohoto tla\u010d\u00edtka se otev\u0159e stejn\u00e9 okno jako je \u201cDopl\u0148te nov\u00e9ho \u0159idi\u010de\u201d s ji\u017e vypln\u011bn\u00fdmi informacemi o \u0159idi\u010di. Po modifikaci \u00fadaj\u016f se mus\u00ed kliknout na tla\u010d\u00edtko &#8220;Ulo\u017eit&#8221;.\u00a0 Jestli\u017ee se u\u017eivatel rozhodne \u0159idi\u010de ze seznamu vymazat, mus\u00ed kliknout na tla\u010d\u00edtko &#8220;Vymazat&#8221;. Otev\u0159e se potvrzovac\u00ed okno (<em>pro p\u0159\u00edpad, \u017ee tla\u010d\u00edtko bylo stisknuto necht\u011bn\u011b<\/em>),\u00a0 kde u\u017eivatel potvrd\u00ed z\u00e1m\u011br \u0159idi\u010de vymazat.\u00a0 Jestli\u017ee u\u017eivatel stisknul tla\u010d\u00edtko &#8220;Vymazat&#8221; n\u00e1hodou, potom sta\u010d\u00ed kliknout na tla\u010d\u00edtko &#8220;Zru\u0161it&#8221; v potvrzovac\u00edm menu.<\/p>\n<p><a href=\"https:\/\/www.fmsdocumentation.com\/wp-content\/uploads\/2017\/04\/59-1.png\"><img loading=\"lazy\" decoding=\"async\" class=\"alignnone size-full wp-image-1071\" src=\"https:\/\/www.fmsdocumentation.com\/wp-content\/uploads\/2017\/04\/59-1.png\" alt=\"\" width=\"648\" height=\"646\" srcset=\"https:\/\/www.fmsdocumentation.com\/wp-content\/uploads\/2017\/04\/59-1.png 648w, https:\/\/www.fmsdocumentation.com\/wp-content\/uploads\/2017\/04\/59-1-150x150.png 150w, https:\/\/www.fmsdocumentation.com\/wp-content\/uploads\/2017\/04\/59-1-300x300.png 300w\" sizes=\"auto, (max-width: 648px) 100vw, 648px\" \/><\/a><\/p>\n<p>Pro p\u0159i\u0159azen\u00ed vozidla je nutno kliknout na pole \u201cP\u0159i\u0159adit vozidlo +\u201d.<\/p>\n<p><a href=\"https:\/\/www.fmsdocumentation.com\/wp-content\/uploads\/2017\/04\/60.png\"><img loading=\"lazy\" decoding=\"async\" class=\"alignnone wp-image-123 size-full\" src=\"https:\/\/www.fmsdocumentation.com\/wp-content\/uploads\/2017\/04\/60.png\" alt=\"\" width=\"365\" height=\"211\" srcset=\"https:\/\/www.fmsdocumentation.com\/wp-content\/uploads\/2017\/04\/60.png 365w, https:\/\/www.fmsdocumentation.com\/wp-content\/uploads\/2017\/04\/60-300x173.png 300w\" sizes=\"auto, (max-width: 365px) 100vw, 365px\" \/><\/a><\/p>\n<p>Kliknut\u00edm na \u201cP\u0159i\u0159adit vozidlo +\u201d se otev\u0159e nov\u00e9 okno s\u00a0 vyhled\u00e1vac\u00ed li\u0161tou. Zde se vol\u00ed z nab\u00edzen\u00fdch vozidel.<\/p>\n<p><a href=\"https:\/\/www.fmsdocumentation.com\/wp-content\/uploads\/2017\/04\/61.png\"><img loading=\"lazy\" decoding=\"async\" class=\"alignnone wp-image-124 size-full\" src=\"https:\/\/www.fmsdocumentation.com\/wp-content\/uploads\/2017\/04\/61.png\" alt=\"\" width=\"750\" height=\"390\" srcset=\"https:\/\/www.fmsdocumentation.com\/wp-content\/uploads\/2017\/04\/61.png 750w, https:\/\/www.fmsdocumentation.com\/wp-content\/uploads\/2017\/04\/61-300x156.png 300w\" sizes=\"auto, (max-width: 750px) 100vw, 750px\" \/><\/a><\/p>\n<p style=\"background-color: #2e67b1; color: #ffffff; padding-left: 10px; padding-right: 10px;\"><p class=\"note\">Pozn\u00e1mka<br \/>\nVozidla aktu\u00e1ln\u011b ve zku\u0161ebn\u00edm obdob\u00ed nelze p\u0159i\u0159adit \u0159idi\u010di.<\/p><\/p>\n<p>Volbu potvrd\u00edte kliknit\u00edm na tla\u010d\u00edtko P\u0159i\u0159adit.<\/p>\n<p><a href=\"https:\/\/www.fmsdocumentation.com\/wp-content\/uploads\/2017\/04\/62.png\"><img loading=\"lazy\" decoding=\"async\" class=\"alignnone wp-image-125 size-full\" src=\"https:\/\/www.fmsdocumentation.com\/wp-content\/uploads\/2017\/04\/62.png\" alt=\"\" width=\"750\" height=\"333\" srcset=\"https:\/\/www.fmsdocumentation.com\/wp-content\/uploads\/2017\/04\/62.png 750w, https:\/\/www.fmsdocumentation.com\/wp-content\/uploads\/2017\/04\/62-300x133.png 300w\" sizes=\"auto, (max-width: 750px) 100vw, 750px\" \/><\/a><\/p>\n<p>P\u0159i\u0159azen\u00ed se zru\u0161\u00ed kliknut\u00edm na ikonu ko\u0161e.<\/p>\n<p><a href=\"https:\/\/www.fmsdocumentation.com\/wp-content\/uploads\/2017\/04\/63.png\"><img loading=\"lazy\" decoding=\"async\" class=\"alignnone wp-image-126 size-full\" src=\"https:\/\/www.fmsdocumentation.com\/wp-content\/uploads\/2017\/04\/63.png\" alt=\"\" width=\"360\" height=\"69\" srcset=\"https:\/\/www.fmsdocumentation.com\/wp-content\/uploads\/2017\/04\/63.png 360w, https:\/\/www.fmsdocumentation.com\/wp-content\/uploads\/2017\/04\/63-300x58.png 300w\" sizes=\"auto, (max-width: 360px) 100vw, 360px\" \/><\/a><\/p>\n<p>Automatick\u00e1 identifikace \u0159idi\u010de m\u016f\u017ee b\u00fdt provedena t\u0159emi zp\u016fsoby:<\/p>\n<ul>\n<li>Identifika\u010dn\u00edm \u010dipem (Dallas nebo RFID);<\/li>\n<li>Pomoc\u00ed mobiln\u00ed aplikace;<\/li>\n<li>Z tachografu.<\/li>\n<\/ul>\n<p>V p\u0159\u00edpad\u011b tachografu nelze identifikaci zru\u0161it dokud nen\u00ed vyjmuta karta \u0159idi\u010de. Viz obr\u00e1zek n\u00ed\u017ee.<\/p>\n<p><a href=\"https:\/\/www.fmsdocumentation.com\/wp-content\/uploads\/2017\/04\/249.png\"><img loading=\"lazy\" decoding=\"async\" class=\"alignnone wp-image-742 size-full\" src=\"https:\/\/www.fmsdocumentation.com\/wp-content\/uploads\/2017\/04\/249.png\" alt=\"\" width=\"641\" height=\"536\" srcset=\"https:\/\/www.fmsdocumentation.com\/wp-content\/uploads\/2017\/04\/249.png 641w, https:\/\/www.fmsdocumentation.com\/wp-content\/uploads\/2017\/04\/249-300x251.png 300w\" sizes=\"auto, (max-width: 641px) 100vw, 641px\" \/><\/a><\/p>\n<p>V p\u0159\u00edpad\u011b mobiln\u00ed aplikace je p\u0159i\u0159azen\u00ed platn\u00e9 pokud je \u0159idi\u010d p\u0159ihl\u00e1\u0161en v aplikaci OnTrack Connect App. V tomto p\u0159\u00edpad\u011b nelze \u0159idi\u010de zm\u011bnit manu\u00e1ln\u011b.<\/p>\n<p style=\"background-color: #2e67b1; color: #ffffff; padding-left: 10px; padding-right: 10px;\"><p class=\"note\">Pozn\u00e1mka<br \/>\nVe vozidle m\u016f\u017ee b\u00fdt p\u0159i\u0159azen pouze jeden \u0159idi\u010d. P\u0159ihl\u00e1\u0161en\u00edm nov\u00e9ho \u0159idi\u010de se automaticky ru\u0161\u00ed p\u0159edchoz\u00ed \u0159idi\u010d.<\/p><\/p>\n<p style=\"background-color: #2e67b1; color: #ffffff; padding-left: 10px; padding-right: 10px;\"><p class=\"note\">Pozn\u00e1mka<br \/>\nV p\u0159\u00edpad\u011b tachografu mohou b\u00fdt p\u0159i\u0159azeni dva \u0159idi\u010di.\u00a0\u00a0 \u0158idi\u010di jsou zobrazeni v sestav\u011b.<\/p><\/p>\n<p>Aby se \u0159idi\u010d mohl p\u0159i\u0159adit z aplikace mus\u00ed zadat p\u0159ihla\u0161ovac\u00ed \u00fadaje ke sv\u00e9mu \u00fa\u010dtu.<\/p>\n<p><a href=\"https:\/\/www.fmsdocumentation.com\/wp-content\/uploads\/2017\/04\/64.png\"><img loading=\"lazy\" decoding=\"async\" class=\"alignnone wp-image-127 size-full\" src=\"https:\/\/www.fmsdocumentation.com\/wp-content\/uploads\/2017\/04\/64.png\" alt=\"\" width=\"365\" height=\"211\" srcset=\"https:\/\/www.fmsdocumentation.com\/wp-content\/uploads\/2017\/04\/64.png 365w, https:\/\/www.fmsdocumentation.com\/wp-content\/uploads\/2017\/04\/64-300x173.png 300w\" sizes=\"auto, (max-width: 365px) 100vw, 365px\" \/><\/a><\/p>\n<p>Otev\u0159e se dialog pro zad\u00e1n\u00ed p\u0159ihla\u0161ovac\u00edch \u00fadaj\u016f:<\/p>\n<ul>\n<li>Jm\u00e9no;<\/li>\n<li>Heslo.<\/li>\n<\/ul>\n<p><a href=\"https:\/\/www.fmsdocumentation.com\/wp-content\/uploads\/2017\/04\/65.png\"><img loading=\"lazy\" decoding=\"async\" class=\"alignnone wp-image-128 size-full\" src=\"https:\/\/www.fmsdocumentation.com\/wp-content\/uploads\/2017\/04\/65.png\" alt=\"\" width=\"825\" height=\"534\" srcset=\"https:\/\/www.fmsdocumentation.com\/wp-content\/uploads\/2017\/04\/65.png 825w, https:\/\/www.fmsdocumentation.com\/wp-content\/uploads\/2017\/04\/65-300x194.png 300w, https:\/\/www.fmsdocumentation.com\/wp-content\/uploads\/2017\/04\/65-768x497.png 768w\" sizes=\"auto, (max-width: 825px) 100vw, 825px\" \/><\/a><\/p>\n<p>\u00da\u010det lze editovat pomoc\u00ed ikony tu\u017eky nebo smazat pomoc\u00ed ko\u0161e.<\/p>\n<p><a href=\"https:\/\/www.fmsdocumentation.com\/wp-content\/uploads\/2017\/04\/66.png\"><img loading=\"lazy\" decoding=\"async\" class=\"alignnone wp-image-129 size-full\" src=\"https:\/\/www.fmsdocumentation.com\/wp-content\/uploads\/2017\/04\/66.png\" alt=\"\" width=\"396\" height=\"78\" srcset=\"https:\/\/www.fmsdocumentation.com\/wp-content\/uploads\/2017\/04\/66.png 396w, https:\/\/www.fmsdocumentation.com\/wp-content\/uploads\/2017\/04\/66-300x59.png 300w\" sizes=\"auto, (max-width: 396px) 100vw, 396px\" \/><\/a><\/p>\n<p>Po p\u0159i\u0159azen\u00ed p\u0159ihla\u0161ovac\u00edch \u00fadaj\u016f lze ov\u011b\u0159it spr\u00e1vn\u00e9 nastaven\u00ed v lev\u00e9m doln\u00edm rohu.<\/p>\n<p><a href=\"https:\/\/www.fmsdocumentation.com\/wp-content\/uploads\/2017\/04\/199.png\"><img loading=\"lazy\" decoding=\"async\" class=\"alignnone wp-image-362 size-full\" src=\"https:\/\/www.fmsdocumentation.com\/wp-content\/uploads\/2017\/04\/199.png\" alt=\"\" width=\"433\" height=\"138\" srcset=\"https:\/\/www.fmsdocumentation.com\/wp-content\/uploads\/2017\/04\/199.png 433w, https:\/\/www.fmsdocumentation.com\/wp-content\/uploads\/2017\/04\/199-300x96.png 300w\" sizes=\"auto, (max-width: 433px) 100vw, 433px\" \/><\/a><\/p>\n<hr \/>\n<p><div class=\"alignleft\"><a href=\"https:\/\/www.fmsdocumentation.com\/cs\/drivers-menu\/drivers-list\/\" title=\"Seznam \u0159idi\u010d\u016f\"><span class=\"arrow\">\u2039 &nbsp <\/span> Seznam \u0159idi\u010d\u016f <\/a><\/div> <div class=\"alignright\"><a href=\"https:\/\/www.fmsdocumentation.com\/cs\/communications-menu\/\" title=\"Menu komunikace\">Menu komunikace <span class=\"arrow\"> &nbsp\u203a <\/span> <\/a><\/div><\/p>\n","protected":false},"excerpt":{"rendered":"<p>Pro p\u0159i\u0159azen\u00ed vozidla nebo editaci\/vymaz\u00e1n\u00ed informac\u00ed o \u0159idi\u010di se klikne na \u0159idi\u010de, je\u017e m\u00e1 b\u00fdt v seznamu modifikov\u00e1n.\u00a0 Otev\u0159e se dal\u0161\u00ed panel s informacemi o \u0159idi\u010di. Informace o \u0159idi\u010di lze upravit kliknut\u00edm na tla\u010d\u00edtko &#8220;Editovat&#8221; ve spodn\u00ed \u010d\u00e1sti obrazovky.\u00a0 Stisknut\u00edm tohoto tla\u010d\u00edtka se otev\u0159e stejn\u00e9 okno jako je \u201cDopl\u0148te nov\u00e9ho \u0159idi\u010de\u201d s ji\u017e vypln\u011bn\u00fdmi informacemi &hellip; <a href=\"https:\/\/www.fmsdocumentation.com\/cs\/drivers-menu\/drivers-management\/\" class=\"more-link\">Pokra\u010dov\u00e1n\u00ed textu <span class=\"screen-reader-text\">Spr\u00e1va \u0159idi\u010d\u016f<\/span><\/a><\/p>\n","protected":false},"author":1,"featured_media":0,"parent":881,"menu_order":2,"comment_status":"closed","ping_status":"closed","template":"","meta":{"footnotes":""},"class_list":["post-879","page","type-page","status-publish","hentry"],"_links":{"self":[{"href":"https:\/\/www.fmsdocumentation.com\/cs\/wp-json\/wp\/v2\/pages\/879","targetHints":{"allow":["GET"]}}],"collection":[{"href":"https:\/\/www.fmsdocumentation.com\/cs\/wp-json\/wp\/v2\/pages"}],"about":[{"href":"https:\/\/www.fmsdocumentation.com\/cs\/wp-json\/wp\/v2\/types\/page"}],"author":[{"embeddable":true,"href":"https:\/\/www.fmsdocumentation.com\/cs\/wp-json\/wp\/v2\/users\/1"}],"replies":[{"embeddable":true,"href":"https:\/\/www.fmsdocumentation.com\/cs\/wp-json\/wp\/v2\/comments?post=879"}],"version-history":[{"count":5,"href":"https:\/\/www.fmsdocumentation.com\/cs\/wp-json\/wp\/v2\/pages\/879\/revisions"}],"predecessor-version":[{"id":5634,"href":"https:\/\/www.fmsdocumentation.com\/cs\/wp-json\/wp\/v2\/pages\/879\/revisions\/5634"}],"up":[{"embeddable":true,"href":"https:\/\/www.fmsdocumentation.com\/cs\/wp-json\/wp\/v2\/pages\/881"}],"wp:attachment":[{"href":"https:\/\/www.fmsdocumentation.com\/cs\/wp-json\/wp\/v2\/media?parent=879"}],"curies":[{"name":"wp","href":"https:\/\/api.w.org\/{rel}","templated":true}]}}