{"id":880,"date":"2017-04-06T08:05:52","date_gmt":"2017-04-06T08:05:52","guid":{"rendered":"http:\/\/www.fmsdocumentation.com\/drivers-list\/"},"modified":"2018-08-09T08:15:45","modified_gmt":"2018-08-09T08:15:45","slug":"drivers-list","status":"publish","type":"page","link":"https:\/\/www.fmsdocumentation.com\/cs\/drivers-menu\/drivers-list\/","title":{"rendered":"Seznam \u0159idi\u010d\u016f"},"content":{"rendered":"<p>Kliknut\u00edm na p\u0159\u00edslu\u0161nou ikonu na naviga\u010dn\u00edm panelu se otev\u0159e panel \u0159idi\u010d\u016f se seznamem v\u0161ech existuj\u00edc\u00edch \u0159idi\u010d\u016f\u00a0 aktu\u00e1ln\u00edho u\u017eivatele.<\/p>\n<p style=\"background-color: #2e67b1; color: #ffffff; padding-left: 10px; padding-right: 10px;\"><p class=\"note\">Syst\u00e9m pou\u017e\u00edv\u00e1 vestav\u011bn\u00fd n\u00e1stroj pro automatickou tvorbu a p\u0159i\u0159azen\u00ed \u0159idi\u010d\u016f. Nov\u00ed \u0159idi\u010di se vytv\u00e1\u0159ej\u00ed automaticky z p\u0159ijat\u00fdch identifikac\u00ed z identifika\u010dn\u00edch karet nebo dallas \u010dip\u016f. S ka\u017edou p\u0159ijatou identifikac\u00ed se tvo\u0159\u00ed pouze jeden \u0159idi\u010d (p\u0159i opakovan\u00e9m pou\u017eit\u00ed karty \u010di Dallas \u010dipu se netvo\u0159\u00ed dal\u0161\u00ed \u0159idi\u010d).\u00a0 P\u0159ijat\u00e1 identifikace se pou\u017eije jako &#8220;jm\u00e9no \u0159idi\u010de&#8221;.\u00a0 Nav\u00edc syst\u00e9m automaticky p\u0159i\u0159ad\u00ed \u0159idi\u010de k objektu, ze kter\u00e9ho byla identifikace p\u0159ijat\u00e1. Tato funkce je pops\u00e1na v odd\u00edle &#8220;\u0158\u00edzen\u00ed \u0159idi\u010d\u016f&#8221;<\/p><\/p>\n<p>\u0158idi\u010di jsou \u0159azeni abecedn\u011b. Nalevo u jm\u00e9na \u0159idi\u010de je \u0161ed\u00fd kruh s inici\u00e1lami \u0159idi\u010de pro usnadn\u011bn\u00ed pr\u00e1ce se seznamem. Jestli\u017ee m\u00e1 \u0159idi\u010d p\u0159i\u0159azeno vozidlo, potom je uvedeno \u0161ed\u00fdm p\u00edsmem pod jm\u00e9nem \u0159idi\u010de. Jestli\u017ee nem\u00e1 p\u0159i\u0159azeno vozidlo je uvedena pozn\u00e1mka &#8220;Vozidlo nep\u0159i\u0159azeno&#8221;.<\/p>\n<p><a href=\"https:\/\/www.fmsdocumentation.com\/wp-content\/uploads\/2017\/04\/55.png\"><img loading=\"lazy\" decoding=\"async\" class=\"alignnone wp-image-116 size-full\" src=\"https:\/\/www.fmsdocumentation.com\/wp-content\/uploads\/2017\/04\/55.png\" alt=\"\" width=\"343\" height=\"142\" srcset=\"https:\/\/www.fmsdocumentation.com\/wp-content\/uploads\/2017\/04\/55.png 343w, https:\/\/www.fmsdocumentation.com\/wp-content\/uploads\/2017\/04\/55-300x124.png 300w\" sizes=\"auto, (max-width: 343px) 100vw, 343px\" \/><\/a><\/p>\n<p>V seznamu \u0159idi\u010d\u016f lze filtrovat podle t\u0159\u00ed krit\u00e9rii:<\/p>\n<ul>\n<li>Zobrazit v\u0161e;<\/li>\n<li>S p\u0159i\u0159azen\u00edm;<\/li>\n<li>Bez p\u0159i\u0159azen\u00ed;<\/li>\n<li>Vytvo\u0159eno automaticky.<\/li>\n<\/ul>\n<p>Pro zm\u011bnu filtru se klikne na pole \u201cZobrazit \u0159idi\u010de\u201d. Rozbal\u00ed se menu, vyberte po\u017eadovan\u00fd filtr. Aktu\u00e1ln\u011b vybran\u00fd filtr bude zv\u00fdrazn\u011bn \u0161ed\u00fdm odst\u00ednem a modr\u00fdm prou\u017ekem vpravo u n\u00e1zvu filtru.<\/p>\n<p><a href=\"https:\/\/www.fmsdocumentation.com\/wp-content\/uploads\/2017\/04\/56-1.png\"><img loading=\"lazy\" decoding=\"async\" class=\"alignnone wp-image-738 size-full\" src=\"https:\/\/www.fmsdocumentation.com\/wp-content\/uploads\/2017\/04\/56-1.png\" alt=\"\" width=\"397\" height=\"223\" srcset=\"https:\/\/www.fmsdocumentation.com\/wp-content\/uploads\/2017\/04\/56-1.png 397w, https:\/\/www.fmsdocumentation.com\/wp-content\/uploads\/2017\/04\/56-1-300x169.png 300w\" sizes=\"auto, (max-width: 397px) 100vw, 397px\" \/><\/a><\/p>\n<p style=\"background-color: #2e67b1; color: #ffffff; padding-left: 10px; padding-right: 10px;\"><p class=\"note\">Upozorn\u011bn\u00ed<br \/>\nKrom\u011b standardn\u00edho stavu p\u0159i\u0159azen\u00fd\/nep\u0159i\u0159azen\u00fd \u0159idi\u010d, m\u016f\u017ee u\u017eivatel narazit na stav &#8220;Zanepr\u00e1zdn\u011bn&#8221;. Toto nast\u00e1v\u00e1 v p\u0159\u00edpadech, kdy je \u0159idi\u010d p\u0159i\u0159azen k vozidlu, je\u017e nen\u00ed pro aktu\u00e1ln\u00edho u\u017eivatele zobrazeno (nem\u00e1 pr\u00e1va). Je-li tento stav aktivn\u00ed, nem\u016f\u017ee u\u017eivatel p\u0159i\u0159adit \u0159idi\u010de k \u017e\u00e1dn\u00e9mu vozidlu. N\u00ed\u017ee je uveden p\u0159\u00edklad.<\/p><\/p>\n<p><a href=\"https:\/\/www.fmsdocumentation.com\/wp-content\/uploads\/2017\/04\/266.png\"><img loading=\"lazy\" decoding=\"async\" class=\"alignnone wp-image-814 size-full\" src=\"https:\/\/www.fmsdocumentation.com\/wp-content\/uploads\/2017\/04\/266.png\" alt=\"\" width=\"344\" height=\"351\" srcset=\"https:\/\/www.fmsdocumentation.com\/wp-content\/uploads\/2017\/04\/266.png 344w, https:\/\/www.fmsdocumentation.com\/wp-content\/uploads\/2017\/04\/266-294x300.png 294w\" sizes=\"auto, (max-width: 344px) 100vw, 344px\" \/><\/a><\/p>\n<p>Pro p\u0159id\u00e1n\u00ed nov\u00fdch \u0159idi\u010d\u016f na seznam se mus\u00ed kliknout na pole \u201c+ Nov\u00fd \u0159idi\u010d\u201d.<\/p>\n<p><a href=\"https:\/\/www.fmsdocumentation.com\/wp-content\/uploads\/2018\/07\/57.png\"><img loading=\"lazy\" decoding=\"async\" class=\"alignnone size-full wp-image-5338\" src=\"https:\/\/www.fmsdocumentation.com\/wp-content\/uploads\/2018\/07\/57.png\" alt=\"\" width=\"360\" height=\"380\" srcset=\"https:\/\/www.fmsdocumentation.com\/wp-content\/uploads\/2018\/07\/57.png 360w, https:\/\/www.fmsdocumentation.com\/wp-content\/uploads\/2018\/07\/57-284x300.png 284w\" sizes=\"auto, (max-width: 360px) 100vw, 360px\" \/><\/a><\/p>\n<p>Otev\u0159e se nov\u00e9 okno &#8220;Dopl\u0148te nov\u00e9ho \u0159idi\u010de&#8221;. V tomto okn\u011b se vypln\u00ed informace o \u0159idi\u010di. Pouze jedno pole je povinn\u00e9:<\/p>\n<ul>\n<li>Jm\u00e9no.<\/li>\n<\/ul>\n<p>Ostatn\u00ed pole jsou voliteln\u00e1. Po vypln\u011bn\u00ed informac\u00ed se klikne na tla\u010d\u00edtko &#8220;Ulo\u017eit&#8221; a nov\u00fd \u0159idi\u010d se p\u0159id\u00e1 do seznamu. Pokud se u\u017eivatel rozhodne \u0159idi\u010de nep\u0159idat, klikne na\u00a0 tla\u010d\u00edtko &#8220;Zav\u0159\u00edt&#8221; nebo kdekoliv mimo okno \u201cDopl\u0148te nov\u00e9ho \u0159idi\u010de\u201d.<\/p>\n<p><a href=\"https:\/\/www.fmsdocumentation.com\/wp-content\/uploads\/2017\/04\/58-1.png\"><img loading=\"lazy\" decoding=\"async\" class=\"alignnone wp-image-739 size-full\" src=\"https:\/\/www.fmsdocumentation.com\/wp-content\/uploads\/2017\/04\/58-1.png\" alt=\"\" width=\"825\" height=\"760\" srcset=\"https:\/\/www.fmsdocumentation.com\/wp-content\/uploads\/2017\/04\/58-1.png 825w, https:\/\/www.fmsdocumentation.com\/wp-content\/uploads\/2017\/04\/58-1-300x276.png 300w, https:\/\/www.fmsdocumentation.com\/wp-content\/uploads\/2017\/04\/58-1-768x707.png 768w\" sizes=\"auto, (max-width: 825px) 100vw, 825px\" \/><\/a><\/p>\n<p>Po kliknut\u00ed na tla\u010d\u00edtko &#8220;Ulo\u017eit&#8221;\u00a0 se seznam automaticky aktualizuje v abecedn\u00edm po\u0159ad\u00ed a \u0159idi\u010d bude p\u0159id\u00e1n s pozn\u00e1mkou &#8220;Vozidlo nep\u0159i\u0159azeno&#8221;.<\/p>\n<hr \/>\n<p><div class=\"alignleft\"><a href=\"https:\/\/www.fmsdocumentation.com\/cs\/drivers-menu\/\" title=\"Menu \u0159idi\u010d\u016f\"><span class=\"arrow\">\u2039 &nbsp <\/span> Menu \u0159idi\u010d\u016f <\/a><\/div> <div class=\"alignright\"><a href=\"https:\/\/www.fmsdocumentation.com\/cs\/drivers-menu\/drivers-management\/\" title=\"Spr\u00e1va \u0159idi\u010d\u016f\">Spr\u00e1va \u0159idi\u010d\u016f <span class=\"arrow\"> &nbsp\u203a <\/span> <\/a><\/div><\/p>\n<p>&nbsp;<\/p>\n","protected":false},"excerpt":{"rendered":"<p>Kliknut\u00edm na p\u0159\u00edslu\u0161nou ikonu na naviga\u010dn\u00edm panelu se otev\u0159e panel \u0159idi\u010d\u016f se seznamem v\u0161ech existuj\u00edc\u00edch \u0159idi\u010d\u016f\u00a0 aktu\u00e1ln\u00edho u\u017eivatele. Syst\u00e9m pou\u017e\u00edv\u00e1 vestav\u011bn\u00fd n\u00e1stroj pro automatickou tvorbu a p\u0159i\u0159azen\u00ed \u0159idi\u010d\u016f. Nov\u00ed \u0159idi\u010di se vytv\u00e1\u0159ej\u00ed automaticky z p\u0159ijat\u00fdch identifikac\u00ed z identifika\u010dn\u00edch karet nebo dallas \u010dip\u016f. S ka\u017edou p\u0159ijatou identifikac\u00ed se tvo\u0159\u00ed pouze jeden \u0159idi\u010d (p\u0159i opakovan\u00e9m pou\u017eit\u00ed karty &hellip; <a href=\"https:\/\/www.fmsdocumentation.com\/cs\/drivers-menu\/drivers-list\/\" class=\"more-link\">Pokra\u010dov\u00e1n\u00ed textu <span class=\"screen-reader-text\">Seznam \u0159idi\u010d\u016f<\/span><\/a><\/p>\n","protected":false},"author":1,"featured_media":0,"parent":881,"menu_order":1,"comment_status":"closed","ping_status":"closed","template":"","meta":{"footnotes":""},"class_list":["post-880","page","type-page","status-publish","hentry"],"_links":{"self":[{"href":"https:\/\/www.fmsdocumentation.com\/cs\/wp-json\/wp\/v2\/pages\/880","targetHints":{"allow":["GET"]}}],"collection":[{"href":"https:\/\/www.fmsdocumentation.com\/cs\/wp-json\/wp\/v2\/pages"}],"about":[{"href":"https:\/\/www.fmsdocumentation.com\/cs\/wp-json\/wp\/v2\/types\/page"}],"author":[{"embeddable":true,"href":"https:\/\/www.fmsdocumentation.com\/cs\/wp-json\/wp\/v2\/users\/1"}],"replies":[{"embeddable":true,"href":"https:\/\/www.fmsdocumentation.com\/cs\/wp-json\/wp\/v2\/comments?post=880"}],"version-history":[{"count":5,"href":"https:\/\/www.fmsdocumentation.com\/cs\/wp-json\/wp\/v2\/pages\/880\/revisions"}],"predecessor-version":[{"id":5633,"href":"https:\/\/www.fmsdocumentation.com\/cs\/wp-json\/wp\/v2\/pages\/880\/revisions\/5633"}],"up":[{"embeddable":true,"href":"https:\/\/www.fmsdocumentation.com\/cs\/wp-json\/wp\/v2\/pages\/881"}],"wp:attachment":[{"href":"https:\/\/www.fmsdocumentation.com\/cs\/wp-json\/wp\/v2\/media?parent=880"}],"curies":[{"name":"wp","href":"https:\/\/api.w.org\/{rel}","templated":true}]}}