{"id":881,"date":"2017-04-06T08:02:33","date_gmt":"2017-04-06T08:02:33","guid":{"rendered":"http:\/\/www.fmsdocumentation.com\/drivers-menu\/"},"modified":"2020-06-09T14:21:52","modified_gmt":"2020-06-09T11:21:52","slug":"drivers-menu","status":"publish","type":"page","link":"https:\/\/www.fmsdocumentation.com\/cs\/drivers-menu\/","title":{"rendered":"Menu \u0159idi\u010d\u016f"},"content":{"rendered":"<p>Menu \u0159idi\u010d\u016f je ur\u010deno pro p\u0159id\u00e1n\u00ed, odstran\u011bn\u00ed nebo modifikov\u00e1n\u00ed existuj\u00edcich \u0159idi\u010d\u016f. Tento panel se pou\u017e\u00edv\u00e1 pro vlo\u017een\u00ed v\u0161eobecn\u00fdch informac\u00ed o \u0159idi\u010d\u00edch, kontaktn\u00edch informac\u00ed, p\u0159i\u0159azen\u00ed vozidel a p\u0159ihla\u0161ovac\u00edch \u00fadaj\u016f pro aplikaci \u0159idi\u010d\u016f. Pro otev\u0159en\u00ed menu \u0159idi\u010d\u016f se klikne na p\u0159\u00edslu\u0161nou ikonu v panelu na lev\u00e9 stran\u011b obrazovky.<\/p>\n<p><a href=\"https:\/\/www.fmsdocumentation.com\/wp-content\/uploads\/2018\/07\/54.png\"><img loading=\"lazy\" decoding=\"async\" class=\"alignnone size-large wp-image-5341\" src=\"https:\/\/www.fmsdocumentation.com\/wp-content\/uploads\/2018\/07\/54-1024x505.png\" alt=\"\" width=\"660\" height=\"325\" srcset=\"https:\/\/www.fmsdocumentation.com\/wp-content\/uploads\/2018\/07\/54-1024x505.png 1024w, https:\/\/www.fmsdocumentation.com\/wp-content\/uploads\/2018\/07\/54-300x148.png 300w, https:\/\/www.fmsdocumentation.com\/wp-content\/uploads\/2018\/07\/54-768x379.png 768w, https:\/\/www.fmsdocumentation.com\/wp-content\/uploads\/2018\/07\/54.png 1920w\" sizes=\"auto, (max-width: 660px) 100vw, 660px\" \/><\/a><\/p>\n<hr \/>\n<p><div class=\"alignleft\"><a href=\"https:\/\/www.fmsdocumentation.com\/cs\/overview-menu\/maintenance-overview\/\" title=\"P\u0159ehled upozorn\u011bn\u00ed na \u00fadr\u017ebu\"><span class=\"arrow\">\u2039 &nbsp <\/span> P\u0159ehled upozorn\u011bn\u00ed na \u00fadr\u017ebu <\/a><\/div> <div class=\"alignright\"><a href=\"https:\/\/www.fmsdocumentation.com\/cs\/drivers-menu\/drivers-list\/\" title=\"Seznam \u0159idi\u010d\u016f\">Seznam \u0159idi\u010d\u016f <span class=\"arrow\"> &nbsp\u203a <\/span> <\/a><\/div><\/p>\n","protected":false},"excerpt":{"rendered":"<p>Menu \u0159idi\u010d\u016f je ur\u010deno pro p\u0159id\u00e1n\u00ed, odstran\u011bn\u00ed nebo modifikov\u00e1n\u00ed existuj\u00edcich \u0159idi\u010d\u016f. Tento panel se pou\u017e\u00edv\u00e1 pro vlo\u017een\u00ed v\u0161eobecn\u00fdch informac\u00ed o \u0159idi\u010d\u00edch, kontaktn\u00edch informac\u00ed, p\u0159i\u0159azen\u00ed vozidel a p\u0159ihla\u0161ovac\u00edch \u00fadaj\u016f pro aplikaci \u0159idi\u010d\u016f. Pro otev\u0159en\u00ed menu \u0159idi\u010d\u016f se klikne na p\u0159\u00edslu\u0161nou ikonu v panelu na lev\u00e9 stran\u011b obrazovky.<\/p>\n","protected":false},"author":1,"featured_media":0,"parent":0,"menu_order":37,"comment_status":"closed","ping_status":"closed","template":"","meta":{"footnotes":""},"class_list":["post-881","page","type-page","status-publish","hentry"],"_links":{"self":[{"href":"https:\/\/www.fmsdocumentation.com\/cs\/wp-json\/wp\/v2\/pages\/881","targetHints":{"allow":["GET"]}}],"collection":[{"href":"https:\/\/www.fmsdocumentation.com\/cs\/wp-json\/wp\/v2\/pages"}],"about":[{"href":"https:\/\/www.fmsdocumentation.com\/cs\/wp-json\/wp\/v2\/types\/page"}],"author":[{"embeddable":true,"href":"https:\/\/www.fmsdocumentation.com\/cs\/wp-json\/wp\/v2\/users\/1"}],"replies":[{"embeddable":true,"href":"https:\/\/www.fmsdocumentation.com\/cs\/wp-json\/wp\/v2\/comments?post=881"}],"version-history":[{"count":3,"href":"https:\/\/www.fmsdocumentation.com\/cs\/wp-json\/wp\/v2\/pages\/881\/revisions"}],"predecessor-version":[{"id":5632,"href":"https:\/\/www.fmsdocumentation.com\/cs\/wp-json\/wp\/v2\/pages\/881\/revisions\/5632"}],"wp:attachment":[{"href":"https:\/\/www.fmsdocumentation.com\/cs\/wp-json\/wp\/v2\/media?parent=881"}],"curies":[{"name":"wp","href":"https:\/\/api.w.org\/{rel}","templated":true}]}}