{"id":882,"date":"2017-04-06T07:59:11","date_gmt":"2017-04-06T07:59:11","guid":{"rendered":"http:\/\/www.fmsdocumentation.com\/maintenance-overview\/"},"modified":"2018-08-09T08:10:38","modified_gmt":"2018-08-09T08:10:38","slug":"maintenance-overview","status":"publish","type":"page","link":"https:\/\/www.fmsdocumentation.com\/cs\/overview-menu\/maintenance-overview\/","title":{"rendered":"P\u0159ehled upozorn\u011bn\u00ed na \u00fadr\u017ebu"},"content":{"rendered":"<p>\u0160t\u00edtek upozorn\u011bn\u00ed u\u017eivateli poskytuje p\u0159ehled upozorn\u011bn\u00ed p\u0159i\u0159azen\u00fdch vozidl\u016fm, p\u0159i\u0159adit nov\u00e1, modifikovat star\u00e1 upozorn\u011bn\u00ed a ozna\u010dit spln\u011bn\u00e1. Po kliknut\u00ed na \u0161t\u00edtek upozorn\u011bn\u00ed jsou k dispozici dv\u011b hlavn\u00ed \u010d\u00e1sti modulu upozor\u0148ov\u00e1n\u00ed:<\/p>\n<ul>\n<li>P\u0159idat upozorn\u011bn\u00ed;<\/li>\n<li>Seznam p\u0159i\u0159azen\u00fdch upozorn\u011bn\u00ed.<\/li>\n<\/ul>\n<p><a href=\"https:\/\/www.fmsdocumentation.com\/wp-content\/uploads\/2017\/04\/48.png\"><img loading=\"lazy\" decoding=\"async\" class=\"alignnone wp-image-105 size-full\" src=\"https:\/\/www.fmsdocumentation.com\/wp-content\/uploads\/2017\/04\/48.png\" alt=\"\" width=\"361\" height=\"425\" srcset=\"https:\/\/www.fmsdocumentation.com\/wp-content\/uploads\/2017\/04\/48.png 361w, https:\/\/www.fmsdocumentation.com\/wp-content\/uploads\/2017\/04\/48-255x300.png 255w\" sizes=\"auto, (max-width: 361px) 100vw, 361px\" \/><\/a><\/p>\n<p>Kliknut\u00edm na \u201c<strong>P\u0159idat upozorn\u011bn\u00ed\u201d <\/strong>se otev\u0159e nov\u00e9 okno nazvan\u00e9 &#8220;Vytvo\u0159it nov\u00fd \u00fakol pro &lt;n\u00e1zev_vybran\u00e9ho_vozidla&gt;\u201d.<\/p>\n<p><a href=\"https:\/\/www.fmsdocumentation.com\/wp-content\/uploads\/2017\/04\/49.png\"><img loading=\"lazy\" decoding=\"async\" class=\"alignnone wp-image-106 size-full\" src=\"https:\/\/www.fmsdocumentation.com\/wp-content\/uploads\/2017\/04\/49.png\" alt=\"\" width=\"550\" height=\"760\" srcset=\"https:\/\/www.fmsdocumentation.com\/wp-content\/uploads\/2017\/04\/49.png 550w, https:\/\/www.fmsdocumentation.com\/wp-content\/uploads\/2017\/04\/49-217x300.png 217w\" sizes=\"auto, (max-width: 550px) 100vw, 550px\" \/><\/a><\/p>\n<p>Toto okno rovn\u011b\u017e umo\u017e\u0148uje p\u0159i\u0159adit existuj\u00edc\u00ed upozorn\u011bn\u00ed.<\/p>\n<p>Pro <strong>tvorbu nov\u00e9ho upozorn\u011bn\u00ed<\/strong> se mus\u00ed nejprve zvolit p\u0159\u00edslu\u0161n\u00e1 volba. Aktu\u00e1ln\u011b zvolen\u00e1 volba je zv\u00fdrazn\u011bn\u00e1 mod\u0159e. (standardn\u011b je vybr\u00e1no \u201cp\u0159i\u0159adit existuj\u00edc\u00ed upozorn\u011bn\u00ed\u201d).<\/p>\n<p><a href=\"https:\/\/www.fmsdocumentation.com\/wp-content\/uploads\/2017\/04\/50.png\"><img loading=\"lazy\" decoding=\"async\" class=\"alignnone wp-image-107 size-full\" src=\"https:\/\/www.fmsdocumentation.com\/wp-content\/uploads\/2017\/04\/50.png\" alt=\"\" width=\"430\" height=\"81\" srcset=\"https:\/\/www.fmsdocumentation.com\/wp-content\/uploads\/2017\/04\/50.png 430w, https:\/\/www.fmsdocumentation.com\/wp-content\/uploads\/2017\/04\/50-300x57.png 300w\" sizes=\"auto, (max-width: 430px) 100vw, 430px\" \/><\/a><\/p>\n<p>Potom m\u016f\u017ee u\u017eivatel vlo\u017eit po\u017eadovanou informaci pro nov\u00e9 upozorn\u011bn\u00ed. Mus\u00ed se zadat n\u00e1sleduj\u00edc\u00ed informace:<\/p>\n<ol>\n<li><strong>N\u00e1zev<\/strong> \u2013 n\u00e1zev upozorn\u011bn\u00ed;<\/li>\n<li><strong>Typ parametru<\/strong> &#8211; ur\u010duje jak\u00fd parametr se pou\u017eije pro periodu upozorn\u011bn\u00ed. Kliknut\u00edm na malou \u0161ipku se rozbal\u00ed seznam mo\u017enost\u00ed:\n<ul>\n<li><strong>Tachometr<\/strong> \u2013 tento parametr je nastaven automaticky a je uveden v kilometrech (nap\u0159.: V\u00fdm\u011bna oleje po ka\u017ed\u00fdch 7000 km).<\/li>\n<li><strong>Datum<\/strong> \u2013 nastavuje periodicitu \u010dasovou, zad\u00e1v\u00e1 se numerick\u00e1 hodnota a n\u00e1zev periody (dny, t\u00fddny, m\u011bs\u00edce, roky) (Nap\u0159.: V\u00fdm\u011bna oleje ka\u017ed\u00e9 3 m\u011bs\u00edce nebo po 90 dnech).<\/li>\n<li><strong>Pracovn\u00ed doba \u2013 <\/strong>tento parametr nastavuje pracovn\u00ed dobu. Nastavuje se pouze u vozidel, je\u017e jsou konfigurov\u00e1ny (DIN1, DIN2, DIN3 or DIN4) pro odes\u00edl\u00e1n\u00ed pracovn\u00ed doby do syst\u00e9mu sledov\u00e1n\u00ed (voli\u010d vstupu se objev\u00ed pod &#8220;Typ parametru&#8221;, kde m\u016f\u017ee u\u017eivatel zvolit DIN, je\u017e pos\u00edl\u00e1 data). Volbou typu parametru se automaticky aktualizuje seznam vozidel na vozidla, je\u017e podporuj\u00ed tento typ parametru, zm\u011bnou vstupu (DIN1-DIN4) se rovn\u011b\u017e seznam filtruje. Doba se po\u010d\u00edt\u00e1 v hodin\u00e1ch. (Nap\u0159.: V\u00fdm\u011bna oleje ka\u017ed\u00fdch 450 hodin provozu).<\/li>\n<\/ul>\n<\/li>\n<li><strong>P\u0159idat popis \u2013 <\/strong>kliknut\u00edm na toto tla\u010d\u00edtko se otev\u0159e pole pro popis upozorn\u011bn\u00ed. Tento popis je viditeln\u00fd pouze p\u0159i editaci nastaven\u00ed vozidla po vytvo\u0159en\u00ed upozorn\u011bn\u00ed na \u00fadr\u017ebu.<\/li>\n<li><strong>Vstup \u2013<\/strong> Je k dispozici pouze je-li typ parametru nastaven na &#8220;Pracovn\u00ed dobu&#8221;. Umo\u017e\u0148uje zvolit ze kter\u00e9ho vstupu se data doby p\u0159ij\u00edmaj\u00ed. Vol\u00ed se individu\u00e1ln\u011b podle konfigurace vozidlov\u00e9 jednotky.<\/li>\n<li><strong>Zapsat datum posledn\u00edho servisu \u2013 <\/strong>Kliknut\u00edm na toto zatrh\u00e1vac\u00ed pol\u00ed\u010dko se vytvo\u0159\u00ed textov\u00e9 pole, kde m\u016f\u017ee u\u017eivatel zapsat vzd\u00e1lenost\/datum\/pracovn\u00ed dobu posledn\u00edho servisu (perioda se za\u010dne po\u010d\u00edtat od zadan\u00e9 hodnoty).<\/li>\n<li><strong>Opakovat upozorn\u011bn\u00ed po \u2013 <\/strong>umo\u017e\u0148uje zadat po\u017eadovanou periodu (ka\u017ed\u00fdch XX dn\u016f, XXXX kilometr\u016f, XX pracovn\u00edch hodin) pro upozorn\u011bn\u00ed podle volby parametr\u016f (pracovn\u00ed hodiny\/datum\/vzd\u00e1lenost).<\/li>\n<li><strong>Aktu\u00e1ln\u00ed vzd\u00e1lenost\/datum\/pracovn\u00ed hodiny \u2013 <\/strong>zobrazuje aktu\u00e1ln\u00ed hodnotu parametr\u016f objekt\u016f podle zvolen\u00e9ho vstupu.<\/li>\n<li><strong>Potvrzen\u00ed \u00fakolu \u2013\u00a0 <\/strong>umo\u017e\u0148uje u\u017eivateli zvolit jednu ze dvou mo\u017enost\u00ed pro potvrzen\u00ed upozorn\u011bn\u00ed, je\u017e ur\u010duje, kdy za\u010dne nov\u00fd cyklus. Lze zvolit ze dvou variant:\n<ul>\n<li><strong>Potvrdit tento \u00fakol manu\u00e1ln\u011b poka\u017ed\u00e9, kdy\u017e se m\u00e1 spustit nov\u00fd cyklus \u2013 <\/strong>to znamen\u00e1, \u017ee nov\u00e9 obdob\u00ed za\u010dne pouze, kdy\u017e u\u017eivatel potvrd\u00ed, \u017ee p\u0159edchoz\u00ed cyklus je ukon\u010den<strong>;<\/strong><\/li>\n<li><strong>Automatick\u00e9 potvrzen\u00ed spu\u0161t\u011bn\u00ed nov\u00e9ho cyklu \u2013 <\/strong>to znamen\u00e1, \u017ee nov\u00fd cyklus za\u010dne ihned po ukon\u010den\u00ed p\u0159edchoz\u00edho bez potvrzen\u00ed u\u017eivatele.<\/li>\n<\/ul>\n<\/li>\n<li><strong>Emailov\u00e9 ozn\u00e1men\u00ed \u2013 <\/strong>zatr\u017een\u00edm tohoto pol\u00ed\u010dka umo\u017en\u00ed odesl\u00e1n\u00ed emailu s upozorn\u011bn\u00edm na bl\u00ed\u017e\u00edc\u00ed se term\u00edn \u00fadr\u017eby. Lze zadat v\u00edce ne\u017e jeden email, pokud je odd\u011bl\u00edme \u010d\u00e1rkou &#8220;,&#8221;.\u00a0 Email lze odebrat kliknut\u00edm na mal\u00fd k\u0159\u00ed\u017eek vedle adresy.<\/li>\n<li><strong>Upozornit p\u0159ed \u2013<\/strong> toto pole se zobraz\u00ed pouze je-li pol\u00ed\u010dko emailov\u00e9ho upozorn\u011bn\u00ed zatr\u017eeno. Definuje, kdy se m\u00e1j\u00ed emeily odeslat (nap\u0159.: 500 km p\u0159ed nastavenou hodnotou). Jednotky, (km nebo \u010das) z\u00e1vis\u00ed na zvolen\u00e9m typu parametru.<\/li>\n<li><strong>Ulo\u017eit \u2013 <\/strong>Pro ulo\u017een\u00ed nov\u00e9ho upozorn\u011bn\u00ed na \u00fadr\u017ebu se mus\u00ed kliknou na tla\u010d\u00edtko Ulo\u017eit.<\/li>\n<li><strong>Zav\u0159\u00edt \u2013 <\/strong>Zru\u0161en\u00ed tvorby nov\u00e9ho upozorn\u011bn\u00ed se provede kliknut\u00edm na Zav\u0159\u00edt nebo kliknut\u00edm kdekoliv mimo okno tvorby upozorn\u011bn\u00ed.<\/li>\n<\/ol>\n<p><a href=\"https:\/\/www.fmsdocumentation.com\/wp-content\/uploads\/2017\/04\/51.png\"><img loading=\"lazy\" decoding=\"async\" class=\"alignnone wp-image-108 size-large\" src=\"https:\/\/www.fmsdocumentation.com\/wp-content\/uploads\/2017\/04\/51-438x1024.png\" alt=\"\" width=\"438\" height=\"1024\" srcset=\"https:\/\/www.fmsdocumentation.com\/wp-content\/uploads\/2017\/04\/51-438x1024.png 438w, https:\/\/www.fmsdocumentation.com\/wp-content\/uploads\/2017\/04\/51-128x300.png 128w, https:\/\/www.fmsdocumentation.com\/wp-content\/uploads\/2017\/04\/51.png 550w\" sizes=\"auto, (max-width: 438px) 100vw, 438px\" \/><\/a><\/p>\n<p>Pro <strong>p\u0159i\u0159azen\u00ed existuj\u00edc\u00edho upozorn\u011bn\u00ed<\/strong> se mus\u00ed zvolit selektor vpravo. Aktu\u00e1ln\u011b zvolen\u00e1 volba je zv\u00fdrazn\u011bn\u00e1 mod\u0159e. (standardn\u011b je vybr\u00e1no \u201cp\u0159i\u0159adit existuj\u00edc\u00ed upozorn\u011bn\u00ed\u201d). Potom je postup podobn\u00fd jako v p\u0159\u00edpad\u011b vytvo\u0159en\u00ed nov\u00e9ho \u00fakolu, s vyj\u00edmkou n\u011bkolika \u010d\u00e1st\u00ed.<\/p>\n<p>V tomto p\u0159\u00edpad\u011b je pole &#8220;N\u00e1zev&#8221; rozbalovac\u00ed seznam obsahuj\u00edc\u00ed v\u0161echna upozorn\u011bn\u00ed. Sta\u010d\u00ed vybrat po\u017eadovan\u00e9.<\/p>\n<p><a href=\"https:\/\/www.fmsdocumentation.com\/wp-content\/uploads\/2017\/04\/52.png\"><img loading=\"lazy\" decoding=\"async\" class=\"alignnone wp-image-109 size-full\" src=\"https:\/\/www.fmsdocumentation.com\/wp-content\/uploads\/2017\/04\/52.png\" alt=\"\" width=\"536\" height=\"293\" srcset=\"https:\/\/www.fmsdocumentation.com\/wp-content\/uploads\/2017\/04\/52.png 536w, https:\/\/www.fmsdocumentation.com\/wp-content\/uploads\/2017\/04\/52-300x164.png 300w\" sizes=\"auto, (max-width: 536px) 100vw, 536px\" \/><\/a><\/p>\n<p>Po v\u00fdb\u011bru upozorn\u011bn\u00ed se mus\u00ed vyplnit n\u00e1sleduj\u00edc\u00ed pole, stejn\u011b jako v p\u0159\u00edpad\u011b tvorby nov\u00e9ho upozorn\u011bn\u00ed:<\/p>\n<ul>\n<li><strong>Popis;<\/strong><\/li>\n<li><strong>Zadejte stav tachometru p\u0159i posledn\u00edm servisu;<\/strong><\/li>\n<li><strong>Opakovat po;<\/strong><\/li>\n<li><strong>Potvrzen\u00ed upozorn\u011bn\u00ed;<\/strong><\/li>\n<li><strong>Emailov\u00e9 ozn\u00e1men\u00ed.<\/strong><\/li>\n<\/ul>\n<p>V\u0161echna ostatn\u00ed pole jsou viditeln\u00e1, ale nedostupn\u00e1 pro zm\u011bnu.<\/p>\n<p><strong>Seznam p\u0159i\u0159azen\u00fdch upozorn\u011bn\u00ed<\/strong> &#8211; zobrazuje v\u0161echna upozorn\u011bn\u00ed p\u0159i\u0159azen\u00e1 vozidlu. Kliknut\u00edm na upozorn\u011bn\u00ed se zobraz\u00ed dal\u0161\u00ed informace v upozorn\u011bn\u00ed.<\/p>\n<p><a href=\"https:\/\/www.fmsdocumentation.com\/wp-content\/uploads\/2017\/04\/53.png\"><img loading=\"lazy\" decoding=\"async\" class=\"alignnone wp-image-110 size-full\" src=\"https:\/\/www.fmsdocumentation.com\/wp-content\/uploads\/2017\/04\/53.png\" alt=\"\" width=\"360\" height=\"250\" srcset=\"https:\/\/www.fmsdocumentation.com\/wp-content\/uploads\/2017\/04\/53.png 360w, https:\/\/www.fmsdocumentation.com\/wp-content\/uploads\/2017\/04\/53-300x208.png 300w\" sizes=\"auto, (max-width: 360px) 100vw, 360px\" \/><\/a><\/p>\n<p>V ka\u017ed\u00e9m upozorn\u011bn\u00ed jsou n\u00e1sleduj\u00edc\u00ed informace:<\/p>\n<ul>\n<li><strong>N\u00e1zev upozorn\u011bn\u00ed;<\/strong><\/li>\n<li><strong>\u010cetnost upozorn\u011bn\u00ed;<\/strong><\/li>\n<li><strong>\u010cas\/vzd\u00e1lenost zb\u00fdvaj\u00edc\u00ed do \u00fadr\u017eby + indika\u010dn\u00ed kruh \u2013<\/strong> p\u0159ib\u00fdv\u00e1 s bl\u00ed\u017e\u00edc\u00edm se servisem, v\u00edce informac\u00ed v popisu panelu upozor\u0148ov\u00e1n\u00ed na \u00fadr\u017ebu.<\/li>\n<li><strong>Aktu\u00e1ln\u00ed datum\/tachometr <\/strong>a n\u00e1sleduj\u00edc\u00ed datum\/tachometr servisu.<\/li>\n<\/ul>\n<p>Na konci upozorn\u011bn\u00ed jsou t\u0159i tla\u010d\u00edtka:<\/p>\n<ul>\n<li>Editovat p\u0159i\u0159azen\u00e9 upozorn\u011bn\u00ed \u2013 podobn\u011b jako p\u0159i vytvo\u0159en\u00ed nov\u00e9ho \u00fakolu;<\/li>\n<li>Zru\u0161en\u00ed p\u0159i\u0159azen\u00ed upozorn\u011bn\u00ed;<\/li>\n<li>\u00dadr\u017eba provedena \u2013 nastavuje periodu upozorn\u011bn\u00ed (m\u016f\u017ee se kliknout pouze kdy\u017e zb\u00fdvaj\u00edc\u00ed perioda je men\u0161\u00ed ne\u017e 20% p\u016fvodn\u00ed hodnoty) .<\/li>\n<\/ul>\n<p>V\u00edce informac\u00ed je uvedeno v <a href=\"https:\/\/www.fmsdocumentation.com\/cs\/maintenance-tasks-menu\/\">panelu upozor\u0148ov\u00e1n\u00ed<\/a>.<\/p>\n<hr \/>\n<p><div class=\"alignleft\"><a href=\"https:\/\/www.fmsdocumentation.com\/cs\/overview-menu\/fuel-overview\/\" title=\"P\u0159ehled o palivu\"><span class=\"arrow\">\u2039 &nbsp <\/span> P\u0159ehled o palivu <\/a><\/div> <div class=\"alignright\"><a href=\"https:\/\/www.fmsdocumentation.com\/cs\/drivers-menu\/\" title=\"Menu \u0159idi\u010d\u016f\">Menu \u0159idi\u010d\u016f <span class=\"arrow\"> &nbsp\u203a <\/span> <\/a><\/div><\/p>\n","protected":false},"excerpt":{"rendered":"<p>\u0160t\u00edtek upozorn\u011bn\u00ed u\u017eivateli poskytuje p\u0159ehled upozorn\u011bn\u00ed p\u0159i\u0159azen\u00fdch vozidl\u016fm, p\u0159i\u0159adit nov\u00e1, modifikovat star\u00e1 upozorn\u011bn\u00ed a ozna\u010dit spln\u011bn\u00e1. Po kliknut\u00ed na \u0161t\u00edtek upozorn\u011bn\u00ed jsou k dispozici dv\u011b hlavn\u00ed \u010d\u00e1sti modulu upozor\u0148ov\u00e1n\u00ed: P\u0159idat upozorn\u011bn\u00ed; Seznam p\u0159i\u0159azen\u00fdch upozorn\u011bn\u00ed. Kliknut\u00edm na \u201cP\u0159idat upozorn\u011bn\u00ed\u201d se otev\u0159e nov\u00e9 okno nazvan\u00e9 &#8220;Vytvo\u0159it nov\u00fd \u00fakol pro &lt;n\u00e1zev_vybran\u00e9ho_vozidla&gt;\u201d. Toto okno rovn\u011b\u017e umo\u017e\u0148uje p\u0159i\u0159adit existuj\u00edc\u00ed upozorn\u011bn\u00ed. &hellip; <a href=\"https:\/\/www.fmsdocumentation.com\/cs\/overview-menu\/maintenance-overview\/\" class=\"more-link\">Pokra\u010dov\u00e1n\u00ed textu <span class=\"screen-reader-text\">P\u0159ehled upozorn\u011bn\u00ed na \u00fadr\u017ebu<\/span><\/a><\/p>\n","protected":false},"author":1,"featured_media":0,"parent":887,"menu_order":6,"comment_status":"closed","ping_status":"closed","template":"","meta":{"footnotes":""},"class_list":["post-882","page","type-page","status-publish","hentry"],"_links":{"self":[{"href":"https:\/\/www.fmsdocumentation.com\/cs\/wp-json\/wp\/v2\/pages\/882","targetHints":{"allow":["GET"]}}],"collection":[{"href":"https:\/\/www.fmsdocumentation.com\/cs\/wp-json\/wp\/v2\/pages"}],"about":[{"href":"https:\/\/www.fmsdocumentation.com\/cs\/wp-json\/wp\/v2\/types\/page"}],"author":[{"embeddable":true,"href":"https:\/\/www.fmsdocumentation.com\/cs\/wp-json\/wp\/v2\/users\/1"}],"replies":[{"embeddable":true,"href":"https:\/\/www.fmsdocumentation.com\/cs\/wp-json\/wp\/v2\/comments?post=882"}],"version-history":[{"count":6,"href":"https:\/\/www.fmsdocumentation.com\/cs\/wp-json\/wp\/v2\/pages\/882\/revisions"}],"predecessor-version":[{"id":5631,"href":"https:\/\/www.fmsdocumentation.com\/cs\/wp-json\/wp\/v2\/pages\/882\/revisions\/5631"}],"up":[{"embeddable":true,"href":"https:\/\/www.fmsdocumentation.com\/cs\/wp-json\/wp\/v2\/pages\/887"}],"wp:attachment":[{"href":"https:\/\/www.fmsdocumentation.com\/cs\/wp-json\/wp\/v2\/media?parent=882"}],"curies":[{"name":"wp","href":"https:\/\/api.w.org\/{rel}","templated":true}]}}