{"id":883,"date":"2017-04-06T07:55:28","date_gmt":"2017-04-06T07:55:28","guid":{"rendered":"http:\/\/www.fmsdocumentation.com\/fuel-overview\/"},"modified":"2018-08-09T08:02:16","modified_gmt":"2018-08-09T08:02:16","slug":"fuel-overview","status":"publish","type":"page","link":"https:\/\/www.fmsdocumentation.com\/cs\/overview-menu\/fuel-overview\/","title":{"rendered":"P\u0159ehled o palivu"},"content":{"rendered":"<p>Ikona paliva v p\u0159ehledu vozidla poskytuje informace o palivu:<\/p>\n<ul>\n<li>Obdob\u00ed;<\/li>\n<li>Voli\u010d zdroje m\u011b\u0159en\u00ed \u2013 zobraz\u00ed se jen v p\u0159\u00edpad\u011b, je-li k dispozici v\u00edce ne\u017e jeden zdroj m\u011b\u0159en\u00ed hladiny;<\/li>\n<li>Graf hladiny;<\/li>\n<li>Sumarizace tankov\u00e1n\u00ed a \u00fabytku;<\/li>\n<li>Detailn\u00ed p\u0159ehled v\u0161ech tankov\u00e1n\u00ed a \u00fabytk\u016f;<\/li>\n<li>Mapa s podrobnostmi.<\/li>\n<\/ul>\n<p><a href=\"https:\/\/www.fmsdocumentation.com\/wp-content\/uploads\/2017\/04\/45.png\"><img loading=\"lazy\" decoding=\"async\" class=\"alignnone wp-image-100 size-large\" src=\"https:\/\/www.fmsdocumentation.com\/wp-content\/uploads\/2017\/04\/45-1024x497.png\" alt=\"\" width=\"660\" height=\"320\" srcset=\"https:\/\/www.fmsdocumentation.com\/wp-content\/uploads\/2017\/04\/45-1024x497.png 1024w, https:\/\/www.fmsdocumentation.com\/wp-content\/uploads\/2017\/04\/45-300x146.png 300w, https:\/\/www.fmsdocumentation.com\/wp-content\/uploads\/2017\/04\/45-768x373.png 768w, https:\/\/www.fmsdocumentation.com\/wp-content\/uploads\/2017\/04\/45.png 1500w\" sizes=\"auto, (max-width: 660px) 100vw, 660px\" \/><\/a><\/p>\n<p><strong>Datum<\/strong> \u2013 Definuje obdob\u00ed za kter\u00e9 se m\u00e1 p\u0159ehled zobrazit. Standardn\u011b je nastaveno posledn\u00edch cel\u00fdch 7 dn\u016f. D\u00e1 se to zm\u011bnit kliknut\u00edm na t\u0159i te\u010dky na prav\u00e9 stran\u011b datumu.\u00a0 Zp\u016fsob v\u00fdb\u011bru obdob\u00ed je stejn\u00fd, jak je pops\u00e1no v p\u0159edchoz\u00edch odstavc\u00edch. Maxim\u00e1lni d\u00e9lka obdob\u00ed je 1 m\u011bs\u00edc.<\/p>\n<p><strong>V\u00fdb\u011br zdroje dat \u2013 <\/strong>umo\u017e\u0148uje vybrat r\u016fzn\u00e9 zdroje dat m\u011b\u0159en\u00ed paliva (jsou-li konfigurov\u00e1ny). Nap\u0159., na vozidle je instalov\u00e1no n\u011bkolik sond, u\u017eivatel si m\u016f\u017ee vybrat z kter\u00e9 sondy se maj\u00ed data zobrazit. Je d\u016fle\u017eit\u00e9 v\u011bd\u011bt, pro kter\u00fd vstup to bylo konfigurov\u00e1no, proto\u017ee syst\u00e9m zobrazuje pouze n\u00e1zev vstupu bez jak\u00fdchkoliv informac\u00ed (pouze vstupy s daty o palivu se zobrazuj\u00ed v rozbalovac\u00edm seznamu). Standardn\u011b je tento voli\u010d nastaven na &#8220;Sou\u010det&#8221;, co\u017e znamen\u00e1, \u017ee zobrazuje pr\u016fm\u011brnou hodnotu ze v\u0161ech dostupn\u00fdch zdroj\u016f. Tento voli\u010d se zobrazuje pouze v p\u0159\u00edpad\u011b, \u017ee je k dispozici v\u00edce ne\u017e jeden datov\u00fd zdroj o hladin\u011b paliva.<\/p>\n<p><strong>Graf<\/strong> \u2013 Zobrazuje hladinu paliva ve vybran\u00e9m obdob\u00ed. M\u011b\u0159\u00edtko grafu se form\u00e1tuje automaticky podle zvolen\u00e9ho obdob\u00ed. Tankov\u00e1n\u00ed je zn\u00e1zorn\u011bno zelen\u011b, \u00fabytky \u010derven\u011b. P\u0159i najet\u00ed kurzoru na graf se zobraz\u00ed dal\u0161\u00ed informace vztahuj\u00edc\u00ed se k bodu pod kurzorem. Zobraz\u00ed se datum, \u010das a hladina paliva pro ozna\u010den\u00fd bod. Graf lze skr\u00fdt\/zobrazit kliknut\u00edm na ikonu \u0161ipky pod grafem.<\/p>\n<p><a href=\"https:\/\/www.fmsdocumentation.com\/wp-content\/uploads\/2017\/04\/46.png\"><img loading=\"lazy\" decoding=\"async\" class=\"alignnone wp-image-101 size-full\" src=\"https:\/\/www.fmsdocumentation.com\/wp-content\/uploads\/2017\/04\/46.png\" alt=\"\" width=\"396\" height=\"276\" srcset=\"https:\/\/www.fmsdocumentation.com\/wp-content\/uploads\/2017\/04\/46.png 396w, https:\/\/www.fmsdocumentation.com\/wp-content\/uploads\/2017\/04\/46-300x209.png 300w\" sizes=\"auto, (max-width: 396px) 100vw, 396px\" \/><\/a><\/p>\n<p>Kole\u010dkem my\u0161i lze graf zv\u011bt\u0161it nebo zmen\u0161it. P\u0159i zv\u011bt\u0161en\u00ed lze grafem pohybovat ze strany na stranu kliknut\u00edm lev\u00e9ho tla\u010d\u00edtka my\u0161i a ta\u017een\u00edm. Kliknut\u00edm na zelen\u011b\/\u010derven\u011b ozna\u010den\u00e9 oblasti grafu se mapa naviguje na vybranou ud\u00e1lost.<\/p>\n<p><strong>Sou\u010det tankov\u00e1n\u00ed a \u00fabytku<\/strong> \u2013 zobrazuje celkov\u00e9 mno\u017estv\u00ed natankovan\u00e9ho\/unikl\u00e9ho paliva a po\u010det t\u011bchto ud\u00e1lost\u00ed za zvolen\u00e9 obdob\u00ed.<\/p>\n<p><strong>Podrobn\u00fd p\u0159ehled o v\u0161ech \u010derp\u00e1n\u00edch a \u00fabytc\u00edch<\/strong> &#8211; Zobrazuje v\u0161echna \u010derp\u00e1n\u00ed a \u00fabytky v chronologick\u00e9m po\u0159ad\u00ed. Ka\u017ed\u00e1 ud\u00e1lost je ozna\u010dena jako Tankov\u00e1n\u00ed (<em>a m\u00e1 vedle sebe zelenou \u0161ipku sm\u011b\u0159uj\u00edc\u00ed vzh\u016fru<\/em>) nebo \u00dabytek (<em>a\u00a0 m\u00e1 vedle sebe \u010dervenou \u0161ipku sm\u011b\u0159uj\u00edc\u00ed dol\u016f<\/em>). Ka\u017ed\u00e1 ud\u00e1lost je ozna\u010dena p\u0159esn\u00fdm datumem a \u010dasem. Kliknut\u00edm na Tankov\u00e1n\u00ed\/\u00dabytek v seznamu se mapa automaticky naviguje na p\u0159esnou pozici, kde se ud\u00e1lost stala a z\u00e1rove\u0148 se graf automaticky aktualizuje na obdob\u00ed, kdy se to stalo.<\/p>\n<p><a href=\"https:\/\/www.fmsdocumentation.com\/wp-content\/uploads\/2017\/04\/47.png\"><img loading=\"lazy\" decoding=\"async\" class=\"alignnone wp-image-102 size-full\" src=\"https:\/\/www.fmsdocumentation.com\/wp-content\/uploads\/2017\/04\/47.png\" alt=\"\" width=\"360\" height=\"470\" srcset=\"https:\/\/www.fmsdocumentation.com\/wp-content\/uploads\/2017\/04\/47.png 360w, https:\/\/www.fmsdocumentation.com\/wp-content\/uploads\/2017\/04\/47-230x300.png 230w\" sizes=\"auto, (max-width: 360px) 100vw, 360px\" \/><\/a><\/p>\n<p><strong>Mapa s podrobnostmi<\/strong> \u2013 mapa zobraz\u00ed j\u00edzdu v obdob\u00ed vybran\u00e9m pro p\u0159ehled hladiny paliva.\u00a0 Spolu s j\u00edzdou se na map\u011b zobraz\u00ed tankov\u00e1n\u00ed a \u00fabytky. U\u017eivatel m\u016f\u017ee kliknout na ikonu a zobraz\u00ed se dal\u0161\u00ed informace.<\/p>\n<p><a href=\"https:\/\/www.fmsdocumentation.com\/wp-content\/uploads\/2017\/04\/212.png\"><img loading=\"lazy\" decoding=\"async\" class=\"alignnone wp-image-357 size-full\" src=\"https:\/\/www.fmsdocumentation.com\/wp-content\/uploads\/2017\/04\/212.png\" alt=\"\" width=\"741\" height=\"370\" srcset=\"https:\/\/www.fmsdocumentation.com\/wp-content\/uploads\/2017\/04\/212.png 741w, https:\/\/www.fmsdocumentation.com\/wp-content\/uploads\/2017\/04\/212-300x150.png 300w\" sizes=\"auto, (max-width: 741px) 100vw, 741px\" \/><\/a><\/p>\n<hr \/>\n<p><div class=\"alignleft\"><a href=\"https:\/\/www.fmsdocumentation.com\/cs\/overview-menu\/events-overview\/\" title=\"P\u0159ehled ud\u00e1lost\u00ed\"><span class=\"arrow\">\u2039 &nbsp <\/span> P\u0159ehled ud\u00e1lost\u00ed <\/a><\/div> <div class=\"alignright\"><a href=\"https:\/\/www.fmsdocumentation.com\/cs\/overview-menu\/maintenance-overview\/\" title=\"P\u0159ehled upozorn\u011bn\u00ed na \u00fadr\u017ebu\">P\u0159ehled upozorn\u011bn\u00ed na \u00fadr\u017ebu <span class=\"arrow\"> &nbsp\u203a <\/span> <\/a><\/div><\/p>\n","protected":false},"excerpt":{"rendered":"<p>Ikona paliva v p\u0159ehledu vozidla poskytuje informace o palivu: Obdob\u00ed; Voli\u010d zdroje m\u011b\u0159en\u00ed \u2013 zobraz\u00ed se jen v p\u0159\u00edpad\u011b, je-li k dispozici v\u00edce ne\u017e jeden zdroj m\u011b\u0159en\u00ed hladiny; Graf hladiny; Sumarizace tankov\u00e1n\u00ed a \u00fabytku; Detailn\u00ed p\u0159ehled v\u0161ech tankov\u00e1n\u00ed a \u00fabytk\u016f; Mapa s podrobnostmi. Datum \u2013 Definuje obdob\u00ed za kter\u00e9 se m\u00e1 p\u0159ehled zobrazit. Standardn\u011b je &hellip; <a href=\"https:\/\/www.fmsdocumentation.com\/cs\/overview-menu\/fuel-overview\/\" class=\"more-link\">Pokra\u010dov\u00e1n\u00ed textu <span class=\"screen-reader-text\">P\u0159ehled o palivu<\/span><\/a><\/p>\n","protected":false},"author":1,"featured_media":0,"parent":887,"menu_order":5,"comment_status":"closed","ping_status":"closed","template":"","meta":{"footnotes":""},"class_list":["post-883","page","type-page","status-publish","hentry"],"_links":{"self":[{"href":"https:\/\/www.fmsdocumentation.com\/cs\/wp-json\/wp\/v2\/pages\/883","targetHints":{"allow":["GET"]}}],"collection":[{"href":"https:\/\/www.fmsdocumentation.com\/cs\/wp-json\/wp\/v2\/pages"}],"about":[{"href":"https:\/\/www.fmsdocumentation.com\/cs\/wp-json\/wp\/v2\/types\/page"}],"author":[{"embeddable":true,"href":"https:\/\/www.fmsdocumentation.com\/cs\/wp-json\/wp\/v2\/users\/1"}],"replies":[{"embeddable":true,"href":"https:\/\/www.fmsdocumentation.com\/cs\/wp-json\/wp\/v2\/comments?post=883"}],"version-history":[{"count":4,"href":"https:\/\/www.fmsdocumentation.com\/cs\/wp-json\/wp\/v2\/pages\/883\/revisions"}],"predecessor-version":[{"id":5629,"href":"https:\/\/www.fmsdocumentation.com\/cs\/wp-json\/wp\/v2\/pages\/883\/revisions\/5629"}],"up":[{"embeddable":true,"href":"https:\/\/www.fmsdocumentation.com\/cs\/wp-json\/wp\/v2\/pages\/887"}],"wp:attachment":[{"href":"https:\/\/www.fmsdocumentation.com\/cs\/wp-json\/wp\/v2\/media?parent=883"}],"curies":[{"name":"wp","href":"https:\/\/api.w.org\/{rel}","templated":true}]}}