{"id":884,"date":"2017-04-06T07:53:47","date_gmt":"2017-04-06T07:53:47","guid":{"rendered":"http:\/\/www.fmsdocumentation.com\/events-overview\/"},"modified":"2018-08-09T07:57:27","modified_gmt":"2018-08-09T07:57:27","slug":"events-overview","status":"publish","type":"page","link":"https:\/\/www.fmsdocumentation.com\/cs\/overview-menu\/events-overview\/","title":{"rendered":"P\u0159ehled ud\u00e1lost\u00ed"},"content":{"rendered":"<p>Tento \u0161t\u00edtek se pou\u017e\u00edv\u00e1 pro \u0159\u00edzen\u00ed a prohl\u00ed\u017een\u00ed ud\u00e1lost\u00ed p\u0159i\u0159azen\u00fdch zvolen\u00e9mu objektu. P\u0159i\u0159azen\u00e9 ud\u00e1lost\u00ed jsou zobrazeny v seznamu um\u00edst\u011bn\u00e9m ve spodn\u00ed \u010d\u00e1sti panelu. Pro zm\u011bnu p\u0159i\u0159azen\u00fdch ud\u00e1lost\u00ed se mus\u00ed kliknout na pole &#8220;P\u0159ehled ud\u00e1lost\u00ed&#8221;. Otev\u0159e se nov\u00e9 okno se seznamem v\u0161ech ud\u00e1lost\u00ed registrovan\u00fdch pro aktu\u00e1ln\u00edho webov\u00e9ho u\u017eivatele.<\/p>\n<p><a href=\"https:\/\/www.fmsdocumentation.com\/wp-content\/uploads\/2017\/04\/40.png\"><img loading=\"lazy\" decoding=\"async\" class=\"alignnone wp-image-93 size-full\" src=\"https:\/\/www.fmsdocumentation.com\/wp-content\/uploads\/2017\/04\/40.png\" alt=\"\" width=\"360\" height=\"130\" srcset=\"https:\/\/www.fmsdocumentation.com\/wp-content\/uploads\/2017\/04\/40.png 360w, https:\/\/www.fmsdocumentation.com\/wp-content\/uploads\/2017\/04\/40-300x108.png 300w\" sizes=\"auto, (max-width: 360px) 100vw, 360px\" \/><\/a><\/p>\n<p>Aktivovan\u00e9 ud\u00e1losti budou ozna\u010deny zv\u00fdrazn\u011bn\u00fdm zatr\u017e\u00edtkem p\u0159ed n\u00e1zvem ud\u00e1losti. Jestli\u017ee je ud\u00e1lost \u0161ed\u00e1 a nelze vybrat, znamen\u00e1 to, \u017ee tato ud\u00e1lost m\u00e1 parametry, je\u017e nejsou vozidlem podporov\u00e1ny. Pro rychl\u00e9 nalezen\u00ed pot\u0159ebn\u00e9 ud\u00e1losti je k dispozici vyhled\u00e1vac\u00ed li\u0161ta. Seznam se aktualizuje automaticky s ka\u017ed\u00fdm zapsan\u00fdm p\u00edsmenem. Aby se zm\u011bny ulo\u017eily, mus\u00ed se po v\u00fdb\u011bru ud\u00e1losti stisknout tla\u010d\u00edtko &#8220;Pou\u017e\u00edt&#8221;.<\/p>\n<p><a href=\"https:\/\/www.fmsdocumentation.com\/wp-content\/uploads\/2017\/04\/41.png\"><img loading=\"lazy\" decoding=\"async\" class=\"alignnone wp-image-94 size-full\" src=\"https:\/\/www.fmsdocumentation.com\/wp-content\/uploads\/2017\/04\/41.png\" alt=\"\" width=\"750\" height=\"540\" srcset=\"https:\/\/www.fmsdocumentation.com\/wp-content\/uploads\/2017\/04\/41.png 750w, https:\/\/www.fmsdocumentation.com\/wp-content\/uploads\/2017\/04\/41-300x216.png 300w\" sizes=\"auto, (max-width: 750px) 100vw, 750px\" \/><\/a><\/p>\n<p>Pod tla\u010d\u00edtkem \u201cP\u0159ehled ud\u00e1lost\u00ed\u201d je k dispozici filtr ud\u00e1lost\u00ed. Filtr umo\u017e\u0148uje n\u00e1sleduj\u00edc\u00ed \u010dinnosti:<\/p>\n<ul>\n<li>Zobrazit v\u0161echny ud\u00e1lost\u00ed;<\/li>\n<li>Zobrazit pouze nevid\u011bn\u00e9 ud\u00e1losti;<\/li>\n<li>Zobrazit pouze vid\u011bn\u00e9 ud\u00e1losti.<\/li>\n<\/ul>\n<p><a href=\"https:\/\/www.fmsdocumentation.com\/wp-content\/uploads\/2017\/04\/42.png\"><img loading=\"lazy\" decoding=\"async\" class=\"alignnone wp-image-95 size-full\" src=\"https:\/\/www.fmsdocumentation.com\/wp-content\/uploads\/2017\/04\/42.png\" alt=\"\" width=\"360\" height=\"170\" srcset=\"https:\/\/www.fmsdocumentation.com\/wp-content\/uploads\/2017\/04\/42.png 360w, https:\/\/www.fmsdocumentation.com\/wp-content\/uploads\/2017\/04\/42-300x142.png 300w\" sizes=\"auto, (max-width: 360px) 100vw, 360px\" \/><\/a><\/p>\n<p>Pod filtrem ud\u00e1lost\u00ed je seznam spu\u0161t\u011bn\u00fdch ud\u00e1lost\u00ed. Tento seznam se automaticky form\u00e1tuje chronologicky + pou\u017eit\u00fd filtr. Spu\u0161t\u011bn\u00e9 ud\u00e1losti jsou zv\u00fdrazn\u011bny tu\u010dn\u011b (Nevid\u011bn\u00e9). Pot\u00e9 co se na n\u011b klikne, stanou se vid\u011bn\u00fdmi a p\u00edsmo se vr\u00e1t\u00ed k norm\u00e1lu. Kliknut\u00edm na ud\u00e1lost se zobraz\u00ed dal\u0161\u00ed informace.<\/p>\n<p><a href=\"https:\/\/www.fmsdocumentation.com\/wp-content\/uploads\/2018\/01\/43.png\"><img loading=\"lazy\" decoding=\"async\" class=\"alignnone size-full wp-image-4282\" src=\"https:\/\/www.fmsdocumentation.com\/wp-content\/uploads\/2018\/01\/43.png\" alt=\"\" width=\"360\" height=\"646\" srcset=\"https:\/\/www.fmsdocumentation.com\/wp-content\/uploads\/2018\/01\/43.png 360w, https:\/\/www.fmsdocumentation.com\/wp-content\/uploads\/2018\/01\/43-167x300.png 167w\" sizes=\"auto, (max-width: 360px) 100vw, 360px\" \/><\/a><\/p>\n<p>Kliknut\u00edm na ud\u00e1lost v seznamu se automaticky zv\u011bt\u0161\u00ed mapa s m\u00edstem, kde k ud\u00e1losti do\u0161lo. M\u00edsto ud\u00e1losti bude ozna\u010deno ikonou \u010derven\u00e9ho zvonku a nad n\u00edm budou zobrazeny dal\u0161\u00ed informace, \u010das ud\u00e1losti, rychlost vozidla, tachometr, sm\u011br a hladina paliva.<\/p>\n<p><a href=\"https:\/\/www.fmsdocumentation.com\/wp-content\/uploads\/2018\/01\/44.png\"><img loading=\"lazy\" decoding=\"async\" class=\"alignnone size-full wp-image-4283\" src=\"https:\/\/www.fmsdocumentation.com\/wp-content\/uploads\/2018\/01\/44.png\" alt=\"\" width=\"817\" height=\"720\" srcset=\"https:\/\/www.fmsdocumentation.com\/wp-content\/uploads\/2018\/01\/44.png 817w, https:\/\/www.fmsdocumentation.com\/wp-content\/uploads\/2018\/01\/44-300x264.png 300w, https:\/\/www.fmsdocumentation.com\/wp-content\/uploads\/2018\/01\/44-768x677.png 768w\" sizes=\"auto, (max-width: 817px) 100vw, 817px\" \/><\/a><\/p>\n<p>Tvorba nov\u00e9 &#8220;ud\u00e1losti&#8221; je pops\u00e1na v\u00a0 kapitole &#8220;<a href=\"https:\/\/www.fmsdocumentation.com\/cs\/events-menu\/\">Menu ud\u00e1losti<\/a>&#8220;.<\/p>\n<p style=\"background-color: #2e67b1; color: #ffffff; padding-left: 10px; padding-right: 10px;\"><p class=\"note\">Pozn\u00e1mka<br \/>\n\u0160t\u00edtek ud\u00e1losti funguje v korelaci s panelem alarmu popsan\u00e9m d\u0159\u00edve (<a href=\"https:\/\/www.fmsdocumentation.com\/cs\/main-tms-window\/alerts-from-objects\/\">v\u00fdstrahy od objekt\u016f<\/a>). To znamen\u00e1, \u017ee ud\u00e1losti ozna\u010den\u00e9 jako vid\u011bn\u00e9 budou zobrazeny tak\u00e9 ve \u0161t\u00edtku ud\u00e1losti a v panelu alarm\u016f.<\/p><\/p>\n<hr \/>\n<p><div class=\"alignleft\"><a href=\"https:\/\/www.fmsdocumentation.com\/cs\/overview-menu\/history-overview\/\" title=\"P\u0159ehled historie\"><span class=\"arrow\">\u2039 &nbsp <\/span> P\u0159ehled historie <\/a><\/div> <div class=\"alignright\"><a href=\"https:\/\/www.fmsdocumentation.com\/cs\/overview-menu\/fuel-overview\/\" title=\"P\u0159ehled o palivu\">P\u0159ehled o palivu <span class=\"arrow\"> &nbsp\u203a <\/span> <\/a><\/div><\/p>\n<p>&nbsp;<\/p>\n","protected":false},"excerpt":{"rendered":"<p>Tento \u0161t\u00edtek se pou\u017e\u00edv\u00e1 pro \u0159\u00edzen\u00ed a prohl\u00ed\u017een\u00ed ud\u00e1lost\u00ed p\u0159i\u0159azen\u00fdch zvolen\u00e9mu objektu. P\u0159i\u0159azen\u00e9 ud\u00e1lost\u00ed jsou zobrazeny v seznamu um\u00edst\u011bn\u00e9m ve spodn\u00ed \u010d\u00e1sti panelu. Pro zm\u011bnu p\u0159i\u0159azen\u00fdch ud\u00e1lost\u00ed se mus\u00ed kliknout na pole &#8220;P\u0159ehled ud\u00e1lost\u00ed&#8221;. Otev\u0159e se nov\u00e9 okno se seznamem v\u0161ech ud\u00e1lost\u00ed registrovan\u00fdch pro aktu\u00e1ln\u00edho webov\u00e9ho u\u017eivatele. Aktivovan\u00e9 ud\u00e1losti budou ozna\u010deny zv\u00fdrazn\u011bn\u00fdm zatr\u017e\u00edtkem p\u0159ed n\u00e1zvem &hellip; <a href=\"https:\/\/www.fmsdocumentation.com\/cs\/overview-menu\/events-overview\/\" class=\"more-link\">Pokra\u010dov\u00e1n\u00ed textu <span class=\"screen-reader-text\">P\u0159ehled ud\u00e1lost\u00ed<\/span><\/a><\/p>\n","protected":false},"author":1,"featured_media":0,"parent":887,"menu_order":4,"comment_status":"closed","ping_status":"closed","template":"","meta":{"footnotes":""},"class_list":["post-884","page","type-page","status-publish","hentry"],"_links":{"self":[{"href":"https:\/\/www.fmsdocumentation.com\/cs\/wp-json\/wp\/v2\/pages\/884","targetHints":{"allow":["GET"]}}],"collection":[{"href":"https:\/\/www.fmsdocumentation.com\/cs\/wp-json\/wp\/v2\/pages"}],"about":[{"href":"https:\/\/www.fmsdocumentation.com\/cs\/wp-json\/wp\/v2\/types\/page"}],"author":[{"embeddable":true,"href":"https:\/\/www.fmsdocumentation.com\/cs\/wp-json\/wp\/v2\/users\/1"}],"replies":[{"embeddable":true,"href":"https:\/\/www.fmsdocumentation.com\/cs\/wp-json\/wp\/v2\/comments?post=884"}],"version-history":[{"count":8,"href":"https:\/\/www.fmsdocumentation.com\/cs\/wp-json\/wp\/v2\/pages\/884\/revisions"}],"predecessor-version":[{"id":5628,"href":"https:\/\/www.fmsdocumentation.com\/cs\/wp-json\/wp\/v2\/pages\/884\/revisions\/5628"}],"up":[{"embeddable":true,"href":"https:\/\/www.fmsdocumentation.com\/cs\/wp-json\/wp\/v2\/pages\/887"}],"wp:attachment":[{"href":"https:\/\/www.fmsdocumentation.com\/cs\/wp-json\/wp\/v2\/media?parent=884"}],"curies":[{"name":"wp","href":"https:\/\/api.w.org\/{rel}","templated":true}]}}