{"id":885,"date":"2017-04-06T07:50:40","date_gmt":"2017-04-06T07:50:40","guid":{"rendered":"http:\/\/www.fmsdocumentation.com\/history-overview\/"},"modified":"2018-08-09T07:55:11","modified_gmt":"2018-08-09T07:55:11","slug":"history-overview","status":"publish","type":"page","link":"https:\/\/www.fmsdocumentation.com\/cs\/overview-menu\/history-overview\/","title":{"rendered":"P\u0159ehled historie"},"content":{"rendered":"<p><strong>Historie<\/strong> \u2013 otev\u0159en\u00edm tohoto panelu se automaticky aktualizuje mapa s posledn\u00ed historii j\u00edzdy zvolen\u00e9ho vozidla se zobrazen\u00edm stru\u010dn\u00e9 anal\u00fdzy j\u00edzdy.<\/p>\n<p><a href=\"https:\/\/www.fmsdocumentation.com\/wp-content\/uploads\/2017\/04\/31.png\"><img loading=\"lazy\" decoding=\"async\" class=\"alignnone wp-image-439\" src=\"https:\/\/www.fmsdocumentation.com\/wp-content\/uploads\/2017\/04\/31-300x183.png\" alt=\"\" width=\"530\" height=\"323\" srcset=\"https:\/\/www.fmsdocumentation.com\/wp-content\/uploads\/2017\/04\/31-300x183.png 300w, https:\/\/www.fmsdocumentation.com\/wp-content\/uploads\/2017\/04\/31-768x468.png 768w, https:\/\/www.fmsdocumentation.com\/wp-content\/uploads\/2017\/04\/31-1024x625.png 1024w, https:\/\/www.fmsdocumentation.com\/wp-content\/uploads\/2017\/04\/31.png 1418w\" sizes=\"auto, (max-width: 530px) 100vw, 530px\" \/><\/a><\/p>\n<p>Obdob\u00ed je automaticky nastaven\u00e9 na aktu\u00e1ln\u00ed den. Lze to zm\u011bnit kliknut\u00edm na &#8220;Vyberte obdob\u00ed&#8221;, rozbal\u00ed se seznam s volbou obdob\u00ed. Je zde n\u011bkolik p\u0159ednastaven\u00fdch obdob\u00ed pro v\u00fdb\u011br, v\u010detn\u011b mo\u017enosti u\u017eivatelsk\u00e9ho nastaven\u00ed. Minim\u00e1ln\u00ed obdob\u00ed je den.<\/p>\n<p><a href=\"https:\/\/www.fmsdocumentation.com\/wp-content\/uploads\/2017\/04\/32.png\"><img loading=\"lazy\" decoding=\"async\" class=\"alignnone wp-image-85 size-full\" src=\"https:\/\/www.fmsdocumentation.com\/wp-content\/uploads\/2017\/04\/32.png\" alt=\"\" width=\"360\" height=\"221\" srcset=\"https:\/\/www.fmsdocumentation.com\/wp-content\/uploads\/2017\/04\/32.png 360w, https:\/\/www.fmsdocumentation.com\/wp-content\/uploads\/2017\/04\/32-300x184.png 300w\" sizes=\"auto, (max-width: 360px) 100vw, 360px\" \/><\/a><\/p>\n<p>Aktu\u00e1ln\u011b zvolen\u00e9 obdob\u00ed je zv\u00fdrazn\u011bno tmav\u0161\u00edm odst\u00ednem \u0161edi a modrou \u010d\u00e1rou vpravo u n\u00e1zvu obdob\u00ed. Jestli\u017ee u\u017eivatel zvol\u00ed &#8220;U\u017eivatelsk\u00fd rozsah&#8221; objev\u00ed se kalend\u00e1\u0159 pro volbu obdob\u00ed.<\/p>\n<p><a href=\"https:\/\/www.fmsdocumentation.com\/wp-content\/uploads\/2017\/04\/33-1.png\"><img loading=\"lazy\" decoding=\"async\" class=\"alignnone wp-image-713 size-full\" src=\"https:\/\/www.fmsdocumentation.com\/wp-content\/uploads\/2017\/04\/33-1.png\" alt=\"\" width=\"360\" height=\"461\" srcset=\"https:\/\/www.fmsdocumentation.com\/wp-content\/uploads\/2017\/04\/33-1.png 360w, https:\/\/www.fmsdocumentation.com\/wp-content\/uploads\/2017\/04\/33-1-234x300.png 234w\" sizes=\"auto, (max-width: 360px) 100vw, 360px\" \/><\/a><\/p>\n<p>Standardn\u00ed volba je &#8220;<em>dnes od 00:00 do 23:59\u00a0<\/em>\u201d, pro zm\u011bnu klikn\u011bte na t\u0159i te\u010dky na prav\u00e9 stran\u011b zobrazen\u00e9ho obdob\u00ed.\u00a0 Objev\u00ed se panel kalend\u00e1\u0159e s aktu\u00e1ln\u011b zvolen\u00fdm datumem zv\u00fdrazn\u011bn\u00fdm mod\u0159e. Aktu\u00e1ln\u00ed den je zv\u00fdrazn\u011bn mal\u00fdm \u010dervenomodr\u00fdm troj\u00faheln\u00ed\u010dkem nad datumem. Je aktu\u00e1ln\u00ed den vybr\u00e1n, potom se barva troj\u00faheln\u00edku zm\u011bn\u00ed na b\u00edl\u00fd. Pro volbu obdob\u00ed klikn\u011bte na po\u010d\u00e1te\u010dn\u00ed nebo koncov\u00e9 datum (v po\u0159ad\u00ed nen\u00ed priorita) a potom klikn\u011bte na prot\u011bj\u0161\u00ed datum volen\u00e9ho obdob\u00ed. Po v\u00fdb\u011bru obdob\u00ed syst\u00e9m automaticky historii aktualizuje, ale panel se nezav\u0159e, co\u017e u\u017eivateli umo\u017e\u0148uje specifikovat po\u010d\u00e1te\u010dn\u00ed a koncovou hodinu po\u017eadovan\u00e9 historie. Po proveden\u00fdch zm\u011bn\u00e1ch se historie automaticky aktualizuje.<\/p>\n<p><a href=\"https:\/\/www.fmsdocumentation.com\/wp-content\/uploads\/2017\/04\/34-1.png\"><img loading=\"lazy\" decoding=\"async\" class=\"alignnone wp-image-714 size-full\" src=\"https:\/\/www.fmsdocumentation.com\/wp-content\/uploads\/2017\/04\/34-1.png\" alt=\"\" width=\"360\" height=\"504\" srcset=\"https:\/\/www.fmsdocumentation.com\/wp-content\/uploads\/2017\/04\/34-1.png 360w, https:\/\/www.fmsdocumentation.com\/wp-content\/uploads\/2017\/04\/34-1-214x300.png 214w\" sizes=\"auto, (max-width: 360px) 100vw, 360px\" \/><\/a><\/p>\n<p>Maxim\u00e1ln\u00ed d\u00e9lka obdob\u00ed je 1 m\u011bs\u00edc. Panel se zav\u0159e kliknut\u00edm kdekoliv mimo kalend\u00e1\u0159. Pro ka\u017ed\u00e9 vybran\u00e9 obdob\u00ed se zobraz\u00ed sumarizace s obecn\u00fdmi informacemi:<\/p>\n<ul>\n<li>M\u00edsto v\u00fdjezdu;<\/li>\n<li>M\u00edsto p\u0159\u00edjezdu;<\/li>\n<li>Doba j\u00edzdy;<\/li>\n<li>Doba st\u00e1n\u00ed;<\/li>\n<li>Ujet\u00e1 vzd\u00e1lenost<\/li>\n<\/ul>\n<p>Pod sumarizac\u00ed jsou podrobnosti o j\u00edzd\u011b. J\u00edzdy jsou nejprve seskupeny podle dn\u016f, po\u010d\u00ednaje od nejstar\u0161\u00edch po nejmlad\u0161\u00ed. Potom jsou j\u00edzdy odd\u011bleny podle logiky ud\u00e1lost\u00ed. J\u00edzda za\u010d\u00edn\u00e1 oto\u010den\u00edm kl\u00ed\u010dku zapalov\u00e1n\u00ed a kon\u010d\u00ed jeho vypnut\u00edm. Kliknut\u00edm na j\u00edzdu se zv\u00fdrazn\u00ed a a zaz\u016fmuje na map\u011b. Op\u011btovn\u00fdm kliknut\u00edm na j\u00edzdu se mapa vr\u00e1t\u00ed na celkov\u00fd p\u0159ehled.<\/p>\n<p><a href=\"https:\/\/www.fmsdocumentation.com\/wp-content\/uploads\/2017\/04\/35.png\"><img loading=\"lazy\" decoding=\"async\" class=\"alignnone wp-image-442 size-full\" src=\"https:\/\/www.fmsdocumentation.com\/wp-content\/uploads\/2017\/04\/35.png\" alt=\"\" width=\"360\" height=\"611\" srcset=\"https:\/\/www.fmsdocumentation.com\/wp-content\/uploads\/2017\/04\/35.png 360w, https:\/\/www.fmsdocumentation.com\/wp-content\/uploads\/2017\/04\/35-177x300.png 177w\" sizes=\"auto, (max-width: 360px) 100vw, 360px\" \/><\/a><\/p>\n<p>Pod volbou obdob\u00ed je tla\u010d\u00edtko &#8220;Zobrazit polohy&#8221;.<\/p>\n<p><a href=\"https:\/\/www.fmsdocumentation.com\/wp-content\/uploads\/2017\/04\/190.png\"><img loading=\"lazy\" decoding=\"async\" class=\"alignnone wp-image-342 size-full\" src=\"https:\/\/www.fmsdocumentation.com\/wp-content\/uploads\/2017\/04\/190.png\" alt=\"\" width=\"396\" height=\"275\" srcset=\"https:\/\/www.fmsdocumentation.com\/wp-content\/uploads\/2017\/04\/190.png 396w, https:\/\/www.fmsdocumentation.com\/wp-content\/uploads\/2017\/04\/190-300x208.png 300w\" sizes=\"auto, (max-width: 396px) 100vw, 396px\" \/><\/a><\/p>\n<p>Otev\u0159e podrobn\u011bj\u0161\u00ed anal\u00fdzu p\u0159edchoz\u00edho obdob\u00ed j\u00edzdy. P\u0159ehledov\u00e9 okno je rozd\u011bleno do t\u0159\u00ed hlavn\u00edch \u010d\u00e1st\u00ed, je\u017e budou pops\u00e1ny zvl\u00e1\u0161\u0165:<\/p>\n<ol>\n<li>Podrobnosti \u2013 mohou b\u00fdt skryty kliknut\u00edm na ikonu \u0161ipky;<\/li>\n<li>Zobrazen\u00ed mapy;<\/li>\n<li>Graf &#8211; m\u016f\u017ee b\u00fdt skryt kliknut\u00edm na ikonu \u0161ipky.<\/li>\n<\/ol>\n<p>V\u0161echny tyto t\u0159i \u010d\u00e1sti spolupracuj\u00ed. Kliknut\u00edm na \u0159\u00e1dek podrobnosti se zumuje v map\u011b a ozna\u010d\u00ed bod v grafu, funguje to i naopak.<\/p>\n<p><a href=\"https:\/\/www.fmsdocumentation.com\/wp-content\/uploads\/2017\/04\/191.png\"><img loading=\"lazy\" decoding=\"async\" class=\"alignnone wp-image-343\" src=\"https:\/\/www.fmsdocumentation.com\/wp-content\/uploads\/2017\/04\/191-300x143.png\" alt=\"\" width=\"707\" height=\"337\" srcset=\"https:\/\/www.fmsdocumentation.com\/wp-content\/uploads\/2017\/04\/191-300x143.png 300w, https:\/\/www.fmsdocumentation.com\/wp-content\/uploads\/2017\/04\/191-768x366.png 768w, https:\/\/www.fmsdocumentation.com\/wp-content\/uploads\/2017\/04\/191-1024x488.png 1024w, https:\/\/www.fmsdocumentation.com\/wp-content\/uploads\/2017\/04\/191.png 1854w\" sizes=\"auto, (max-width: 707px) 100vw, 707px\" \/><\/a><\/p>\n<p><strong>Podrobnosti \u2013<\/strong> zobrazuj\u00ed z\u00e1kladn\u00ed informace o vozidle pro vybran\u00e9 obdob\u00ed. Vybran\u00e9 obdob\u00ed je zobrazeno nad seznamem poloh, zv\u00fdrazn\u011bno mod\u0159e. Vlevo od zobrazen\u00ed datumu je tla\u010d\u00edtko, kter\u00e9 vr\u00e1t\u00ed u\u017eivatele na p\u0159edchoz\u00ed obrazovku p\u0159ehledu historie.<\/p>\n<p><a href=\"https:\/\/www.fmsdocumentation.com\/wp-content\/uploads\/2017\/04\/192.png\"><img loading=\"lazy\" decoding=\"async\" class=\"alignnone wp-image-345 size-full\" src=\"https:\/\/www.fmsdocumentation.com\/wp-content\/uploads\/2017\/04\/192.png\" alt=\"\" width=\"586\" height=\"66\" srcset=\"https:\/\/www.fmsdocumentation.com\/wp-content\/uploads\/2017\/04\/192.png 586w, https:\/\/www.fmsdocumentation.com\/wp-content\/uploads\/2017\/04\/192-300x34.png 300w\" sizes=\"auto, (max-width: 586px) 100vw, 586px\" \/><\/a><\/p>\n<p>Pod datumem je tabulka s parametry. Jsou \u010dlen\u011bny do sloupc\u016f. V p\u0159\u00edkladu jsou parametry zobrazeny tak, jak se automaticky zobraz\u00ed p\u0159i prvn\u00edm otev\u0159en\u00ed. Mohou b\u00fdt zm\u011bn\u011bnny kliknut\u00edm na t\u0159i te\u010dky vpravo na konci n\u00e1zvu sloupc\u016f. Tabulka parametr\u016f <strong>m\u016f\u017ee sou\u010dasn\u011b obsahovat pouze 250 z\u00e1znam\u016f,<\/strong> pro zobrazen\u00ed p\u0159edchoz\u00ed \u010di n\u00e1sleduj\u00edc\u00ed sady 250 z\u00e1znam\u016f se mus\u00ed kliknout na malou \u0161ipku na za\u010d\u00e1tku seznamu (pro p\u0159edchoz\u00ed z\u00e1znamy) nebo na malou \u0161ipku na konci seznamu (pro n\u00e1sleduj\u00edc\u00ed z\u00e1znamy).<\/p>\n<p>Poprv\u00e9 se zobraz\u00ed n\u00e1sleduj\u00edc\u00ed parametry:<\/p>\n<ul>\n<li>Stav zapalov\u00e1n\u00ed \u2013 On nebo OFF (Nelze odebrat);<\/li>\n<li>Datum a \u010das \u2013 datum a \u010das z\u00e1znamu (Nelze odebrat);<\/li>\n<li>Rychlost \u2013 rychlost vozidla p\u0159i z\u00e1znamu (km\/h);<\/li>\n<li>Hladina paliva \u2013 hladina paliva v \u010dase z\u00e1znamu (litry);<\/li>\n<li>Spot\u0159eba paliva \u2013 jestli\u017ee jednotka umo\u017e\u0148uje sledov\u00e1n\u00ed spot\u0159eby a je nakonfigurov\u00e1na, je zobrazena pr\u016fm\u011brn\u00e1 spot\u0159eba paliva v \u010dase z\u00e1znamu (litry\/100km);<\/li>\n<li>\u00da\u010del j\u00edzdy \u2013 je-li konfigurov\u00e1n v jednotce, zobrazuje p\u0159ihl\u00e1\u0161en\u00ed \u0159idi\u010de v \u010dase z\u00e1znamu;<\/li>\n<li>Tachometr \u2013 stav tachometru v \u010dase z\u00e1znamu(kilometry);<\/li>\n<li>Virtu\u00e1ln\u00ed odometer GPS \u2013 ujet\u00e1 vzd\u00e1lenost dle GPS v \u010dase z\u00e1znamu.<\/li>\n<\/ul>\n<p><a href=\"https:\/\/www.fmsdocumentation.com\/wp-content\/uploads\/2017\/04\/193.png\"><img loading=\"lazy\" decoding=\"async\" class=\"alignnone wp-image-346 size-full\" src=\"https:\/\/www.fmsdocumentation.com\/wp-content\/uploads\/2017\/04\/193.png\" alt=\"\" width=\"767\" height=\"341\" srcset=\"https:\/\/www.fmsdocumentation.com\/wp-content\/uploads\/2017\/04\/193.png 767w, https:\/\/www.fmsdocumentation.com\/wp-content\/uploads\/2017\/04\/193-300x133.png 300w\" sizes=\"auto, (max-width: 767px) 100vw, 767px\" \/><\/a><\/p>\n<p>Zobrazen\u00e9 parametry lze zm\u011bnit kliknut\u00edm na t\u0159i te\u010dky, jak zm\u00edn\u011bno v\u00fd\u0161e. Otev\u0159e se nov\u00e9 okno se v\u0161emi dostupn\u00fdmi parametry pro vybran\u00e9 vozidlo.<\/p>\n<p style=\"background-color: #2e67b1; color: #ffffff; padding-left: 10px; padding-right: 10px;\"><p class=\"note\">Pozn\u00e1mka<br \/>\nParametry se pro ka\u017ed\u00e9 vozidlo li\u0161\u00ed podle toho, jakou jednotkou je vozidlo vybaveno a jak je jednotka konfigurov\u00e1na. Zobraz\u00ed se pouze parametry v jednotce nakonfigurovan\u00e9. Vybran\u00e9 parametry jsou ulo\u017eeny v datab\u00e1zi syst\u00e9mu. Jestli\u017ee jsou vybr\u00e1ny parametry podporovan\u00e9 jedn\u00edm vozidlem a potom je pro zobrazen\u00ed anal\u00fdzy podle sou\u0159adnic vybr\u00e1no jin\u00e9 vozidlo\u00a0 s jin\u00fdmi dostupn\u00fdmi parametry, tabulka zobraz\u00ed parametry s pr\u00e1zdn\u00fdmi poli pokud je vozidlo nepodporuje.\u00a0 Tyto parametry nebudou rovn\u011b\u017e v seznamu parametr\u016f obsa\u017eeny (nebudou zobrazeny p\u0159i v\u00fdb\u011bru), ale kliknut\u00edm na tla\u010d\u00edtko &#8220;Hotovo&#8221; nebo v\u00fdb\u011brem jin\u00fdch parametr\u016f a kliknut\u00edm na &#8220;Hotovo&#8221; se odstran\u00ed nepodporovab\u00e9 parametry z tabulky.<\/p><\/p>\n<p><a href=\"https:\/\/www.fmsdocumentation.com\/wp-content\/uploads\/2017\/04\/208.png\"><img loading=\"lazy\" decoding=\"async\" class=\"alignnone wp-image-347 size-full\" src=\"https:\/\/www.fmsdocumentation.com\/wp-content\/uploads\/2017\/04\/208.png\" alt=\"\" width=\"750\" height=\"526\" srcset=\"https:\/\/www.fmsdocumentation.com\/wp-content\/uploads\/2017\/04\/208.png 750w, https:\/\/www.fmsdocumentation.com\/wp-content\/uploads\/2017\/04\/208-300x210.png 300w\" sizes=\"auto, (max-width: 750px) 100vw, 750px\" \/><\/a><\/p>\n<p style=\"background-color: #2e67b1; color: #ffffff; padding-left: 10px; padding-right: 10px;\"><p class=\"note\">Pozn\u00e1mka<br \/>\nJestli\u017ee byl vybr\u00e1n pro zobrazen\u00ed v tabulce digit\u00e1ln\u00ed vstup a hodnota se rovn\u00e1 1, potom bude zobrazena te\u010dka, je-li hodnota 0 pak se zobrazuje pr\u00e1zdn\u00e1 te\u010dka.<\/p><\/p>\n<p>Maxim\u00e1ln\u00ed po\u010det voliteln\u00fdch parametr\u016f je <strong>8<\/strong>. Po proveden\u00ed zm\u011bn se mus\u00ed kliknout na tla\u010d\u00edtko &#8220;Hotovo&#8221;.<\/p>\n<p>Kliknut\u00edm na \u0159\u00e1dek v tabulce se zobraz\u00ed poloha v map\u011b, kde byl z\u00e1znam u\u010din\u011bn.<\/p>\n<p><strong>Zobrazen\u00ed mapy<\/strong> \u2013 je tak\u0159ka identick\u00e9 s p\u0159ehledem historie. Hlavn\u00ed rozd\u00edl je ten, \u017ee v map\u011b jsou dal\u0161\u00ed podrobnosti. Sm\u011br pohybu vozidla nen\u00ed zobrazen \u0161ipkami, spu\u0161t\u011bn\u00ed ud\u00e1losti je vyzna\u010deno \u017elut\u00fdmi zvony. Tankov\u00e1n\u00ed a \u00fabytky paliva se v map\u011b tak\u00e9 zobrazuj\u00ed, tankov\u00e1n\u00ed je ozna\u010deno zelenou kapkou, \u00fabytky \u010dervenou kapkou.\u00a0 Kliknut\u00edm na kteroukoliv ud\u00e1lost se v map\u011b zobraz\u00ed dodate\u010dn\u00e9 informace.<\/p>\n<p><a href=\"https:\/\/www.fmsdocumentation.com\/wp-content\/uploads\/2017\/04\/194.png\"><img loading=\"lazy\" decoding=\"async\" class=\"alignnone wp-image-348 size-full\" src=\"https:\/\/www.fmsdocumentation.com\/wp-content\/uploads\/2017\/04\/194.png\" alt=\"\" width=\"752\" height=\"331\" srcset=\"https:\/\/www.fmsdocumentation.com\/wp-content\/uploads\/2017\/04\/194.png 752w, https:\/\/www.fmsdocumentation.com\/wp-content\/uploads\/2017\/04\/194-300x132.png 300w\" sizes=\"auto, (max-width: 752px) 100vw, 752px\" \/><\/a><\/p>\n<p>Jestli\u017ee je mnoho ud\u00e1losti bl\u00edzko sebe, zobraz\u00ed se v map\u011b v klastrech.<\/p>\n<p><a href=\"https:\/\/www.fmsdocumentation.com\/wp-content\/uploads\/2017\/04\/229.png\"><img loading=\"lazy\" decoding=\"async\" class=\"alignnone wp-image-507 size-full\" src=\"https:\/\/www.fmsdocumentation.com\/wp-content\/uploads\/2017\/04\/229.png\" alt=\"\" width=\"359\" height=\"325\" srcset=\"https:\/\/www.fmsdocumentation.com\/wp-content\/uploads\/2017\/04\/229.png 359w, https:\/\/www.fmsdocumentation.com\/wp-content\/uploads\/2017\/04\/229-300x272.png 300w\" sizes=\"auto, (max-width: 359px) 100vw, 359px\" \/><\/a><\/p>\n<p>Barva kru\u017enice z\u00e1vis\u00ed na typu ud\u00e1losti je\u017e jsou sumarizov\u00e1ny. Nyn\u00ed jsou t\u0159i barevn\u00e9 indikace:<\/p>\n<ul>\n<li>\u017dlut\u00e1 &#8211; obecn\u00e9 ud\u00e1losti;<\/li>\n<li>Zelen\u00e1 &#8211; tankov\u00e1n\u00ed;<\/li>\n<li>\u010cerven\u00e1 &#8211; \u00fabytky paliva.<\/li>\n<\/ul>\n<p><a href=\"https:\/\/www.fmsdocumentation.com\/wp-content\/uploads\/2017\/04\/230.png\"><img loading=\"lazy\" decoding=\"async\" class=\"alignnone wp-image-508 size-full\" src=\"https:\/\/www.fmsdocumentation.com\/wp-content\/uploads\/2017\/04\/230.png\" alt=\"\" width=\"140\" height=\"134\" \/><\/a><\/p>\n<p>Kliknut\u00edm na klastr se otev\u0159e p\u0159ehledov\u00e9 okno zobrazuj\u00edc\u00ed v\u0161echny ud\u00e1losti v klastru s mo\u017enost\u00ed filtrov\u00e1n\u00ed podle typu. <a href=\"https:\/\/www.fmsdocumentation.com\/wp-content\/uploads\/2017\/04\/231.png\"><img loading=\"lazy\" decoding=\"async\" class=\"alignnone wp-image-509 size-full\" src=\"https:\/\/www.fmsdocumentation.com\/wp-content\/uploads\/2017\/04\/231.png\" alt=\"\" width=\"750\" height=\"481\" srcset=\"https:\/\/www.fmsdocumentation.com\/wp-content\/uploads\/2017\/04\/231.png 750w, https:\/\/www.fmsdocumentation.com\/wp-content\/uploads\/2017\/04\/231-300x192.png 300w\" sizes=\"auto, (max-width: 750px) 100vw, 750px\" \/><\/a><\/p>\n<p>Kliknut\u00edm na ud\u00e1lost v p\u0159ehledov\u00edm okn\u011b okno zav\u0159e, a mapa zazzmuje do m\u00edsta, kde k ud\u00e1losti do\u0161lo.<\/p>\n<p><strong>Graf<\/strong> \u2013 zobrazuje informace graficky, standardn\u011b se v grafu zobrazuj\u00ed:<\/p>\n<ul>\n<li>Rychlost &#8211; <span style=\"background-color: #0000ff; color: #ffffff;\">mod\u0159e<\/span><\/li>\n<li>Ot\u00e1\u010dky motoru \u2013 <span style=\"background-color: #ffff00; color: #000000;\">\u017elut\u011b<\/span>;<\/li>\n<li>Hladina paliva \u2013 <span style=\"background-color: #00ff00; color: #ffffff;\">zelen\u011b<\/span>;<\/li>\n<li>Tachometr \u2013 <span style=\"background-color: #ff0000; color: #ffffff;\">\u010derven\u011b<\/span>.<\/li>\n<\/ul>\n<p>Parametry lze zm\u011bnit kliknut\u00edm na t\u0159i te\u010dky v lev\u00e9 horn\u00ed \u010d\u00e1sti grafu. Parametry se li\u0161\u00ed podle konfigurace vozidlov\u00e9 jednotky.\u00a0 Maxim\u00e1ln\u00ed po\u010det parametr\u016f jsou 4 a mus\u00ed b\u00fdt vybr\u00e1n alespo\u0148 jeden. Po provedn\u00ed zm\u011bn se zm\u011bn\u00ed barevn\u00e1 indikace.<\/p>\n<p><a href=\"https:\/\/www.fmsdocumentation.com\/wp-content\/uploads\/2017\/04\/209.png\"><img loading=\"lazy\" decoding=\"async\" class=\"alignnone wp-image-350 size-full\" src=\"https:\/\/www.fmsdocumentation.com\/wp-content\/uploads\/2017\/04\/209.png\" alt=\"\" width=\"750\" height=\"544\" srcset=\"https:\/\/www.fmsdocumentation.com\/wp-content\/uploads\/2017\/04\/209.png 750w, https:\/\/www.fmsdocumentation.com\/wp-content\/uploads\/2017\/04\/209-300x218.png 300w\" sizes=\"auto, (max-width: 750px) 100vw, 750px\" \/><\/a><\/p>\n<p>Barevn\u00e1 indikace je zobrazena nad grafem. Osa x p\u0159edstavuje \u010das (pro d\u0159\u00edve zvolen\u00e9 obdob\u00ed) na ose y jsou hodnoty pro ka\u017ed\u00fd parametr (dole nejni\u017e\u0161\u00ed, naho\u0159e nejvy\u0161\u0161\u00ed). Posouv\u00e1n\u00ed my\u0161i nad grafem se zv\u00fdrazn\u00ed nejbli\u017e\u0161\u00ed z\u00e1znamy a jejich hodnoty. Hodnoty zv\u00fdrazn\u011bn\u00fdch z\u00e1znam\u016f se zobrazuj\u00ed na ose y uprost\u0159ed mezi nejvy\u0161\u0161\u00ed a nejni\u017e\u0161\u00ed hodnotou parametru. Kole\u010dkem my\u0161i lze graf zv\u011bt\u0161it nebo zmen\u0161it. P\u0159i zv\u011bt\u0161en\u00ed m\u016f\u017ee u\u017eivatel chytit zv\u011bt\u0161enou \u010d\u00e1st grafu a posouvat se v datech. Kliknut\u00edm na kter\u00fdkoliv bod v grafu se mapa p\u0159esune do bodu, kde byl z\u00e1znam po\u0159\u00edzen.<\/p>\n<p><a href=\"https:\/\/www.fmsdocumentation.com\/wp-content\/uploads\/2017\/04\/196.png\"><img loading=\"lazy\" decoding=\"async\" class=\"alignnone wp-image-351 size-large\" src=\"https:\/\/www.fmsdocumentation.com\/wp-content\/uploads\/2017\/04\/196-1024x242.png\" alt=\"\" width=\"660\" height=\"156\" srcset=\"https:\/\/www.fmsdocumentation.com\/wp-content\/uploads\/2017\/04\/196-1024x242.png 1024w, https:\/\/www.fmsdocumentation.com\/wp-content\/uploads\/2017\/04\/196-300x71.png 300w, https:\/\/www.fmsdocumentation.com\/wp-content\/uploads\/2017\/04\/196-768x181.png 768w, https:\/\/www.fmsdocumentation.com\/wp-content\/uploads\/2017\/04\/196.png 1854w\" sizes=\"auto, (max-width: 660px) 100vw, 660px\" \/><\/a><\/p>\n<p>Data za vybran\u00e9 obdob\u00ed lze exportovat kliknut\u00edm na malou ikonu &#8220;XLS&#8221; na prav\u00e9 horn\u00ed stran\u011b obrazovky. Pro vybran\u00e9 vozidlo se st\u00e1hnou surov\u00e1 data ve form\u00e1tu excel.<\/p>\n<p><a href=\"https:\/\/www.fmsdocumentation.com\/wp-content\/uploads\/2017\/04\/197.png\"><img loading=\"lazy\" decoding=\"async\" class=\"alignnone wp-image-352 size-full\" src=\"https:\/\/www.fmsdocumentation.com\/wp-content\/uploads\/2017\/04\/197.png\" alt=\"\" width=\"211\" height=\"206\" \/><\/a><\/p>\n<p>P\u0159\u00edklad sta\u017een\u00e9ho souboru:<\/p>\n<p><a href=\"https:\/\/www.fmsdocumentation.com\/wp-content\/uploads\/2017\/04\/198.png\"><img loading=\"lazy\" decoding=\"async\" class=\"alignnone wp-image-353\" src=\"https:\/\/www.fmsdocumentation.com\/wp-content\/uploads\/2017\/04\/198-300x30.png\" alt=\"\" width=\"700\" height=\"70\" srcset=\"https:\/\/www.fmsdocumentation.com\/wp-content\/uploads\/2017\/04\/198-300x30.png 300w, https:\/\/www.fmsdocumentation.com\/wp-content\/uploads\/2017\/04\/198-768x76.png 768w, https:\/\/www.fmsdocumentation.com\/wp-content\/uploads\/2017\/04\/198-1024x101.png 1024w, https:\/\/www.fmsdocumentation.com\/wp-content\/uploads\/2017\/04\/198.png 1920w\" sizes=\"auto, (max-width: 700px) 100vw, 700px\" \/><\/a><\/p>\n<hr \/>\n<p><div class=\"alignleft\"><a href=\"https:\/\/www.fmsdocumentation.com\/cs\/overview-menu\/summary-overview\/\" title=\"P\u0159ehled za vozidlo\"><span class=\"arrow\">\u2039 &nbsp <\/span> P\u0159ehled za vozidlo <\/a><\/div> <div class=\"alignright\"><a href=\"https:\/\/www.fmsdocumentation.com\/cs\/overview-menu\/events-overview\/\" title=\"P\u0159ehled ud\u00e1lost\u00ed\">P\u0159ehled ud\u00e1lost\u00ed <span class=\"arrow\"> &nbsp\u203a <\/span> <\/a><\/div><\/p>\n","protected":false},"excerpt":{"rendered":"<p>Historie \u2013 otev\u0159en\u00edm tohoto panelu se automaticky aktualizuje mapa s posledn\u00ed historii j\u00edzdy zvolen\u00e9ho vozidla se zobrazen\u00edm stru\u010dn\u00e9 anal\u00fdzy j\u00edzdy. Obdob\u00ed je automaticky nastaven\u00e9 na aktu\u00e1ln\u00ed den. Lze to zm\u011bnit kliknut\u00edm na &#8220;Vyberte obdob\u00ed&#8221;, rozbal\u00ed se seznam s volbou obdob\u00ed. Je zde n\u011bkolik p\u0159ednastaven\u00fdch obdob\u00ed pro v\u00fdb\u011br, v\u010detn\u011b mo\u017enosti u\u017eivatelsk\u00e9ho nastaven\u00ed. Minim\u00e1ln\u00ed obdob\u00ed je den. &hellip; <a href=\"https:\/\/www.fmsdocumentation.com\/cs\/overview-menu\/history-overview\/\" class=\"more-link\">Pokra\u010dov\u00e1n\u00ed textu <span class=\"screen-reader-text\">P\u0159ehled historie<\/span><\/a><\/p>\n","protected":false},"author":1,"featured_media":0,"parent":887,"menu_order":3,"comment_status":"closed","ping_status":"closed","template":"","meta":{"footnotes":""},"class_list":["post-885","page","type-page","status-publish","hentry"],"_links":{"self":[{"href":"https:\/\/www.fmsdocumentation.com\/cs\/wp-json\/wp\/v2\/pages\/885","targetHints":{"allow":["GET"]}}],"collection":[{"href":"https:\/\/www.fmsdocumentation.com\/cs\/wp-json\/wp\/v2\/pages"}],"about":[{"href":"https:\/\/www.fmsdocumentation.com\/cs\/wp-json\/wp\/v2\/types\/page"}],"author":[{"embeddable":true,"href":"https:\/\/www.fmsdocumentation.com\/cs\/wp-json\/wp\/v2\/users\/1"}],"replies":[{"embeddable":true,"href":"https:\/\/www.fmsdocumentation.com\/cs\/wp-json\/wp\/v2\/comments?post=885"}],"version-history":[{"count":6,"href":"https:\/\/www.fmsdocumentation.com\/cs\/wp-json\/wp\/v2\/pages\/885\/revisions"}],"predecessor-version":[{"id":5626,"href":"https:\/\/www.fmsdocumentation.com\/cs\/wp-json\/wp\/v2\/pages\/885\/revisions\/5626"}],"up":[{"embeddable":true,"href":"https:\/\/www.fmsdocumentation.com\/cs\/wp-json\/wp\/v2\/pages\/887"}],"wp:attachment":[{"href":"https:\/\/www.fmsdocumentation.com\/cs\/wp-json\/wp\/v2\/media?parent=885"}],"curies":[{"name":"wp","href":"https:\/\/api.w.org\/{rel}","templated":true}]}}