{"id":886,"date":"2017-04-06T07:45:30","date_gmt":"2017-04-06T07:45:30","guid":{"rendered":"http:\/\/www.fmsdocumentation.com\/summary-overview\/"},"modified":"2018-08-09T07:50:56","modified_gmt":"2018-08-09T07:50:56","slug":"summary-overview","status":"publish","type":"page","link":"https:\/\/www.fmsdocumentation.com\/cs\/overview-menu\/summary-overview\/","title":{"rendered":"P\u0159ehled za vozidlo"},"content":{"rendered":"<p>Tento p\u0159ehledov\u00fd panel se otv\u00edr\u00e1 z panelu stavu objekt\u016f a poskytuje dodate\u010dn\u00e9 informace:<\/p>\n<ul>\n<li>Adresu aktu\u00e1ln\u00ed pozice vozidla;<\/li>\n<li>Pl\u00e1n; (Funkce je je\u0161t\u011b ve v\u00fdvoji. Objekty budou m\u00edt n\u011bkter\u00e9 funkce limitovan\u00e9 v z\u00e1vislosti na objednan\u00e9m pl\u00e1nu vozidla);<\/li>\n<li>Prvn\u00ed \u0159idi\u010d a stav &#8211; zobrazuje \u0159idi\u010de p\u0159i\u0159azen\u00e9ho k vozidlu spolu s informaci tachografu (jako Odpo\u010dinek, Dostupnost, J\u00edzda, \u0158\u00edzen\u00ed, Chyba, Nedostupn\u00fd). Stavy jsou zobrazeny pouze pro vozidla s funguj\u00edc\u00edm tachografem.<\/li>\n<li>Druh\u00fd \u0159idi\u010d a stav &#8211; objevuje se v p\u0159\u00edpad\u011b, kdy jsou p\u0159ihl\u00e1\u0161eni dva \u0159idi\u010di. Aktu\u00e1ln\u00ed informace tachografu se zobrazuje tak\u00e9 pro druh\u00e9ho \u0159idi\u010de (Odpo\u010dinek, Dostupnost, J\u00edzda, \u0158\u00edzen\u00ed, Chyba, Nedostupn\u00fd);<\/li>\n<li>Mo\u017enost zablokov\u00e1n\u00ed vozidla (je-li v jednotce konfigurov\u00e1na);<\/li>\n<li>Aktu\u00e1ln\u00ed stav &#8211; stavy mohou b\u00fdt: v pohybu, na volnob\u011bhu, zapalov\u00e1n\u00ed vypnuto, bez sign\u00e1lu nebo zapalov\u00e1n\u00ed blokov\u00e1no;<\/li>\n<li>Trv\u00e1n\u00ed aktu\u00e1ln\u00edho stavu;<\/li>\n<li>Posledn\u00ed synchronizace sign\u00e1lu (s informa\u010dn\u00ed ikonou zobrazuj\u00edc\u00ed p\u0159esn\u00e9 datum a \u010das posledn\u00ed synchronizace);<\/li>\n<li>Sou\u0159adnice posledn\u00ed synchronizace;<\/li>\n<li>Zdroj sign\u00e1lu &#8211; Honeywell \u2013 bude zobrazen pouze kdy\u017e byla p\u0159ijata posledn\u00ed sou\u0159adnice ze slu\u017eby Honeywell;<\/li>\n<li>\u00da\u010del j\u00edzdy;<\/li>\n<li>P\u0159ipom\u00ednka zku\u0161ebn\u00edho obdob\u00ed \u2013 zobrazuje se pouze pro objekty, je\u017e jsou do\u010dasn\u011b p\u0159esunuty ze star\u0161\u00edho syst\u00e9mu sledov\u00e1n\u00ed nebo se jedn\u00e1 o zku\u0161ebn\u00ed provoz nov\u00fdch objekt\u016f.<\/li>\n<\/ul>\n<p><a href=\"https:\/\/www.fmsdocumentation.com\/wp-content\/uploads\/2018\/02\/29.png\"><img loading=\"lazy\" decoding=\"async\" class=\"alignnone size-large wp-image-4407\" src=\"https:\/\/www.fmsdocumentation.com\/wp-content\/uploads\/2018\/02\/29-1024x506.png\" alt=\"\" width=\"660\" height=\"326\" srcset=\"https:\/\/www.fmsdocumentation.com\/wp-content\/uploads\/2018\/02\/29-1024x506.png 1024w, https:\/\/www.fmsdocumentation.com\/wp-content\/uploads\/2018\/02\/29-300x148.png 300w, https:\/\/www.fmsdocumentation.com\/wp-content\/uploads\/2018\/02\/29-768x380.png 768w, https:\/\/www.fmsdocumentation.com\/wp-content\/uploads\/2018\/02\/29.png 1920w\" sizes=\"auto, (max-width: 660px) 100vw, 660px\" \/><\/a><\/p>\n<p>Z tohoto panelu lze otev\u0159\u00edt dal\u0161\u00ed panely:<\/p>\n<ol>\n<li>P\u0159ehled za vozidlo (otv\u00edr\u00e1 se automaticky);<\/li>\n<li>Historie;<\/li>\n<li>Ud\u00e1losti;<\/li>\n<li>Palivo;<\/li>\n<li>Upozor\u0148ov\u00e1n\u00ed.<\/li>\n<\/ol>\n<p>Aktu\u00e1ln\u011b otev\u0159en\u00fd panel je zv\u00fdrazn\u011bn sv\u011btlej\u0161\u00edm odst\u00ednem modr\u00e9 (\u010d. 1 na obr\u00e1zku dole).<\/p>\n<p><a href=\"https:\/\/www.fmsdocumentation.com\/wp-content\/uploads\/2017\/04\/30.png\"><img loading=\"lazy\" decoding=\"async\" class=\"aligncenter size-medium wp-image-81\" src=\"https:\/\/www.fmsdocumentation.com\/wp-content\/uploads\/2017\/04\/30-300x50.png\" alt=\"\" width=\"300\" height=\"50\" srcset=\"https:\/\/www.fmsdocumentation.com\/wp-content\/uploads\/2017\/04\/30-300x50.png 300w, https:\/\/www.fmsdocumentation.com\/wp-content\/uploads\/2017\/04\/30.png 360w\" sizes=\"auto, (max-width: 300px) 100vw, 300px\" \/><\/a><\/p>\n<hr \/>\n<p><div class=\"alignleft\"><a href=\"https:\/\/www.fmsdocumentation.com\/cs\/overview-menu\/\" title=\"Menu P\u0159ehled\"><span class=\"arrow\">\u2039 &nbsp <\/span> Menu P\u0159ehled <\/a><\/div> <div class=\"alignright\"><a href=\"https:\/\/www.fmsdocumentation.com\/cs\/overview-menu\/history-overview\/\" title=\"P\u0159ehled historie\">P\u0159ehled historie <span class=\"arrow\"> &nbsp\u203a <\/span> <\/a><\/div><\/p>\n","protected":false},"excerpt":{"rendered":"<p>Tento p\u0159ehledov\u00fd panel se otv\u00edr\u00e1 z panelu stavu objekt\u016f a poskytuje dodate\u010dn\u00e9 informace: Adresu aktu\u00e1ln\u00ed pozice vozidla; Pl\u00e1n; (Funkce je je\u0161t\u011b ve v\u00fdvoji. Objekty budou m\u00edt n\u011bkter\u00e9 funkce limitovan\u00e9 v z\u00e1vislosti na objednan\u00e9m pl\u00e1nu vozidla); Prvn\u00ed \u0159idi\u010d a stav &#8211; zobrazuje \u0159idi\u010de p\u0159i\u0159azen\u00e9ho k vozidlu spolu s informaci tachografu (jako Odpo\u010dinek, Dostupnost, J\u00edzda, \u0158\u00edzen\u00ed, Chyba, &hellip; <a href=\"https:\/\/www.fmsdocumentation.com\/cs\/overview-menu\/summary-overview\/\" class=\"more-link\">Pokra\u010dov\u00e1n\u00ed textu <span class=\"screen-reader-text\">P\u0159ehled za vozidlo<\/span><\/a><\/p>\n","protected":false},"author":1,"featured_media":0,"parent":887,"menu_order":2,"comment_status":"closed","ping_status":"closed","template":"","meta":{"footnotes":""},"class_list":["post-886","page","type-page","status-publish","hentry"],"_links":{"self":[{"href":"https:\/\/www.fmsdocumentation.com\/cs\/wp-json\/wp\/v2\/pages\/886","targetHints":{"allow":["GET"]}}],"collection":[{"href":"https:\/\/www.fmsdocumentation.com\/cs\/wp-json\/wp\/v2\/pages"}],"about":[{"href":"https:\/\/www.fmsdocumentation.com\/cs\/wp-json\/wp\/v2\/types\/page"}],"author":[{"embeddable":true,"href":"https:\/\/www.fmsdocumentation.com\/cs\/wp-json\/wp\/v2\/users\/1"}],"replies":[{"embeddable":true,"href":"https:\/\/www.fmsdocumentation.com\/cs\/wp-json\/wp\/v2\/comments?post=886"}],"version-history":[{"count":4,"href":"https:\/\/www.fmsdocumentation.com\/cs\/wp-json\/wp\/v2\/pages\/886\/revisions"}],"predecessor-version":[{"id":5625,"href":"https:\/\/www.fmsdocumentation.com\/cs\/wp-json\/wp\/v2\/pages\/886\/revisions\/5625"}],"up":[{"embeddable":true,"href":"https:\/\/www.fmsdocumentation.com\/cs\/wp-json\/wp\/v2\/pages\/887"}],"wp:attachment":[{"href":"https:\/\/www.fmsdocumentation.com\/cs\/wp-json\/wp\/v2\/media?parent=886"}],"curies":[{"name":"wp","href":"https:\/\/api.w.org\/{rel}","templated":true}]}}