{"id":887,"date":"2017-04-06T07:43:44","date_gmt":"2017-04-06T07:43:44","guid":{"rendered":"http:\/\/www.fmsdocumentation.com\/overview-menu\/"},"modified":"2020-06-09T14:21:48","modified_gmt":"2020-06-09T11:21:48","slug":"overview-menu","status":"publish","type":"page","link":"https:\/\/www.fmsdocumentation.com\/cs\/overview-menu\/","title":{"rendered":"Menu P\u0159ehled"},"content":{"rendered":"<p>Menu se otev\u0159e kliknut\u00edm na p\u0159\u00edslu\u0161nou ikonu v naviga\u010dn\u00edm menu na lev\u00e9 stran\u011b obrazovky. Ikona se mod\u0159e zv\u00fdrazn\u00ed a vpravo se objev\u00ed nov\u00fd panel &#8211; Stav objekt\u016f.<\/p>\n<p><a href=\"http:\/\/www.fmsdocumentation.com\/wp-content\/uploads\/2018\/03\/24.png\"><img loading=\"lazy\" decoding=\"async\" class=\"alignnone size-large wp-image-4500\" src=\"https:\/\/www.fmsdocumentation.com\/wp-content\/uploads\/2018\/03\/24-1024x506.png\" alt=\"\" width=\"660\" height=\"326\" srcset=\"https:\/\/www.fmsdocumentation.com\/wp-content\/uploads\/2018\/03\/24-1024x506.png 1024w, https:\/\/www.fmsdocumentation.com\/wp-content\/uploads\/2018\/03\/24-300x148.png 300w, https:\/\/www.fmsdocumentation.com\/wp-content\/uploads\/2018\/03\/24-768x380.png 768w, https:\/\/www.fmsdocumentation.com\/wp-content\/uploads\/2018\/03\/24.png 1920w\" sizes=\"auto, (max-width: 660px) 100vw, 660px\" \/><\/a><\/p>\n<p>Panel Stav objekt\u016f zobrazuje p\u0159ehled v\u0161ech vozidel vozov\u00e9ho parku u\u017eivatele. Standardn\u011b se zobrazuj\u00ed v\u0161echna vozidla. Vozidla lze filtrovat t\u0159emi zp\u016fsoby.<\/p>\n<p>Prvn\u00ed filtr je podle skupin. Je na seznamu nejv\u00fd\u0161e. Kliknut\u00edm na rozbalovac\u00ed \u0161ipku je mo\u017en\u00e9 vybrat n\u011bkterou z vytvo\u0159en\u00fdch skupin. Volbou skupiny se zobraz\u00ed pouze vozidla dan\u00e9 skupiny.<\/p>\n<p><a href=\"http:\/\/www.fmsdocumentation.com\/wp-content\/uploads\/2017\/04\/256.png\"><img loading=\"lazy\" decoding=\"async\" class=\"alignnone wp-image-790 size-full\" src=\"http:\/\/www.fmsdocumentation.com\/wp-content\/uploads\/2017\/04\/256.png\" alt=\"\" width=\"360\" height=\"352\" srcset=\"https:\/\/www.fmsdocumentation.com\/wp-content\/uploads\/2017\/04\/256.png 360w, https:\/\/www.fmsdocumentation.com\/wp-content\/uploads\/2017\/04\/256-300x293.png 300w\" sizes=\"auto, (max-width: 360px) 100vw, 360px\" \/><\/a><\/p>\n<p>Alternativn\u011b m\u016f\u017ee u\u017eivatel vytvo\u0159it novou skupinu s vozidly, kter\u00e9 si p\u0159eje zobrazit. Provede se to kliknut\u00edm na t\u0159i punt\u00edky um\u00edst\u011bn\u00e9 v prav\u00e9 \u010d\u00e1sti voli\u010de skupin. Zobraz\u00ed se dostupn\u00e9 mo\u017enosti a nastaven\u00ed skupin vozidel.<\/p>\n<p><a href=\"http:\/\/www.fmsdocumentation.com\/wp-content\/uploads\/2017\/04\/257-1.png\"><img loading=\"lazy\" decoding=\"async\" class=\"alignnone size-full wp-image-1060\" src=\"http:\/\/www.fmsdocumentation.com\/wp-content\/uploads\/2017\/04\/257-1.png\" alt=\"\" width=\"481\" height=\"154\" srcset=\"https:\/\/www.fmsdocumentation.com\/wp-content\/uploads\/2017\/04\/257-1.png 481w, https:\/\/www.fmsdocumentation.com\/wp-content\/uploads\/2017\/04\/257-1-300x96.png 300w\" sizes=\"auto, (max-width: 481px) 100vw, 481px\" \/><\/a><\/p>\n<p>Kliknut\u00edm na tla\u010d\u00edtko se se otev\u0159e formul\u00e1\u0159 pro vytvo\u0159en\u00ed skupiny vozidel. U\u017eivatel zde zap\u00ed\u0161e n\u00e1zev skupiny a p\u0159i\u0159ad\u00ed po\u017eadovan\u00e1 vozidla. P\u0159i\u0159azen\u00ed vozidel se provede kliknut\u00edm na p\u0159\u00edslu\u0161n\u00e9 vozidlo. Zvolen\u00e9 vozidlo se zv\u00fdrazn\u00ed modr\u00fdm zatr\u017e\u00edtkem. Pro rychl\u00e9 vyhled\u00e1v\u00e1n\u00ed vozidel je k dispozici vyhled\u00e1vac\u00ed li\u0161ta. Seznam vozidel se filtruje ka\u017ed\u00fdm p\u00edsmenem zadan\u00fdm do vyhled\u00e1vac\u00ed li\u0161ty. Nav\u00edc je mo\u017en\u00e9 zvolit jak\u00e1 dodate\u010dn\u00e1 data se budou zobrazovat vedle vozidla pomoc\u00ed volby &#8220;Seznam vozidel&#8221; v rozbalovac\u00edm menu.\u00a0 Po volb\u011b n\u00e1zvu skupiny a p\u0159i\u0159azen\u00ed vozidel se mus\u00ed volba potvrdit tla\u010d\u00edtkem &#8220;Ulo\u017eit&#8221;, jinak se neulo\u017e\u00ed. Jestli\u017ee se nezad\u00e1 n\u00e1zev skupiny, tla\u010d\u00edtko &#8220;Ulo\u017eit&#8221; se neobjev\u00ed.<\/p>\n<p><a href=\"http:\/\/www.fmsdocumentation.com\/wp-content\/uploads\/2018\/03\/258.png\"><img loading=\"lazy\" decoding=\"async\" class=\"alignnone size-full wp-image-4514\" src=\"http:\/\/www.fmsdocumentation.com\/wp-content\/uploads\/2018\/03\/258.png\" alt=\"\" width=\"360\" height=\"889\" srcset=\"https:\/\/www.fmsdocumentation.com\/wp-content\/uploads\/2018\/03\/258.png 360w, https:\/\/www.fmsdocumentation.com\/wp-content\/uploads\/2018\/03\/258-121x300.png 121w\" sizes=\"auto, (max-width: 360px) 100vw, 360px\" \/><\/a><\/p>\n<p>Takto vypad\u00e1 volba skupiny. V p\u0159\u00edpad\u011b, \u017ee chce u\u017eivatel skupinu modifikovat mus\u00ed stisknou t\u0159i te\u010dky na prav\u00e9 stran\u011b seznamu skupin. V tomto p\u0159\u00edpad\u011b je k dispozici v\u00edce mo\u017enosti.<\/p>\n<p><a href=\"http:\/\/www.fmsdocumentation.com\/wp-content\/uploads\/2018\/03\/259.png\"><img loading=\"lazy\" decoding=\"async\" class=\"alignnone size-full wp-image-4502\" src=\"http:\/\/www.fmsdocumentation.com\/wp-content\/uploads\/2018\/03\/259.png\" alt=\"\" width=\"525\" height=\"200\" srcset=\"https:\/\/www.fmsdocumentation.com\/wp-content\/uploads\/2018\/03\/259.png 525w, https:\/\/www.fmsdocumentation.com\/wp-content\/uploads\/2018\/03\/259-300x114.png 300w\" sizes=\"auto, (max-width: 525px) 100vw, 525px\" \/><\/a><\/p>\n<p>Volbou editace skupiny se otev\u0159e identick\u00e9 okno k vytvo\u0159en\u00ed nov\u00e9ho okna vozidla. Nyn\u00ed se specifikuje n\u00e1zev skupiny a vol\u00ed se ur\u010dit\u00e1 vozidla. Stejn\u011b jako v p\u0159\u00edpad\u011b tvorby nov\u00e9 skupiny se volba mus\u00ed potvrdit tla\u010d\u00edtkem &#8220;Ulo\u017eit&#8221;.<\/p>\n<p>Pokud je po\u017eadov\u00e1n v\u00fdmaz skupiny mus\u00ed se stisknout &#8220;Vymazat skupinu&#8221;. Pot\u00e9 se objev\u00ed potvrzovac\u00ed okno.<\/p>\n<p><a href=\"http:\/\/www.fmsdocumentation.com\/wp-content\/uploads\/2017\/04\/260.png\"><img loading=\"lazy\" decoding=\"async\" class=\"alignnone wp-image-794 size-full\" src=\"http:\/\/www.fmsdocumentation.com\/wp-content\/uploads\/2017\/04\/260.png\" alt=\"\" width=\"420\" height=\"155\" srcset=\"https:\/\/www.fmsdocumentation.com\/wp-content\/uploads\/2017\/04\/260.png 420w, https:\/\/www.fmsdocumentation.com\/wp-content\/uploads\/2017\/04\/260-300x111.png 300w\" sizes=\"auto, (max-width: 420px) 100vw, 420px\" \/><\/a><\/p>\n<p style=\"background-color: #2e67b1;color: #ffffff;padding-left: 10px;padding-right: 10px\"><p class=\"note\">Pozn\u00e1mka<br \/>\nSkupiny vytvo\u0159en\u00e9 u\u017eivatelem s &#8220;administratorsk\u00fdmi pr\u00e1vy&#8221; budou viditeln\u00e9 pouze pro ostatn\u00ed u\u017eivatele s &#8220;administr\u00e1torsk\u00fdmi pr\u00e1vy&#8221; stejn\u00e9ho \u00fa\u010dtu. Jestli\u017ee u\u017eivatel s &#8220;u\u017eivatelsk\u00fdmi&#8221; pr\u00e1vy vytvo\u0159\u00ed skupinu, uvid\u00ed ji pouze tento u\u017eivatel. Ostatn\u00ed u\u017eivatele skupinu neuvid\u00ed.\u00a0 U\u017eivatel s &#8220;administratorsk\u00fdmi&#8221; pr\u00e1vy m\u016f\u017ee skupinu p\u0159i\u0159adit u\u017eivateli, kter\u00e9mu ji zviditeln\u00ed. P\u0159i\u0159azen\u00ed skupiny je pops\u00e1no v\u00a0 &#8220;<a href=\"https:\/\/www.fmsdocumentation.com\/cs\/main-tms-window\/webusers-admin-panel\/\">Webusers admin panel<\/a>&#8220;.<\/p><\/p>\n<p>Dal\u0161\u00ed je filtr stavu vozidel. Je um\u00edst\u011bn hned pod \u0159\u00e1dkem seznamu skupin. Zde lze zvolit z n\u00e1sleduj\u00edc\u00edch filtr\u016f:<\/p>\n<ul>\n<li>V\u0161echna vozidla &#8211; standardn\u00ed volba;<\/li>\n<li>Volnob\u011bh;<\/li>\n<li>Zapalov\u00e1n\u00ed vypnuto;<\/li>\n<li>V pohybu;<\/li>\n<li>Bez sign\u00e1lu;<\/li>\n<li>Blokace zapalov\u00e1n\u00ed.<\/li>\n<\/ul>\n<p>U\u017eivatel m\u016f\u017ee specifikovat, kter\u00e1 dodate\u010dn\u00e1 informace se m\u00e1 vedle vozidla v seznamu zobrazovat. Volba se provede filtrem &#8220;Seznam vozidel&#8221;.\u00a0 Standardn\u011b je zobrazena rychlost.<\/p>\n<p><a href=\"http:\/\/www.fmsdocumentation.com\/wp-content\/uploads\/2018\/03\/261.png\"><img loading=\"lazy\" decoding=\"async\" class=\"alignnone wp-image-4503 size-full\" src=\"http:\/\/www.fmsdocumentation.com\/wp-content\/uploads\/2018\/03\/261.png\" alt=\"\" width=\"360\" height=\"130\" srcset=\"https:\/\/www.fmsdocumentation.com\/wp-content\/uploads\/2018\/03\/261.png 360w, https:\/\/www.fmsdocumentation.com\/wp-content\/uploads\/2018\/03\/261-300x108.png 300w\" sizes=\"auto, (max-width: 360px) 100vw, 360px\" \/><\/a><\/p>\n<p>Otev\u0159e se nov\u00e9 okno &#8220;Parametry&#8221;. Zde lze vybrat a\u017e 7 parametr\u016f, je\u017e budou zobrazeny v panelu Stav objekt\u016f.\u00a0\u00a0 Standardn\u011b jsou zobrazeny rychlost, hladina a tachometr\u00a0 (hladina a tachometr se v panelu nezobrazuj\u00ed pokud se neklikne na tla\u010d\u00edtko roz\u0161\u00ed\u0159en\u00ed panelu, uvedeno d\u00e1le v t\u00e9to kapitole). Vyhled\u00e1vac\u00ed li\u0161ta pom\u00e1h\u00e1 k rychl\u00e9mu vyhled\u00e1n\u00ed po\u017eadovan\u00e9ho parametru, seznam se aktualizuje automaticky s ka\u017ed\u00fdm zapsan\u00fdm p\u00edsmenem.<\/p>\n<p>Po\u0159ad\u00ed zobrazen\u00ed parametr\u016f lze zm\u011bnit uchopen\u00edm a p\u0159em\u00edst\u011bn\u00edm. Odstran\u011bn\u00ed parametru se provede kliknut\u00edm na &#8216;x&#8217;.<\/p>\n<p>Pro ulo\u017een\u00ed zm\u011bn je nutno kliknout na tla\u010d\u00edtko &#8220;Ulo\u017eit&#8221;. Kliknut\u00edm na tla\u010d\u00edtko &#8220;Zav\u0159\u00edt&#8221; \u010di kdekoliv mimo okno parametr\u016f se okno zav\u0159e bez ulo\u017een\u00ed zm\u011bn.<\/p>\n<p><a href=\"http:\/\/www.fmsdocumentation.com\/wp-content\/uploads\/2018\/03\/330.png\"><img loading=\"lazy\" decoding=\"async\" class=\"alignnone size-full wp-image-4506\" src=\"http:\/\/www.fmsdocumentation.com\/wp-content\/uploads\/2018\/03\/330.png\" alt=\"\" width=\"800\" height=\"651\" srcset=\"https:\/\/www.fmsdocumentation.com\/wp-content\/uploads\/2018\/03\/330.png 800w, https:\/\/www.fmsdocumentation.com\/wp-content\/uploads\/2018\/03\/330-300x244.png 300w, https:\/\/www.fmsdocumentation.com\/wp-content\/uploads\/2018\/03\/330-768x625.png 768w\" sizes=\"auto, (max-width: 800px) 100vw, 800px\" \/><\/a><\/p>\n<p>Kliknut\u00edm na &#8220;Seznam vozidel&#8221; a potom na &#8220;Sd\u00edlen\u00ed polohy vozidla&#8221; je mo\u017en\u00e9 vygenerovat odkazy s polohami vozidel, je\u017e mohou b\u00fdt odesl\u00e1ny k extern\u00edmu u\u017eit\u00ed.<\/p>\n<p><a href=\"http:\/\/www.fmsdocumentation.com\/wp-content\/uploads\/2018\/03\/331.png\"><img loading=\"lazy\" decoding=\"async\" class=\"alignnone wp-image-4507 size-full\" src=\"http:\/\/www.fmsdocumentation.com\/wp-content\/uploads\/2018\/03\/331.png\" alt=\"\" width=\"360\" height=\"131\" srcset=\"https:\/\/www.fmsdocumentation.com\/wp-content\/uploads\/2018\/03\/331.png 360w, https:\/\/www.fmsdocumentation.com\/wp-content\/uploads\/2018\/03\/331-300x109.png 300w\" sizes=\"auto, (max-width: 360px) 100vw, 360px\" \/><\/a><\/p>\n<p>Otev\u0159e se nov\u00e9 okno &#8220;Sd\u00edlen\u00ed polohy vozidla&#8221;. Zde lze vybrat vozidla pro sd\u00edlen\u00ed polohy. Volba vozidla se provede kliknut\u00edm do zatrhavac\u00edho pol\u00ed\u010dka vedle n\u00e1zvu vozidla. Je zde i volba &#8220;V\u00fdb\u011br v\u0161ech vozidel&#8221;. Pro usnadn\u011bn\u00ed v\u00fdb\u011bru je k dispozici vyhled\u00e1vac\u00ed li\u0161ta, kter\u00e1 se aktualizuje ka\u017ed\u00fdm zadan\u00fdm p\u00edsmenem.<\/p>\n<p><strong>Datum expirace<\/strong> &#8211; mus\u00ed se zvolit datum a \u010das do kdy je sd\u00edlen\u00fd odkaz platn\u00fd. Proces v\u00fdb\u011bru je stejn\u00fd stejn\u00fd jako v\u0161echny ostatn\u00ed volby datumu a \u010dasu v syst\u00e9mu. Volba se provede jednodu\u0161e kliknut\u00edm na po\u017eadovan\u00e9 datum. Zvolen\u00fd datum se zv\u00fdrazn\u00ed mod\u0159e. Aktu\u00e1ln\u00ed datum je zv\u00fdrazn\u011bn modr\u00fdm troj\u00faheln\u00ed\u010dkem v lev\u00e9 horn\u00ed \u010d\u00e1sti dne. Bude-li zvolen aktu\u00e1ln\u00ed datum, zm\u011bn\u00ed se modr\u00fd troj\u00faheln\u00ed\u010dek na b\u00edl\u00fd. Potom lze zvolit hodinu. Aby se zm\u011bny aplikovaly, mus\u00ed se kliknout na tla\u010d\u00edtko &#8220;Pou\u017e\u00edt&#8221;, jinak se zm\u011bny neulo\u017e\u00ed.<\/p>\n<p><a href=\"http:\/\/www.fmsdocumentation.com\/wp-content\/uploads\/2018\/03\/339.png\"><img loading=\"lazy\" decoding=\"async\" class=\"alignnone size-full wp-image-4602\" src=\"http:\/\/www.fmsdocumentation.com\/wp-content\/uploads\/2018\/03\/339.png\" alt=\"\" width=\"415\" height=\"504\" srcset=\"https:\/\/www.fmsdocumentation.com\/wp-content\/uploads\/2018\/03\/339.png 415w, https:\/\/www.fmsdocumentation.com\/wp-content\/uploads\/2018\/03\/339-247x300.png 247w\" sizes=\"auto, (max-width: 415px) 100vw, 415px\" \/><\/a><\/p>\n<p>Pro vygenerov\u00e1n\u00ed odkazu se mus\u00ed stisknout &#8220;Sd\u00edlet&#8221;. Tla\u010d\u00edtko &#8220;Sd\u00edlet&#8221; bude aktivn\u00ed pouze po v\u00fdb\u011bru data expirace. Kliknut\u00edm na tla\u010d\u00edtko &#8220;Zru\u0161it&#8221; nebo kdekoliv mimo okno se okno zav\u0159e bez ulo\u017een\u00ed zm\u011bn.<\/p>\n<p><a href=\"http:\/\/www.fmsdocumentation.com\/wp-content\/uploads\/2018\/03\/332.png\"><img loading=\"lazy\" decoding=\"async\" class=\"alignnone size-full wp-image-4509\" src=\"http:\/\/www.fmsdocumentation.com\/wp-content\/uploads\/2018\/03\/332.png\" alt=\"\" width=\"750\" height=\"759\" srcset=\"https:\/\/www.fmsdocumentation.com\/wp-content\/uploads\/2018\/03\/332.png 750w, https:\/\/www.fmsdocumentation.com\/wp-content\/uploads\/2018\/03\/332-296x300.png 296w\" sizes=\"auto, (max-width: 750px) 100vw, 750px\" \/><\/a><\/p>\n<p>Po stisknut\u00ed tla\u010d\u00edtka &#8220;Sd\u00edlet&#8221; se odkaz vygeneruje a objev\u00ed se nov\u00e9 okno s odkazem. M\u016f\u017ee se kliknout na odkaz a zkop\u00edrovat jej. Po otev\u0159en\u00ed odkazu se zobraz\u00ed aktu\u00e1ln\u00ed poloha vozidla na map\u011b a panel P\u0159ehled bude obsahovat pouze zvolen\u00e1 vozidla.<\/p>\n<p>V\u0161echny odkazy generovan\u00e9 aktu\u00e1ln\u00edm u\u017eivatelem lze zobrazit kliknut\u00edm na &#8220;Pro zobrazen\u00ed stavu v\u0161ech generovan\u00fdch odkaz\u016f&#8221;.\u00a0 Stejn\u00e9 menu lze pozd\u011bji otev\u0159\u00edt kliknut\u00edm na rozbalovac\u00ed menu v prav\u00e9m horn\u00edm rohu v hlavn\u00edm okn\u011b syst\u00e9mu a pot\u00e9 kliknut\u00edm na &#8220;Generovan\u00e9 odkazy&#8221;.<\/p>\n<p><a href=\"http:\/\/www.fmsdocumentation.com\/wp-content\/uploads\/2018\/03\/333.png\"><img loading=\"lazy\" decoding=\"async\" class=\"alignnone size-full wp-image-4510\" src=\"http:\/\/www.fmsdocumentation.com\/wp-content\/uploads\/2018\/03\/333.png\" alt=\"\" width=\"750\" height=\"430\" srcset=\"https:\/\/www.fmsdocumentation.com\/wp-content\/uploads\/2018\/03\/333.png 750w, https:\/\/www.fmsdocumentation.com\/wp-content\/uploads\/2018\/03\/333-300x172.png 300w\" sizes=\"auto, (max-width: 750px) 100vw, 750px\" \/><\/a><\/p>\n<p>Panel P\u0159ehled objekt\u016f lze roz\u0161\u00ed\u0159it, najede se na n\u011bj kurzorem, uprost\u0159ed panelu se vysune roz\u0161i\u0159ovac\u00ed tla\u010d\u00edtko na kter\u00e9 se klikne.\u00a0 Nyn\u00ed se zobraz\u00ed v\u0161echny ostatn\u00ed konfigurovan\u00e9 parametry.\u00a0 Op\u011btovn\u00fdm kliknut\u00edm na tot\u00e9\u017e tla\u010d\u00edtko se panel vr\u00e1t\u00ed do p\u0159edchoz\u00edho stavu.<\/p>\n<p><a href=\"http:\/\/www.fmsdocumentation.com\/wp-content\/uploads\/2018\/03\/334-1.png\"><img loading=\"lazy\" decoding=\"async\" class=\"alignnone size-full wp-image-4604\" src=\"http:\/\/www.fmsdocumentation.com\/wp-content\/uploads\/2018\/03\/334-1.png\" alt=\"\" width=\"1037\" height=\"421\" srcset=\"https:\/\/www.fmsdocumentation.com\/wp-content\/uploads\/2018\/03\/334-1.png 1037w, https:\/\/www.fmsdocumentation.com\/wp-content\/uploads\/2018\/03\/334-1-300x122.png 300w, https:\/\/www.fmsdocumentation.com\/wp-content\/uploads\/2018\/03\/334-1-768x312.png 768w, https:\/\/www.fmsdocumentation.com\/wp-content\/uploads\/2018\/03\/334-1-1024x416.png 1024w\" sizes=\"auto, (max-width: 1037px) 100vw, 1037px\" \/><\/a><\/p>\n<p>Kliknut\u00edm na vozidlo v seznamu se objev\u00ed panel s detaily vozidla vedle ji\u017e otev\u0159en\u00e9ho panelu.<\/p>\n<p><a href=\"http:\/\/www.fmsdocumentation.com\/wp-content\/uploads\/2018\/03\/28.png\"><img loading=\"lazy\" decoding=\"async\" class=\"alignnone size-full wp-image-4512\" src=\"http:\/\/www.fmsdocumentation.com\/wp-content\/uploads\/2018\/03\/28.png\" alt=\"\" width=\"720\" height=\"889\" srcset=\"https:\/\/www.fmsdocumentation.com\/wp-content\/uploads\/2018\/03\/28.png 720w, https:\/\/www.fmsdocumentation.com\/wp-content\/uploads\/2018\/03\/28-243x300.png 243w\" sizes=\"auto, (max-width: 720px) 100vw, 720px\" \/><\/a><\/p>\n<p>Tento panel je pops\u00e1n v n\u00e1sleduj\u00edc\u00edm odd\u00edle.<\/p>\n<p>Ka\u017ed\u00fd objekt v seznamu m\u00e1 specifickou identifikaci, je\u017e zobrazuje o jak\u00fd typ objektu se jedn\u00e1. N\u011bkter\u00e9 typy objektu lze nastavit prost\u0159ednictv\u00edm volby &#8220;Detaily vozidla&#8221; jin\u00e9 se ovl\u00e1daj\u00ed pouze prost\u0159ednictv\u00edm poskytovatele slu\u017eby. Aktu\u00e1ln\u011b jsou k dispozici n\u00e1sleduj\u00edc\u00ed objekty:<\/p>\n<p><a href=\"http:\/\/www.fmsdocumentation.com\/wp-content\/uploads\/2017\/04\/284.png\"><img loading=\"lazy\" decoding=\"async\" class=\"alignnone wp-image-1090 size-full\" src=\"http:\/\/www.fmsdocumentation.com\/wp-content\/uploads\/2017\/04\/284.png\" alt=\"\" width=\"327\" height=\"214\" srcset=\"https:\/\/www.fmsdocumentation.com\/wp-content\/uploads\/2017\/04\/284.png 327w, https:\/\/www.fmsdocumentation.com\/wp-content\/uploads\/2017\/04\/284-300x196.png 300w\" sizes=\"auto, (max-width: 327px) 100vw, 327px\" \/><\/a><\/p>\n<p>Jakmile se p\u0159i\u0159ad\u00ed k vozidlu n\u00e1v\u011bs, zobraz\u00ed se v seznamu kombinovan\u00fd objekt. Objekt je pops\u00e1n nejprve s n\u00e1zvem vozidla, potom je n\u00e1zev n\u00e1v\u011bsu.<\/p>\n<p><a href=\"http:\/\/www.fmsdocumentation.com\/wp-content\/uploads\/2017\/04\/285.png\"><img loading=\"lazy\" decoding=\"async\" class=\"alignnone wp-image-1094 size-full\" src=\"http:\/\/www.fmsdocumentation.com\/wp-content\/uploads\/2017\/04\/285.png\" alt=\"\" width=\"366\" height=\"72\" srcset=\"https:\/\/www.fmsdocumentation.com\/wp-content\/uploads\/2017\/04\/285.png 366w, https:\/\/www.fmsdocumentation.com\/wp-content\/uploads\/2017\/04\/285-300x59.png 300w\" sizes=\"auto, (max-width: 366px) 100vw, 366px\" \/><\/a><\/p>\n<p>Mno\u017estv\u00ed vozidel ve v\u0161ech stavech bude o jedno vozidlo men\u0161\u00ed, z d\u016fvodu kombinace, ale celkov\u00fd po\u010det vozidel z\u016fstane stejn\u00fd.<br \/>\n<p class=\"note\">Pozn\u00e1mka<br \/>\nOtev\u0159en\u00ed panelu s detaily vozidla se li\u0161\u00ed od otev\u0159en\u00ed z mapy. Rozd\u00edl spo\u010d\u00edv\u00e1 v absenci panelu &#8220;Stav flotily&#8221; p\u0159i p\u0159\u00edstupu z mapy.<\/p><\/p>\n<p><p class=\"note\">Pozn\u00e1mka<br \/>\nV seznamu jsou nejen vozidla, ale i n\u00e1v\u011bsy. Dal\u0161\u00ed informace o n\u00e1v\u011bsech jsou v n\u00e1sleduj\u00edc\u00edm odd\u00edle.<\/p><\/p>\n<hr \/>\n<p><div class=\"alignleft\"><a href=\"https:\/\/www.fmsdocumentation.com\/cs\/main-tms-window\/account-settings\/\" title=\"Nastaven\u00ed \u00fa\u010dtu\"><span class=\"arrow\">\u2039 &nbsp <\/span> Nastaven\u00ed \u00fa\u010dtu <\/a><\/div> <div class=\"alignright\"><a href=\"https:\/\/www.fmsdocumentation.com\/cs\/overview-menu\/summary-overview\/\" title=\"P\u0159ehled za vozidlo\">P\u0159ehled za vozidlo <span class=\"arrow\"> &nbsp\u203a <\/span> <\/a><\/div><\/p>\n","protected":false},"excerpt":{"rendered":"<p>Menu se otev\u0159e kliknut\u00edm na p\u0159\u00edslu\u0161nou ikonu v naviga\u010dn\u00edm menu na lev\u00e9 stran\u011b obrazovky. Ikona se mod\u0159e zv\u00fdrazn\u00ed a vpravo se objev\u00ed nov\u00fd panel &#8211; Stav objekt\u016f. Panel Stav objekt\u016f zobrazuje p\u0159ehled v\u0161ech vozidel vozov\u00e9ho parku u\u017eivatele. Standardn\u011b se zobrazuj\u00ed v\u0161echna vozidla. Vozidla lze filtrovat t\u0159emi zp\u016fsoby. Prvn\u00ed filtr je podle skupin. Je na seznamu &hellip; <a href=\"https:\/\/www.fmsdocumentation.com\/cs\/overview-menu\/\" class=\"more-link\">Pokra\u010dov\u00e1n\u00ed textu <span class=\"screen-reader-text\">Menu P\u0159ehled<\/span><\/a><\/p>\n","protected":false},"author":1,"featured_media":0,"parent":0,"menu_order":29,"comment_status":"closed","ping_status":"closed","template":"","meta":{"footnotes":""},"class_list":["post-887","page","type-page","status-publish","hentry"],"_links":{"self":[{"href":"https:\/\/www.fmsdocumentation.com\/cs\/wp-json\/wp\/v2\/pages\/887","targetHints":{"allow":["GET"]}}],"collection":[{"href":"https:\/\/www.fmsdocumentation.com\/cs\/wp-json\/wp\/v2\/pages"}],"about":[{"href":"https:\/\/www.fmsdocumentation.com\/cs\/wp-json\/wp\/v2\/types\/page"}],"author":[{"embeddable":true,"href":"https:\/\/www.fmsdocumentation.com\/cs\/wp-json\/wp\/v2\/users\/1"}],"replies":[{"embeddable":true,"href":"https:\/\/www.fmsdocumentation.com\/cs\/wp-json\/wp\/v2\/comments?post=887"}],"version-history":[{"count":11,"href":"https:\/\/www.fmsdocumentation.com\/cs\/wp-json\/wp\/v2\/pages\/887\/revisions"}],"predecessor-version":[{"id":8248,"href":"https:\/\/www.fmsdocumentation.com\/cs\/wp-json\/wp\/v2\/pages\/887\/revisions\/8248"}],"wp:attachment":[{"href":"https:\/\/www.fmsdocumentation.com\/cs\/wp-json\/wp\/v2\/media?parent=887"}],"curies":[{"name":"wp","href":"https:\/\/api.w.org\/{rel}","templated":true}]}}