{"id":889,"date":"2017-04-06T07:21:44","date_gmt":"2017-04-06T07:21:44","guid":{"rendered":"http:\/\/www.fmsdocumentation.com\/alerts-from-objects\/"},"modified":"2018-08-09T06:56:59","modified_gmt":"2018-08-09T06:56:59","slug":"alerts-from-objects","status":"publish","type":"page","link":"https:\/\/www.fmsdocumentation.com\/cs\/main-tms-window\/alerts-from-objects\/","title":{"rendered":"V\u00fdstrahy objekt\u016f"},"content":{"rendered":"<p>Symbol alarmu v prav\u00e9m horn\u00edm rohu zobrazuje upozorn\u011bn\u00ed v\u0161ech objekt\u016f webov\u00e9ho u\u017eivatele. \u010c\u00edslo ve spodn\u00edm prav\u00e9m rohu ikony zobrazuje po\u010det aktu\u00e1ln\u011b nep\u0159e\u010dten\u00fdch upozorn\u011bn\u00ed.<\/p>\n<p><a href=\"https:\/\/www.fmsdocumentation.com\/wp-content\/uploads\/2017\/04\/11-1.png\"><img loading=\"lazy\" decoding=\"async\" class=\"alignnone wp-image-3467\" src=\"https:\/\/www.fmsdocumentation.com\/wp-content\/uploads\/2017\/04\/11-1.png\" alt=\"\" width=\"1200\" height=\"106\" srcset=\"https:\/\/www.fmsdocumentation.com\/wp-content\/uploads\/2017\/04\/11-1.png 1920w, https:\/\/www.fmsdocumentation.com\/wp-content\/uploads\/2017\/04\/11-1-300x27.png 300w, https:\/\/www.fmsdocumentation.com\/wp-content\/uploads\/2017\/04\/11-1-768x68.png 768w, https:\/\/www.fmsdocumentation.com\/wp-content\/uploads\/2017\/04\/11-1-1024x91.png 1024w\" sizes=\"auto, (max-width: 1200px) 100vw, 1200px\" \/><\/a><\/p>\n<p>Kliknut\u00edm na ikonu se otev\u0159e panel alarm\u016f. V panelu se zobrazuje kter\u00fd objekt spustil ud\u00e1lost, jak\u00e1 ud\u00e1lost byla spu\u0161t\u011bna a kde byla spu\u0161t\u011bna. Alarmy lze rozt\u0159\u00eddit do t\u0159\u00ed skupin:<\/p>\n<ul>\n<li>V\u0161e \u2013 Zobrazuje v\u0161echny;<\/li>\n<li>P\u0159e\u010dten\u00e9 \u2013 Zobrazuje pouze p\u0159e\u010dten\u00e9;<\/li>\n<li>Nep\u0159e\u010dten\u00e9 \u2013 Zobrazuje pouze nep\u0159e\u010dten\u00e9.<\/li>\n<\/ul>\n<p><a href=\"https:\/\/www.fmsdocumentation.com\/wp-content\/uploads\/2017\/04\/12.png\"><img loading=\"lazy\" decoding=\"async\" class=\"alignnone wp-image-57 size-full\" src=\"https:\/\/www.fmsdocumentation.com\/wp-content\/uploads\/2017\/04\/12.png\" alt=\"\" width=\"385\" height=\"411\" srcset=\"https:\/\/www.fmsdocumentation.com\/wp-content\/uploads\/2017\/04\/12.png 385w, https:\/\/www.fmsdocumentation.com\/wp-content\/uploads\/2017\/04\/12-281x300.png 281w\" sizes=\"auto, (max-width: 385px) 100vw, 385px\" \/><\/a><\/p>\n<p>Vpravo od filtr\u016f je tla\u010d\u00edtko \u201cOzna\u010dit v\u0161e jako p\u0159e\u010dten\u00e9\u201d.<\/p>\n<hr \/>\n<h3>Barevn\u00e9 odli\u0161en\u00ed<\/h3>\n<p>Alarmy se barevn\u011b odli\u0161uj\u00ed do 2 skupin.<\/p>\n\n<table id=\"tablepress-86\" class=\"tablepress tablepress-id-86\">\n<thead>\n<tr class=\"row-1\">\n\t<th class=\"column-1\">Color code<\/th><th class=\"column-2\">Alert condition<\/th>\n<\/tr>\n<\/thead>\n<tbody>\n<tr class=\"row-2\">\n\t<td class=\"column-1\"><img loading=\"lazy\" decoding=\"async\" src=\"http:\/\/www.fmsdocumentation.com\/wp-content\/uploads\/2017\/04\/13.png\" alt=\"\" width=\"28\" height=\"28\" class=\"aligncenter size-full wp-image-247\" \/><\/td><td class=\"column-2\">Unread alerts<\/td>\n<\/tr>\n<tr class=\"row-3\">\n\t<td class=\"column-1\"><img loading=\"lazy\" decoding=\"async\" src=\"http:\/\/www.fmsdocumentation.com\/wp-content\/uploads\/2017\/04\/14.png\" alt=\"\" width=\"28\" height=\"28\" class=\"aligncenter size-full wp-image-248\" \/><\/td><td class=\"column-2\">Read alerts<\/td>\n<\/tr>\n<\/tbody>\n<\/table>\n<!-- #tablepress-86 from cache -->\n<p>Kliknut\u00edm na ud\u00e1lost se ozna\u010d\u00ed jako vid\u011bn\u00e1 a otev\u0159e se panel ud\u00e1lost\u00ed pro vozidlo, je\u017e ud\u00e1lost spustilo a mapa se zam\u011b\u0159\u00ed na m\u00edsto spu\u0161t\u011bn\u00ed ud\u00e1losti. Panel ud\u00e1losti je pops\u00e1n v &#8220;<a href=\"https:\/\/www.fmsdocumentation.com\/cs\/events-menu\/\">Menu ud\u00e1lost\u00ed<\/a>&#8220;. Kliknut\u00edm na modrou te\u010dku se ud\u00e1lost ozna\u010d\u00ed jako p\u0159e\u010dten\u00e1 bez otev\u0159en\u00ed ud\u00e1losti.<\/p>\n<hr \/>\n<p><div class=\"alignleft\"><a href=\"https:\/\/www.fmsdocumentation.com\/cs\/main-tms-window\/individual-objects\/\" title=\"Jednotliv\u00e9 objekty\"><span class=\"arrow\">\u2039 &nbsp <\/span> Jednotliv\u00e9 objekty <\/a><\/div> <div class=\"alignright\"><a href=\"https:\/\/www.fmsdocumentation.com\/cs\/main-tms-window\/map-features-and-tools\/\" title=\"Mapov\u00e9 funkce a n\u00e1stroje\">Mapov\u00e9 funkce a n\u00e1stroje <span class=\"arrow\"> &nbsp\u203a <\/span> <\/a><\/div><\/p>\n","protected":false},"excerpt":{"rendered":"<p>Symbol alarmu v prav\u00e9m horn\u00edm rohu zobrazuje upozorn\u011bn\u00ed v\u0161ech objekt\u016f webov\u00e9ho u\u017eivatele. \u010c\u00edslo ve spodn\u00edm prav\u00e9m rohu ikony zobrazuje po\u010det aktu\u00e1ln\u011b nep\u0159e\u010dten\u00fdch upozorn\u011bn\u00ed. Kliknut\u00edm na ikonu se otev\u0159e panel alarm\u016f. V panelu se zobrazuje kter\u00fd objekt spustil ud\u00e1lost, jak\u00e1 ud\u00e1lost byla spu\u0161t\u011bna a kde byla spu\u0161t\u011bna. Alarmy lze rozt\u0159\u00eddit do t\u0159\u00ed skupin: V\u0161e \u2013 Zobrazuje &hellip; <a href=\"https:\/\/www.fmsdocumentation.com\/cs\/main-tms-window\/alerts-from-objects\/\" class=\"more-link\">Pokra\u010dov\u00e1n\u00ed textu <span class=\"screen-reader-text\">V\u00fdstrahy objekt\u016f<\/span><\/a><\/p>\n","protected":false},"author":1,"featured_media":0,"parent":893,"menu_order":5,"comment_status":"closed","ping_status":"closed","template":"","meta":{"footnotes":""},"class_list":["post-889","page","type-page","status-publish","hentry"],"_links":{"self":[{"href":"https:\/\/www.fmsdocumentation.com\/cs\/wp-json\/wp\/v2\/pages\/889","targetHints":{"allow":["GET"]}}],"collection":[{"href":"https:\/\/www.fmsdocumentation.com\/cs\/wp-json\/wp\/v2\/pages"}],"about":[{"href":"https:\/\/www.fmsdocumentation.com\/cs\/wp-json\/wp\/v2\/types\/page"}],"author":[{"embeddable":true,"href":"https:\/\/www.fmsdocumentation.com\/cs\/wp-json\/wp\/v2\/users\/1"}],"replies":[{"embeddable":true,"href":"https:\/\/www.fmsdocumentation.com\/cs\/wp-json\/wp\/v2\/comments?post=889"}],"version-history":[{"count":5,"href":"https:\/\/www.fmsdocumentation.com\/cs\/wp-json\/wp\/v2\/pages\/889\/revisions"}],"predecessor-version":[{"id":5617,"href":"https:\/\/www.fmsdocumentation.com\/cs\/wp-json\/wp\/v2\/pages\/889\/revisions\/5617"}],"up":[{"embeddable":true,"href":"https:\/\/www.fmsdocumentation.com\/cs\/wp-json\/wp\/v2\/pages\/893"}],"wp:attachment":[{"href":"https:\/\/www.fmsdocumentation.com\/cs\/wp-json\/wp\/v2\/media?parent=889"}],"curies":[{"name":"wp","href":"https:\/\/api.w.org\/{rel}","templated":true}]}}