{"id":890,"date":"2017-04-06T06:16:12","date_gmt":"2017-04-06T06:16:12","guid":{"rendered":"http:\/\/www.fmsdocumentation.com\/individual-objects\/"},"modified":"2020-02-21T15:23:28","modified_gmt":"2020-02-21T12:23:28","slug":"individual-objects","status":"publish","type":"page","link":"https:\/\/www.fmsdocumentation.com\/cs\/main-tms-window\/individual-objects\/","title":{"rendered":"Jednotliv\u00e9 objekty"},"content":{"rendered":"<p>P\u0159i zv\u011bt\u0161ov\u00e1n\u00ed se seskupen\u00ed automaticky rozd\u011bluj\u00ed na men\u0161\u00ed skupiny. V ur\u010dit\u00e9m bod\u011b se zobraz\u00ed jednotliv\u00e9 objekty. Ikona objektu nese informaci o stavu objektu.<br \/>\n\n<table id=\"tablepress-85\" class=\"tablepress tablepress-id-85\">\n<thead>\n<tr class=\"row-1\">\n\t<th class=\"column-1\"><strong>Icon<\/strong><\/th><th class=\"column-2\"><strong>State<\/strong><\/th>\n<\/tr>\n<\/thead>\n<tbody>\n<tr class=\"row-2\">\n\t<td class=\"column-1\"><img loading=\"lazy\" decoding=\"async\" src=\"http:\/\/www.fmsdocumentation.com\/wp-content\/uploads\/2017\/04\/5.png\" alt=\"\" width=\"30\" height=\"30\" class=\"aligncenter size-full wp-image-239\" \/><\/td><td class=\"column-2\">Objects that did not send data for a specific time interval. (Inactive)<\/td>\n<\/tr>\n<tr class=\"row-3\">\n\t<td class=\"column-1\"><img loading=\"lazy\" decoding=\"async\" src=\"http:\/\/www.fmsdocumentation.com\/wp-content\/uploads\/2017\/09\/6.png\" alt=\"\" width=\"30\" height=\"30\" class=\"aligncenter size-full wp-image-240\" \/><\/td><td class=\"column-2\">Object is \u201cActive\u201d and moving in the displayed direction.<\/td>\n<\/tr>\n<tr class=\"row-4\">\n\t<td class=\"column-1\"><img loading=\"lazy\" decoding=\"async\" src=\"http:\/\/www.fmsdocumentation.com\/wp-content\/uploads\/2017\/09\/7.png\" alt=\"\" width=\"30\" height=\"30\" class=\"aligncenter size-full wp-image-241\" \/><\/td><td class=\"column-2\">Object is idling. (Ignition on, not moving)<\/td>\n<\/tr>\n<tr class=\"row-5\">\n\t<td class=\"column-1\"><img loading=\"lazy\" decoding=\"async\" src=\"http:\/\/www.fmsdocumentation.com\/wp-content\/uploads\/2017\/09\/8.png\" alt=\"\" width=\"30\" height=\"30\" class=\"aligncenter size-full wp-image-242\" \/><\/td><td class=\"column-2\">Object is standing with ignition off.<\/td>\n<\/tr>\n<\/tbody>\n<\/table>\n<!-- #tablepress-85 from cache --><\/p>\n<p><a href=\"http:\/\/www.fmsdocumentation.com\/wp-content\/uploads\/2017\/04\/9-2.png\"><img loading=\"lazy\" decoding=\"async\" class=\"alignnone size-full wp-image-1129\" src=\"http:\/\/www.fmsdocumentation.com\/wp-content\/uploads\/2017\/04\/9-2.png\" alt=\"\" width=\"411\" height=\"386\" srcset=\"https:\/\/www.fmsdocumentation.com\/wp-content\/uploads\/2017\/04\/9-2.png 411w, https:\/\/www.fmsdocumentation.com\/wp-content\/uploads\/2017\/04\/9-2-300x282.png 300w\" sizes=\"auto, (max-width: 411px) 100vw, 411px\" \/><\/a><\/p>\n<p>Posunut\u00edm my\u0161i nad vozidlo se zobraz\u00ed li\u0161ta se z\u00e1kladn\u00edmi informacemi:<\/p>\n<ul>\n<li>N\u00e1zev vozidla;<\/li>\n<li>Jm\u00e9no \u0159idi\u010de;<\/li>\n<li>Aktu\u00e1ln\u00ed rychlost v km\/h;<\/li>\n<li>Doba j\u00edzdy;<\/li>\n<li>Posledn\u00ed zn\u00e1m\u00fd sm\u011br pohybu;<\/li>\n<li>Aktu\u00e1ln\u00ed hladinu paliva (jestli\u017ee hladina = 0, znamen\u00e1 to, \u017ee nejsou k dispozici \u017e\u00e1dn\u00e1 data)<\/li>\n<\/ul>\n<p><a href=\"http:\/\/www.fmsdocumentation.com\/wp-content\/uploads\/2017\/04\/10-2.png\"><img loading=\"lazy\" decoding=\"async\" class=\"alignnone size-full wp-image-1131\" src=\"http:\/\/www.fmsdocumentation.com\/wp-content\/uploads\/2017\/04\/10-2.png\" alt=\"\" width=\"311\" height=\"222\" srcset=\"https:\/\/www.fmsdocumentation.com\/wp-content\/uploads\/2017\/04\/10-2.png 311w, https:\/\/www.fmsdocumentation.com\/wp-content\/uploads\/2017\/04\/10-2-300x214.png 300w\" sizes=\"auto, (max-width: 311px) 100vw, 311px\" \/><\/a><\/p>\n<p>Kliknut\u00edm na vozidlo se otev\u0159e p\u0159ehledov\u00fd panel vozidla na lev\u00e9 stran\u011b obrazovky. Tento panel je pops\u00e1n v odd\u00edle &#8220;<a href=\"https:\/\/www.fmsdocumentation.com\/cs\/overview-menu\/\">Menu p\u0159ehled<\/a>&#8220;.<\/p>\n<hr \/>\n<p><div class=\"alignleft\"><a href=\"https:\/\/www.fmsdocumentation.com\/cs\/main-tms-window\/object-cluster\/\" title=\"Seskupov\u00e1n\u00ed objekt\u016f\"><span class=\"arrow\">\u2039 &nbsp <\/span> Seskupov\u00e1n\u00ed objekt\u016f <\/a><\/div> \u00a0<div class=\"alignright\"><a href=\"https:\/\/www.fmsdocumentation.com\/cs\/main-tms-window\/alerts-from-objects\/\" title=\"V\u00fdstrahy objekt\u016f\">V\u00fdstrahy objekt\u016f <span class=\"arrow\"> &nbsp\u203a <\/span> <\/a><\/div><\/p>\n","protected":false},"excerpt":{"rendered":"<p>P\u0159i zv\u011bt\u0161ov\u00e1n\u00ed se seskupen\u00ed automaticky rozd\u011bluj\u00ed na men\u0161\u00ed skupiny. V ur\u010dit\u00e9m bod\u011b se zobraz\u00ed jednotliv\u00e9 objekty. Ikona objektu nese informaci o stavu objektu. Posunut\u00edm my\u0161i nad vozidlo se zobraz\u00ed li\u0161ta se z\u00e1kladn\u00edmi informacemi: N\u00e1zev vozidla; Jm\u00e9no \u0159idi\u010de; Aktu\u00e1ln\u00ed rychlost v km\/h; Doba j\u00edzdy; Posledn\u00ed zn\u00e1m\u00fd sm\u011br pohybu; Aktu\u00e1ln\u00ed hladinu paliva (jestli\u017ee hladina = 0, znamen\u00e1 &hellip; <a href=\"https:\/\/www.fmsdocumentation.com\/cs\/main-tms-window\/individual-objects\/\" class=\"more-link\">Pokra\u010dov\u00e1n\u00ed textu <span class=\"screen-reader-text\">Jednotliv\u00e9 objekty<\/span><\/a><\/p>\n","protected":false},"author":1,"featured_media":0,"parent":893,"menu_order":4,"comment_status":"closed","ping_status":"closed","template":"","meta":{"footnotes":""},"class_list":["post-890","page","type-page","status-publish","hentry"],"_links":{"self":[{"href":"https:\/\/www.fmsdocumentation.com\/cs\/wp-json\/wp\/v2\/pages\/890","targetHints":{"allow":["GET"]}}],"collection":[{"href":"https:\/\/www.fmsdocumentation.com\/cs\/wp-json\/wp\/v2\/pages"}],"about":[{"href":"https:\/\/www.fmsdocumentation.com\/cs\/wp-json\/wp\/v2\/types\/page"}],"author":[{"embeddable":true,"href":"https:\/\/www.fmsdocumentation.com\/cs\/wp-json\/wp\/v2\/users\/1"}],"replies":[{"embeddable":true,"href":"https:\/\/www.fmsdocumentation.com\/cs\/wp-json\/wp\/v2\/comments?post=890"}],"version-history":[{"count":7,"href":"https:\/\/www.fmsdocumentation.com\/cs\/wp-json\/wp\/v2\/pages\/890\/revisions"}],"predecessor-version":[{"id":8313,"href":"https:\/\/www.fmsdocumentation.com\/cs\/wp-json\/wp\/v2\/pages\/890\/revisions\/8313"}],"up":[{"embeddable":true,"href":"https:\/\/www.fmsdocumentation.com\/cs\/wp-json\/wp\/v2\/pages\/893"}],"wp:attachment":[{"href":"https:\/\/www.fmsdocumentation.com\/cs\/wp-json\/wp\/v2\/media?parent=890"}],"curies":[{"name":"wp","href":"https:\/\/api.w.org\/{rel}","templated":true}]}}