{"id":891,"date":"2017-04-06T06:08:02","date_gmt":"2017-04-06T06:08:02","guid":{"rendered":"http:\/\/www.fmsdocumentation.com\/object-cluster\/"},"modified":"2020-02-21T12:19:45","modified_gmt":"2020-02-21T09:19:45","slug":"object-cluster","status":"publish","type":"page","link":"https:\/\/www.fmsdocumentation.com\/cs\/main-tms-window\/object-cluster\/","title":{"rendered":"Seskupov\u00e1n\u00ed objekt\u016f"},"content":{"rendered":"<p>V\u0161echna vozidla jsou zobrazena na map\u011b. Objekty, je\u017e jsou k sob\u011b relativn\u011b bl\u00edzko se zobrazuj\u00ed v seskupen\u00ed.<\/p>\n<p>Ikona seskupen\u00ed obsahuje pouze z\u00e1kladn\u00ed informaci o seskupen\u00fdch vozidlech:<\/p>\n<ul>\n<li>Po\u010det seskupen\u00fdch objekt\u016f.<\/li>\n<li>Stavy seskupen\u00fdch vozidel (ka\u017ed\u00e1 barva p\u0159edstavuje stav vozidel, je to pops\u00e1no v <a href=\"https:\/\/www.fmsdocumentation.com\/cs\/main-tms-window\/individual-objects\/\">objektech<\/a>)<\/li>\n<\/ul>\n<p><a href=\"http:\/\/www.fmsdocumentation.com\/wp-content\/uploads\/2017\/04\/3-2.png\"><img loading=\"lazy\" decoding=\"async\" class=\"alignnone size-full wp-image-1126\" src=\"http:\/\/www.fmsdocumentation.com\/wp-content\/uploads\/2017\/04\/3-2.png\" alt=\"\" width=\"447\" height=\"374\" srcset=\"https:\/\/www.fmsdocumentation.com\/wp-content\/uploads\/2017\/04\/3-2.png 447w, https:\/\/www.fmsdocumentation.com\/wp-content\/uploads\/2017\/04\/3-2-300x251.png 300w\" sizes=\"auto, (max-width: 447px) 100vw, 447px\" \/><\/a><\/p>\n<p>Kliknut\u00edm na seskupen\u00ed se zobraz\u00ed podrobn\u00e1 informace o vozidlech. Zobraz\u00ed se nov\u00e9 okno se \u0161esti \u0161t\u00edtky. Tyto \u0161t\u00edtky funguj\u00ed jako filtry, n\u00e1sledovn\u011b:<\/p>\n<ul>\n<li><strong>V pohybu<\/strong> \u2013 Zobrazuje pohybuj\u00edc\u00ed se objekty;<\/li>\n<li><strong>Volnob\u011bh<\/strong> &#8211; Zobrazuje objekty se zapnut\u00fdm zapalov\u00e1n\u00edm, ale nepohybuj\u00edc\u00ed se;<\/li>\n<li><strong>Zapal. vypnuto <\/strong>\u2013 Zobrazuje objekty s vypnut\u00fdm zapalov\u00e1n\u00edm;<\/li>\n<li><strong>Bez sign\u00e1lu<\/strong> \u2013 Zobrazuje neaktivn\u00ed objekty (Neaktivn\u00ed po nastaven\u00e9 obdob\u00ed);<\/li>\n<li><strong>Blokov\u00e1no <\/strong>\u2013 Zobrazuje objekty, je\u017e byly v syst\u00e9mu sledov\u00e1n\u00ed blokov\u00e1ny.<\/li>\n<li><strong>V\u0161echna <\/strong>&#8211; Zobrazuje v\u0161echna vozidla.<\/li>\n<\/ul>\n<p><a href=\"http:\/\/www.fmsdocumentation.com\/wp-content\/uploads\/2017\/04\/4-1.png\"><img loading=\"lazy\" decoding=\"async\" class=\"alignnone size-full wp-image-1045\" src=\"http:\/\/www.fmsdocumentation.com\/wp-content\/uploads\/2017\/04\/4-1.png\" alt=\"\" width=\"681\" height=\"581\" srcset=\"https:\/\/www.fmsdocumentation.com\/wp-content\/uploads\/2017\/04\/4-1.png 681w, https:\/\/www.fmsdocumentation.com\/wp-content\/uploads\/2017\/04\/4-1-300x256.png 300w\" sizes=\"auto, (max-width: 681px) 100vw, 681px\" \/><\/a><\/p>\n<p>Jestli\u017ee se klikne na vozidlo v seznamu, nasko\u010d\u00ed mapa se zobrazen\u00edm tohoto vozidla. Na lev\u00e9 stran\u011b obrazovky se objev\u00ed panel s p\u0159ehledem vozidla.<\/p>\n<hr \/>\n<p style=\"text-align: left\"><div class=\"alignleft\"><a href=\"https:\/\/www.fmsdocumentation.com\/cs\/main-tms-window\/search-bar\/\" title=\"Vyhled\u00e1vac\u00ed li\u0161ta\"><span class=\"arrow\">\u2039 &nbsp <\/span> Vyhled\u00e1vac\u00ed li\u0161ta <\/a><\/div> <div class=\"alignright\"><a href=\"https:\/\/www.fmsdocumentation.com\/cs\/main-tms-window\/individual-objects\/\" title=\"Jednotliv\u00e9 objekty\">Jednotliv\u00e9 objekty <span class=\"arrow\"> &nbsp\u203a <\/span> <\/a><\/div><\/p>\n","protected":false},"excerpt":{"rendered":"<p>V\u0161echna vozidla jsou zobrazena na map\u011b. Objekty, je\u017e jsou k sob\u011b relativn\u011b bl\u00edzko se zobrazuj\u00ed v seskupen\u00ed. Ikona seskupen\u00ed obsahuje pouze z\u00e1kladn\u00ed informaci o seskupen\u00fdch vozidlech: Po\u010det seskupen\u00fdch objekt\u016f. Stavy seskupen\u00fdch vozidel (ka\u017ed\u00e1 barva p\u0159edstavuje stav vozidel, je to pops\u00e1no v objektech) Kliknut\u00edm na seskupen\u00ed se zobraz\u00ed podrobn\u00e1 informace o vozidlech. Zobraz\u00ed se nov\u00e9 okno &hellip; <a href=\"https:\/\/www.fmsdocumentation.com\/cs\/main-tms-window\/object-cluster\/\" class=\"more-link\">Pokra\u010dov\u00e1n\u00ed textu <span class=\"screen-reader-text\">Seskupov\u00e1n\u00ed objekt\u016f<\/span><\/a><\/p>\n","protected":false},"author":1,"featured_media":0,"parent":893,"menu_order":2,"comment_status":"closed","ping_status":"closed","template":"","meta":{"footnotes":""},"class_list":["post-891","page","type-page","status-publish","hentry"],"_links":{"self":[{"href":"https:\/\/www.fmsdocumentation.com\/cs\/wp-json\/wp\/v2\/pages\/891","targetHints":{"allow":["GET"]}}],"collection":[{"href":"https:\/\/www.fmsdocumentation.com\/cs\/wp-json\/wp\/v2\/pages"}],"about":[{"href":"https:\/\/www.fmsdocumentation.com\/cs\/wp-json\/wp\/v2\/types\/page"}],"author":[{"embeddable":true,"href":"https:\/\/www.fmsdocumentation.com\/cs\/wp-json\/wp\/v2\/users\/1"}],"replies":[{"embeddable":true,"href":"https:\/\/www.fmsdocumentation.com\/cs\/wp-json\/wp\/v2\/comments?post=891"}],"version-history":[{"count":6,"href":"https:\/\/www.fmsdocumentation.com\/cs\/wp-json\/wp\/v2\/pages\/891\/revisions"}],"predecessor-version":[{"id":8304,"href":"https:\/\/www.fmsdocumentation.com\/cs\/wp-json\/wp\/v2\/pages\/891\/revisions\/8304"}],"up":[{"embeddable":true,"href":"https:\/\/www.fmsdocumentation.com\/cs\/wp-json\/wp\/v2\/pages\/893"}],"wp:attachment":[{"href":"https:\/\/www.fmsdocumentation.com\/cs\/wp-json\/wp\/v2\/media?parent=891"}],"curies":[{"name":"wp","href":"https:\/\/api.w.org\/{rel}","templated":true}]}}