{"id":892,"date":"2017-04-06T06:02:55","date_gmt":"2017-04-06T06:02:55","guid":{"rendered":"http:\/\/www.fmsdocumentation.com\/search-bar\/"},"modified":"2018-08-09T06:50:35","modified_gmt":"2018-08-09T06:50:35","slug":"search-bar","status":"publish","type":"page","link":"https:\/\/www.fmsdocumentation.com\/cs\/main-tms-window\/search-bar\/","title":{"rendered":"Vyhled\u00e1vac\u00ed li\u0161ta"},"content":{"rendered":"<p>Vyhled\u00e1vac\u00ed li\u0161ta je druh\u00fdm kl\u00ed\u010dov\u00fdm elementem syst\u00e9mu. Umo\u017e\u0148uje vyhled\u00e1v\u00e1n\u00ed podle vozidel a lokalit. Je to jednoduch\u00fd a \u00fa\u010dinn\u00fd n\u00e1stroj pro rychl\u00e9 vyhled\u00e1n\u00ed jak\u00e9hokoliv objektu.<\/p>\n<hr \/>\n<h3>Vyhled\u00e1vac\u00ed logika<\/h3>\n<p>Syst\u00e9m po zad\u00e1n\u00ed kl\u00ed\u010dov\u00e9ho slova hled\u00e1 mezi objekty podobn\u00e1 slova nebo adresy v datab\u00e1zi. Vyhled\u00e1v\u00e1n\u00ed za\u010dne automaticky po zad\u00e1n\u00ed t\u0159ech \u010di v\u00edce p\u00edsmen. M\u016f\u017eete vlo\u017eit libovoln\u00fd po\u010det slov. Ka\u017ed\u00e9 slovo je spojeno\u00a0 logick\u00fdm &#8220;A&#8221;. Zobraz\u00ed se v\u00fdsledky je\u017e odpov\u00eddaj\u00ed v\u0161em zadan\u00fdm slov\u016fm.<\/p>\n<hr \/>\n<h3>Popis v\u00fdsledk\u016f hled\u00e1n\u00ed<\/h3>\n<p>Zad\u00e1-li se nap\u0159. \u201cGermany\u201d syst\u00e9m zobraz\u00ed dva typy v\u00fdsledk\u016f. Jedn pro vozidla a druh\u00fd pro adresu.<\/p>\n<p>V sekci vozidel zobraz\u00ed syst\u00e9m a\u017e p\u011bt vozidel je\u017e jsou v &#8220;Germany&#8221; (N\u011bmecku).\u00a0 M\u016f\u017ee b\u00fdt zobrazen pouze omezen\u00fd po\u010det vozidel.\u00a0 Pro z\u00fa\u017een\u00ed v\u00fdb\u011bru bude nutno zadat dal\u0161\u00ed slova.<\/p>\n<p>V adresn\u00ed sekci se zobraz\u00ed a\u017e 6 adres. Pro z\u00fa\u017een\u00ed v\u00fdb\u011bru i zde bude nutno zadat dal\u0161\u00ed kl\u00ed\u010dov\u00e1 slova.<\/p>\n<p><a href=\"https:\/\/www.fmsdocumentation.com\/wp-content\/uploads\/2017\/04\/23-3.png\"><img loading=\"lazy\" decoding=\"async\" class=\"alignnone size-large wp-image-1124\" src=\"https:\/\/www.fmsdocumentation.com\/wp-content\/uploads\/2017\/04\/23-3-1024x506.png\" alt=\"\" width=\"660\" height=\"326\" srcset=\"https:\/\/www.fmsdocumentation.com\/wp-content\/uploads\/2017\/04\/23-3-1024x506.png 1024w, https:\/\/www.fmsdocumentation.com\/wp-content\/uploads\/2017\/04\/23-3-300x148.png 300w, https:\/\/www.fmsdocumentation.com\/wp-content\/uploads\/2017\/04\/23-3-768x380.png 768w, https:\/\/www.fmsdocumentation.com\/wp-content\/uploads\/2017\/04\/23-3.png 1920w\" sizes=\"auto, (max-width: 660px) 100vw, 660px\" \/><\/a><\/p>\n<hr \/>\n<p><div class=\"alignleft\"><a href=\"https:\/\/www.fmsdocumentation.com\/cs\/main-tms-window\/\" title=\"Hlavn\u00ed okno\"><span class=\"arrow\">\u2039 &nbsp <\/span> Hlavn\u00ed okno <\/a><\/div> <div class=\"alignright\"><a href=\"https:\/\/www.fmsdocumentation.com\/cs\/main-tms-window\/object-cluster\/\" title=\"Seskupov\u00e1n\u00ed objekt\u016f\">Seskupov\u00e1n\u00ed objekt\u016f <span class=\"arrow\"> &nbsp\u203a <\/span> <\/a><\/div><\/p>\n","protected":false},"excerpt":{"rendered":"<p>Vyhled\u00e1vac\u00ed li\u0161ta je druh\u00fdm kl\u00ed\u010dov\u00fdm elementem syst\u00e9mu. Umo\u017e\u0148uje vyhled\u00e1v\u00e1n\u00ed podle vozidel a lokalit. Je to jednoduch\u00fd a \u00fa\u010dinn\u00fd n\u00e1stroj pro rychl\u00e9 vyhled\u00e1n\u00ed jak\u00e9hokoliv objektu. Vyhled\u00e1vac\u00ed logika Syst\u00e9m po zad\u00e1n\u00ed kl\u00ed\u010dov\u00e9ho slova hled\u00e1 mezi objekty podobn\u00e1 slova nebo adresy v datab\u00e1zi. Vyhled\u00e1v\u00e1n\u00ed za\u010dne automaticky po zad\u00e1n\u00ed t\u0159ech \u010di v\u00edce p\u00edsmen. M\u016f\u017eete vlo\u017eit libovoln\u00fd po\u010det slov. Ka\u017ed\u00e9 &hellip; <a href=\"https:\/\/www.fmsdocumentation.com\/cs\/main-tms-window\/search-bar\/\" class=\"more-link\">Pokra\u010dov\u00e1n\u00ed textu <span class=\"screen-reader-text\">Vyhled\u00e1vac\u00ed li\u0161ta<\/span><\/a><\/p>\n","protected":false},"author":1,"featured_media":0,"parent":893,"menu_order":1,"comment_status":"closed","ping_status":"closed","template":"","meta":{"footnotes":""},"class_list":["post-892","page","type-page","status-publish","hentry"],"_links":{"self":[{"href":"https:\/\/www.fmsdocumentation.com\/cs\/wp-json\/wp\/v2\/pages\/892","targetHints":{"allow":["GET"]}}],"collection":[{"href":"https:\/\/www.fmsdocumentation.com\/cs\/wp-json\/wp\/v2\/pages"}],"about":[{"href":"https:\/\/www.fmsdocumentation.com\/cs\/wp-json\/wp\/v2\/types\/page"}],"author":[{"embeddable":true,"href":"https:\/\/www.fmsdocumentation.com\/cs\/wp-json\/wp\/v2\/users\/1"}],"replies":[{"embeddable":true,"href":"https:\/\/www.fmsdocumentation.com\/cs\/wp-json\/wp\/v2\/comments?post=892"}],"version-history":[{"count":3,"href":"https:\/\/www.fmsdocumentation.com\/cs\/wp-json\/wp\/v2\/pages\/892\/revisions"}],"predecessor-version":[{"id":5612,"href":"https:\/\/www.fmsdocumentation.com\/cs\/wp-json\/wp\/v2\/pages\/892\/revisions\/5612"}],"up":[{"embeddable":true,"href":"https:\/\/www.fmsdocumentation.com\/cs\/wp-json\/wp\/v2\/pages\/893"}],"wp:attachment":[{"href":"https:\/\/www.fmsdocumentation.com\/cs\/wp-json\/wp\/v2\/media?parent=892"}],"curies":[{"name":"wp","href":"https:\/\/api.w.org\/{rel}","templated":true}]}}