{"id":895,"date":"2017-04-06T05:56:46","date_gmt":"2017-04-06T05:56:46","guid":{"rendered":"http:\/\/www.fmsdocumentation.com\/logging-out\/"},"modified":"2018-08-09T06:14:43","modified_gmt":"2018-08-09T06:14:43","slug":"logging-out","status":"publish","type":"page","link":"https:\/\/www.fmsdocumentation.com\/cs\/basics\/logging-out\/","title":{"rendered":"Odhl\u00e1\u0161en\u00ed"},"content":{"rendered":"<p>Pro odhl\u00e1\u0161en\u00ed se klikne na symbol \u0161ipky sm\u011b\u0159uj\u00edc\u00ed dol\u016f (po kliknut\u00ed \u0161ipka sm\u011b\u0159uje nahoru) v prav\u00e9m horn\u00edm rohu obrazovky. Rozbal\u00ed se menu se dv\u011bma polo\u017ekami:<\/p>\n<ul>\n<li>N\u00e1pov\u011bda<\/li>\n<li>Odhl\u00e1\u0161en\u00ed<\/li>\n<\/ul>\n<p><a href=\"https:\/\/www.fmsdocumentation.com\/wp-content\/uploads\/2018\/08\/Logging-out-1.jpg\"><img loading=\"lazy\" decoding=\"async\" class=\"alignnone size-full wp-image-5601\" src=\"https:\/\/www.fmsdocumentation.com\/wp-content\/uploads\/2018\/08\/Logging-out-1.jpg\" alt=\"\" width=\"901\" height=\"482\" srcset=\"https:\/\/www.fmsdocumentation.com\/wp-content\/uploads\/2018\/08\/Logging-out-1.jpg 901w, https:\/\/www.fmsdocumentation.com\/wp-content\/uploads\/2018\/08\/Logging-out-1-300x160.jpg 300w, https:\/\/www.fmsdocumentation.com\/wp-content\/uploads\/2018\/08\/Logging-out-1-768x411.jpg 768w\" sizes=\"auto, (max-width: 901px) 100vw, 901px\" \/><\/a><\/p>\n<hr \/>\n<p><div class=\"alignleft\"><a href=\"https:\/\/www.fmsdocumentation.com\/cs\/basics\/login-page\/\" title=\"P\u0159ihla\u0161ovac\u00ed str\u00e1nka\"><span class=\"arrow\">\u2039 &nbsp <\/span> P\u0159ihla\u0161ovac\u00ed str\u00e1nka <\/a><\/div> <div class=\"alignright\"><a href=\"https:\/\/www.fmsdocumentation.com\/cs\/basics\/trusttrack-app\/\" title=\"AutaNaWebu\">AutaNaWebu <span class=\"arrow\"> &nbsp\u203a <\/span> <\/a><\/div><\/p>\n","protected":false},"excerpt":{"rendered":"<p>Pro odhl\u00e1\u0161en\u00ed se klikne na symbol \u0161ipky sm\u011b\u0159uj\u00edc\u00ed dol\u016f (po kliknut\u00ed \u0161ipka sm\u011b\u0159uje nahoru) v prav\u00e9m horn\u00edm rohu obrazovky. Rozbal\u00ed se menu se dv\u011bma polo\u017ekami: N\u00e1pov\u011bda Odhl\u00e1\u0161en\u00ed<\/p>\n","protected":false},"author":1,"featured_media":0,"parent":897,"menu_order":2,"comment_status":"closed","ping_status":"closed","template":"","meta":{"footnotes":""},"class_list":["post-895","page","type-page","status-publish","hentry"],"_links":{"self":[{"href":"https:\/\/www.fmsdocumentation.com\/cs\/wp-json\/wp\/v2\/pages\/895","targetHints":{"allow":["GET"]}}],"collection":[{"href":"https:\/\/www.fmsdocumentation.com\/cs\/wp-json\/wp\/v2\/pages"}],"about":[{"href":"https:\/\/www.fmsdocumentation.com\/cs\/wp-json\/wp\/v2\/types\/page"}],"author":[{"embeddable":true,"href":"https:\/\/www.fmsdocumentation.com\/cs\/wp-json\/wp\/v2\/users\/1"}],"replies":[{"embeddable":true,"href":"https:\/\/www.fmsdocumentation.com\/cs\/wp-json\/wp\/v2\/comments?post=895"}],"version-history":[{"count":4,"href":"https:\/\/www.fmsdocumentation.com\/cs\/wp-json\/wp\/v2\/pages\/895\/revisions"}],"predecessor-version":[{"id":5602,"href":"https:\/\/www.fmsdocumentation.com\/cs\/wp-json\/wp\/v2\/pages\/895\/revisions\/5602"}],"up":[{"embeddable":true,"href":"https:\/\/www.fmsdocumentation.com\/cs\/wp-json\/wp\/v2\/pages\/897"}],"wp:attachment":[{"href":"https:\/\/www.fmsdocumentation.com\/cs\/wp-json\/wp\/v2\/media?parent=895"}],"curies":[{"name":"wp","href":"https:\/\/api.w.org\/{rel}","templated":true}]}}