{"id":897,"date":"2017-04-06T05:46:19","date_gmt":"2017-04-06T05:46:19","guid":{"rendered":"http:\/\/www.fmsdocumentation.com\/basics\/"},"modified":"2020-06-09T14:21:45","modified_gmt":"2020-06-09T11:21:45","slug":"basics","status":"publish","type":"page","link":"https:\/\/www.fmsdocumentation.com\/cs\/basics\/","title":{"rendered":"Z\u00e1kladn\u00ed informace"},"content":{"rendered":"<p>Tento odd\u00edl popisuje nejz\u00e1kladn\u011bj\u0161\u00ed informace o syst\u00e9mu, jako je p\u0159ihl\u00e1\u0161en\u00ed, odhl\u00e1\u0161en\u00ed, z\u00e1kladn\u00ed informace o dostupn\u00fdch aplikac\u00edch, atd.<\/p>\n<hr \/>\n<p><div class=\"alignleft\"><a href=\"https:\/\/www.fmsdocumentation.com\/cs\/\" title=\"N\u00e1pov\u011bda\"><span class=\"arrow\">\u2039 &nbsp <\/span> N\u00e1pov\u011bda <\/a><\/div> <div class=\"alignright\"><a href=\"https:\/\/www.fmsdocumentation.com\/cs\/basics\/login-page\/\" title=\"P\u0159ihla\u0161ovac\u00ed str\u00e1nka\">P\u0159ihla\u0161ovac\u00ed str\u00e1nka <span class=\"arrow\"> &nbsp\u203a <\/span> <\/a><\/div><\/p>\n","protected":false},"excerpt":{"rendered":"<p>Tento odd\u00edl popisuje nejz\u00e1kladn\u011bj\u0161\u00ed informace o syst\u00e9mu, jako je p\u0159ihl\u00e1\u0161en\u00ed, odhl\u00e1\u0161en\u00ed, z\u00e1kladn\u00ed informace o dostupn\u00fdch aplikac\u00edch, atd.<\/p>\n","protected":false},"author":1,"featured_media":0,"parent":0,"menu_order":13,"comment_status":"closed","ping_status":"closed","template":"","meta":{"footnotes":""},"class_list":["post-897","page","type-page","status-publish","hentry"],"_links":{"self":[{"href":"https:\/\/www.fmsdocumentation.com\/cs\/wp-json\/wp\/v2\/pages\/897","targetHints":{"allow":["GET"]}}],"collection":[{"href":"https:\/\/www.fmsdocumentation.com\/cs\/wp-json\/wp\/v2\/pages"}],"about":[{"href":"https:\/\/www.fmsdocumentation.com\/cs\/wp-json\/wp\/v2\/types\/page"}],"author":[{"embeddable":true,"href":"https:\/\/www.fmsdocumentation.com\/cs\/wp-json\/wp\/v2\/users\/1"}],"replies":[{"embeddable":true,"href":"https:\/\/www.fmsdocumentation.com\/cs\/wp-json\/wp\/v2\/comments?post=897"}],"version-history":[{"count":3,"href":"https:\/\/www.fmsdocumentation.com\/cs\/wp-json\/wp\/v2\/pages\/897\/revisions"}],"predecessor-version":[{"id":5509,"href":"https:\/\/www.fmsdocumentation.com\/cs\/wp-json\/wp\/v2\/pages\/897\/revisions\/5509"}],"wp:attachment":[{"href":"https:\/\/www.fmsdocumentation.com\/cs\/wp-json\/wp\/v2\/media?parent=897"}],"curies":[{"name":"wp","href":"https:\/\/api.w.org\/{rel}","templated":true}]}}