{"id":898,"date":"2017-04-06T05:29:09","date_gmt":"2017-04-06T05:29:09","guid":{"rendered":"http:\/\/www.fmsdocumentation.com\/tittle\/"},"modified":"2020-06-02T09:24:05","modified_gmt":"2020-06-02T06:24:05","slug":"tittle","status":"publish","type":"page","link":"https:\/\/www.fmsdocumentation.com\/cs\/","title":{"rendered":"N\u00e1pov\u011bda"},"content":{"rendered":"<p>V\u00edtejte v n\u00e1pov\u011bd\u011b syst\u00e9mu sledov\u00e1n\u00ed vozidel.<\/p>\n<p>N\u00e1pov\u011bda slou\u017e\u00ed jak za\u010d\u00ednaj\u00edc\u00edm, tak pokro\u010dil\u00fdm u\u017eivatel\u016fm pro rychl\u00e9 nalezen\u00ed informac\u00ed k obsluze jednotliv\u00fdch modul\u016f a funkc\u00ed syst\u00e9mu.<\/p>\n<p>K tomu jsou ur\u010deny n\u00e1sleduj\u00edc\u00ed n\u00e1stroje:<\/p>\n<ul>\n<li><strong>Hledat <\/strong>\u2013 slou\u017e\u00ed k rychl\u00e9mu hled\u00e1n\u00ed v n\u00e1pov\u011bd\u011b, a otev\u0159en\u00ed str\u00e1nky s nalezen\u00fdmi v\u00fdsledky a zv\u00fdrazn\u011bn\u00fdmi hledan\u00fdmi slovy.<\/li>\n<li><strong>P\u0159ehled t\u00e9mat<\/strong> \u2013 umo\u017e\u0148uje proch\u00e1zen\u00ed r\u016fzn\u00fdmi t\u00e9maty n\u00e1pov\u011bdy.<\/li>\n<li><strong>Naviga\u010dn\u00ed tla\u010d\u00edtka <\/strong>\u2013 ve spodn\u00ed \u010d\u00e1sti ka\u017ed\u00e9 str\u00e1nky jsou tla\u010d\u00edtka pro rychl\u00fd p\u0159echod na n\u00e1sleduj\u00edc\u00ed nebo p\u0159edch\u00e1zej\u00edc\u00ed sekce n\u00e1pov\u011bdy.<\/li>\n<li><strong>Obr\u00e1zky <\/strong>&#8211; n\u00e1pov\u011bda obsahuje obr\u00e1zky s n\u00e1zorn\u00fdmi p\u0159\u00edklady,\u00a0 kliknut\u00edm na obr\u00e1zek se zobraz\u00ed jeho pln\u00e1 velikost se v\u0161emi detaily.<\/li>\n<li><strong>Volba jazyka &#8211; <\/strong>v horn\u00ed lev\u00e9 \u010d\u00e1sti obrazovky lze zvolit jazyk n\u00e1pov\u011bdy.<\/li>\n<\/ul>\n<h3>Upozorn\u011bn\u00ed!<\/h3>\n<p>Syst\u00e9m automaticky\u00a0 synchronizuje \u010dasov\u00e9 p\u00e1smo s po\u010d\u00edta\u010dem ze kter\u00e9ho se p\u0159ihla\u0161ujete.\u00a0 Zji\u0161\u0165uje se m\u00edstn\u00ed nastaven\u00ed po\u010d\u00edta\u010de a nastav\u00ed se p\u0159\u00edslu\u0161n\u00e9 \u010dasov\u00e9 p\u00e1smo. Toto se d\u011bje p\u0159i ka\u017ed\u00e9m p\u0159ihl\u00e1\u0161en\u00ed u\u017eivatele. Toto je d\u016fle\u017eit\u00e1 informace pro u\u017eivatele, kt\u0159\u00ed cestuj\u00ed a pou\u017e\u00edvaj\u00ed laptop (n\u011bkter\u00e9 laptopy automaticky nastavuj\u00ed \u010dasov\u00e9 p\u00e1smo podle aktu\u00e1ln\u00ed pozice) nebo ciz\u00ed po\u010d\u00edta\u010de s lok\u00e1ln\u011b konfigurovanou \u010dasovou z\u00f3nou. V tomto p\u0159\u00edpad\u011b vid\u00ed u\u017eivatel z\u00e1znamy s jin\u00fdm \u010dasem ne\u017e ve sv\u00e9 zemi. Aby z\u00e1znamy byly vid\u011bt poka\u017ed\u00e9 se stejn\u00fdm \u010dasem doporu\u010dujeme manu\u00e1ln\u011b nastavit \u010dasov\u00e9 p\u00e1smo po\u010d\u00edta\u010de (vypnout automatick\u00e9 nastaven\u00ed \u010dasov\u00e9ho p\u00e1sma).<\/p>\n<p><strong>Syst\u00e9m podporuje posledn\u00ed verze t\u011bchto webov\u00fdch prohl\u00ed\u017ee\u010d\u016f:<\/strong><\/p>\n<ul>\n<li>Chrome (DOPORU\u010cENO);<\/li>\n<li>Firefox;<\/li>\n<li>Safari;<\/li>\n<\/ul>\n<p>P\u0159i pou\u017eit\u00ed jin\u00fdch prohli\u017ee\u010d\u016f nelze garantovat spr\u00e1vnou funkci syst\u00e9mu.<\/p>\n<hr \/>\n<div class=\"alignright\"><a href=\"https:\/\/www.fmsdocumentation.com\/cs\/basics\/\" title=\"Z\u00e1kladn\u00ed informace\">Z\u00e1kladn\u00ed informace <span class=\"arrow\"> &nbsp\u203a <\/span> <\/a><\/div>\n","protected":false},"excerpt":{"rendered":"<p>V\u00edtejte v n\u00e1pov\u011bd\u011b syst\u00e9mu sledov\u00e1n\u00ed vozidel. N\u00e1pov\u011bda slou\u017e\u00ed jak za\u010d\u00ednaj\u00edc\u00edm, tak pokro\u010dil\u00fdm u\u017eivatel\u016fm pro rychl\u00e9 nalezen\u00ed informac\u00ed k obsluze jednotliv\u00fdch modul\u016f a funkc\u00ed syst\u00e9mu. K tomu jsou ur\u010deny n\u00e1sleduj\u00edc\u00ed n\u00e1stroje: Hledat \u2013 slou\u017e\u00ed k rychl\u00e9mu hled\u00e1n\u00ed v n\u00e1pov\u011bd\u011b, a otev\u0159en\u00ed str\u00e1nky s nalezen\u00fdmi v\u00fdsledky a zv\u00fdrazn\u011bn\u00fdmi hledan\u00fdmi slovy. P\u0159ehled t\u00e9mat \u2013 umo\u017e\u0148uje proch\u00e1zen\u00ed r\u016fzn\u00fdmi t\u00e9maty &hellip; <a href=\"https:\/\/www.fmsdocumentation.com\/cs\/\" class=\"more-link\">Pokra\u010dov\u00e1n\u00ed textu <span class=\"screen-reader-text\">N\u00e1pov\u011bda<\/span><\/a><\/p>\n","protected":false},"author":1,"featured_media":0,"parent":0,"menu_order":2,"comment_status":"closed","ping_status":"closed","template":"","meta":{"footnotes":""},"class_list":["post-898","page","type-page","status-publish","hentry"],"_links":{"self":[{"href":"https:\/\/www.fmsdocumentation.com\/cs\/wp-json\/wp\/v2\/pages\/898","targetHints":{"allow":["GET"]}}],"collection":[{"href":"https:\/\/www.fmsdocumentation.com\/cs\/wp-json\/wp\/v2\/pages"}],"about":[{"href":"https:\/\/www.fmsdocumentation.com\/cs\/wp-json\/wp\/v2\/types\/page"}],"author":[{"embeddable":true,"href":"https:\/\/www.fmsdocumentation.com\/cs\/wp-json\/wp\/v2\/users\/1"}],"replies":[{"embeddable":true,"href":"https:\/\/www.fmsdocumentation.com\/cs\/wp-json\/wp\/v2\/comments?post=898"}],"version-history":[{"count":6,"href":"https:\/\/www.fmsdocumentation.com\/cs\/wp-json\/wp\/v2\/pages\/898\/revisions"}],"predecessor-version":[{"id":5598,"href":"https:\/\/www.fmsdocumentation.com\/cs\/wp-json\/wp\/v2\/pages\/898\/revisions\/5598"}],"wp:attachment":[{"href":"https:\/\/www.fmsdocumentation.com\/cs\/wp-json\/wp\/v2\/media?parent=898"}],"curies":[{"name":"wp","href":"https:\/\/api.w.org\/{rel}","templated":true}]}}