{"id":920,"date":"2017-08-04T11:07:58","date_gmt":"2017-08-04T11:07:58","guid":{"rendered":"http:\/\/www.fmsdocumentation.com\/main-tms-window\/account-settings\/"},"modified":"2018-08-09T07:40:23","modified_gmt":"2018-08-09T07:40:23","slug":"account-settings","status":"publish","type":"page","link":"https:\/\/www.fmsdocumentation.com\/cs\/main-tms-window\/account-settings\/","title":{"rendered":"Nastaven\u00ed \u00fa\u010dtu"},"content":{"rendered":"<p>Nastaven\u00ed \u00fa\u010dtu umo\u017e\u0148uje m\u011bnit n\u011bkter\u00e1 obecn\u00e1 nastaven\u00ed, je\u017e ovliv\u0148uj\u00ed n\u011bkter\u00e1 data zobrazovan\u00e1 v syst\u00e9mu sledov\u00e1n\u00ed vozidel. Lze modifikovat n\u00e1sleduj\u00edc\u00ed nastaven\u00ed:<\/p>\n<ul>\n<li><strong>System lokalizace<\/strong> &#8211; lze nastavit podle zem\u011b. Rychl\u00e9 vyhled\u00e1n\u00ed zem\u011b usnad\u0148uje vyhled\u00e1vac\u00ed li\u0161ta. Vyhled\u00e1v\u00e1n\u00ed plat\u00ed v\u011bt\u0161inou pro mapy Google, aby nastaven\u00ed odpov\u00eddalo z\u00e1kon\u016fm a pravidl\u016fm dan\u00e9 zem\u011b.<\/li>\n<li><strong>M\u011b\u0159\u00edc\u00ed jednotky<\/strong> &#8211; u\u017eivatel m\u016f\u017ee zvolit metrick\u00e9 nebo anglick\u00e9 jednotky.<\/li>\n<li><strong>\u010casov\u00e1 p\u00e1sma<\/strong> &#8211; syst\u00e9m automaticky upravuje p\u0159ijat\u00e1 data podle nastaven\u00e9ho \u010dasov\u00e9ho p\u00e1sma.<\/li>\n<li><strong>Pojmenov\u00e1n\u00ed soubor\u016f z tachografu<\/strong> &#8211; umo\u017e\u0148uje zvolit form\u00e1t n\u00e1zvu soubor\u016f (evropsk\u00fd, \u0161pan\u011blsk\u00fd nebo francouzsk\u00fd).<\/li>\n<\/ul>\n<p><a href=\"https:\/\/www.fmsdocumentation.com\/wp-content\/uploads\/2018\/01\/273.png\"><img loading=\"lazy\" decoding=\"async\" class=\"alignnone size-large wp-image-4307\" src=\"https:\/\/www.fmsdocumentation.com\/wp-content\/uploads\/2018\/01\/273-1024x506.png\" alt=\"\" width=\"660\" height=\"326\" srcset=\"https:\/\/www.fmsdocumentation.com\/wp-content\/uploads\/2018\/01\/273-1024x506.png 1024w, https:\/\/www.fmsdocumentation.com\/wp-content\/uploads\/2018\/01\/273-300x148.png 300w, https:\/\/www.fmsdocumentation.com\/wp-content\/uploads\/2018\/01\/273-768x380.png 768w, https:\/\/www.fmsdocumentation.com\/wp-content\/uploads\/2018\/01\/273.png 1920w\" sizes=\"auto, (max-width: 660px) 100vw, 660px\" \/><\/a><\/p>\n<p>Po proveden\u00ed volby se mus\u00ed stiskn\u011bte tla\u010d\u00edtko &#8220;Ulo\u017eit&#8221;.<\/p>\n<hr \/>\n<p><div class=\"alignleft\"><a href=\"https:\/\/www.fmsdocumentation.com\/cs\/main-tms-window\/webusers-admin-panel\/\" title=\"Administr\u00e1torsk\u00fd panel\"><span class=\"arrow\">\u2039 &nbsp <\/span> Administr\u00e1torsk\u00fd panel <\/a><\/div> <div class=\"alignright\"><a href=\"https:\/\/www.fmsdocumentation.com\/cs\/overview-menu\/\" title=\"Menu P\u0159ehled\">Menu P\u0159ehled <span class=\"arrow\"> &nbsp\u203a <\/span> <\/a><\/div><\/p>\n","protected":false},"excerpt":{"rendered":"<p>Nastaven\u00ed \u00fa\u010dtu umo\u017e\u0148uje m\u011bnit n\u011bkter\u00e1 obecn\u00e1 nastaven\u00ed, je\u017e ovliv\u0148uj\u00ed n\u011bkter\u00e1 data zobrazovan\u00e1 v syst\u00e9mu sledov\u00e1n\u00ed vozidel. Lze modifikovat n\u00e1sleduj\u00edc\u00ed nastaven\u00ed: System lokalizace &#8211; lze nastavit podle zem\u011b. Rychl\u00e9 vyhled\u00e1n\u00ed zem\u011b usnad\u0148uje vyhled\u00e1vac\u00ed li\u0161ta. Vyhled\u00e1v\u00e1n\u00ed plat\u00ed v\u011bt\u0161inou pro mapy Google, aby nastaven\u00ed odpov\u00eddalo z\u00e1kon\u016fm a pravidl\u016fm dan\u00e9 zem\u011b. M\u011b\u0159\u00edc\u00ed jednotky &#8211; u\u017eivatel m\u016f\u017ee zvolit metrick\u00e9 nebo &hellip; <a href=\"https:\/\/www.fmsdocumentation.com\/cs\/main-tms-window\/account-settings\/\" class=\"more-link\">Pokra\u010dov\u00e1n\u00ed textu <span class=\"screen-reader-text\">Nastaven\u00ed \u00fa\u010dtu<\/span><\/a><\/p>\n","protected":false},"author":1,"featured_media":0,"parent":893,"menu_order":8,"comment_status":"closed","ping_status":"closed","template":"","meta":{"footnotes":""},"class_list":["post-920","page","type-page","status-publish","hentry"],"_links":{"self":[{"href":"https:\/\/www.fmsdocumentation.com\/cs\/wp-json\/wp\/v2\/pages\/920","targetHints":{"allow":["GET"]}}],"collection":[{"href":"https:\/\/www.fmsdocumentation.com\/cs\/wp-json\/wp\/v2\/pages"}],"about":[{"href":"https:\/\/www.fmsdocumentation.com\/cs\/wp-json\/wp\/v2\/types\/page"}],"author":[{"embeddable":true,"href":"https:\/\/www.fmsdocumentation.com\/cs\/wp-json\/wp\/v2\/users\/1"}],"replies":[{"embeddable":true,"href":"https:\/\/www.fmsdocumentation.com\/cs\/wp-json\/wp\/v2\/comments?post=920"}],"version-history":[{"count":5,"href":"https:\/\/www.fmsdocumentation.com\/cs\/wp-json\/wp\/v2\/pages\/920\/revisions"}],"predecessor-version":[{"id":5623,"href":"https:\/\/www.fmsdocumentation.com\/cs\/wp-json\/wp\/v2\/pages\/920\/revisions\/5623"}],"up":[{"embeddable":true,"href":"https:\/\/www.fmsdocumentation.com\/cs\/wp-json\/wp\/v2\/pages\/893"}],"wp:attachment":[{"href":"https:\/\/www.fmsdocumentation.com\/cs\/wp-json\/wp\/v2\/media?parent=920"}],"curies":[{"name":"wp","href":"https:\/\/api.w.org\/{rel}","templated":true}]}}