{"id":10981,"date":"2022-05-27T11:22:30","date_gmt":"2022-05-27T08:22:30","guid":{"rendered":"https:\/\/www.fmsdocumentation.com\/f-m-s-guide\/"},"modified":"2022-05-27T11:22:31","modified_gmt":"2022-05-27T08:22:31","slug":"f-m-s-guide","status":"publish","type":"page","link":"https:\/\/www.fmsdocumentation.com\/de\/","title":{"rendered":"F.M.S-Guide"},"content":{"rendered":"\n<p>Willkommen zum F.M.S. \u2013 dem Online-Guide des Fleet Management Systems!<\/p>\n\n<p>Dieser Guide wurde vor allem daf\u00fcr erstellt, um sowohl erfahrenen als auch neuen Benutzern dabei zu helfen, Informationen \u00fcber verschiedene Module und Eigenschaften des FMS-Systems schnell zu finden. Der Guide enth\u00e4lt auch Informationen \u00fcber Apps, die mit dem FMS zusammenarbeiten, um die Gesamtfunktionalit\u00e4t zu erh\u00f6hen.<\/p>\n\n<p>Die folgenden Tools werden dargestellt, damit Sie schnell alle erforderlichen Informationen finden k\u00f6nnen:<\/p>\n\n<ul class=\"wp-block-list\"><li><strong>Die Suchleiste \u2013 erm\u00f6glicht es Ihnen, schnelle alle Informationen im Guide zu durchsuchen.<\/strong> Das \u00d6ffnen einer Seite in den Suchergebnissen wird das gesuchte Schl\u00fcsselwort auf dieser Seite hervorheben. Die Hervorhebung des Schl\u00fcsselwortes wird aufgehoben, nachdem die ge\u00f6ffnete Seite verlassen wird.<\/li><li><strong>Navigationsbaum \u2013 erm\u00f6glicht die Durchsuchung durch verschiedene Abschnitte des Guides.<\/strong> Die Baumstruktur wird in \u00dcbereinstimmung mit allem bereitgestellt, was der Benutzer im FMS Schritt f\u00fcr Schritt sieht, beginnend von der Karte und bei den detaillierten Beschreibungen jedes Moduls endend.<\/li><li><strong>Navigationstasten \u2013 im unteren Bereich jeder Seite befinden sich Navigationstasten, um schnell zum n\u00e4chsten Schritt des Guides \u00fcberzugehen oder zum vorherigen Abschnitt zur\u00fcckzukehren.<\/strong><\/li><li><strong>Bilder \u2013 Beispielbilder werden innerhalb des Handbuchs in gro\u00dfer Zahl bereitgestellt.<\/strong> Jede Beschreibung wird mit einem Begleitbild versehen. Wenn Sie auf ein Bild klicken, wird es auf seine volle Gr\u00f6\u00dfe erweitert, und erlaubt so eine Vollansicht der Beispiele.<\/li><li><strong>Sprachauswahl \u2013 auf der oberen linken Seite des Bildschirms kann der Benutzer eine Anzeigesprache f\u00fcr den Inhalt des Handbuchs ausw\u00e4hlen.<\/strong> Andere Sprachen werden bereitgestellt werden, sobald die \u00dcbersetzung des Inhalts abgeschlossen ist.<\/li><\/ul>\n\n<hr class=\"wp-block-separator\"\/>\n\n<h3 class=\"wp-block-heading\">Wichtig!<\/h3>\n\n<p>Das FMS-System ist daf\u00fcr konzipiert, Zeitzonen mit dem Computer, von dem aus das Login erfolgte, automatisch zu synchronisieren. Das FMS-System analysiert die regionalen Einstellungen des Computers und stellt die Zeitzone entsprechend ein. Bei jedem Login erfolgt eine Synchronisierung der Zeitzone. Dies ist f\u00fcr die Benutzer wichtig, die reisen und Laptop-Computer (einige Laptops aktualisieren die Zeitzone entsprechend dem aktuellen Standort) oder fremde Computer mit einer lokalen Zeitzonenkonfiguration benutzen. In dieser Situation wird der Benutzer sehen, dass Zeitaufzeichnungen von den Zeitaufzeichnungen abweichen werden, die man im Heimatland sieht. Um dauerhaft die gleichen Zeitaufzeichnungen innerhalb des Systems zu sehen, wird empfohlen, die regionalen Einstellungen Ihres Computers mit abgeschalteten automatischen Updates manuell zu verwalten.<\/p>\n\n<p class=\"note\"><strong>Hinweis!<\/strong><br\/>Die automatisierte Zeitsynchronisation tritt nur dann auf, wenn die Zeitzone in den <a href=\"https:\/\/www.fmsdocumentation.com\/de\/haupt-fms-fenster\/account-einstellungen\/\">Account-Einstellungen<\/a> nicht modifiziert wurde. Sobald der Benutzer eine bestimmte Zeitzone einstellt, stoppt die automatische Synchronisation.<\/p>\n\n<p><strong>Das FMS unterst\u00fctzt die folgenden Web-Browser, die auf die neuesten Versionen aktualisiert sind: <\/strong>:<\/p>\n\n<ul class=\"wp-block-list\"><li>Chrome (EMPFOHLEN)<\/li><li>Firefox<\/li><li>Safari<\/li><\/ul>\n\n<p>F\u00fcr die Verwendung anderer Web-Browser k\u00f6nnen wir nicht garantieren, dass das Flottenmanagementsystem korrekt oder \u00fcberhaupt arbeiten wird.<\/p>\n\n<p>Die mobile Version des FMS wird NUR bei Verwendung der FMS-App unterst\u00fctzt.<\/p>\n\n<p>Empfohlene Bildschirmaufl\u00f6sung 1280&#215;1024 oder h\u00f6her<\/p>\n\n<hr class=\"wp-block-separator\"\/>\n<div class=\"alignright\"><a href=\"https:\/\/www.fmsdocumentation.com\/de\/walkme-assistent\/\" title=\"WalkMe-Assistent\">WalkMe-Assistent <span class=\"arrow\"> &nbsp\u203a <\/span> <\/a><\/div>\n","protected":false},"excerpt":{"rendered":"<p>Willkommen zum F.M.S. \u2013 dem Online-Guide des Fleet Management Systems! Dieser Guide wurde vor allem daf\u00fcr erstellt, um sowohl erfahrenen als auch neuen Benutzern dabei zu helfen, Informationen \u00fcber verschiedene Module und Eigenschaften des FMS-Systems schnell zu finden. Der Guide enth\u00e4lt auch Informationen \u00fcber Apps, die mit dem FMS zusammenarbeiten, um die Gesamtfunktionalit\u00e4t zu erh\u00f6hen. &hellip; <a href=\"https:\/\/www.fmsdocumentation.com\/de\/\" class=\"more-link\"><span class=\"screen-reader-text\">F.M.S-Guide<\/span> weiterlesen<\/a><\/p>\n","protected":false},"author":1,"featured_media":0,"parent":0,"menu_order":2,"comment_status":"closed","ping_status":"closed","template":"","meta":{"footnotes":""},"class_list":["post-10981","page","type-page","status-publish","hentry"],"_links":{"self":[{"href":"https:\/\/www.fmsdocumentation.com\/de\/wp-json\/wp\/v2\/pages\/10981","targetHints":{"allow":["GET"]}}],"collection":[{"href":"https:\/\/www.fmsdocumentation.com\/de\/wp-json\/wp\/v2\/pages"}],"about":[{"href":"https:\/\/www.fmsdocumentation.com\/de\/wp-json\/wp\/v2\/types\/page"}],"author":[{"embeddable":true,"href":"https:\/\/www.fmsdocumentation.com\/de\/wp-json\/wp\/v2\/users\/1"}],"replies":[{"embeddable":true,"href":"https:\/\/www.fmsdocumentation.com\/de\/wp-json\/wp\/v2\/comments?post=10981"}],"version-history":[{"count":3,"href":"https:\/\/www.fmsdocumentation.com\/de\/wp-json\/wp\/v2\/pages\/10981\/revisions"}],"predecessor-version":[{"id":10984,"href":"https:\/\/www.fmsdocumentation.com\/de\/wp-json\/wp\/v2\/pages\/10981\/revisions\/10984"}],"wp:attachment":[{"href":"https:\/\/www.fmsdocumentation.com\/de\/wp-json\/wp\/v2\/media?parent=10981"}],"curies":[{"name":"wp","href":"https:\/\/api.w.org\/{rel}","templated":true}]}}