{"id":10985,"date":"2022-05-27T11:50:28","date_gmt":"2022-05-27T08:50:28","guid":{"rendered":"https:\/\/www.fmsdocumentation.com\/walkme-assistent\/"},"modified":"2022-05-27T11:50:30","modified_gmt":"2022-05-27T08:50:30","slug":"walkme-assistent","status":"publish","type":"page","link":"https:\/\/www.fmsdocumentation.com\/de\/walkme-assistent\/","title":{"rendered":"WalkMe-Assistent"},"content":{"rendered":"\n<p>F.M.S setzt eine WalkMe-Hilfe und einen Konfigurationsassistenten ein, um dabei zu helfen, dass sich der Benutzer mit der Plattform und seinen Funktionalit\u00e4ten vertraut macht. Nach der allerersten Anmeldung wird sich der WalkMe-Assistent dem Benutzer oben rechts auf dem Bildschirm vorstellen. Durch das Anklicken der Tasten<strong>Starten<\/strong> oder<strong>Assist me<\/strong>, wird der Assistent aktiviert.<\/p>\n\n<figure class=\"wp-block-image is-resized\"><a href=\"https:\/\/www.fmsdocumentation.com\/wp-content\/uploads\/2018\/11\/369.png\"><img loading=\"lazy\" decoding=\"async\" src=\"https:\/\/www.fmsdocumentation.com\/wp-content\/uploads\/2018\/11\/369.png\" alt=\"\" class=\"wp-image-6161\" width=\"259\" height=\"96\"\/><\/a><\/figure>\n\n<p>Nachdem der Assistent aktiviert wurde, wird sein Hauptmen\u00fc angezeigt. Das Hauptmen\u00fc enth\u00e4lt eine Suchleiste, eine Sprachauswahl und Hilfselemente, die nach Funktionalit\u00e4ten geordnet sind. Durch das Anklicken einer Funktionalit\u00e4t, werden die verf\u00fcgbaren Hilfselemente f\u00fcr diese Funktionalit\u00e4t ge\u00f6ffnet. Das Hauptmen\u00fc kann durch Anklicken der kleinen Taste <strong>X<\/strong>, die sich auf oben rechts vom Men\u00fc befindet geschlossen werden.<\/p>\n\n<figure class=\"wp-block-image is-resized\"><a href=\"https:\/\/www.fmsdocumentation.com\/wp-content\/uploads\/2018\/11\/370.png\"><img loading=\"lazy\" decoding=\"async\" src=\"https:\/\/www.fmsdocumentation.com\/wp-content\/uploads\/2018\/11\/370.png\" alt=\"\" class=\"wp-image-6164\" width=\"431\" height=\"472\" srcset=\"https:\/\/www.fmsdocumentation.com\/wp-content\/uploads\/2018\/11\/370.png 441w, https:\/\/www.fmsdocumentation.com\/wp-content\/uploads\/2018\/11\/370-274x300.png 274w\" sizes=\"auto, (max-width: 431px) 100vw, 431px\" \/><\/a><\/figure>\n\n<p>ach Auswahl eines Hilfselements, wird der Assistent den Benutzer visuell durch das ausgew\u00e4hlte Element f\u00fchren. Der Vorgang erkl\u00e4rt sich von selbst. Danach kann der Assistent zu jeder Zeit durch Anklicken der Taste <strong>Assist me<\/strong> aktiviert werden.<\/p>\n\n<p>Der Assistent wird auch von Zeit zu Zeit nach der Freigabe von neuen Funktionalit\u00e4ten erscheinen, um dem Benutzer dabei zu helfen, sich ihnen vertraut zu machen. Der Assistent wird den Benutzer durch die neuen Funktionalit\u00e4ten f\u00fchren und zeigen, was aktualisiert wurde.<\/p>\n\n<hr class=\"wp-block-separator\"\/>\n\n<p><div class=\"alignleft\"><a href=\"https:\/\/www.fmsdocumentation.com\/de\/\" title=\"F.M.S-Guide\"><span class=\"arrow\">\u2039 &nbsp <\/span> F.M.S-Guide <\/a><\/div><div class=\"alignright\"><a href=\"https:\/\/www.fmsdocumentation.com\/de\/grundlagen\/\" title=\"Grundlagen\">Grundlagen <span class=\"arrow\"> &nbsp\u203a <\/span> <\/a><\/div><\/p>\n","protected":false},"excerpt":{"rendered":"<p>F.M.S setzt eine WalkMe-Hilfe und einen Konfigurationsassistenten ein, um dabei zu helfen, dass sich der Benutzer mit der Plattform und seinen Funktionalit\u00e4ten vertraut macht. Nach der allerersten Anmeldung wird sich der WalkMe-Assistent dem Benutzer oben rechts auf dem Bildschirm vorstellen. Durch das Anklicken der TastenStarten oderAssist me, wird der Assistent aktiviert. Nachdem der Assistent aktiviert &hellip; <a href=\"https:\/\/www.fmsdocumentation.com\/de\/walkme-assistent\/\" class=\"more-link\"><span class=\"screen-reader-text\">WalkMe-Assistent<\/span> weiterlesen<\/a><\/p>\n","protected":false},"author":5,"featured_media":0,"parent":0,"menu_order":12,"comment_status":"closed","ping_status":"closed","template":"","meta":{"footnotes":""},"class_list":["post-10985","page","type-page","status-publish","hentry"],"_links":{"self":[{"href":"https:\/\/www.fmsdocumentation.com\/de\/wp-json\/wp\/v2\/pages\/10985","targetHints":{"allow":["GET"]}}],"collection":[{"href":"https:\/\/www.fmsdocumentation.com\/de\/wp-json\/wp\/v2\/pages"}],"about":[{"href":"https:\/\/www.fmsdocumentation.com\/de\/wp-json\/wp\/v2\/types\/page"}],"author":[{"embeddable":true,"href":"https:\/\/www.fmsdocumentation.com\/de\/wp-json\/wp\/v2\/users\/5"}],"replies":[{"embeddable":true,"href":"https:\/\/www.fmsdocumentation.com\/de\/wp-json\/wp\/v2\/comments?post=10985"}],"version-history":[{"count":3,"href":"https:\/\/www.fmsdocumentation.com\/de\/wp-json\/wp\/v2\/pages\/10985\/revisions"}],"predecessor-version":[{"id":10992,"href":"https:\/\/www.fmsdocumentation.com\/de\/wp-json\/wp\/v2\/pages\/10985\/revisions\/10992"}],"wp:attachment":[{"href":"https:\/\/www.fmsdocumentation.com\/de\/wp-json\/wp\/v2\/media?parent=10985"}],"curies":[{"name":"wp","href":"https:\/\/api.w.org\/{rel}","templated":true}]}}